{"id":176490,"date":"2024-09-12T11:05:24","date_gmt":"2024-09-12T09:05:24","guid":{"rendered":"https:\/\/wave-lovers.com\/?post_type=product&#038;p=176490"},"modified":"2025-10-12T18:14:17","modified_gmt":"2025-10-12T16:14:17","slug":"waydoo-flyer-evo-kit-adaptador-motor-fueraborda","status":"publish","type":"product","link":"https:\/\/wave-lovers.com\/es\/waydoo-flyer-evo-kit-adaptador-motor-fueraborda\/","title":{"rendered":"Waydoo Flyer EVO Kit Adaptador Motor Fueraborda"},"content":{"rendered":"<h2>Waydoo Flyer EVO Kit Adaptador Motor Fueraborda - INFORMACI\u00d3N<\/h2>\n<p><img decoding=\"async\" class=\"alignright wp-image-95208 size-full\" src=\"https:\/\/wave-lovers.com\/wp-content\/uploads\/2023\/06\/outboat-motor-accesory-waydoo.png\" alt=\"\" width=\"183\" height=\"108\" \/><\/p>\n<p>Waydoo se distingue por su enfoque innovador al integrar el Kit fueraborda EVO, que transforma la bater\u00eda Powerflight y la unidad de propulsi\u00f3n en un vers\u00e1til motor fueraborda. Esta caracter\u00edstica \u00fanica mejora la versatilidad del Waydoo Flyer EVO, permiti\u00e9ndole propulsar varias embarcaciones para una amplia gama de aventuras acu\u00e1ticas.<\/p>\n<p><strong>Por favor, tenga en cuenta que las versiones m\u00e1s cortas del m\u00e1stil pueden dar lugar a problemas con el montaje de la propulsi\u00f3n a una altura adecuada. La mayor\u00eda de las embarcaciones neum\u00e1ticas necesitan una longitud m\u00ednima de m\u00e1stil de unos 80 cm. Para evitar problemas, mida de antemano la altura necesaria y decida si el kit se adapta a sus necesidades.<\/strong><\/p>\n","protected":false},"excerpt":{"rendered":"<p>Waydoo se distingue por su enfoque innovador al integrar el Kit fueraborda EVO, que transforma la bater\u00eda Powerflight y la unidad de propulsi\u00f3n en un vers\u00e1til motor fueraborda.<\/p>\n","protected":false},"featured_media":176493,"comment_status":"open","ping_status":"closed","template":"","meta":{"_acf_changed":false,"_editorskit_title_hidden":false,"_editorskit_reading_time":0,"_editorskit_is_block_options_detached":false,"_editorskit_block_options_position":"{}","site-sidebar-layout":"default","site-content-layout":"default","ast-site-content-layout":"default","site-content-style":"default","site-sidebar-style":"default","ast-global-header-display":"","ast-banner-title-visibility":"","ast-main-header-display":"","ast-hfb-above-header-display":"","ast-hfb-below-header-display":"","ast-hfb-mobile-header-display":"","site-post-title":"disabled","ast-breadcrumbs-content":"","ast-featured-img":"","footer-sml-layout":"","ast-disable-related-posts":"","theme-transparent-header-meta":"default","adv-header-id-meta":"","stick-header-meta":"","header-above-stick-meta":"","header-main-stick-meta":"","header-below-stick-meta":"","astra-migrate-meta-layouts":"set","ast-page-background-enabled":"default","ast-page-background-meta":{"desktop":{"background-color":"","background-image":"","background-repeat":"repeat","background-position":"center center","background-size":"auto","background-attachment":"scroll","background-type":"","background-media":"","overlay-type":"","overlay-color":"","overlay-opacity":"","overlay-gradient":""},"tablet":{"background-color":"","background-image":"","background-repeat":"repeat","background-position":"center center","background-size":"auto","background-attachment":"scroll","background-type":"","background-media":"","overlay-type":"","overlay-color":"","overlay-opacity":"","overlay-gradient":""},"mobile":{"background-color":"","background-image":"","background-repeat":"repeat","background-position":"center center","background-size":"auto","background-attachment":"scroll","background-type":"","background-media":"","overlay-type":"","overlay-color":"","overlay-opacity":"","overlay-gradient":""}},"ast-content-background-meta":{"desktop":{"background-color":"var(--ast-global-color-5)","background-image":"","background-repeat":"repeat","background-position":"center center","background-size":"auto","background-attachment":"scroll","background-type":"","background-media":"","overlay-type":"","overlay-color":"","overlay-opacity":"","overlay-gradient":""},"tablet":{"background-color":"var(--ast-global-color-5)","background-image":"","background-repeat":"repeat","background-position":"center center","background-size":"auto","background-attachment":"scroll","background-type":"","background-media":"","overlay-type":"","overlay-color":"","overlay-opacity":"","overlay-gradient":""},"mobile":{"background-color":"var(--ast-global-color-5)","background-image":"","background-repeat":"repeat","background-position":"center center","background-size":"auto","background-attachment":"scroll","background-type":"","background-media":"","overlay-type":"","overlay-color":"","overlay-opacity":"","overlay-gradient":""}},"_jf_save_progress":""},"product_brand":[],"product_cat":[4113,558,60,114,536,4098,4099,24],"product_tag":[],"class_list":{"0":"post-176490","1":"product","2":"type-product","3":"status-publish","4":"has-post-thumbnail","6":"product_cat-accesorios","7":"product_cat-accessoires","8":"product_cat-buy","9":"product_cat-comprar","10":"product_cat-e-foil-spare-parts","11":"product_cat-recambios-e-foil","12":"product_cat-recambios","13":"product_cat-spare-parts","14":"product_shipping_class-m-es","15":"desktop-align-center","16":"tablet-align-center","17":"mobile-align-center","18":"ast-product-gallery-layout-horizontal","19":"ast-product-gallery-with-no-image","20":"ast-magnify-disabled","21":"ast-product-tabs-layout-horizontal","23":"first","24":"instock","25":"taxable","26":"shipping-taxable","27":"purchasable","28":"product-type-simple"},"acf":[],"brizy_media":[],"_links":{"self":[{"href":"https:\/\/wave-lovers.com\/es\/wp-json\/wp\/v2\/product\/176490","targetHints":{"allow":["GET"]}}],"collection":[{"href":"https:\/\/wave-lovers.com\/es\/wp-json\/wp\/v2\/product"}],"about":[{"href":"https:\/\/wave-lovers.com\/es\/wp-json\/wp\/v2\/types\/product"}],"replies":[{"embeddable":true,"href":"https:\/\/wave-lovers.com\/es\/wp-json\/wp\/v2\/comments?post=176490"}],"wp:featuredmedia":[{"embeddable":true,"href":"https:\/\/wave-lovers.com\/es\/wp-json\/wp\/v2\/media\/176493"}],"wp:attachment":[{"href":"https:\/\/wave-lovers.com\/es\/wp-json\/wp\/v2\/media?parent=176490"}],"wp:term":[{"taxonomy":"product_brand","embeddable":true,"href":"https:\/\/wave-lovers.com\/es\/wp-json\/wp\/v2\/product_brand?post=176490"},{"taxonomy":"product_cat","embeddable":true,"href":"https:\/\/wave-lovers.com\/es\/wp-json\/wp\/v2\/product_cat?post=176490"},{"taxonomy":"product_tag","embeddable":true,"href":"https:\/\/wave-lovers.com\/es\/wp-json\/wp\/v2\/product_tag?post=176490"}],"curies":[{"name":"wp","href":"https:\/\/api.w.org\/{rel}","templated":true}]}}