{"id":174755,"date":"2024-09-09T15:23:28","date_gmt":"2024-09-09T13:23:28","guid":{"rendered":"https:\/\/wave-lovers.com\/?post_type=product&#038;p=174755"},"modified":"2025-03-11T19:00:50","modified_gmt":"2025-03-11T18:00:50","slug":"rodillos-de-transporte-waydoo-flyer-evo-mover","status":"publish","type":"product","link":"https:\/\/wave-lovers.com\/es\/rodillos-de-transporte-waydoo-flyer-evo-mover\/","title":{"rendered":"Rodillos De Transporte Waydoo Flyer EVO Mover"},"content":{"rendered":"<h2>Rodillos De Transporte Waydoo Flyer EVO Mover - INFORMACI\u00d3N<\/h2>\n<p><img decoding=\"async\" class=\"alignright size-thumbnail wp-image-174764\" src=\"https:\/\/wave-lovers.com\/wp-content\/uploads\/2024\/09\/waydoo-evo-series-mover-transport-rollers-150x150.webp\" alt=\"\" width=\"150\" height=\"150\" srcset=\"https:\/\/wave-lovers.com\/wp-content\/uploads\/2024\/09\/waydoo-evo-series-mover-transport-rollers-150x150.webp 150w, https:\/\/wave-lovers.com\/wp-content\/uploads\/2024\/09\/waydoo-evo-series-mover-transport-rollers-300x300.webp 300w, https:\/\/wave-lovers.com\/wp-content\/uploads\/2024\/09\/waydoo-evo-series-mover-transport-rollers-100x100.webp 100w, https:\/\/wave-lovers.com\/wp-content\/uploads\/2024\/09\/waydoo-evo-series-mover-transport-rollers-32x32.webp 32w, https:\/\/wave-lovers.com\/wp-content\/uploads\/2024\/09\/waydoo-evo-series-mover-transport-rollers.webp 400w\" sizes=\"(max-width: 150px) 100vw, 150px\" \/>Sencillas, pr\u00e1cticas y bien pensadas. Las nuevas tablas EVO de Waydoo a\u00f1aden muchas caracter\u00edsticas \u00fatiles al mercado, como las ruedas de transporte, que est\u00e1n disponibles en dos tama\u00f1os.<\/p>\n<p>La Mover-L est\u00e1 dise\u00f1ada para la tabla grande (Waydoo Flyer EVO Max Plus), mientras que la Mover-S es compatible con las tablas m\u00e1s peque\u00f1as (Waydoo Flyer EVO Pro \/ Pro Plus \/ Master Plus).<\/p>\n<p>Las ruedas de alta calidad est\u00e1n soportadas por una barra de aluminio y tienen grandes ruedas engomadas que funcionan excelentemente en casi todas las superficies. Con un peso de menos de 2kg, no hay l\u00edmites para tu pr\u00f3ximo viaje.<\/p>\n<h2>Rodillos De Transporte Waydoo Flyer EVO Mover - DETALLES<\/h2>\n<table>\n<tbody>\n<tr>\n<td>Modelo<\/td>\n<td>Mover-S<\/td>\n<td>Mover-L<\/td>\n<\/tr>\n<tr>\n<td>Peso<\/td>\n<td>1.76 kg<\/td>\n<td>1.96 kg<\/td>\n<\/tr>\n<tr>\n<td>Talla<\/td>\n<td>17.8 x 74.5 cm<\/td>\n<td>17.8 x 86.9 cm<\/td>\n<\/tr>\n<tr>\n<td>Compatibilidad<\/td>\n<td>Waydoo EVO PRO (90l), Waydoo EVO PRO Plus (90l), Waydoo EVO Master (75l)<\/td>\n<td>Waydoo EVO MAX Plus (130l)<\/td>\n<\/tr>\n<\/tbody>\n<\/table>\n","protected":false},"excerpt":{"rendered":"<p>Sencillas, pr\u00e1cticas y bien pensadas. Las nuevas tablas EVO de Waydoo a\u00f1aden muchas caracter\u00edsticas \u00fatiles al mercado, como las ruedas de transporte que hacen que viajar sea coser y cantar.<\/p>\n","protected":false},"featured_media":174769,"comment_status":"open","ping_status":"closed","template":"","meta":{"_acf_changed":false,"_editorskit_title_hidden":false,"_editorskit_reading_time":0,"_editorskit_is_block_options_detached":false,"_editorskit_block_options_position":"{}","site-sidebar-layout":"default","site-content-layout":"default","ast-site-content-layout":"default","site-content-style":"default","site-sidebar-style":"default","ast-global-header-display":"","ast-banner-title-visibility":"","ast-main-header-display":"","ast-hfb-above-header-display":"","ast-hfb-below-header-display":"","ast-hfb-mobile-header-display":"","site-post-title":"","ast-breadcrumbs-content":"","ast-featured-img":"","footer-sml-layout":"","ast-disable-related-posts":"","theme-transparent-header-meta":"default","adv-header-id-meta":"","stick-header-meta":"","header-above-stick-meta":"","header-main-stick-meta":"","header-below-stick-meta":"","astra-migrate-meta-layouts":"set","ast-page-background-enabled":"default","ast-page-background-meta":{"desktop":{"background-color":"","background-image":"","background-repeat":"repeat","background-position":"center center","background-size":"auto","background-attachment":"scroll","background-type":"","background-media":"","overlay-type":"","overlay-color":"","overlay-opacity":"","overlay-gradient":""},"tablet":{"background-color":"","background-image":"","background-repeat":"repeat","background-position":"center center","background-size":"auto","background-attachment":"scroll","background-type":"","background-media":"","overlay-type":"","overlay-color":"","overlay-opacity":"","overlay-gradient":""},"mobile":{"background-color":"","background-image":"","background-repeat":"repeat","background-position":"center center","background-size":"auto","background-attachment":"scroll","background-type":"","background-media":"","overlay-type":"","overlay-color":"","overlay-opacity":"","overlay-gradient":""}},"ast-content-background-meta":{"desktop":{"background-color":"var(--ast-global-color-5)","background-image":"","background-repeat":"repeat","background-position":"center center","background-size":"auto","background-attachment":"scroll","background-type":"","background-media":"","overlay-type":"","overlay-color":"","overlay-opacity":"","overlay-gradient":""},"tablet":{"background-color":"var(--ast-global-color-5)","background-image":"","background-repeat":"repeat","background-position":"center center","background-size":"auto","background-attachment":"scroll","background-type":"","background-media":"","overlay-type":"","overlay-color":"","overlay-opacity":"","overlay-gradient":""},"mobile":{"background-color":"var(--ast-global-color-5)","background-image":"","background-repeat":"repeat","background-position":"center center","background-size":"auto","background-attachment":"scroll","background-type":"","background-media":"","overlay-type":"","overlay-color":"","overlay-opacity":"","overlay-gradient":""}},"_jf_save_progress":""},"product_brand":[],"product_cat":[4098,114,4099],"product_tag":[],"class_list":{"0":"post-174755","1":"product","2":"type-product","3":"status-publish","4":"has-post-thumbnail","6":"product_cat-recambios-e-foil","7":"product_cat-comprar","8":"product_cat-recambios","9":"product_shipping_class-m-es","10":"desktop-align-center","11":"tablet-align-center","12":"mobile-align-center","13":"ast-product-gallery-layout-horizontal","14":"ast-product-gallery-with-no-image","15":"ast-magnify-disabled","16":"ast-product-single-variable","17":"ast-product-tabs-layout-horizontal","19":"first","20":"instock","21":"taxable","22":"shipping-taxable","23":"purchasable","24":"product-type-variable"},"acf":[],"brizy_media":[],"_links":{"self":[{"href":"https:\/\/wave-lovers.com\/es\/wp-json\/wp\/v2\/product\/174755","targetHints":{"allow":["GET"]}}],"collection":[{"href":"https:\/\/wave-lovers.com\/es\/wp-json\/wp\/v2\/product"}],"about":[{"href":"https:\/\/wave-lovers.com\/es\/wp-json\/wp\/v2\/types\/product"}],"replies":[{"embeddable":true,"href":"https:\/\/wave-lovers.com\/es\/wp-json\/wp\/v2\/comments?post=174755"}],"wp:featuredmedia":[{"embeddable":true,"href":"https:\/\/wave-lovers.com\/es\/wp-json\/wp\/v2\/media\/174769"}],"wp:attachment":[{"href":"https:\/\/wave-lovers.com\/es\/wp-json\/wp\/v2\/media?parent=174755"}],"wp:term":[{"taxonomy":"product_brand","embeddable":true,"href":"https:\/\/wave-lovers.com\/es\/wp-json\/wp\/v2\/product_brand?post=174755"},{"taxonomy":"product_cat","embeddable":true,"href":"https:\/\/wave-lovers.com\/es\/wp-json\/wp\/v2\/product_cat?post=174755"},{"taxonomy":"product_tag","embeddable":true,"href":"https:\/\/wave-lovers.com\/es\/wp-json\/wp\/v2\/product_tag?post=174755"}],"curies":[{"name":"wp","href":"https:\/\/api.w.org\/{rel}","templated":true}]}}