{"id":170527,"date":"2024-06-26T13:57:22","date_gmt":"2024-06-26T11:57:22","guid":{"rendered":"https:\/\/wave-lovers.com\/?post_type=product&#038;p=170527"},"modified":"2025-02-26T18:45:35","modified_gmt":"2025-02-26T17:45:35","slug":"waydoo-flyer-evo-master-plus","status":"publish","type":"product","link":"https:\/\/wave-lovers.com\/es\/waydoo-flyer-evo-master-plus\/","title":{"rendered":"Waydoo Flyer EVO Master Plus"},"content":{"rendered":"<h2>Waydoo Flyer EVO Master Plus - INFORMACI\u00d3N<\/h2>\n<p>La llegada de las nuevas y esperadas tablas Waydoo est\u00e1 generando un gran revuelo entre los surfistas. Estas tablas vienen repletas de emocionantes avances, como capacidades de rendimiento mejoradas, transporte sin esfuerzo facilitado por las innovadoras ruedas plug &amp; play, y una amplia gama de opciones de personalizaci\u00f3n. Con una potencia inigualable, un dise\u00f1o elegante y futurista, y el compromiso de Waydoo de ofrecer precios competitivos, esta nueva serie es un sue\u00f1o hecho realidad para cualquier apasionado del eFoiling.<\/p>\n<p><strong>Fabricadas con elegante fibra de carbono, estas tablas no s\u00f3lo desprenden un dise\u00f1o de primera calidad, sino que tambi\u00e9n dan prioridad al rendimiento y la durabilidad. Para aquellos que buscan apoyo, la versi\u00f3n Master Plus est\u00e1 equipada con sensores internos que se integran a la perfecci\u00f3n con el Sistema de Gesti\u00f3n de Vuelo Waydoo, proporcionando a los usuarios un mayor control durante sus aventuras de eFoil.<\/strong><\/p>\n<hr \/>\n<h2>Propulsi\u00f3n: la evoluci\u00f3n se une a la diversidad<\/h2>\n<p><img decoding=\"async\" class=\"size-thumbnail wp-image-154215 alignright\" src=\"https:\/\/wave-lovers.com\/wp-content\/uploads\/2024\/03\/waydoo-flyer-evo-propulsion-150x150.webp\" alt=\"\" width=\"120\" height=\"120\" srcset=\"https:\/\/wave-lovers.com\/wp-content\/uploads\/2024\/03\/waydoo-flyer-evo-propulsion-150x150.webp 150w, https:\/\/wave-lovers.com\/wp-content\/uploads\/2024\/03\/waydoo-flyer-evo-propulsion-300x300.webp 300w, https:\/\/wave-lovers.com\/wp-content\/uploads\/2024\/03\/waydoo-flyer-evo-propulsion-100x100.webp 100w, https:\/\/wave-lovers.com\/wp-content\/uploads\/2024\/03\/waydoo-flyer-evo-propulsion-32x32.webp 32w, https:\/\/wave-lovers.com\/wp-content\/uploads\/2024\/03\/waydoo-flyer-evo-propulsion.webp 400w\" sizes=\"(max-width: 120px) 100vw, 120px\" \/>El Waydoo Flyer Master Plus ofrece a los pilotos tres potentes opciones de propulsi\u00f3n: dos robustas unidades de 6 kW y una fiable unidad est\u00e1ndar de 4 kW. La unidad Performance es ideal para pilotos de hasta 170 kg y puede alcanzar velocidades de hasta 45 km\/h. Del mismo modo, la unidad Elite, fabricada mediante un proceso CNC de precisi\u00f3n, ofrece una mayor calidad de producci\u00f3n. Para quienes pesan hasta 130 kg, la unidad Standard, m\u00e1s peque\u00f1a, ofrece velocidades comparables.<\/p>\n<p>Una caracter\u00edstica destacada de estos sistemas de propulsi\u00f3n es su innovador dise\u00f1o modular, un avance pionero en el sector. Este dise\u00f1o permite separarlo f\u00e1cilmente del m\u00e1stil, lo que mejora la adaptabilidad, la portabilidad y la seguridad, al tiempo que reduce los costes de mantenimiento. La unidad motriz del Flyer encarna un concepto revolucionario que combina a la perfecci\u00f3n rendimiento, versatilidad y procedimientos de mantenimiento sencillos.<\/p>\n<h2>Bater\u00eda: agilidad frente a resistencia<\/h2>\n<p><img decoding=\"async\" class=\"size-thumbnail wp-image-154200 alignright\" src=\"https:\/\/wave-lovers.com\/wp-content\/uploads\/2024\/03\/waydoo-flyer-evo-battery-150x150.webp\" alt=\"\" width=\"120\" height=\"120\" srcset=\"https:\/\/wave-lovers.com\/wp-content\/uploads\/2024\/03\/waydoo-flyer-evo-battery-150x150.webp 150w, https:\/\/wave-lovers.com\/wp-content\/uploads\/2024\/03\/waydoo-flyer-evo-battery-300x300.webp 300w, https:\/\/wave-lovers.com\/wp-content\/uploads\/2024\/03\/waydoo-flyer-evo-battery-100x100.webp 100w, https:\/\/wave-lovers.com\/wp-content\/uploads\/2024\/03\/waydoo-flyer-evo-battery-32x32.webp 32w, https:\/\/wave-lovers.com\/wp-content\/uploads\/2024\/03\/waydoo-flyer-evo-battery.webp 400w\" sizes=\"(max-width: 120px) 100vw, 120px\" \/>La bater\u00eda Powerflight suministrada con el producto est\u00e1 disponible en dos variantes: una opci\u00f3n de 36Ah que se centra en reducir el peso para mejorar la agilidad y una versi\u00f3n m\u00e1s grande de 45Ah para trayectos largos. Ambas bater\u00edas est\u00e1n alojadas en una duradera carcasa de aleaci\u00f3n de aluminio, lo que garantiza su capacidad para soportar un uso intensivo. La bater\u00eda de 36Ah est\u00e1 dise\u00f1ada para priorizar la reducci\u00f3n de peso, haciendo que la tabla sea m\u00e1s \u00e1gil y sensible.<\/p>\n<p>Por otro lado, la bater\u00eda de 45Ah es ideal para viajes m\u00e1s largos, ofreciendo una impresionante autonom\u00eda de hasta 135 minutos. Ambas bater\u00edas cuentan con una pantalla LCD de f\u00e1cil manejo que proporciona indicaciones claras del estado y tienen un impresionante grado de impermeabilidad IP68. La transmisi\u00f3n de se\u00f1al luminosa simplifica el proceso de conexi\u00f3n, mientras que las alertas de detecci\u00f3n de fugas, la gesti\u00f3n t\u00e9rmica eficiente y el ajuste din\u00e1mico de la carga trabajan conjuntamente para garantizar la seguridad, la durabilidad y una experiencia de usuario \u00f3ptima.<\/p>\n<h2>M\u00e1stil: 3 tama\u00f1os disponibles<\/h2>\n<p><img decoding=\"async\" class=\"size-thumbnail wp-image-154203 alignright\" src=\"https:\/\/wave-lovers.com\/wp-content\/uploads\/2024\/03\/waydoo-flyer-evo-mast-150x150.webp\" alt=\"\" width=\"120\" height=\"120\" srcset=\"https:\/\/wave-lovers.com\/wp-content\/uploads\/2024\/03\/waydoo-flyer-evo-mast-150x150.webp 150w, https:\/\/wave-lovers.com\/wp-content\/uploads\/2024\/03\/waydoo-flyer-evo-mast-300x300.webp 300w, https:\/\/wave-lovers.com\/wp-content\/uploads\/2024\/03\/waydoo-flyer-evo-mast-100x100.webp 100w, https:\/\/wave-lovers.com\/wp-content\/uploads\/2024\/03\/waydoo-flyer-evo-mast-32x32.webp 32w, https:\/\/wave-lovers.com\/wp-content\/uploads\/2024\/03\/waydoo-flyer-evo-mast.webp 400w\" sizes=\"(max-width: 120px) 100vw, 120px\" \/>El Waydoo Flyer lleva las cosas al siguiente nivel ofreciendo tres longitudes de m\u00e1stil diferentes: una opci\u00f3n de 69 cm y 89 cm fabricada en aleaci\u00f3n de aluminio resistente, as\u00ed como una versi\u00f3n de 79 cm fabricada en fibra de carbono ligera y de alta resistencia. Los m\u00e1stiles m\u00e1s cortos priorizan el control y la estabilidad, perfectos para principiantes o para aquellos que buscan una conducci\u00f3n m\u00e1s relajada.<\/p>\n<p>Los modelos de m\u00e1stil m\u00e1s largo est\u00e1n dise\u00f1ados para riders experimentados que buscan enfrentarse a olas agitadas y mejorar la maniobrabilidad. Lo que diferencia a la Waydoo Flyer es su innovador dise\u00f1o modular, que permite desmontar f\u00e1cilmente el m\u00e1stil de la unidad motriz. Esta caracter\u00edstica \u00fanica no s\u00f3lo hace que la tabla sea m\u00e1s port\u00e1til, sino que tambi\u00e9n simplifica el mantenimiento. Adem\u00e1s, la parte superior del m\u00e1stil est\u00e1 equipada con una luz LED integrada y programable que a\u00f1ade un toque de estilo, especialmente cuando se conduce de noche. Esta caracter\u00edstica a\u00f1ade un elemento divertido y emocionante a tu experiencia de navegaci\u00f3n y te asegura destacar en el agua.<\/p>\n<p><strong>Atenci\u00f3n: Si deseas utilizar la unidad motriz con el adaptador para motor fueraborda Waydoo, te recomendamos que selecciones un m\u00e1stil m\u00e1s largo.<\/strong><\/p>\n<h2>Funciones ampliables: posibilidades ilimitadas<\/h2>\n<p><img loading=\"lazy\" decoding=\"async\" class=\"size-thumbnail wp-image-154218 alignright\" src=\"https:\/\/wave-lovers.com\/wp-content\/uploads\/2024\/03\/waydoo-flyer-evo-trolley-150x150.webp\" alt=\"\" width=\"120\" height=\"120\" srcset=\"https:\/\/wave-lovers.com\/wp-content\/uploads\/2024\/03\/waydoo-flyer-evo-trolley-150x150.webp 150w, https:\/\/wave-lovers.com\/wp-content\/uploads\/2024\/03\/waydoo-flyer-evo-trolley-300x300.webp 300w, https:\/\/wave-lovers.com\/wp-content\/uploads\/2024\/03\/waydoo-flyer-evo-trolley-100x100.webp 100w, https:\/\/wave-lovers.com\/wp-content\/uploads\/2024\/03\/waydoo-flyer-evo-trolley-32x32.webp 32w, https:\/\/wave-lovers.com\/wp-content\/uploads\/2024\/03\/waydoo-flyer-evo-trolley.webp 400w\" sizes=\"(max-width: 120px) 100vw, 120px\" \/>Ya sean ruedas de transporte acoplables, soportes de motor fueraborda para tu embarcaci\u00f3n neum\u00e1tica o incluso un inversor de 1500 W para todos tus dispositivos. Waydoo tiene muchas opciones interesantes para ofrecerte la mejor experiencia posible.<\/p>\n<p>Convierte tu eFoil en un sistema de propulsi\u00f3n y util\u00edzalo siempre que est\u00e9s cerca del mar. Desaf\u00eda cualquier situaci\u00f3n y divi\u00e9rtete incluso con mal tiempo. Con las opciones de mejora, no hay l\u00edmites.<\/p>\n<hr \/>\n<h2>Opciones de ala: elija su equipamiento<\/h2>\n<p>Las alas disponibles son el criterio de selecci\u00f3n m\u00e1s importante en cuanto a las caracter\u00edsticas de manejo. Mientras que los modelos grandes y anchos proporcionan un mejor control y son adecuados para principiantes y aprendices, los modelos m\u00e1s peque\u00f1os son m\u00e1s maniobrables y exigentes.<\/p>\n<p>Si est\u00e1s indeciso, te recomendamos Voyager C1500. Como todoterreno, ofrece el m\u00e1ximo control con una buena maniobrabilidad.<\/p>\n<p><img loading=\"lazy\" decoding=\"async\" class=\"alignnone wp-image-154236 size-full\" src=\"https:\/\/wave-lovers.com\/wp-content\/uploads\/2024\/03\/voyager-g1500-front-wing.webp\" alt=\"\" width=\"300\" height=\"300\" srcset=\"https:\/\/wave-lovers.com\/wp-content\/uploads\/2024\/03\/voyager-g1500-front-wing.webp 400w, https:\/\/wave-lovers.com\/wp-content\/uploads\/2024\/03\/voyager-g1500-front-wing-300x300.webp 300w, https:\/\/wave-lovers.com\/wp-content\/uploads\/2024\/03\/voyager-g1500-front-wing-150x150.webp 150w, https:\/\/wave-lovers.com\/wp-content\/uploads\/2024\/03\/voyager-g1500-front-wing-100x100.webp 100w, https:\/\/wave-lovers.com\/wp-content\/uploads\/2024\/03\/voyager-g1500-front-wing-32x32.webp 32w\" sizes=\"(max-width: 300px) 100vw, 300px\" \/><img loading=\"lazy\" decoding=\"async\" class=\"alignnone wp-image-154227 size-full\" src=\"https:\/\/wave-lovers.com\/wp-content\/uploads\/2024\/03\/gliding-g1500-front-wing.webp\" alt=\"\" width=\"300\" height=\"300\" srcset=\"https:\/\/wave-lovers.com\/wp-content\/uploads\/2024\/03\/gliding-g1500-front-wing.webp 400w, https:\/\/wave-lovers.com\/wp-content\/uploads\/2024\/03\/gliding-g1500-front-wing-300x300.webp 300w, https:\/\/wave-lovers.com\/wp-content\/uploads\/2024\/03\/gliding-g1500-front-wing-150x150.webp 150w, https:\/\/wave-lovers.com\/wp-content\/uploads\/2024\/03\/gliding-g1500-front-wing-100x100.webp 100w, https:\/\/wave-lovers.com\/wp-content\/uploads\/2024\/03\/gliding-g1500-front-wing-32x32.webp 32w\" sizes=\"(max-width: 300px) 100vw, 300px\" \/><img loading=\"lazy\" decoding=\"async\" class=\"alignnone wp-image-154224 size-full\" src=\"https:\/\/wave-lovers.com\/wp-content\/uploads\/2024\/03\/gliding-g1100-front-wing.webp\" alt=\"\" width=\"300\" height=\"300\" srcset=\"https:\/\/wave-lovers.com\/wp-content\/uploads\/2024\/03\/gliding-g1100-front-wing.webp 400w, https:\/\/wave-lovers.com\/wp-content\/uploads\/2024\/03\/gliding-g1100-front-wing-300x300.webp 300w, https:\/\/wave-lovers.com\/wp-content\/uploads\/2024\/03\/gliding-g1100-front-wing-150x150.webp 150w, https:\/\/wave-lovers.com\/wp-content\/uploads\/2024\/03\/gliding-g1100-front-wing-100x100.webp 100w, https:\/\/wave-lovers.com\/wp-content\/uploads\/2024\/03\/gliding-g1100-front-wing-32x32.webp 32w\" sizes=\"(max-width: 300px) 100vw, 300px\" \/><\/p>\n<p><img loading=\"lazy\" decoding=\"async\" class=\"alignnone wp-image-154233 size-full\" src=\"https:\/\/wave-lovers.com\/wp-content\/uploads\/2024\/03\/voyager-c1500-front-wing.webp\" alt=\"\" width=\"300\" height=\"300\" srcset=\"https:\/\/wave-lovers.com\/wp-content\/uploads\/2024\/03\/voyager-c1500-front-wing.webp 400w, https:\/\/wave-lovers.com\/wp-content\/uploads\/2024\/03\/voyager-c1500-front-wing-300x300.webp 300w, https:\/\/wave-lovers.com\/wp-content\/uploads\/2024\/03\/voyager-c1500-front-wing-150x150.webp 150w, https:\/\/wave-lovers.com\/wp-content\/uploads\/2024\/03\/voyager-c1500-front-wing-100x100.webp 100w, https:\/\/wave-lovers.com\/wp-content\/uploads\/2024\/03\/voyager-c1500-front-wing-32x32.webp 32w\" sizes=\"(max-width: 300px) 100vw, 300px\" \/><img loading=\"lazy\" decoding=\"async\" class=\"alignnone wp-image-154221 size-full\" src=\"https:\/\/wave-lovers.com\/wp-content\/uploads\/2024\/03\/gliding-c1500-front-wing.webp\" alt=\"\" width=\"300\" height=\"300\" srcset=\"https:\/\/wave-lovers.com\/wp-content\/uploads\/2024\/03\/gliding-c1500-front-wing.webp 400w, https:\/\/wave-lovers.com\/wp-content\/uploads\/2024\/03\/gliding-c1500-front-wing-300x300.webp 300w, https:\/\/wave-lovers.com\/wp-content\/uploads\/2024\/03\/gliding-c1500-front-wing-150x150.webp 150w, https:\/\/wave-lovers.com\/wp-content\/uploads\/2024\/03\/gliding-c1500-front-wing-100x100.webp 100w, https:\/\/wave-lovers.com\/wp-content\/uploads\/2024\/03\/gliding-c1500-front-wing-32x32.webp 32w\" sizes=\"(max-width: 300px) 100vw, 300px\" \/><img loading=\"lazy\" decoding=\"async\" class=\"alignnone wp-image-154230 size-full\" src=\"https:\/\/wave-lovers.com\/wp-content\/uploads\/2024\/03\/voyager-c1100-front-wing.webp\" alt=\"\" width=\"300\" height=\"300\" srcset=\"https:\/\/wave-lovers.com\/wp-content\/uploads\/2024\/03\/voyager-c1100-front-wing.webp 400w, https:\/\/wave-lovers.com\/wp-content\/uploads\/2024\/03\/voyager-c1100-front-wing-300x300.webp 300w, https:\/\/wave-lovers.com\/wp-content\/uploads\/2024\/03\/voyager-c1100-front-wing-150x150.webp 150w, https:\/\/wave-lovers.com\/wp-content\/uploads\/2024\/03\/voyager-c1100-front-wing-100x100.webp 100w, https:\/\/wave-lovers.com\/wp-content\/uploads\/2024\/03\/voyager-c1100-front-wing-32x32.webp 32w\" sizes=\"(max-width: 300px) 100vw, 300px\" \/><\/p>\n<h2>Waydoo Flyer EVO Master Plus - DETALLES<\/h2>\n<table>\n<tbody>\n<tr>\n<td>Modelo<\/td>\n<td>EVO PRO \/ PRO Plus*<\/td>\n<td>EVO MAX \/ MAX Plus*<\/td>\n<td><strong>EVO Master Plus*<\/strong><\/td>\n<\/tr>\n<tr>\n<td>Volumen<\/td>\n<td>90 l<\/td>\n<td>130 l<\/td>\n<td>75 l<\/td>\n<\/tr>\n<tr>\n<td>Material<\/td>\n<td>EPP<\/td>\n<td>EPP<\/td>\n<td>Carbon<\/td>\n<\/tr>\n<tr>\n<td>Color<\/td>\n<td>Cerulean Blue<\/td>\n<td>Surging Grey<\/td>\n<td>Dawn \/ Onyx Black<\/td>\n<\/tr>\n<tr>\n<td>Talla<\/td>\n<td>154 x 67 x 15cm<\/td>\n<td>177 x 75 x 16cm<\/td>\n<td>144 x 62 x 15cm<\/td>\n<\/tr>\n<tr>\n<td>Sensores<\/td>\n<td>X \/ <strong>\u2713<\/strong><\/td>\n<td><strong>\u2713<\/strong><\/td>\n<td><strong>\u2713<\/strong><\/td>\n<\/tr>\n<tr>\n<td>GPS<\/td>\n<td>X \/ <strong>\u2713<\/strong><\/td>\n<td><strong>\u2713<\/strong><\/td>\n<td><strong>\u2713<\/strong><\/td>\n<\/tr>\n<\/tbody>\n<\/table>\n<p>*Los modelos Plus (EVO Master Plus, EVO PRO Plus y EVO MAX Plus) incluyen sensores adicionales que proporcionan asistencia para el equilibrado y el despegue, geocercas y protecci\u00f3n antideslizamiento.<\/p>\n","protected":false},"excerpt":{"rendered":"<p>Fabricado con elegante fibra de carbono, el Waydoo Flyer EVO Master Plus no s\u00f3lo irradia un dise\u00f1o de primera calidad, sino que tambi\u00e9n prioriza el rendimiento y la durabilidad.<\/p>\n","protected":false},"featured_media":170902,"comment_status":"open","ping_status":"closed","template":"","meta":{"_acf_changed":false,"_editorskit_title_hidden":false,"_editorskit_reading_time":0,"_editorskit_is_block_options_detached":false,"_editorskit_block_options_position":"{}","site-sidebar-layout":"default","site-content-layout":"default","ast-site-content-layout":"default","site-content-style":"default","site-sidebar-style":"default","ast-global-header-display":"","ast-banner-title-visibility":"","ast-main-header-display":"","ast-hfb-above-header-display":"","ast-hfb-below-header-display":"","ast-hfb-mobile-header-display":"","site-post-title":"disabled","ast-breadcrumbs-content":"","ast-featured-img":"","footer-sml-layout":"","ast-disable-related-posts":"","theme-transparent-header-meta":"default","adv-header-id-meta":"","stick-header-meta":"","header-above-stick-meta":"","header-main-stick-meta":"","header-below-stick-meta":"","astra-migrate-meta-layouts":"set","ast-page-background-enabled":"default","ast-page-background-meta":{"desktop":{"background-color":"","background-image":"","background-repeat":"repeat","background-position":"center center","background-size":"auto","background-attachment":"scroll","background-type":"","background-media":"","overlay-type":"","overlay-color":"","overlay-opacity":"","overlay-gradient":""},"tablet":{"background-color":"","background-image":"","background-repeat":"repeat","background-position":"center center","background-size":"auto","background-attachment":"scroll","background-type":"","background-media":"","overlay-type":"","overlay-color":"","overlay-opacity":"","overlay-gradient":""},"mobile":{"background-color":"","background-image":"","background-repeat":"repeat","background-position":"center center","background-size":"auto","background-attachment":"scroll","background-type":"","background-media":"","overlay-type":"","overlay-color":"","overlay-opacity":"","overlay-gradient":""}},"ast-content-background-meta":{"desktop":{"background-color":"var(--ast-global-color-5)","background-image":"","background-repeat":"repeat","background-position":"center center","background-size":"auto","background-attachment":"scroll","background-type":"","background-media":"","overlay-type":"","overlay-color":"","overlay-opacity":"","overlay-gradient":""},"tablet":{"background-color":"var(--ast-global-color-5)","background-image":"","background-repeat":"repeat","background-position":"center center","background-size":"auto","background-attachment":"scroll","background-type":"","background-media":"","overlay-type":"","overlay-color":"","overlay-opacity":"","overlay-gradient":""},"mobile":{"background-color":"var(--ast-global-color-5)","background-image":"","background-repeat":"repeat","background-position":"center center","background-size":"auto","background-attachment":"scroll","background-type":"","background-media":"","overlay-type":"","overlay-color":"","overlay-opacity":"","overlay-gradient":""}},"_jf_save_progress":""},"product_brand":[],"product_cat":[114,60,18,110,115,40],"product_tag":[],"class_list":{"0":"post-170527","1":"product","2":"type-product","3":"status-publish","4":"has-post-thumbnail","6":"product_cat-comprar","7":"product_cat-buy","8":"product_cat-electric-hydrofoil-surfboard","9":"product_cat-tablas-de-surf-electricas-efoil","10":"product_cat-try-and-buy-es","11":"product_cat-try-and-buy","12":"product_shipping_class-lg-es","13":"desktop-align-center","14":"tablet-align-center","15":"mobile-align-center","16":"ast-product-gallery-layout-horizontal","17":"ast-magnify-disabled","18":"ast-product-single-variable","19":"ast-product-tabs-layout-horizontal","21":"first","22":"instock","23":"taxable","24":"shipping-taxable","25":"purchasable","26":"product-type-variable"},"acf":[],"brizy_media":[{"id":394,"url":"https:\/\/wave-lovers.com\/wp-content\/uploads\/2021\/01\/E-Foil-Surf-in-Fuerteventura.png","name":"E-Foil-Surf-in-Fuerteventura.png","meta":{"brizy_attachment_uid":"wp-94c9cce8d679a7c3867d56ce02984e39.png","brizy_post_uid":["036f3c858f7493a96f1ecf6bf97c3739","a9cb51fc18b3a0e5c20b367b123782f1","4d07bf27702d9e74ca4c3511c74110e4","57a9f74eb861a76ebdbcd0ca0523c138"]}}],"_links":{"self":[{"href":"https:\/\/wave-lovers.com\/es\/wp-json\/wp\/v2\/product\/170527","targetHints":{"allow":["GET"]}}],"collection":[{"href":"https:\/\/wave-lovers.com\/es\/wp-json\/wp\/v2\/product"}],"about":[{"href":"https:\/\/wave-lovers.com\/es\/wp-json\/wp\/v2\/types\/product"}],"replies":[{"embeddable":true,"href":"https:\/\/wave-lovers.com\/es\/wp-json\/wp\/v2\/comments?post=170527"}],"wp:featuredmedia":[{"embeddable":true,"href":"https:\/\/wave-lovers.com\/es\/wp-json\/wp\/v2\/media\/170902"}],"wp:attachment":[{"href":"https:\/\/wave-lovers.com\/es\/wp-json\/wp\/v2\/media?parent=170527"}],"wp:term":[{"taxonomy":"product_brand","embeddable":true,"href":"https:\/\/wave-lovers.com\/es\/wp-json\/wp\/v2\/product_brand?post=170527"},{"taxonomy":"product_cat","embeddable":true,"href":"https:\/\/wave-lovers.com\/es\/wp-json\/wp\/v2\/product_cat?post=170527"},{"taxonomy":"product_tag","embeddable":true,"href":"https:\/\/wave-lovers.com\/es\/wp-json\/wp\/v2\/product_tag?post=170527"}],"curies":[{"name":"wp","href":"https:\/\/api.w.org\/{rel}","templated":true}]}}