{"id":165382,"date":"2024-06-13T14:50:48","date_gmt":"2024-06-13T12:50:48","guid":{"rendered":"https:\/\/wave-lovers.com\/?post_type=product&#038;p=165382"},"modified":"2024-06-25T12:01:30","modified_gmt":"2024-06-25T10:01:30","slug":"waydoo-subnado","status":"publish","type":"product","link":"https:\/\/wave-lovers.com\/es\/waydoo-subnado\/","title":{"rendered":"Waydoo Subnado"},"content":{"rendered":"<h2>Waydoo Subnado - INFORMACI\u00d3N<\/h2>\n<p><img fetchpriority=\"high\" decoding=\"async\" class=\"hidden-mobile alignright wp-image-165388 size-full\" src=\"https:\/\/wave-lovers.com\/wp-content\/uploads\/2024\/06\/waydoo-subnado-product.gif\" alt=\"\" width=\"266\" height=\"200\" \/>Con unas dimensiones asombrosamente reducidas de s\u00f3lo 38 x 6 cm, la novedad absoluta de Waydoo tiene un dise\u00f1o compacto, elegante y delgado. Esto significa que el scooter subacu\u00e1tico no s\u00f3lo es f\u00e1cil de transportar, sino que tambi\u00e9n se puede llevar f\u00e1cilmente en un avi\u00f3n. Tambi\u00e9n entusiasma su peso de s\u00f3lo 1,4 kg. Es un 50% m\u00e1s ligero que otros scooters subacu\u00e1ticos comparables. Ya sea en tus pr\u00f3ximas vacaciones familiares, en la piscina o en el lago, el Waydoo Subnado te dar\u00e1 mucho placer y tiene un mont\u00f3n de funciones \u00fatiles. \u00a1Estamos gratamente sorprendidos!<\/p>\n<p>El potente y duradero propulsor a chorro acelera el Subnado sin esfuerzo a una velocidad de avance de hasta 1,4 m\/s y te ofrece la m\u00e1xima patada bajo el agua. Adem\u00e1s, con una profundidad m\u00e1xima de inmersi\u00f3n de 60 m, el Subnado tambi\u00e9n est\u00e1 equipado para aventuras extremas y ofrece apoyo a todo submarinista que desee aprovechar al m\u00e1ximo su valioso tiempo bajo el agua.<\/p>\n<hr \/>\n<h3>Contr\u00f3lalo a tu manera<\/h3>\n<p><img decoding=\"async\" class=\"wp-image-165391 size-thumbnail alignright\" src=\"https:\/\/wave-lovers.com\/wp-content\/uploads\/2024\/06\/waydoo-subnado-controls-150x150.webp\" alt=\"\" width=\"100\" height=\"100\" srcset=\"https:\/\/wave-lovers.com\/wp-content\/uploads\/2024\/06\/waydoo-subnado-controls-150x150.webp 150w, https:\/\/wave-lovers.com\/wp-content\/uploads\/2024\/06\/waydoo-subnado-controls-300x300.webp 300w, https:\/\/wave-lovers.com\/wp-content\/uploads\/2024\/06\/waydoo-subnado-controls-100x100.webp 100w, https:\/\/wave-lovers.com\/wp-content\/uploads\/2024\/06\/waydoo-subnado-controls-32x32.webp 32w, https:\/\/wave-lovers.com\/wp-content\/uploads\/2024\/06\/waydoo-subnado-controls.webp 400w\" sizes=\"(max-width: 100px) 100vw, 100px\" \/>El revolucionario dise\u00f1o de Subnado permite maniobrarlo libremente y sin problemas s\u00f3lo con el brazo. Para ello, se incluyen un soporte y una empu\u00f1adura para el pulgar. Si prefieres mantener el control con las dos manos, puedes utilizar el soporte del mango. El protector para dedos protege de lesiones en todo momento. \u00a1Todo ha sido cuidadosamente pensado!<\/p>\n<h3>Funciones ampliadas<\/h3>\n<p data-wp-editing=\"1\"><img decoding=\"async\" class=\"wp-image-165394 size-full alignright\" src=\"https:\/\/wave-lovers.com\/wp-content\/uploads\/2024\/06\/waydoo-subnado-functionality.gif\" alt=\"\" width=\"100\" height=\"100\" srcset=\"https:\/\/wave-lovers.com\/wp-content\/uploads\/2024\/06\/waydoo-subnado-functionality.gif 100w, https:\/\/wave-lovers.com\/wp-content\/uploads\/2024\/06\/waydoo-subnado-functionality-32x32.gif 32w\" sizes=\"(max-width: 100px) 100vw, 100px\" \/>Gracias a la moderna tecnolog\u00eda de la bater\u00eda, el subnado puede cargarse en s\u00f3lo 1,2 horas. Adem\u00e1s, la funci\u00f3n de carga inversa del subnado permite una potencia de salida de hasta 100 W, lo que lo convierte en un banco de alimentaci\u00f3n port\u00e1til para cargar smartphones, GoPro, ordenadores port\u00e1tiles y otros dispositivos. Gracias al soporte compatible (tornillo 1\/4-20UNC), puede acoplar accesorios adicionales como una GoPro, una pantalla OLED u otro dispositivo a su subnado. As\u00ed, \u00a1cada aventura ser\u00e1 un \u00e9xito total!<\/p>\n<h2>Waydoo Subnado - DETALLES<\/h2>\n<p><a href=\"https:\/\/wave-lovers.com\/wp-content\/uploads\/2024\/06\/waydoo-subnado-details-650x1024.webp\"><img loading=\"lazy\" decoding=\"async\" class=\"alignnone wp-image-165397\" src=\"https:\/\/wave-lovers.com\/wp-content\/uploads\/2024\/06\/waydoo-subnado-details-650x1024.webp\" alt=\"\" width=\"381\" height=\"600\" srcset=\"https:\/\/wave-lovers.com\/wp-content\/uploads\/2024\/06\/waydoo-subnado-details-650x1024.webp 650w, https:\/\/wave-lovers.com\/wp-content\/uploads\/2024\/06\/waydoo-subnado-details-190x300.webp 190w, https:\/\/wave-lovers.com\/wp-content\/uploads\/2024\/06\/waydoo-subnado-details-768x1210.webp 768w, https:\/\/wave-lovers.com\/wp-content\/uploads\/2024\/06\/waydoo-subnado-details-975x1536.webp 975w, https:\/\/wave-lovers.com\/wp-content\/uploads\/2024\/06\/waydoo-subnado-details-600x946.webp 600w, https:\/\/wave-lovers.com\/wp-content\/uploads\/2024\/06\/waydoo-subnado-details.webp 1000w\" sizes=\"(max-width: 381px) 100vw, 381px\" \/><\/a> \u00a0\u00a0\u00a0 <a href=\"https:\/\/wave-lovers.com\/wp-content\/uploads\/2024\/06\/waydoo-subnado-comparison-884x1024.webp\"><img loading=\"lazy\" decoding=\"async\" class=\"alignnone wp-image-165400\" src=\"https:\/\/wave-lovers.com\/wp-content\/uploads\/2024\/06\/waydoo-subnado-comparison-884x1024.webp\" alt=\"\" width=\"518\" height=\"600\" srcset=\"https:\/\/wave-lovers.com\/wp-content\/uploads\/2024\/06\/waydoo-subnado-comparison-884x1024.webp 884w, https:\/\/wave-lovers.com\/wp-content\/uploads\/2024\/06\/waydoo-subnado-comparison-259x300.webp 259w, https:\/\/wave-lovers.com\/wp-content\/uploads\/2024\/06\/waydoo-subnado-comparison-768x890.webp 768w, https:\/\/wave-lovers.com\/wp-content\/uploads\/2024\/06\/waydoo-subnado-comparison-600x695.webp 600w, https:\/\/wave-lovers.com\/wp-content\/uploads\/2024\/06\/waydoo-subnado-comparison.webp 1000w\" sizes=\"(max-width: 518px) 100vw, 518px\" \/><\/a><\/p>\n","protected":false},"excerpt":{"rendered":"<p>La <strong>potente y duradera propulsi\u00f3n<\/strong> a chorro acelera el Subnado sin esfuerzo hasta una <strong>velocidad de avance de 1,4 m\/s<\/strong> y te ofrece la patada subacu\u00e1tica definitiva.<\/p>\n","protected":false},"featured_media":165409,"comment_status":"closed","ping_status":"closed","template":"","meta":{"_acf_changed":false,"_editorskit_title_hidden":false,"_editorskit_reading_time":0,"_editorskit_is_block_options_detached":false,"_editorskit_block_options_position":"{}","site-sidebar-layout":"default","site-content-layout":"default","ast-site-content-layout":"default","site-content-style":"default","site-sidebar-style":"default","ast-global-header-display":"","ast-banner-title-visibility":"","ast-main-header-display":"","ast-hfb-above-header-display":"","ast-hfb-below-header-display":"","ast-hfb-mobile-header-display":"","site-post-title":"disabled","ast-breadcrumbs-content":"","ast-featured-img":"","footer-sml-layout":"","ast-disable-related-posts":"","theme-transparent-header-meta":"default","adv-header-id-meta":"","stick-header-meta":"","header-above-stick-meta":"","header-main-stick-meta":"","header-below-stick-meta":"","astra-migrate-meta-layouts":"set","ast-page-background-enabled":"default","ast-page-background-meta":{"desktop":{"background-color":"","background-image":"","background-repeat":"repeat","background-position":"center center","background-size":"auto","background-attachment":"scroll","background-type":"","background-media":"","overlay-type":"","overlay-color":"","overlay-opacity":"","overlay-gradient":""},"tablet":{"background-color":"","background-image":"","background-repeat":"repeat","background-position":"center center","background-size":"auto","background-attachment":"scroll","background-type":"","background-media":"","overlay-type":"","overlay-color":"","overlay-opacity":"","overlay-gradient":""},"mobile":{"background-color":"","background-image":"","background-repeat":"repeat","background-position":"center center","background-size":"auto","background-attachment":"scroll","background-type":"","background-media":"","overlay-type":"","overlay-color":"","overlay-opacity":"","overlay-gradient":""}},"ast-content-background-meta":{"desktop":{"background-color":"var(--ast-global-color-5)","background-image":"","background-repeat":"repeat","background-position":"center center","background-size":"auto","background-attachment":"scroll","background-type":"","background-media":"","overlay-type":"","overlay-color":"","overlay-opacity":"","overlay-gradient":""},"tablet":{"background-color":"var(--ast-global-color-5)","background-image":"","background-repeat":"repeat","background-position":"center center","background-size":"auto","background-attachment":"scroll","background-type":"","background-media":"","overlay-type":"","overlay-color":"","overlay-opacity":"","overlay-gradient":""},"mobile":{"background-color":"var(--ast-global-color-5)","background-image":"","background-repeat":"repeat","background-position":"center center","background-size":"auto","background-attachment":"scroll","background-type":"","background-media":"","overlay-type":"","overlay-color":"","overlay-opacity":"","overlay-gradient":""}},"_jf_save_progress":""},"product_brand":[],"product_cat":[114,60,4631,19],"product_tag":[],"class_list":{"0":"post-165382","1":"product","2":"type-product","3":"status-publish","4":"has-post-thumbnail","6":"product_cat-comprar","7":"product_cat-buy","8":"product_cat-scooter-buceo-submarino","9":"product_cat-underwater-scooter","10":"product_shipping_class-sg-es","11":"desktop-align-center","12":"tablet-align-center","13":"mobile-align-center","14":"ast-product-gallery-layout-horizontal","15":"ast-magnify-disabled","16":"ast-product-tabs-layout-horizontal","18":"first","19":"instock","20":"taxable","21":"shipping-taxable","22":"purchasable","23":"product-type-simple"},"acf":[],"brizy_media":[{"id":394,"url":"https:\/\/wave-lovers.com\/wp-content\/uploads\/2021\/01\/E-Foil-Surf-in-Fuerteventura.png","name":"E-Foil-Surf-in-Fuerteventura.png","meta":{"brizy_attachment_uid":"wp-94c9cce8d679a7c3867d56ce02984e39.png","brizy_post_uid":["036f3c858f7493a96f1ecf6bf97c3739","a9cb51fc18b3a0e5c20b367b123782f1","4d07bf27702d9e74ca4c3511c74110e4","57a9f74eb861a76ebdbcd0ca0523c138"]}}],"_links":{"self":[{"href":"https:\/\/wave-lovers.com\/es\/wp-json\/wp\/v2\/product\/165382","targetHints":{"allow":["GET"]}}],"collection":[{"href":"https:\/\/wave-lovers.com\/es\/wp-json\/wp\/v2\/product"}],"about":[{"href":"https:\/\/wave-lovers.com\/es\/wp-json\/wp\/v2\/types\/product"}],"replies":[{"embeddable":true,"href":"https:\/\/wave-lovers.com\/es\/wp-json\/wp\/v2\/comments?post=165382"}],"wp:featuredmedia":[{"embeddable":true,"href":"https:\/\/wave-lovers.com\/es\/wp-json\/wp\/v2\/media\/165409"}],"wp:attachment":[{"href":"https:\/\/wave-lovers.com\/es\/wp-json\/wp\/v2\/media?parent=165382"}],"wp:term":[{"taxonomy":"product_brand","embeddable":true,"href":"https:\/\/wave-lovers.com\/es\/wp-json\/wp\/v2\/product_brand?post=165382"},{"taxonomy":"product_cat","embeddable":true,"href":"https:\/\/wave-lovers.com\/es\/wp-json\/wp\/v2\/product_cat?post=165382"},{"taxonomy":"product_tag","embeddable":true,"href":"https:\/\/wave-lovers.com\/es\/wp-json\/wp\/v2\/product_tag?post=165382"}],"curies":[{"name":"wp","href":"https:\/\/api.w.org\/{rel}","templated":true}]}}