{"id":165011,"date":"2024-06-07T14:32:25","date_gmt":"2024-06-07T12:32:25","guid":{"rendered":"https:\/\/wave-lovers.com\/?post_type=product&#038;p=165011"},"modified":"2024-06-08T15:05:32","modified_gmt":"2024-06-08T13:05:32","slug":"sublue-vapor","status":"publish","type":"product","link":"https:\/\/wave-lovers.com\/es\/sublue-vapor\/","title":{"rendered":"Sublue Vapor"},"content":{"rendered":"<h2>Sublue Vapor - INFORMACI\u00d3N<\/h2>\n<p><img decoding=\"async\" class=\"alignright wp-image-165021 size-thumbnail\" src=\"https:\/\/wave-lovers.com\/wp-content\/uploads\/2024\/06\/sublue-vapor-product-image-150x150.webp\" alt=\"\" width=\"150\" height=\"150\" srcset=\"https:\/\/wave-lovers.com\/wp-content\/uploads\/2024\/06\/sublue-vapor-product-image-150x150.webp 150w, https:\/\/wave-lovers.com\/wp-content\/uploads\/2024\/06\/sublue-vapor-product-image-300x300.webp 300w, https:\/\/wave-lovers.com\/wp-content\/uploads\/2024\/06\/sublue-vapor-product-image-100x100.webp 100w, https:\/\/wave-lovers.com\/wp-content\/uploads\/2024\/06\/sublue-vapor-product-image-32x32.webp 32w, https:\/\/wave-lovers.com\/wp-content\/uploads\/2024\/06\/sublue-vapor-product-image.webp 600w\" sizes=\"(max-width: 150px) 100vw, 150px\" \/>Aunque el Sublue Vapor no es uno de los scooters de submarinismo m\u00e1s grandes, sus prestaciones son excepcionales. Gracias al nuevo sistema de propulsi\u00f3n ALO 2.0, este scooter subacu\u00e1tico ultracompacto y extremadamente pr\u00e1ctico puede alcanzar una velocidad m\u00e1xima de 10 km\/h. \u00a1Nunca antes visto!<\/p>\n<p>Equipado con un propulsor de 6 palas y una aleta gu\u00eda trasera de 12 palas, el Sublue Vapor ofrece un control y una emoci\u00f3n inigualables con una mezcla perfecta de par y empuje. La capacidad de la bater\u00eda tambi\u00e9n es impresionante, ya que el dispositivo tiene una autonom\u00eda de hasta 60 minutos. Y se puede recargar casi en el mismo tiempo. \u00a1Maravilloso!<\/p>\n<hr \/>\n<h3>Tecnolog\u00eda punta 2.0<\/h3>\n<p><img decoding=\"async\" class=\"wp-image-165012 size-thumbnail alignright\" src=\"https:\/\/wave-lovers.com\/wp-content\/uploads\/2024\/06\/sublue-vapor-alo-2-0-propulsion-150x150.webp\" alt=\"\" width=\"100\" height=\"100\" srcset=\"https:\/\/wave-lovers.com\/wp-content\/uploads\/2024\/06\/sublue-vapor-alo-2-0-propulsion-150x150.webp 150w, https:\/\/wave-lovers.com\/wp-content\/uploads\/2024\/06\/sublue-vapor-alo-2-0-propulsion-300x300.webp 300w, https:\/\/wave-lovers.com\/wp-content\/uploads\/2024\/06\/sublue-vapor-alo-2-0-propulsion-100x100.webp 100w, https:\/\/wave-lovers.com\/wp-content\/uploads\/2024\/06\/sublue-vapor-alo-2-0-propulsion-32x32.webp 32w, https:\/\/wave-lovers.com\/wp-content\/uploads\/2024\/06\/sublue-vapor-alo-2-0-propulsion.webp 600w\" sizes=\"(max-width: 100px) 100vw, 100px\" \/>Impulsado por la tecnolog\u00eda de propulsi\u00f3n 2.0 de optimizaci\u00f3n de bucle activo de \u00faltima generaci\u00f3n, Sublue Vapor establece est\u00e1ndares sin precedentes. Con funciones inteligentes como el control din\u00e1mico de la velocidad, la gesti\u00f3n de la profundidad con ajuste autom\u00e1tico de la potencia, funciones de alarma y funcionalidad de app, el Sublue Vapor est\u00e1 bien equipado y ofrece tecnolog\u00eda punta a un precio asequible. \u00a1Insuperable!<\/p>\n<h3>Excelencia racionalizada<\/h3>\n<p><img decoding=\"async\" class=\"wp-image-165024 size-thumbnail alignright\" src=\"https:\/\/wave-lovers.com\/wp-content\/uploads\/2024\/06\/sublue-vapor-streamlined-design-150x150.webp\" alt=\"\" width=\"100\" height=\"100\" srcset=\"https:\/\/wave-lovers.com\/wp-content\/uploads\/2024\/06\/sublue-vapor-streamlined-design-150x150.webp 150w, https:\/\/wave-lovers.com\/wp-content\/uploads\/2024\/06\/sublue-vapor-streamlined-design-300x300.webp 300w, https:\/\/wave-lovers.com\/wp-content\/uploads\/2024\/06\/sublue-vapor-streamlined-design-100x100.webp 100w, https:\/\/wave-lovers.com\/wp-content\/uploads\/2024\/06\/sublue-vapor-streamlined-design-32x32.webp 32w, https:\/\/wave-lovers.com\/wp-content\/uploads\/2024\/06\/sublue-vapor-streamlined-design.webp 600w\" sizes=\"(max-width: 100px) 100vw, 100px\" \/>El Sublue Vapor ofrece un dise\u00f1o aerodin\u00e1mico que proporciona una sensaci\u00f3n de libertad sin igual. Experimenta el mundo submarino como nunca antes. Una composici\u00f3n de rendimiento, innovaci\u00f3n y eficiencia, permite sumergirse m\u00e1s profundo y deslizarse a\u00fan m\u00e1s lejos. Descubre una nueva dimensi\u00f3n en la industria de los deportes acu\u00e1ticos, en la que la mano de obra de alta calidad, el aspecto elegante y la comodidad se fusionan a la perfecci\u00f3n. El casco en forma de huso garantiza un deslizamiento suave por el agua y se ve reforzado por una c\u00e1mara de flotabilidad hidrodin\u00e1mica para una perturbaci\u00f3n m\u00ednima. \u00a1Realmente ingenioso!<\/p>\n<h3>Pantalla futurista<\/h3>\n<p><img loading=\"lazy\" decoding=\"async\" class=\"wp-image-165018 size-thumbnail alignright\" src=\"https:\/\/wave-lovers.com\/wp-content\/uploads\/2024\/06\/sublue-vapor-led-display-150x150.webp\" alt=\"\" width=\"100\" height=\"100\" srcset=\"https:\/\/wave-lovers.com\/wp-content\/uploads\/2024\/06\/sublue-vapor-led-display-150x150.webp 150w, https:\/\/wave-lovers.com\/wp-content\/uploads\/2024\/06\/sublue-vapor-led-display-300x300.webp 300w, https:\/\/wave-lovers.com\/wp-content\/uploads\/2024\/06\/sublue-vapor-led-display-100x100.webp 100w, https:\/\/wave-lovers.com\/wp-content\/uploads\/2024\/06\/sublue-vapor-led-display-32x32.webp 32w, https:\/\/wave-lovers.com\/wp-content\/uploads\/2024\/06\/sublue-vapor-led-display.webp 600w\" sizes=\"(max-width: 100px) 100vw, 100px\" \/>Divi\u00e9rtete en un nuevo mundo y toma el mando. El actualizado panel subacu\u00e1tico te permite controlar facilmente el nivel de bateria, la velocidad, tu rumbo, la temperatura y la profundidad. Customiza a tu manera y disfruta del viaje bajo el agua.<\/p>\n<h3>Tecnologia avanzada<\/h3>\n<p><img loading=\"lazy\" decoding=\"async\" class=\"wp-image-165015 size-thumbnail alignright\" src=\"https:\/\/wave-lovers.com\/wp-content\/uploads\/2024\/06\/sublue-vapor-battery-150x150.webp\" alt=\"\" width=\"100\" height=\"100\" srcset=\"https:\/\/wave-lovers.com\/wp-content\/uploads\/2024\/06\/sublue-vapor-battery-150x150.webp 150w, https:\/\/wave-lovers.com\/wp-content\/uploads\/2024\/06\/sublue-vapor-battery-300x300.webp 300w, https:\/\/wave-lovers.com\/wp-content\/uploads\/2024\/06\/sublue-vapor-battery-100x100.webp 100w, https:\/\/wave-lovers.com\/wp-content\/uploads\/2024\/06\/sublue-vapor-battery-32x32.webp 32w, https:\/\/wave-lovers.com\/wp-content\/uploads\/2024\/06\/sublue-vapor-battery.webp 600w\" sizes=\"(max-width: 100px) 100vw, 100px\" \/>En resumen, una bater\u00eda extra\u00edble. La pieza central, dura 60 minutos y esta equipada con multiples medidas de protecci\u00f3n, como sobrecarga, sobredescarga, cortocircuito y monitoreo de descarga para garantizar tu seguridad. Adem\u00e1s la tecnolog\u00eda del cargador r\u00e1pido brinda una carga ininterrumpida. Solo necesitas 1 hora para pasar de 0% a 85%. \u00a1Tienes que probarlo!<\/p>\n<h2>Sublue Vapor - DETALLES<\/h2>\n<p>Dimensiones: 54\u00d738\u00d729 cm<br \/>\nPeso (con bater\u00eda): 8.6 kg<br \/>\nEmpuje m\u00e1ximo: 21 kg<br \/>\nProfundidad m\u00e1xima: 40m<br \/>\nTiempo m\u00e1ximo de funcionamiento: 60min<br \/>\nVelocidad m\u00e1xima: 10 km\/h<br \/>\nCapacidad de bater\u00eda: 384.8 Wh<br \/>\nTiempo de carga: 1.5 h (carga r\u00e1pida) , 3 h (carga normal)<\/p>\n","protected":false},"excerpt":{"rendered":"<p>M\u00e1s potencia gracias a la optimizaci\u00f3n activa del bucle. La <strong>novedad absoluta<\/strong> en el campo de los scooters subacu\u00e1ticos que ahorran espacio y una <strong>alternativa real<\/strong> a sus pesados modelos hermanos.<\/p>\n","protected":false},"featured_media":165034,"comment_status":"closed","ping_status":"closed","template":"","meta":{"_acf_changed":false,"_editorskit_title_hidden":false,"_editorskit_reading_time":0,"_editorskit_is_block_options_detached":false,"_editorskit_block_options_position":"{}","site-sidebar-layout":"default","site-content-layout":"default","ast-site-content-layout":"default","site-content-style":"default","site-sidebar-style":"default","ast-global-header-display":"","ast-banner-title-visibility":"","ast-main-header-display":"","ast-hfb-above-header-display":"","ast-hfb-below-header-display":"","ast-hfb-mobile-header-display":"","site-post-title":"disabled","ast-breadcrumbs-content":"","ast-featured-img":"","footer-sml-layout":"","ast-disable-related-posts":"","theme-transparent-header-meta":"default","adv-header-id-meta":"","stick-header-meta":"","header-above-stick-meta":"","header-main-stick-meta":"","header-below-stick-meta":"","astra-migrate-meta-layouts":"set","ast-page-background-enabled":"default","ast-page-background-meta":{"desktop":{"background-color":"","background-image":"","background-repeat":"repeat","background-position":"center center","background-size":"auto","background-attachment":"scroll","background-type":"","background-media":"","overlay-type":"","overlay-color":"","overlay-opacity":"","overlay-gradient":""},"tablet":{"background-color":"","background-image":"","background-repeat":"repeat","background-position":"center center","background-size":"auto","background-attachment":"scroll","background-type":"","background-media":"","overlay-type":"","overlay-color":"","overlay-opacity":"","overlay-gradient":""},"mobile":{"background-color":"","background-image":"","background-repeat":"repeat","background-position":"center center","background-size":"auto","background-attachment":"scroll","background-type":"","background-media":"","overlay-type":"","overlay-color":"","overlay-opacity":"","overlay-gradient":""}},"ast-content-background-meta":{"desktop":{"background-color":"var(--ast-global-color-5)","background-image":"","background-repeat":"repeat","background-position":"center center","background-size":"auto","background-attachment":"scroll","background-type":"","background-media":"","overlay-type":"","overlay-color":"","overlay-opacity":"","overlay-gradient":""},"tablet":{"background-color":"var(--ast-global-color-5)","background-image":"","background-repeat":"repeat","background-position":"center center","background-size":"auto","background-attachment":"scroll","background-type":"","background-media":"","overlay-type":"","overlay-color":"","overlay-opacity":"","overlay-gradient":""},"mobile":{"background-color":"var(--ast-global-color-5)","background-image":"","background-repeat":"repeat","background-position":"center center","background-size":"auto","background-attachment":"scroll","background-type":"","background-media":"","overlay-type":"","overlay-color":"","overlay-opacity":"","overlay-gradient":""}},"_jf_save_progress":""},"product_brand":[],"product_cat":[114,4631],"product_tag":[],"class_list":{"0":"post-165011","1":"product","2":"type-product","3":"status-publish","4":"has-post-thumbnail","6":"product_cat-comprar","7":"product_cat-scooter-buceo-submarino","8":"product_shipping_class-mg-es","9":"desktop-align-center","10":"tablet-align-center","11":"mobile-align-center","12":"ast-product-gallery-layout-horizontal","13":"ast-magnify-disabled","14":"ast-product-single-variable","15":"ast-product-tabs-layout-horizontal","17":"first","18":"instock","19":"taxable","20":"shipping-taxable","21":"purchasable","22":"product-type-variable"},"acf":[],"brizy_media":[{"id":394,"url":"https:\/\/wave-lovers.com\/wp-content\/uploads\/2021\/01\/E-Foil-Surf-in-Fuerteventura.png","name":"E-Foil-Surf-in-Fuerteventura.png","meta":{"brizy_attachment_uid":"wp-94c9cce8d679a7c3867d56ce02984e39.png","brizy_post_uid":["036f3c858f7493a96f1ecf6bf97c3739","a9cb51fc18b3a0e5c20b367b123782f1","4d07bf27702d9e74ca4c3511c74110e4","57a9f74eb861a76ebdbcd0ca0523c138"]}}],"_links":{"self":[{"href":"https:\/\/wave-lovers.com\/es\/wp-json\/wp\/v2\/product\/165011","targetHints":{"allow":["GET"]}}],"collection":[{"href":"https:\/\/wave-lovers.com\/es\/wp-json\/wp\/v2\/product"}],"about":[{"href":"https:\/\/wave-lovers.com\/es\/wp-json\/wp\/v2\/types\/product"}],"replies":[{"embeddable":true,"href":"https:\/\/wave-lovers.com\/es\/wp-json\/wp\/v2\/comments?post=165011"}],"wp:featuredmedia":[{"embeddable":true,"href":"https:\/\/wave-lovers.com\/es\/wp-json\/wp\/v2\/media\/165034"}],"wp:attachment":[{"href":"https:\/\/wave-lovers.com\/es\/wp-json\/wp\/v2\/media?parent=165011"}],"wp:term":[{"taxonomy":"product_brand","embeddable":true,"href":"https:\/\/wave-lovers.com\/es\/wp-json\/wp\/v2\/product_brand?post=165011"},{"taxonomy":"product_cat","embeddable":true,"href":"https:\/\/wave-lovers.com\/es\/wp-json\/wp\/v2\/product_cat?post=165011"},{"taxonomy":"product_tag","embeddable":true,"href":"https:\/\/wave-lovers.com\/es\/wp-json\/wp\/v2\/product_tag?post=165011"}],"curies":[{"name":"wp","href":"https:\/\/api.w.org\/{rel}","templated":true}]}}