{"id":159954,"date":"2024-05-23T15:38:14","date_gmt":"2024-05-23T13:38:14","guid":{"rendered":"https:\/\/wave-lovers.com\/?post_type=product&#038;p=159954"},"modified":"2025-02-26T18:48:31","modified_gmt":"2025-02-26T17:48:31","slug":"waydoo-flyer-evo-max-max-plus","status":"publish","type":"product","link":"https:\/\/wave-lovers.com\/es\/waydoo-flyer-evo-max-max-plus\/","title":{"rendered":"Waydoo Flyer EVO MAX \/ MAX Plus"},"content":{"rendered":"<h2>Waydoo Flyer EVO MAX \/ MAX Plus - INFORMACI\u00d3N<\/h2>\n<p>Ya est\u00e1n aqu\u00ed las nuevas y esperadas tablas Waydoo. Cuentan con modernos avances, incluyendo un mayor rendimiento, transporte sin esfuerzo con las nuevas ruedas plug &amp; play, y un impresionante grado de opciones de personalizaci\u00f3n. Una potencia bestial, un dise\u00f1o elegante, y los precios competitivos caracter\u00edsticos de Waydoo, hacen de esta nueva serie un sue\u00f1o hecho realidad para todos los fan\u00e1ticos de las eFoils.<\/p>\n<p><strong>La robusta construcci\u00f3n del EVO MAX ofrece una soluci\u00f3n rentable al tiempo que prioriza la seguridad gracias a su excepcional capacidad de absorci\u00f3n de impactos. Para aquellos que buscan inteligencia adicional, la versi\u00f3n PRO Plus integra sensores internos, permitiendo un refinado control a trav\u00e9s del Waydoo Flight Management System.<\/strong><\/p>\n<hr \/>\n<h2>Propulsi\u00f3n: evoluci\u00f3n y diversidad<\/h2>\n<p><img decoding=\"async\" class=\"size-thumbnail wp-image-154215 alignright\" src=\"https:\/\/wave-lovers.com\/wp-content\/uploads\/2024\/03\/waydoo-flyer-evo-propulsion-150x150.webp\" alt=\"\" width=\"120\" height=\"120\" srcset=\"https:\/\/wave-lovers.com\/wp-content\/uploads\/2024\/03\/waydoo-flyer-evo-propulsion-150x150.webp 150w, https:\/\/wave-lovers.com\/wp-content\/uploads\/2024\/03\/waydoo-flyer-evo-propulsion-300x300.webp 300w, https:\/\/wave-lovers.com\/wp-content\/uploads\/2024\/03\/waydoo-flyer-evo-propulsion-100x100.webp 100w, https:\/\/wave-lovers.com\/wp-content\/uploads\/2024\/03\/waydoo-flyer-evo-propulsion-32x32.webp 32w, https:\/\/wave-lovers.com\/wp-content\/uploads\/2024\/03\/waydoo-flyer-evo-propulsion.webp 400w\" sizes=\"(max-width: 120px) 100vw, 120px\" \/>El Waydoo Flyer MAX cuenta con dos diferentes opciones de propulsi\u00f3n : una potente unidad de rendimiento de 6 kW y otra est\u00e1ndar de 4 kW. La unidad Performance est\u00e1 pensada para usuarios de hasta 170 kg y alcanza velocidades de hasta 45 km\/h. La versi\u00f3n Elite alcanza las mismas prestaciones, pero ha sido fresada mediante CNC, lo que ha mejorado la calidad de la mano de obra y confiere al producto un aspecto a\u00fan m\u00e1s elegante. La peque\u00f1a versi\u00f3n Standard est\u00e1 dise\u00f1ada para una capacidad de hasta 130 kg.<\/p>\n<p>Todos sistemas destacan por su innovador dise\u00f1o modular, una primicia en el sector. Permitiendo desajustar el m\u00e1stil sin esfuerzo, lo que mejora la adaptabilidad, la portabilidad y la seguridad, al tiempo que minimiza los gastos de mantenimiento. La unidad motriz del Flyer MAX representa un concepto revolucionario, que combina a la perfecci\u00f3n de rendimiento, versatilidad y facilidad de protecci\u00f3n.<\/p>\n<h2>Bater\u00eda: agilidad y resistencia<\/h2>\n<p><img decoding=\"async\" class=\"size-thumbnail wp-image-154200 alignright\" src=\"https:\/\/wave-lovers.com\/wp-content\/uploads\/2024\/03\/waydoo-flyer-evo-battery-150x150.webp\" alt=\"\" width=\"120\" height=\"120\" srcset=\"https:\/\/wave-lovers.com\/wp-content\/uploads\/2024\/03\/waydoo-flyer-evo-battery-150x150.webp 150w, https:\/\/wave-lovers.com\/wp-content\/uploads\/2024\/03\/waydoo-flyer-evo-battery-300x300.webp 300w, https:\/\/wave-lovers.com\/wp-content\/uploads\/2024\/03\/waydoo-flyer-evo-battery-100x100.webp 100w, https:\/\/wave-lovers.com\/wp-content\/uploads\/2024\/03\/waydoo-flyer-evo-battery-32x32.webp 32w, https:\/\/wave-lovers.com\/wp-content\/uploads\/2024\/03\/waydoo-flyer-evo-battery.webp 400w\" sizes=\"(max-width: 120px) 100vw, 120px\" \/>La bater\u00eda Powerflight del Waydoo Flyer MAX est\u00e1 disponible en dos capacidades: una opci\u00f3n ligera de 36 Ah y una variante de mayor autonom\u00eda de 45 Ah. Ambas est\u00e1n encerradas en una robusta carcasa de aleaci\u00f3n de aluminio, lo que garantiza que puedan soportar cargas pesadas.<\/p>\n<p>La bater\u00eda de 36Ah prioriza el peso liviano, mejorando la agilidad de la tabla. Por el contrario, la opci\u00f3n de 45Ah est\u00e1 pensada para viajes largos, ya que ofrece una autonom\u00eda de hasta 135 minutos.<\/p>\n<p>Ambas bater\u00edas cuentan con una pantalla LCD de f\u00e1cil manejo para una clara indicaci\u00f3n del estado y ostentan un impresionante grado de impermeabilidad IP68. La transmisi\u00f3n de se\u00f1ales luminosas agilizan el proceso de conexi\u00f3n. Adem\u00e1s, las alertas de detecci\u00f3n de fugas, la gesti\u00f3n t\u00e9rmica eficiente y el ajuste din\u00e1mico de la carga trabajan juntos para garantizar la seguridad, la longevidad y una experiencia de usuario \u00f3ptima.<\/p>\n<h2>M\u00e1stil: 3 tama\u00f1os disponibles<\/h2>\n<p><img decoding=\"async\" class=\"size-thumbnail wp-image-154203 alignright\" src=\"https:\/\/wave-lovers.com\/wp-content\/uploads\/2024\/03\/waydoo-flyer-evo-mast-150x150.webp\" alt=\"\" width=\"120\" height=\"120\" srcset=\"https:\/\/wave-lovers.com\/wp-content\/uploads\/2024\/03\/waydoo-flyer-evo-mast-150x150.webp 150w, https:\/\/wave-lovers.com\/wp-content\/uploads\/2024\/03\/waydoo-flyer-evo-mast-300x300.webp 300w, https:\/\/wave-lovers.com\/wp-content\/uploads\/2024\/03\/waydoo-flyer-evo-mast-100x100.webp 100w, https:\/\/wave-lovers.com\/wp-content\/uploads\/2024\/03\/waydoo-flyer-evo-mast-32x32.webp 32w, https:\/\/wave-lovers.com\/wp-content\/uploads\/2024\/03\/waydoo-flyer-evo-mast.webp 400w\" sizes=\"(max-width: 120px) 100vw, 120px\" \/>El Waydoo Flyer MAX sube la apuesta con tres opciones de longitud de m\u00e1stil: 69cm y 89cm construidos en aleaci\u00f3n de aluminio, y una versi\u00f3n de 79cm fabricada en fibra de carbono de alta resistencia y ligereza. Los m\u00e1stiles m\u00e1s cortos priorizan el control y la estabilidad, mientras que los modelos m\u00e1s largos est\u00e1n pensados para los surfistas experimentados que buscan conquistar olas bravas y maximizar la maniobrabilidad.<\/p>\n<p>Este innovador dise\u00f1o modular separa el m\u00e1stil de la unidad motriz, mejorando significativamente la portabilidad y simplificando el mantenimiento. La parte superior del m\u00e1stil cuenta con una luz LED de color programable integrada que a\u00f1ade un toque de atractivo visual, especialmente durante las salidas nocturnas.<\/p>\n<p><strong>Atenci\u00f3n: Si desea utilizar la unidad de accionamiento con el adaptador para motor fueraborda Waydoo, \u00a1le recomendamos que seleccione un m\u00e1stil m\u00e1s largo!<\/strong><\/p>\n<h2>Funciones ampliables: posibilidades ilimitadas<\/h2>\n<p><img loading=\"lazy\" decoding=\"async\" class=\"size-thumbnail wp-image-154218 alignright\" src=\"https:\/\/wave-lovers.com\/wp-content\/uploads\/2024\/03\/waydoo-flyer-evo-trolley-150x150.webp\" alt=\"\" width=\"120\" height=\"120\" srcset=\"https:\/\/wave-lovers.com\/wp-content\/uploads\/2024\/03\/waydoo-flyer-evo-trolley-150x150.webp 150w, https:\/\/wave-lovers.com\/wp-content\/uploads\/2024\/03\/waydoo-flyer-evo-trolley-300x300.webp 300w, https:\/\/wave-lovers.com\/wp-content\/uploads\/2024\/03\/waydoo-flyer-evo-trolley-100x100.webp 100w, https:\/\/wave-lovers.com\/wp-content\/uploads\/2024\/03\/waydoo-flyer-evo-trolley-32x32.webp 32w, https:\/\/wave-lovers.com\/wp-content\/uploads\/2024\/03\/waydoo-flyer-evo-trolley.webp 400w\" sizes=\"(max-width: 120px) 100vw, 120px\" \/>Ya sean ruedas de transporte acoplables, soportes de motor fueraborda para tu embarcaci\u00f3n neum\u00e1tica o incluso un inversor de 1500 W para todos tus dispositivos. Waydoo tiene muchas opciones interesantes para ofrecerte la mejor experiencia posible.<\/p>\n<p>Convierte tu eFoil en un sistema de propulsi\u00f3n y util\u00edzalo siempre que est\u00e9s cerca del mar. Desaf\u00eda cualquier situaci\u00f3n y divi\u00e9rtete incluso con mal tiempo. Con las opciones de mejora, no hay l\u00edmites.<\/p>\n<hr \/>\n<h2>Opciones de ala: elije tu equipamiento<\/h2>\n<p>Las alas disponibles son el criterio de selecci\u00f3n m\u00e1s importante en cuanto a las caracter\u00edsticas de manejo. Mientras que los modelos grandes y anchos proporcionan un mejor control y son adecuados para principiantes y aprendices, los modelos m\u00e1s peque\u00f1os son m\u00e1s maniobrables y exigentes.<\/p>\n<p>Si no sabes cual elegir, te recomendamos Voyager C1500. Como todoterreno, ofrece el m\u00e1ximo control con una buena maniobrabilidad.<\/p>\n<p><img loading=\"lazy\" decoding=\"async\" class=\"alignnone wp-image-154236 size-full\" src=\"https:\/\/wave-lovers.com\/wp-content\/uploads\/2024\/03\/voyager-g1500-front-wing.webp\" alt=\"\" width=\"300\" height=\"300\" srcset=\"https:\/\/wave-lovers.com\/wp-content\/uploads\/2024\/03\/voyager-g1500-front-wing.webp 400w, https:\/\/wave-lovers.com\/wp-content\/uploads\/2024\/03\/voyager-g1500-front-wing-300x300.webp 300w, https:\/\/wave-lovers.com\/wp-content\/uploads\/2024\/03\/voyager-g1500-front-wing-150x150.webp 150w, https:\/\/wave-lovers.com\/wp-content\/uploads\/2024\/03\/voyager-g1500-front-wing-100x100.webp 100w, https:\/\/wave-lovers.com\/wp-content\/uploads\/2024\/03\/voyager-g1500-front-wing-32x32.webp 32w\" sizes=\"(max-width: 300px) 100vw, 300px\" \/><img loading=\"lazy\" decoding=\"async\" class=\"alignnone wp-image-154227 size-full\" src=\"https:\/\/wave-lovers.com\/wp-content\/uploads\/2024\/03\/gliding-g1500-front-wing.webp\" alt=\"\" width=\"300\" height=\"300\" srcset=\"https:\/\/wave-lovers.com\/wp-content\/uploads\/2024\/03\/gliding-g1500-front-wing.webp 400w, https:\/\/wave-lovers.com\/wp-content\/uploads\/2024\/03\/gliding-g1500-front-wing-300x300.webp 300w, https:\/\/wave-lovers.com\/wp-content\/uploads\/2024\/03\/gliding-g1500-front-wing-150x150.webp 150w, https:\/\/wave-lovers.com\/wp-content\/uploads\/2024\/03\/gliding-g1500-front-wing-100x100.webp 100w, https:\/\/wave-lovers.com\/wp-content\/uploads\/2024\/03\/gliding-g1500-front-wing-32x32.webp 32w\" sizes=\"(max-width: 300px) 100vw, 300px\" \/><img loading=\"lazy\" decoding=\"async\" class=\"alignnone wp-image-154224 size-full\" src=\"https:\/\/wave-lovers.com\/wp-content\/uploads\/2024\/03\/gliding-g1100-front-wing.webp\" alt=\"\" width=\"300\" height=\"300\" srcset=\"https:\/\/wave-lovers.com\/wp-content\/uploads\/2024\/03\/gliding-g1100-front-wing.webp 400w, https:\/\/wave-lovers.com\/wp-content\/uploads\/2024\/03\/gliding-g1100-front-wing-300x300.webp 300w, https:\/\/wave-lovers.com\/wp-content\/uploads\/2024\/03\/gliding-g1100-front-wing-150x150.webp 150w, https:\/\/wave-lovers.com\/wp-content\/uploads\/2024\/03\/gliding-g1100-front-wing-100x100.webp 100w, https:\/\/wave-lovers.com\/wp-content\/uploads\/2024\/03\/gliding-g1100-front-wing-32x32.webp 32w\" sizes=\"(max-width: 300px) 100vw, 300px\" \/><\/p>\n<p><img loading=\"lazy\" decoding=\"async\" class=\"alignnone wp-image-154233 size-full\" src=\"https:\/\/wave-lovers.com\/wp-content\/uploads\/2024\/03\/voyager-c1500-front-wing.webp\" alt=\"\" width=\"300\" height=\"300\" srcset=\"https:\/\/wave-lovers.com\/wp-content\/uploads\/2024\/03\/voyager-c1500-front-wing.webp 400w, https:\/\/wave-lovers.com\/wp-content\/uploads\/2024\/03\/voyager-c1500-front-wing-300x300.webp 300w, https:\/\/wave-lovers.com\/wp-content\/uploads\/2024\/03\/voyager-c1500-front-wing-150x150.webp 150w, https:\/\/wave-lovers.com\/wp-content\/uploads\/2024\/03\/voyager-c1500-front-wing-100x100.webp 100w, https:\/\/wave-lovers.com\/wp-content\/uploads\/2024\/03\/voyager-c1500-front-wing-32x32.webp 32w\" sizes=\"(max-width: 300px) 100vw, 300px\" \/><img loading=\"lazy\" decoding=\"async\" class=\"alignnone wp-image-154221 size-full\" src=\"https:\/\/wave-lovers.com\/wp-content\/uploads\/2024\/03\/gliding-c1500-front-wing.webp\" alt=\"\" width=\"300\" height=\"300\" srcset=\"https:\/\/wave-lovers.com\/wp-content\/uploads\/2024\/03\/gliding-c1500-front-wing.webp 400w, https:\/\/wave-lovers.com\/wp-content\/uploads\/2024\/03\/gliding-c1500-front-wing-300x300.webp 300w, https:\/\/wave-lovers.com\/wp-content\/uploads\/2024\/03\/gliding-c1500-front-wing-150x150.webp 150w, https:\/\/wave-lovers.com\/wp-content\/uploads\/2024\/03\/gliding-c1500-front-wing-100x100.webp 100w, https:\/\/wave-lovers.com\/wp-content\/uploads\/2024\/03\/gliding-c1500-front-wing-32x32.webp 32w\" sizes=\"(max-width: 300px) 100vw, 300px\" \/><img loading=\"lazy\" decoding=\"async\" class=\"alignnone wp-image-154230 size-full\" src=\"https:\/\/wave-lovers.com\/wp-content\/uploads\/2024\/03\/voyager-c1100-front-wing.webp\" alt=\"\" width=\"300\" height=\"300\" srcset=\"https:\/\/wave-lovers.com\/wp-content\/uploads\/2024\/03\/voyager-c1100-front-wing.webp 400w, https:\/\/wave-lovers.com\/wp-content\/uploads\/2024\/03\/voyager-c1100-front-wing-300x300.webp 300w, https:\/\/wave-lovers.com\/wp-content\/uploads\/2024\/03\/voyager-c1100-front-wing-150x150.webp 150w, https:\/\/wave-lovers.com\/wp-content\/uploads\/2024\/03\/voyager-c1100-front-wing-100x100.webp 100w, https:\/\/wave-lovers.com\/wp-content\/uploads\/2024\/03\/voyager-c1100-front-wing-32x32.webp 32w\" sizes=\"(max-width: 300px) 100vw, 300px\" \/><\/p>\n<h2>Waydoo Flyer EVO MAX \/ MAX Plus - DETALLES<\/h2>\n<table>\n<tbody>\n<tr>\n<td>Modelo<\/td>\n<td>EVO PRO \/ PRO Plus*<\/td>\n<td><strong>EVO MAX \/ MAX Plus*<\/strong><\/td>\n<td>EVO Master Plus*<\/td>\n<\/tr>\n<tr>\n<td>Volumen<\/td>\n<td>90 l<\/td>\n<td>130 l<\/td>\n<td>75 l<\/td>\n<\/tr>\n<tr>\n<td>Material<\/td>\n<td>EPP<\/td>\n<td>EPP<\/td>\n<td>Carbon<\/td>\n<\/tr>\n<tr>\n<td>Color<\/td>\n<td>Cerulean Blue<\/td>\n<td>Surging Grey<\/td>\n<td>Dawn \/ Onyx Black<\/td>\n<\/tr>\n<tr>\n<td>Talla<\/td>\n<td>154 x 67 x 15cm<\/td>\n<td>177 x 75 x 16cm<\/td>\n<td>144 x 62 x 15cm<\/td>\n<\/tr>\n<tr>\n<td>Sensores<\/td>\n<td>X \/ <strong>\u2713<\/strong><\/td>\n<td>X \/ <strong>\u2713<\/strong><\/td>\n<td><strong>\u2713<\/strong><\/td>\n<\/tr>\n<tr>\n<td>GPS<\/td>\n<td>X \/ <strong>\u2713<\/strong><\/td>\n<td>X \/ <strong>\u2713<\/strong><\/td>\n<td><strong>\u2713<\/strong><\/td>\n<\/tr>\n<\/tbody>\n<\/table>\n<p>*Los modelos Plus (EVO Master Plus, EVO PRO Plus y EVO MAX Plus) disponen de sensores adicionales que proporcionan asistencia de equilibrio\/arranque, geocercas y protecci\u00f3n contra derrapes.<\/p>\n","protected":false},"excerpt":{"rendered":"<p>M\u00e1ximo control, equilibrio y capacidad de carga. La nueva gama EVO ofrece por fin a los surfistas con un peso superior (hasta 170 kg) la elecci\u00f3n perfecta. Las Flyer MAX y MAX Plus no s\u00f3lo son m\u00e1s f\u00e1ciles de equilibrar gracias a su mayor volumen, sino que tambi\u00e9n est\u00e1n a la altura de las tablas m\u00e1s peque\u00f1as en t\u00e9rminos de rendimiento. \u00a1Son incre\u00edble!<\/p>\n","protected":false},"featured_media":170504,"comment_status":"open","ping_status":"closed","template":"","meta":{"_acf_changed":false,"_editorskit_title_hidden":false,"_editorskit_reading_time":0,"_editorskit_is_block_options_detached":false,"_editorskit_block_options_position":"{}","site-sidebar-layout":"default","site-content-layout":"default","ast-site-content-layout":"default","site-content-style":"default","site-sidebar-style":"default","ast-global-header-display":"","ast-banner-title-visibility":"","ast-main-header-display":"","ast-hfb-above-header-display":"","ast-hfb-below-header-display":"","ast-hfb-mobile-header-display":"","site-post-title":"disabled","ast-breadcrumbs-content":"","ast-featured-img":"","footer-sml-layout":"","ast-disable-related-posts":"","theme-transparent-header-meta":"default","adv-header-id-meta":"","stick-header-meta":"","header-above-stick-meta":"","header-main-stick-meta":"","header-below-stick-meta":"","astra-migrate-meta-layouts":"set","ast-page-background-enabled":"default","ast-page-background-meta":{"desktop":{"background-color":"","background-image":"","background-repeat":"repeat","background-position":"center center","background-size":"auto","background-attachment":"scroll","background-type":"","background-media":"","overlay-type":"","overlay-color":"","overlay-opacity":"","overlay-gradient":""},"tablet":{"background-color":"","background-image":"","background-repeat":"repeat","background-position":"center center","background-size":"auto","background-attachment":"scroll","background-type":"","background-media":"","overlay-type":"","overlay-color":"","overlay-opacity":"","overlay-gradient":""},"mobile":{"background-color":"","background-image":"","background-repeat":"repeat","background-position":"center center","background-size":"auto","background-attachment":"scroll","background-type":"","background-media":"","overlay-type":"","overlay-color":"","overlay-opacity":"","overlay-gradient":""}},"ast-content-background-meta":{"desktop":{"background-color":"var(--ast-global-color-5)","background-image":"","background-repeat":"repeat","background-position":"center center","background-size":"auto","background-attachment":"scroll","background-type":"","background-media":"","overlay-type":"","overlay-color":"","overlay-opacity":"","overlay-gradient":""},"tablet":{"background-color":"var(--ast-global-color-5)","background-image":"","background-repeat":"repeat","background-position":"center center","background-size":"auto","background-attachment":"scroll","background-type":"","background-media":"","overlay-type":"","overlay-color":"","overlay-opacity":"","overlay-gradient":""},"mobile":{"background-color":"var(--ast-global-color-5)","background-image":"","background-repeat":"repeat","background-position":"center center","background-size":"auto","background-attachment":"scroll","background-type":"","background-media":"","overlay-type":"","overlay-color":"","overlay-opacity":"","overlay-gradient":""}},"_jf_save_progress":""},"product_brand":[],"product_cat":[114,110,115],"product_tag":[],"class_list":{"0":"post-159954","1":"product","2":"type-product","3":"status-publish","4":"has-post-thumbnail","6":"product_cat-comprar","7":"product_cat-tablas-de-surf-electricas-efoil","8":"product_cat-try-and-buy-es","9":"product_shipping_class-lg-es","10":"desktop-align-center","11":"tablet-align-center","12":"mobile-align-center","13":"ast-product-gallery-layout-horizontal","14":"ast-magnify-disabled","15":"ast-product-single-variable","16":"ast-product-tabs-layout-horizontal","18":"first","19":"instock","20":"taxable","21":"shipping-taxable","22":"purchasable","23":"product-type-variable"},"acf":[],"brizy_media":[{"id":394,"url":"https:\/\/wave-lovers.com\/wp-content\/uploads\/2021\/01\/E-Foil-Surf-in-Fuerteventura.png","name":"E-Foil-Surf-in-Fuerteventura.png","meta":{"brizy_attachment_uid":"wp-94c9cce8d679a7c3867d56ce02984e39.png","brizy_post_uid":["036f3c858f7493a96f1ecf6bf97c3739","a9cb51fc18b3a0e5c20b367b123782f1","4d07bf27702d9e74ca4c3511c74110e4","57a9f74eb861a76ebdbcd0ca0523c138"]}}],"_links":{"self":[{"href":"https:\/\/wave-lovers.com\/es\/wp-json\/wp\/v2\/product\/159954","targetHints":{"allow":["GET"]}}],"collection":[{"href":"https:\/\/wave-lovers.com\/es\/wp-json\/wp\/v2\/product"}],"about":[{"href":"https:\/\/wave-lovers.com\/es\/wp-json\/wp\/v2\/types\/product"}],"replies":[{"embeddable":true,"href":"https:\/\/wave-lovers.com\/es\/wp-json\/wp\/v2\/comments?post=159954"}],"wp:featuredmedia":[{"embeddable":true,"href":"https:\/\/wave-lovers.com\/es\/wp-json\/wp\/v2\/media\/170504"}],"wp:attachment":[{"href":"https:\/\/wave-lovers.com\/es\/wp-json\/wp\/v2\/media?parent=159954"}],"wp:term":[{"taxonomy":"product_brand","embeddable":true,"href":"https:\/\/wave-lovers.com\/es\/wp-json\/wp\/v2\/product_brand?post=159954"},{"taxonomy":"product_cat","embeddable":true,"href":"https:\/\/wave-lovers.com\/es\/wp-json\/wp\/v2\/product_cat?post=159954"},{"taxonomy":"product_tag","embeddable":true,"href":"https:\/\/wave-lovers.com\/es\/wp-json\/wp\/v2\/product_tag?post=159954"}],"curies":[{"name":"wp","href":"https:\/\/api.w.org\/{rel}","templated":true}]}}