{"id":159688,"date":"2024-05-22T09:50:56","date_gmt":"2024-05-22T07:50:56","guid":{"rendered":"https:\/\/wave-lovers.com\/?post_type=product&#038;p=159688"},"modified":"2025-04-18T13:29:34","modified_gmt":"2025-04-18T11:29:34","slug":"audi-aerofoils-airfly-e-foil-hinchable","status":"publish","type":"product","link":"https:\/\/wave-lovers.com\/es\/audi-aerofoils-airfly-e-foil-hinchable\/","title":{"rendered":"Audi Aerofoils Airfly eFoil Hinchable"},"content":{"rendered":"<h2>Audi Aerofoils Airfly eFoil Hinchable - INFORMACI\u00d3N<\/h2>\n<p><img decoding=\"async\" class=\"wp-image-159704 size-thumbnail alignright\" src=\"https:\/\/wave-lovers.com\/wp-content\/uploads\/2024\/05\/audi-aerofoils-airfly-product-image-150x150.webp\" alt=\"\" width=\"150\" height=\"150\" srcset=\"https:\/\/wave-lovers.com\/wp-content\/uploads\/2024\/05\/audi-aerofoils-airfly-product-image-150x150.webp 150w, https:\/\/wave-lovers.com\/wp-content\/uploads\/2024\/05\/audi-aerofoils-airfly-product-image-300x300.webp 300w, https:\/\/wave-lovers.com\/wp-content\/uploads\/2024\/05\/audi-aerofoils-airfly-product-image-100x100.webp 100w, https:\/\/wave-lovers.com\/wp-content\/uploads\/2024\/05\/audi-aerofoils-airfly-product-image-32x32.webp 32w, https:\/\/wave-lovers.com\/wp-content\/uploads\/2024\/05\/audi-aerofoils-airfly-product-image.webp 600w\" sizes=\"(max-width: 150px) 100vw, 150px\" \/>Lib\u00e9rate y descubre lo f\u00e1cil que puede ser volar sobre las olas. Con un enorme volumen de 150L, la nueva tabla no s\u00f3lo es m\u00e1s estable, sino que garantiza al mismo tiempo el equilibrio adecuado. As\u00ed, todo el mundo puede disfrutar r\u00e1pidamente de un gran progreso. La tabla tambi\u00e9n puede evolucionar, gracias al cuerpo hinchable, ahorras espacio, peso y evitas nervios durante el pr\u00f3ximo transporte.<\/p>\n<hr \/>\n<h3>El amor est\u00e1 en el aire<\/h3>\n<p><img decoding=\"async\" class=\"wp-image-159701 size-medium alignright\" src=\"https:\/\/wave-lovers.com\/wp-content\/uploads\/2024\/05\/audi-aerofoils-airfly-performance-300x300.webp\" alt=\"\" width=\"100\" height=\"100\" srcset=\"https:\/\/wave-lovers.com\/wp-content\/uploads\/2024\/05\/audi-aerofoils-airfly-performance-300x300.webp 300w, https:\/\/wave-lovers.com\/wp-content\/uploads\/2024\/05\/audi-aerofoils-airfly-performance-150x150.webp 150w, https:\/\/wave-lovers.com\/wp-content\/uploads\/2024\/05\/audi-aerofoils-airfly-performance-100x100.webp 100w, https:\/\/wave-lovers.com\/wp-content\/uploads\/2024\/05\/audi-aerofoils-airfly-performance-32x32.webp 32w, https:\/\/wave-lovers.com\/wp-content\/uploads\/2024\/05\/audi-aerofoils-airfly-performance.webp 600w\" sizes=\"(max-width: 100px) 100vw, 100px\" \/>Y para que aprendas a amar tu nuevo dispositivo, la tabla pronto podr\u00e1 personalizarse en muchos colores diferentes. La calidad de fabricaci\u00f3n es la m\u00e1xima prioridad de Audi y crea una sensaci\u00f3n de confianza con la que puedes contar. Gracias al material indulgente, tendr\u00e1s muchos a\u00f1os de diversi\u00f3n y siempre estar\u00e1s seguro. Excelente.<\/p>\n<h3>Sistema Anti-Breach<\/h3>\n<p><img decoding=\"async\" class=\"wp-image-159698 size-medium alignright\" src=\"https:\/\/wave-lovers.com\/wp-content\/uploads\/2024\/05\/audi-aerofoils-airfly-anti-breach-system-300x300.webp\" alt=\"\" width=\"100\" height=\"100\" srcset=\"https:\/\/wave-lovers.com\/wp-content\/uploads\/2024\/05\/audi-aerofoils-airfly-anti-breach-system-300x300.webp 300w, https:\/\/wave-lovers.com\/wp-content\/uploads\/2024\/05\/audi-aerofoils-airfly-anti-breach-system-150x150.webp 150w, https:\/\/wave-lovers.com\/wp-content\/uploads\/2024\/05\/audi-aerofoils-airfly-anti-breach-system-100x100.webp 100w, https:\/\/wave-lovers.com\/wp-content\/uploads\/2024\/05\/audi-aerofoils-airfly-anti-breach-system-32x32.webp 32w, https:\/\/wave-lovers.com\/wp-content\/uploads\/2024\/05\/audi-aerofoils-airfly-anti-breach-system.webp 600w\" sizes=\"(max-width: 100px) 100vw, 100px\" \/>Los avances en el mercado tambi\u00e9n abordan el tema de la tecnolog\u00eda de sensores. Una tecnolog\u00eda innovadora permite una mayor seguridad y un mayor disfrute de la conducci\u00f3n: \u00a1el flamante sistema Anti-Breach! No se deje impresionar por el mar agitado y desaf\u00ede las situaciones m\u00e1s dif\u00edciles. El sistema autom\u00e1tico de asistencia no te defraudar\u00e1.<\/p>\n<h2>Audi Aerofoils Airfly eFoil Inflable - DETALLES<\/h2>\n<p>Dimensiones: 174 x 70 x 15 cm<br \/>\nVolumen: 150L<br \/>\nVelocidad m\u00e1xima: 35 - 50 km\/h (dependiendo del juego de alas, peso del piloto, oleaje, etc.)<br \/>\nCapacidad: hasta 120 kg<br \/>\nLongitud del m\u00e1stil: 60 cm<\/p>\n","protected":false},"excerpt":{"rendered":"<p>\u00a1Tienes que conocer el mundo de los deportes acu\u00e1ticos de una nueva forma! El innovador Airfly de Audi | Aerofoils te acompa\u00f1a en tus primeros pasos. Se infla r\u00e1pidamente y listo. M\u00e1s f\u00e1cil imposible. \u00a1Ya disponible!<\/p>\n","protected":false},"featured_media":159691,"comment_status":"open","ping_status":"closed","template":"","meta":{"_acf_changed":false,"_editorskit_title_hidden":false,"_editorskit_reading_time":0,"_editorskit_is_block_options_detached":false,"_editorskit_block_options_position":"{}","site-sidebar-layout":"default","site-content-layout":"default","ast-site-content-layout":"default","site-content-style":"default","site-sidebar-style":"default","ast-global-header-display":"","ast-banner-title-visibility":"","ast-main-header-display":"","ast-hfb-above-header-display":"","ast-hfb-below-header-display":"","ast-hfb-mobile-header-display":"","site-post-title":"disabled","ast-breadcrumbs-content":"","ast-featured-img":"","footer-sml-layout":"","ast-disable-related-posts":"","theme-transparent-header-meta":"default","adv-header-id-meta":"","stick-header-meta":"","header-above-stick-meta":"","header-main-stick-meta":"","header-below-stick-meta":"","astra-migrate-meta-layouts":"set","ast-page-background-enabled":"default","ast-page-background-meta":{"desktop":{"background-color":"","background-image":"","background-repeat":"repeat","background-position":"center center","background-size":"auto","background-attachment":"scroll","background-type":"","background-media":"","overlay-type":"","overlay-color":"","overlay-opacity":"","overlay-gradient":""},"tablet":{"background-color":"","background-image":"","background-repeat":"repeat","background-position":"center center","background-size":"auto","background-attachment":"scroll","background-type":"","background-media":"","overlay-type":"","overlay-color":"","overlay-opacity":"","overlay-gradient":""},"mobile":{"background-color":"","background-image":"","background-repeat":"repeat","background-position":"center center","background-size":"auto","background-attachment":"scroll","background-type":"","background-media":"","overlay-type":"","overlay-color":"","overlay-opacity":"","overlay-gradient":""}},"ast-content-background-meta":{"desktop":{"background-color":"var(--ast-global-color-5)","background-image":"","background-repeat":"repeat","background-position":"center center","background-size":"auto","background-attachment":"scroll","background-type":"","background-media":"","overlay-type":"","overlay-color":"","overlay-opacity":"","overlay-gradient":""},"tablet":{"background-color":"var(--ast-global-color-5)","background-image":"","background-repeat":"repeat","background-position":"center center","background-size":"auto","background-attachment":"scroll","background-type":"","background-media":"","overlay-type":"","overlay-color":"","overlay-opacity":"","overlay-gradient":""},"mobile":{"background-color":"var(--ast-global-color-5)","background-image":"","background-repeat":"repeat","background-position":"center center","background-size":"auto","background-attachment":"scroll","background-type":"","background-media":"","overlay-type":"","overlay-color":"","overlay-opacity":"","overlay-gradient":""}},"_jf_save_progress":""},"product_brand":[],"product_cat":[114,3899,128,60,18,110],"product_tag":[],"class_list":{"0":"post-159688","1":"product","2":"type-product","3":"status-publish","4":"has-post-thumbnail","6":"product_cat-comprar","7":"product_cat-hinchable","8":"product_cat-inflatable","9":"product_cat-buy","10":"product_cat-electric-hydrofoil-surfboard","11":"product_cat-tablas-de-surf-electricas-efoil","12":"product_shipping_class-lg-es","13":"desktop-align-center","14":"tablet-align-center","15":"mobile-align-center","16":"ast-product-gallery-layout-horizontal","17":"ast-magnify-disabled","18":"ast-product-tabs-layout-horizontal","20":"first","21":"instock","22":"taxable","23":"shipping-taxable","24":"purchasable","25":"product-type-simple"},"acf":[],"brizy_media":[{"id":394,"url":"https:\/\/wave-lovers.com\/wp-content\/uploads\/2021\/01\/E-Foil-Surf-in-Fuerteventura.png","name":"E-Foil-Surf-in-Fuerteventura.png","meta":{"brizy_attachment_uid":"wp-94c9cce8d679a7c3867d56ce02984e39.png","brizy_post_uid":["036f3c858f7493a96f1ecf6bf97c3739","a9cb51fc18b3a0e5c20b367b123782f1","4d07bf27702d9e74ca4c3511c74110e4","57a9f74eb861a76ebdbcd0ca0523c138"]}}],"_links":{"self":[{"href":"https:\/\/wave-lovers.com\/es\/wp-json\/wp\/v2\/product\/159688","targetHints":{"allow":["GET"]}}],"collection":[{"href":"https:\/\/wave-lovers.com\/es\/wp-json\/wp\/v2\/product"}],"about":[{"href":"https:\/\/wave-lovers.com\/es\/wp-json\/wp\/v2\/types\/product"}],"replies":[{"embeddable":true,"href":"https:\/\/wave-lovers.com\/es\/wp-json\/wp\/v2\/comments?post=159688"}],"wp:featuredmedia":[{"embeddable":true,"href":"https:\/\/wave-lovers.com\/es\/wp-json\/wp\/v2\/media\/159691"}],"wp:attachment":[{"href":"https:\/\/wave-lovers.com\/es\/wp-json\/wp\/v2\/media?parent=159688"}],"wp:term":[{"taxonomy":"product_brand","embeddable":true,"href":"https:\/\/wave-lovers.com\/es\/wp-json\/wp\/v2\/product_brand?post=159688"},{"taxonomy":"product_cat","embeddable":true,"href":"https:\/\/wave-lovers.com\/es\/wp-json\/wp\/v2\/product_cat?post=159688"},{"taxonomy":"product_tag","embeddable":true,"href":"https:\/\/wave-lovers.com\/es\/wp-json\/wp\/v2\/product_tag?post=159688"}],"curies":[{"name":"wp","href":"https:\/\/api.w.org\/{rel}","templated":true}]}}