{"id":158785,"date":"2024-05-15T14:25:23","date_gmt":"2024-05-15T12:25:23","guid":{"rendered":"https:\/\/wave-lovers.com\/?post_type=product&#038;p=158785"},"modified":"2025-04-18T13:22:14","modified_gmt":"2025-04-18T11:22:14","slug":"audi-aerofoils-hyperfly-scooter-hinchable","status":"publish","type":"product","link":"https:\/\/wave-lovers.com\/es\/audi-aerofoils-hyperfly-scooter-hinchable\/","title":{"rendered":"Audi Aerofoils Hyperfly Scooter Hinchable eFoil"},"content":{"rendered":"<h2>Audi Aerofoils Hyperfly Scooter Hinchable eFoil - INFORMACI\u00d3N<\/h2>\n<p><img decoding=\"async\" class=\"wp-image-158802 size-thumbnail alignright\" src=\"https:\/\/wave-lovers.com\/wp-content\/uploads\/2024\/05\/audi-aerofoils-hyperfly-product-image-150x150.webp\" alt=\"\" width=\"150\" height=\"150\" srcset=\"https:\/\/wave-lovers.com\/wp-content\/uploads\/2024\/05\/audi-aerofoils-hyperfly-product-image-150x150.webp 150w, https:\/\/wave-lovers.com\/wp-content\/uploads\/2024\/05\/audi-aerofoils-hyperfly-product-image-300x300.webp 300w, https:\/\/wave-lovers.com\/wp-content\/uploads\/2024\/05\/audi-aerofoils-hyperfly-product-image-100x100.webp 100w, https:\/\/wave-lovers.com\/wp-content\/uploads\/2024\/05\/audi-aerofoils-hyperfly-product-image-32x32.webp 32w, https:\/\/wave-lovers.com\/wp-content\/uploads\/2024\/05\/audi-aerofoils-hyperfly-product-image.webp 600w\" sizes=\"(max-width: 150px) 100vw, 150px\" \/>Las robustas tablas hinchables son toda una revoluci\u00f3n. No s\u00f3lo ahorran espacio y peso, sino que tambi\u00e9n evitan que cometas errores. Las tablas est\u00e1n dise\u00f1adas de tal manera que incluso los principiantes tendr\u00e1n una experiencia emocionante de inmediato. Sin empinadas curvas de aprendizaje. Superf\u00e1cil.<\/p>\n<hr \/>\n<p>&nbsp;<\/p>\n<h3>Gran control gracias al manillar<\/h3>\n<p><img decoding=\"async\" class=\"wp-image-158799 size-thumbnail alignright\" src=\"https:\/\/wave-lovers.com\/wp-content\/uploads\/2024\/05\/audi-aerofoils-hyperfly-handle-150x150.webp\" alt=\"\" width=\"100\" height=\"100\" srcset=\"https:\/\/wave-lovers.com\/wp-content\/uploads\/2024\/05\/audi-aerofoils-hyperfly-handle-150x150.webp 150w, https:\/\/wave-lovers.com\/wp-content\/uploads\/2024\/05\/audi-aerofoils-hyperfly-handle-300x300.webp 300w, https:\/\/wave-lovers.com\/wp-content\/uploads\/2024\/05\/audi-aerofoils-hyperfly-handle-100x100.webp 100w, https:\/\/wave-lovers.com\/wp-content\/uploads\/2024\/05\/audi-aerofoils-hyperfly-handle-32x32.webp 32w, https:\/\/wave-lovers.com\/wp-content\/uploads\/2024\/05\/audi-aerofoils-hyperfly-handle.webp 600w\" sizes=\"(max-width: 100px) 100vw, 100px\" \/>2024 es el a\u00f1o del scooter el\u00e9ctrico. Al igual que otros fabricantes de renombre, Audi Aerofoils responde a las necesidades de sus clientes. Se ha creado un eFoil que facilita mucho el primer paso en el mundo del hidrofoil. Incluso los principiantes pueden encontrar r\u00e1pidamente el equilibrio adecuado gracias al manillar integrado.<\/p>\n<h3>Sistema Anti-Breach<\/h3>\n<p><img decoding=\"async\" class=\"wp-image-158793 size-thumbnail alignright\" src=\"https:\/\/wave-lovers.com\/wp-content\/uploads\/2024\/05\/audi-aerofoils-hyperfly-anti-breach-system-150x150.webp\" alt=\"\" width=\"100\" height=\"100\" srcset=\"https:\/\/wave-lovers.com\/wp-content\/uploads\/2024\/05\/audi-aerofoils-hyperfly-anti-breach-system-150x150.webp 150w, https:\/\/wave-lovers.com\/wp-content\/uploads\/2024\/05\/audi-aerofoils-hyperfly-anti-breach-system-300x300.webp 300w, https:\/\/wave-lovers.com\/wp-content\/uploads\/2024\/05\/audi-aerofoils-hyperfly-anti-breach-system-100x100.webp 100w, https:\/\/wave-lovers.com\/wp-content\/uploads\/2024\/05\/audi-aerofoils-hyperfly-anti-breach-system-32x32.webp 32w, https:\/\/wave-lovers.com\/wp-content\/uploads\/2024\/05\/audi-aerofoils-hyperfly-anti-breach-system.webp 600w\" sizes=\"(max-width: 100px) 100vw, 100px\" \/>Los avances en el mercado tambi\u00e9n abordan el tema de la tecnolog\u00eda de sensores. Una tecnolog\u00eda innovadora permite una mayor seguridad y un mayor disfrute de la conducci\u00f3n: \u00a1el flamante sistema Anti-Breach! No te dejes impresionar por el mar agitado y desaf\u00eda las situaciones m\u00e1s dif\u00edciles. El sistema autom\u00e1tico de asistencia no te defraudar\u00e1.<\/p>\n<h3>Aire y amor<\/h3>\n<p><img loading=\"lazy\" decoding=\"async\" class=\"wp-image-158796 size-thumbnail alignright\" src=\"https:\/\/wave-lovers.com\/wp-content\/uploads\/2024\/05\/audi-aerofoils-hyperfly-design-150x150.webp\" alt=\"\" width=\"100\" height=\"100\" srcset=\"https:\/\/wave-lovers.com\/wp-content\/uploads\/2024\/05\/audi-aerofoils-hyperfly-design-150x150.webp 150w, https:\/\/wave-lovers.com\/wp-content\/uploads\/2024\/05\/audi-aerofoils-hyperfly-design-300x300.webp 300w, https:\/\/wave-lovers.com\/wp-content\/uploads\/2024\/05\/audi-aerofoils-hyperfly-design-100x100.webp 100w, https:\/\/wave-lovers.com\/wp-content\/uploads\/2024\/05\/audi-aerofoils-hyperfly-design-32x32.webp 32w, https:\/\/wave-lovers.com\/wp-content\/uploads\/2024\/05\/audi-aerofoils-hyperfly-design.webp 600w\" sizes=\"(max-width: 100px) 100vw, 100px\" \/>Podr\u00eda pensarse que el t\u00edpico acabado Audi s\u00f3lo se encuentra en los materiales m\u00e1s finos. Pero no, la nueva tabla hinchable muestra c\u00f3mo se hace. Estilizada y elegante, el dise\u00f1o gris cibern\u00e9tico sabe c\u00f3mo convencernos. El material resistente garantiza la durabilidad y ayuda a evitar ara\u00f1azos. Otra ventaja es que ocupa menos espacio y pesa menos, lo que en definitiva mejora el transporte y el almacenamiento. Funcional y c\u00f3modo.<\/p>\n<h2>Audi Aerofoils Hyperfly Scooter Hinchable eFoil - DETALLES<\/h2>\n<p>Dimensiones: 220 x 95 x 15 cm<br \/>\nVolumen: 230L<br \/>\nVelocidad m\u00e1xima: 35 - 50 km\/h (dependiendo del juego de alas, peso del piloto, oleaje, etc.)<br \/>\nAutonom\u00eda de la bater\u00eda: hasta 2 h<br \/>\nCapacidad: hasta 120 kg<br \/>\nLongitud del m\u00e1stil: 60 cm<\/p>\n","protected":false},"excerpt":{"rendered":"<p>Sum\u00e9rgete en el apasionante mundo de los deportes acu\u00e1ticos. Con el \u00faltimo producto de Audi Aerofoils, puedes empezar en s\u00f3lo unos minutos. Nunca ha sido tan f\u00e1cil. \u00a1Ya disponible!<\/p>\n","protected":false},"featured_media":158789,"comment_status":"open","ping_status":"closed","template":"","meta":{"_acf_changed":false,"_editorskit_title_hidden":false,"_editorskit_reading_time":0,"_editorskit_is_block_options_detached":false,"_editorskit_block_options_position":"{}","site-sidebar-layout":"default","site-content-layout":"default","ast-site-content-layout":"default","site-content-style":"default","site-sidebar-style":"default","ast-global-header-display":"","ast-banner-title-visibility":"","ast-main-header-display":"","ast-hfb-above-header-display":"","ast-hfb-below-header-display":"","ast-hfb-mobile-header-display":"","site-post-title":"disabled","ast-breadcrumbs-content":"","ast-featured-img":"","footer-sml-layout":"","ast-disable-related-posts":"","theme-transparent-header-meta":"default","adv-header-id-meta":"","stick-header-meta":"","header-above-stick-meta":"","header-main-stick-meta":"","header-below-stick-meta":"","astra-migrate-meta-layouts":"set","ast-page-background-enabled":"default","ast-page-background-meta":{"desktop":{"background-color":"","background-image":"","background-repeat":"repeat","background-position":"center center","background-size":"auto","background-attachment":"scroll","background-type":"","background-media":"","overlay-type":"","overlay-color":"","overlay-opacity":"","overlay-gradient":""},"tablet":{"background-color":"","background-image":"","background-repeat":"repeat","background-position":"center center","background-size":"auto","background-attachment":"scroll","background-type":"","background-media":"","overlay-type":"","overlay-color":"","overlay-opacity":"","overlay-gradient":""},"mobile":{"background-color":"","background-image":"","background-repeat":"repeat","background-position":"center center","background-size":"auto","background-attachment":"scroll","background-type":"","background-media":"","overlay-type":"","overlay-color":"","overlay-opacity":"","overlay-gradient":""}},"ast-content-background-meta":{"desktop":{"background-color":"var(--ast-global-color-5)","background-image":"","background-repeat":"repeat","background-position":"center center","background-size":"auto","background-attachment":"scroll","background-type":"","background-media":"","overlay-type":"","overlay-color":"","overlay-opacity":"","overlay-gradient":""},"tablet":{"background-color":"var(--ast-global-color-5)","background-image":"","background-repeat":"repeat","background-position":"center center","background-size":"auto","background-attachment":"scroll","background-type":"","background-media":"","overlay-type":"","overlay-color":"","overlay-opacity":"","overlay-gradient":""},"mobile":{"background-color":"var(--ast-global-color-5)","background-image":"","background-repeat":"repeat","background-position":"center center","background-size":"auto","background-attachment":"scroll","background-type":"","background-media":"","overlay-type":"","overlay-color":"","overlay-opacity":"","overlay-gradient":""}},"_jf_save_progress":""},"product_brand":[],"product_cat":[114,3899,128,60,18,110],"product_tag":[],"class_list":{"0":"post-158785","1":"product","2":"type-product","3":"status-publish","4":"has-post-thumbnail","6":"product_cat-comprar","7":"product_cat-hinchable","8":"product_cat-inflatable","9":"product_cat-buy","10":"product_cat-electric-hydrofoil-surfboard","11":"product_cat-tablas-de-surf-electricas-efoil","12":"product_shipping_class-lg-es","13":"desktop-align-center","14":"tablet-align-center","15":"mobile-align-center","16":"ast-product-gallery-layout-horizontal","17":"ast-magnify-disabled","18":"ast-product-tabs-layout-horizontal","20":"first","21":"instock","22":"taxable","23":"shipping-taxable","24":"purchasable","25":"product-type-simple"},"acf":[],"brizy_media":[{"id":394,"url":"https:\/\/wave-lovers.com\/wp-content\/uploads\/2021\/01\/E-Foil-Surf-in-Fuerteventura.png","name":"E-Foil-Surf-in-Fuerteventura.png","meta":{"brizy_attachment_uid":"wp-94c9cce8d679a7c3867d56ce02984e39.png","brizy_post_uid":["036f3c858f7493a96f1ecf6bf97c3739","a9cb51fc18b3a0e5c20b367b123782f1","4d07bf27702d9e74ca4c3511c74110e4","57a9f74eb861a76ebdbcd0ca0523c138"]}}],"_links":{"self":[{"href":"https:\/\/wave-lovers.com\/es\/wp-json\/wp\/v2\/product\/158785","targetHints":{"allow":["GET"]}}],"collection":[{"href":"https:\/\/wave-lovers.com\/es\/wp-json\/wp\/v2\/product"}],"about":[{"href":"https:\/\/wave-lovers.com\/es\/wp-json\/wp\/v2\/types\/product"}],"replies":[{"embeddable":true,"href":"https:\/\/wave-lovers.com\/es\/wp-json\/wp\/v2\/comments?post=158785"}],"wp:featuredmedia":[{"embeddable":true,"href":"https:\/\/wave-lovers.com\/es\/wp-json\/wp\/v2\/media\/158789"}],"wp:attachment":[{"href":"https:\/\/wave-lovers.com\/es\/wp-json\/wp\/v2\/media?parent=158785"}],"wp:term":[{"taxonomy":"product_brand","embeddable":true,"href":"https:\/\/wave-lovers.com\/es\/wp-json\/wp\/v2\/product_brand?post=158785"},{"taxonomy":"product_cat","embeddable":true,"href":"https:\/\/wave-lovers.com\/es\/wp-json\/wp\/v2\/product_cat?post=158785"},{"taxonomy":"product_tag","embeddable":true,"href":"https:\/\/wave-lovers.com\/es\/wp-json\/wp\/v2\/product_tag?post=158785"}],"curies":[{"name":"wp","href":"https:\/\/api.w.org\/{rel}","templated":true}]}}