{"id":157028,"date":"2024-04-19T11:39:55","date_gmt":"2024-04-19T09:39:55","guid":{"rendered":"https:\/\/wave-lovers.com\/?post_type=product&#038;p=157028"},"modified":"2024-05-27T16:52:16","modified_gmt":"2024-05-27T14:52:16","slug":"red-shark-bikes-scooter-kit","status":"publish","type":"product","link":"https:\/\/wave-lovers.com\/es\/red-shark-bikes-scooter-kit\/","title":{"rendered":"Red Shark Bikes Scooter Kit"},"content":{"rendered":"<h2>Red Shark Bikes Scooter Kit - INFORMACI\u00d3N<\/h2>\n<p><img fetchpriority=\"high\" decoding=\"async\" class=\"alignright wp-image-155779 size-full\" src=\"https:\/\/wave-lovers.com\/wp-content\/uploads\/2024\/04\/redsharkbikes-modular-6in1-concept.webp\" alt=\"\" width=\"493\" height=\"318\" srcset=\"https:\/\/wave-lovers.com\/wp-content\/uploads\/2024\/04\/redsharkbikes-modular-6in1-concept.webp 493w, https:\/\/wave-lovers.com\/wp-content\/uploads\/2024\/04\/redsharkbikes-modular-6in1-concept-300x194.webp 300w\" sizes=\"(max-width: 493px) 100vw, 493px\" \/><\/p>\n<p>El Kit Scooter de Red Shark Bikes es la actualizaci\u00f3n m\u00e1s completa. Eso es porque obtienes un e-drive muy vers\u00e1til, lo que significa que puedes convertir tu dispositivo Bike Surf existente en un SUP el\u00e9ctrico. As\u00ed podr\u00e1s descansar cuando necesites una pausa.<\/p>\n<p>La bater\u00eda suministrada te permite circular a baja velocidad hasta 6 horas seguidas. A velocidad m\u00e1xima, el scooter tiene una autonom\u00eda de hasta 1,15 horas. Cuenta con 10 marchas en modo de avance y 3 marchas en modo de retroceso, tiene muchas opciones para ajustar la velocidad. Tambi\u00e9n hay varias caracter\u00edsticas \u00fatiles para mejorar su experiencia, como un interruptor de corte magn\u00e9tico, 2 opciones de carga externa con salida de 5V \/ 12V y un indicador LED de estado de la bater\u00eda. Los accesorios no s\u00f3lo son resistentes al agua, sino que la caja de la bater\u00eda y el mando a distancia est\u00e1n dise\u00f1ados para flotar en la superficie, para que no pierdas nada. \u00a1Todo bien pensado hasta el \u00faltimo detalle!<\/p>\n<p><strong>Todos los productos de Red Shark Bikes pueden ampliarse f\u00e1cilmente para ofrecer la gama m\u00e1s extendida posible de aplicaciones.<\/strong> <strong>Incluso despu\u00e9s de la compra, puedes decidir si quieres convertir el aparato en una waterbike, usarlo como e-scooter o simplemente transformarlo en un SUP.<\/strong> <strong>No hay l\u00edmites para su imaginaci\u00f3n.<\/strong><\/p>\n<h3>Alcance del suministro<\/h3>\n<p><img decoding=\"async\" class=\"alignright wp-image-157032 size-thumbnail\" src=\"https:\/\/wave-lovers.com\/wp-content\/uploads\/2024\/04\/red-shark-bikes-scooter-kit-scope-of-delivery-150x150.webp\" alt=\"\" width=\"150\" height=\"150\" srcset=\"https:\/\/wave-lovers.com\/wp-content\/uploads\/2024\/04\/red-shark-bikes-scooter-kit-scope-of-delivery-150x150.webp 150w, https:\/\/wave-lovers.com\/wp-content\/uploads\/2024\/04\/red-shark-bikes-scooter-kit-scope-of-delivery-300x300.webp 300w, https:\/\/wave-lovers.com\/wp-content\/uploads\/2024\/04\/red-shark-bikes-scooter-kit-scope-of-delivery-100x100.webp 100w, https:\/\/wave-lovers.com\/wp-content\/uploads\/2024\/04\/red-shark-bikes-scooter-kit-scope-of-delivery-32x32.webp 32w, https:\/\/wave-lovers.com\/wp-content\/uploads\/2024\/04\/red-shark-bikes-scooter-kit-scope-of-delivery.webp 400w\" sizes=\"(max-width: 150px) 100vw, 150px\" \/>El kit ampl\u00eda tu juego completo de Bike Surf. Por lo tanto, la tabla no est\u00e1 incluida en el suministro. En su lugar recibir\u00e1 el cuadro del scooter con todo el equipamiento necesario para montar el accionamiento el\u00e9ctrico (motor, manillar, empu\u00f1adura, mando a distancia y bater\u00eda) y equipamiento adicional como el interruptor magn\u00e9tico o las tapas para el orificio de montaje trasero de la tabla. Para obtener instrucciones sobre la configuraci\u00f3n de tu dispositivo s\u00f3lo tienes que leer el manual incluido.<\/p>\n","protected":false},"excerpt":{"rendered":"<p>El Kit Scooter de Red Shark Bikes es el kit de actualizaci\u00f3n m\u00e1s vers\u00e1til. Cuenta con un completo e-drive, que convierte tu dispositivo Bike Surf existente en un SUP el\u00e9ctrico.<\/p>\n<p><strong>Atenci\u00f3n.<\/strong> <strong>Esta opci\u00f3n de actualizaci\u00f3n no incluye la tabla.<\/strong><\/p>\n","protected":false},"featured_media":157031,"comment_status":"open","ping_status":"closed","template":"","meta":{"_acf_changed":false,"_editorskit_title_hidden":false,"_editorskit_reading_time":0,"_editorskit_is_block_options_detached":false,"_editorskit_block_options_position":"{}","site-sidebar-layout":"default","site-content-layout":"default","ast-site-content-layout":"default","site-content-style":"default","site-sidebar-style":"default","ast-global-header-display":"","ast-banner-title-visibility":"","ast-main-header-display":"","ast-hfb-above-header-display":"","ast-hfb-below-header-display":"","ast-hfb-mobile-header-display":"","site-post-title":"disabled","ast-breadcrumbs-content":"","ast-featured-img":"","footer-sml-layout":"","ast-disable-related-posts":"","theme-transparent-header-meta":"default","adv-header-id-meta":"","stick-header-meta":"","header-above-stick-meta":"","header-main-stick-meta":"","header-below-stick-meta":"","astra-migrate-meta-layouts":"set","ast-page-background-enabled":"default","ast-page-background-meta":{"desktop":{"background-color":"","background-image":"","background-repeat":"repeat","background-position":"center center","background-size":"auto","background-attachment":"scroll","background-type":"","background-media":"","overlay-type":"","overlay-color":"","overlay-opacity":"","overlay-gradient":""},"tablet":{"background-color":"","background-image":"","background-repeat":"repeat","background-position":"center center","background-size":"auto","background-attachment":"scroll","background-type":"","background-media":"","overlay-type":"","overlay-color":"","overlay-opacity":"","overlay-gradient":""},"mobile":{"background-color":"","background-image":"","background-repeat":"repeat","background-position":"center center","background-size":"auto","background-attachment":"scroll","background-type":"","background-media":"","overlay-type":"","overlay-color":"","overlay-opacity":"","overlay-gradient":""}},"ast-content-background-meta":{"desktop":{"background-color":"var(--ast-global-color-5)","background-image":"","background-repeat":"repeat","background-position":"center center","background-size":"auto","background-attachment":"scroll","background-type":"","background-media":"","overlay-type":"","overlay-color":"","overlay-opacity":"","overlay-gradient":""},"tablet":{"background-color":"var(--ast-global-color-5)","background-image":"","background-repeat":"repeat","background-position":"center center","background-size":"auto","background-attachment":"scroll","background-type":"","background-media":"","overlay-type":"","overlay-color":"","overlay-opacity":"","overlay-gradient":""},"mobile":{"background-color":"var(--ast-global-color-5)","background-image":"","background-repeat":"repeat","background-position":"center center","background-size":"auto","background-attachment":"scroll","background-type":"","background-media":"","overlay-type":"","overlay-color":"","overlay-opacity":"","overlay-gradient":""}},"_jf_save_progress":""},"product_brand":[],"product_cat":[114,4113,558,3899,128,60,37,4628],"product_tag":[],"class_list":{"0":"post-157028","1":"product","2":"type-product","3":"status-publish","4":"has-post-thumbnail","6":"product_cat-comprar","7":"product_cat-accesorios","8":"product_cat-accessoires","9":"product_cat-hinchable","10":"product_cat-inflatable","11":"product_cat-buy","12":"product_cat-electric-stand-up-paddle-board","13":"product_cat-electric-stand-up-paddle-board-es","14":"product_shipping_class-m-es","15":"desktop-align-center","16":"tablet-align-center","17":"mobile-align-center","18":"ast-product-gallery-layout-horizontal","19":"ast-magnify-disabled","20":"ast-product-tabs-layout-horizontal","22":"first","23":"instock","24":"taxable","25":"shipping-taxable","26":"purchasable","27":"product-type-simple"},"acf":[],"brizy_media":[{"id":394,"url":"https:\/\/wave-lovers.com\/wp-content\/uploads\/2021\/01\/E-Foil-Surf-in-Fuerteventura.png","name":"E-Foil-Surf-in-Fuerteventura.png","meta":{"brizy_attachment_uid":"wp-94c9cce8d679a7c3867d56ce02984e39.png","brizy_post_uid":["036f3c858f7493a96f1ecf6bf97c3739","a9cb51fc18b3a0e5c20b367b123782f1","4d07bf27702d9e74ca4c3511c74110e4","57a9f74eb861a76ebdbcd0ca0523c138"]}}],"_links":{"self":[{"href":"https:\/\/wave-lovers.com\/es\/wp-json\/wp\/v2\/product\/157028","targetHints":{"allow":["GET"]}}],"collection":[{"href":"https:\/\/wave-lovers.com\/es\/wp-json\/wp\/v2\/product"}],"about":[{"href":"https:\/\/wave-lovers.com\/es\/wp-json\/wp\/v2\/types\/product"}],"replies":[{"embeddable":true,"href":"https:\/\/wave-lovers.com\/es\/wp-json\/wp\/v2\/comments?post=157028"}],"wp:featuredmedia":[{"embeddable":true,"href":"https:\/\/wave-lovers.com\/es\/wp-json\/wp\/v2\/media\/157031"}],"wp:attachment":[{"href":"https:\/\/wave-lovers.com\/es\/wp-json\/wp\/v2\/media?parent=157028"}],"wp:term":[{"taxonomy":"product_brand","embeddable":true,"href":"https:\/\/wave-lovers.com\/es\/wp-json\/wp\/v2\/product_brand?post=157028"},{"taxonomy":"product_cat","embeddable":true,"href":"https:\/\/wave-lovers.com\/es\/wp-json\/wp\/v2\/product_cat?post=157028"},{"taxonomy":"product_tag","embeddable":true,"href":"https:\/\/wave-lovers.com\/es\/wp-json\/wp\/v2\/product_tag?post=157028"}],"curies":[{"name":"wp","href":"https:\/\/api.w.org\/{rel}","templated":true}]}}