{"id":157003,"date":"2024-04-19T10:32:42","date_gmt":"2024-04-19T08:32:42","guid":{"rendered":"https:\/\/wave-lovers.com\/?post_type=product&#038;p=157003"},"modified":"2024-05-28T14:02:25","modified_gmt":"2024-05-28T12:02:25","slug":"red-shark-bikes-kit-tandem","status":"publish","type":"product","link":"https:\/\/wave-lovers.com\/es\/red-shark-bikes-kit-tandem\/","title":{"rendered":"Red Shark Bikes Tandem Kit"},"content":{"rendered":"<h2>Red Shark Bikes Tandem Kit - INFORMACI\u00d3N<\/h2>\n<p><img fetchpriority=\"high\" decoding=\"async\" class=\"alignright wp-image-155779 size-full\" src=\"https:\/\/wave-lovers.com\/wp-content\/uploads\/2024\/04\/redsharkbikes-modular-6in1-concept.webp\" alt=\"\" width=\"493\" height=\"318\" srcset=\"https:\/\/wave-lovers.com\/wp-content\/uploads\/2024\/04\/redsharkbikes-modular-6in1-concept.webp 493w, https:\/\/wave-lovers.com\/wp-content\/uploads\/2024\/04\/redsharkbikes-modular-6in1-concept-300x194.webp 300w\" sizes=\"(max-width: 493px) 100vw, 493px\" \/><\/p>\n<p>Puedes utilizar las bielas y hebillas suministradas y estar\u00e1s listo para empezar. Perfecto para aprovechar al m\u00e1ximo el tiempo juntos y vivir una experiencia maravillosa. Los componentes individuales est\u00e1n fabricados con un nivel de calidad especialmente alto y les proporcionar\u00e1n placer durante mucho tiempo. Esto se debe tambi\u00e9n a la norma de calidad europea que se aplica a todos los productos del fabricante.<\/p>\n<p><strong>Todos los productos de Red Shark Bikes pueden extenderse f\u00e1cilmente para ofrecer la gama m\u00e1s amplia posible de aplicaciones.<\/strong> <strong>Incluso despu\u00e9s de la compra, puedes decidir cu\u00e1ndo quieres convertir el aparato en una waterbike, usarlo como e-scooter o simplemente transformarlo en un SUP.<\/strong> <strong>No hay l\u00edmites para la imaginaci\u00f3n.<\/strong><\/p>\n<p>&nbsp;<\/p>\n<h3>Alcance del suministro<\/h3>\n<p><img decoding=\"async\" class=\"size-thumbnail wp-image-157004 alignright\" src=\"https:\/\/wave-lovers.com\/wp-content\/uploads\/2024\/04\/red-shark-bikes-tandem-kit-scope-of-delivery-150x150.webp\" alt=\"\" width=\"150\" height=\"150\" srcset=\"https:\/\/wave-lovers.com\/wp-content\/uploads\/2024\/04\/red-shark-bikes-tandem-kit-scope-of-delivery-150x150.webp 150w, https:\/\/wave-lovers.com\/wp-content\/uploads\/2024\/04\/red-shark-bikes-tandem-kit-scope-of-delivery-300x300.webp 300w, https:\/\/wave-lovers.com\/wp-content\/uploads\/2024\/04\/red-shark-bikes-tandem-kit-scope-of-delivery-100x100.webp 100w, https:\/\/wave-lovers.com\/wp-content\/uploads\/2024\/04\/red-shark-bikes-tandem-kit-scope-of-delivery-32x32.webp 32w, https:\/\/wave-lovers.com\/wp-content\/uploads\/2024\/04\/red-shark-bikes-tandem-kit-scope-of-delivery.webp 400w\" sizes=\"(max-width: 150px) 100vw, 150px\" \/>El kit ampl\u00eda su juego completo de Bike Surf. Por lo tanto, la tabla no est\u00e1 incluida en el volumen de suministro. Como kit de ampliaci\u00f3n se suministran dos barras de conexi\u00f3n y dos hebillas.<\/p>\n","protected":false},"excerpt":{"rendered":"<p>El kit t\u00e1ndem de Red Shark Bikes te permite conectar dos unidades de bike surf entre s\u00ed en unos sencillos pasos. Perfecto para aprovechar al m\u00e1ximo el tiempo juntos y vivir una experiencia maravillosa.<\/p>\n<p><strong>\u00a1Atenci\u00f3n!<\/strong> <strong>Esta opci\u00f3n de mejora no incluye una tabla en el suministro.<\/strong><\/p>\n","protected":false},"featured_media":157009,"comment_status":"open","ping_status":"closed","template":"","meta":{"_acf_changed":false,"_editorskit_title_hidden":false,"_editorskit_reading_time":0,"_editorskit_is_block_options_detached":false,"_editorskit_block_options_position":"{}","site-sidebar-layout":"default","site-content-layout":"default","ast-site-content-layout":"default","site-content-style":"default","site-sidebar-style":"default","ast-global-header-display":"","ast-banner-title-visibility":"","ast-main-header-display":"","ast-hfb-above-header-display":"","ast-hfb-below-header-display":"","ast-hfb-mobile-header-display":"","site-post-title":"disabled","ast-breadcrumbs-content":"","ast-featured-img":"","footer-sml-layout":"","ast-disable-related-posts":"","theme-transparent-header-meta":"default","adv-header-id-meta":"","stick-header-meta":"","header-above-stick-meta":"","header-main-stick-meta":"","header-below-stick-meta":"","astra-migrate-meta-layouts":"set","ast-page-background-enabled":"default","ast-page-background-meta":{"desktop":{"background-color":"","background-image":"","background-repeat":"repeat","background-position":"center center","background-size":"auto","background-attachment":"scroll","background-type":"","background-media":"","overlay-type":"","overlay-color":"","overlay-opacity":"","overlay-gradient":""},"tablet":{"background-color":"","background-image":"","background-repeat":"repeat","background-position":"center center","background-size":"auto","background-attachment":"scroll","background-type":"","background-media":"","overlay-type":"","overlay-color":"","overlay-opacity":"","overlay-gradient":""},"mobile":{"background-color":"","background-image":"","background-repeat":"repeat","background-position":"center center","background-size":"auto","background-attachment":"scroll","background-type":"","background-media":"","overlay-type":"","overlay-color":"","overlay-opacity":"","overlay-gradient":""}},"ast-content-background-meta":{"desktop":{"background-color":"var(--ast-global-color-5)","background-image":"","background-repeat":"repeat","background-position":"center center","background-size":"auto","background-attachment":"scroll","background-type":"","background-media":"","overlay-type":"","overlay-color":"","overlay-opacity":"","overlay-gradient":""},"tablet":{"background-color":"var(--ast-global-color-5)","background-image":"","background-repeat":"repeat","background-position":"center center","background-size":"auto","background-attachment":"scroll","background-type":"","background-media":"","overlay-type":"","overlay-color":"","overlay-opacity":"","overlay-gradient":""},"mobile":{"background-color":"var(--ast-global-color-5)","background-image":"","background-repeat":"repeat","background-position":"center center","background-size":"auto","background-attachment":"scroll","background-type":"","background-media":"","overlay-type":"","overlay-color":"","overlay-opacity":"","overlay-gradient":""}},"_jf_save_progress":""},"product_brand":[],"product_cat":[114,4113,558,3899,128,60],"product_tag":[],"class_list":{"0":"post-157003","1":"product","2":"type-product","3":"status-publish","4":"has-post-thumbnail","6":"product_cat-comprar","7":"product_cat-accesorios","8":"product_cat-accessoires","9":"product_cat-hinchable","10":"product_cat-inflatable","11":"product_cat-buy","12":"product_shipping_class-m-es","13":"desktop-align-center","14":"tablet-align-center","15":"mobile-align-center","16":"ast-product-gallery-layout-horizontal","17":"ast-magnify-disabled","18":"ast-product-tabs-layout-horizontal","20":"first","21":"instock","22":"taxable","23":"shipping-taxable","24":"purchasable","25":"product-type-simple"},"acf":[],"brizy_media":[{"id":394,"url":"https:\/\/wave-lovers.com\/wp-content\/uploads\/2021\/01\/E-Foil-Surf-in-Fuerteventura.png","name":"E-Foil-Surf-in-Fuerteventura.png","meta":{"brizy_attachment_uid":"wp-94c9cce8d679a7c3867d56ce02984e39.png","brizy_post_uid":["036f3c858f7493a96f1ecf6bf97c3739","a9cb51fc18b3a0e5c20b367b123782f1","4d07bf27702d9e74ca4c3511c74110e4","57a9f74eb861a76ebdbcd0ca0523c138"]}}],"_links":{"self":[{"href":"https:\/\/wave-lovers.com\/es\/wp-json\/wp\/v2\/product\/157003","targetHints":{"allow":["GET"]}}],"collection":[{"href":"https:\/\/wave-lovers.com\/es\/wp-json\/wp\/v2\/product"}],"about":[{"href":"https:\/\/wave-lovers.com\/es\/wp-json\/wp\/v2\/types\/product"}],"replies":[{"embeddable":true,"href":"https:\/\/wave-lovers.com\/es\/wp-json\/wp\/v2\/comments?post=157003"}],"wp:featuredmedia":[{"embeddable":true,"href":"https:\/\/wave-lovers.com\/es\/wp-json\/wp\/v2\/media\/157009"}],"wp:attachment":[{"href":"https:\/\/wave-lovers.com\/es\/wp-json\/wp\/v2\/media?parent=157003"}],"wp:term":[{"taxonomy":"product_brand","embeddable":true,"href":"https:\/\/wave-lovers.com\/es\/wp-json\/wp\/v2\/product_brand?post=157003"},{"taxonomy":"product_cat","embeddable":true,"href":"https:\/\/wave-lovers.com\/es\/wp-json\/wp\/v2\/product_cat?post=157003"},{"taxonomy":"product_tag","embeddable":true,"href":"https:\/\/wave-lovers.com\/es\/wp-json\/wp\/v2\/product_tag?post=157003"}],"curies":[{"name":"wp","href":"https:\/\/api.w.org\/{rel}","templated":true}]}}