{"id":156098,"date":"2024-04-12T12:21:16","date_gmt":"2024-04-12T10:21:16","guid":{"rendered":"https:\/\/wave-lovers.com\/?post_type=product&#038;p=156098"},"modified":"2024-05-28T15:34:55","modified_gmt":"2024-05-28T13:34:55","slug":"red-shark-bikes-scooter-surf","status":"publish","type":"product","link":"https:\/\/wave-lovers.com\/es\/red-shark-bikes-scooter-surf\/","title":{"rendered":"Red Shark Bikes Scooter Surf"},"content":{"rendered":"<h2>Red Shark Bikes scooter surf - INFORMACI\u00d3N<\/h2>\n<p><img fetchpriority=\"high\" decoding=\"async\" class=\"alignright wp-image-155779 size-full\" src=\"https:\/\/wave-lovers.com\/wp-content\/uploads\/2024\/04\/redsharkbikes-modular-6in1-concept.webp\" alt=\"\" width=\"493\" height=\"318\" srcset=\"https:\/\/wave-lovers.com\/wp-content\/uploads\/2024\/04\/redsharkbikes-modular-6in1-concept.webp 493w, https:\/\/wave-lovers.com\/wp-content\/uploads\/2024\/04\/redsharkbikes-modular-6in1-concept-300x194.webp 300w\" sizes=\"(max-width: 493px) 100vw, 493px\" \/><\/p>\n<p>Como dise\u00f1ador de productos de innovaciones extraordinarias, Josep Robau (fundador de Red Shark Bikes) puede estar orgulloso: su debut en la industria de los deportes acu\u00e1ticos es todo un \u00e9xito. Las tablas son extremadamente vers\u00e1tiles, ofrecen un incre\u00edble abanico de posibilidades. Pueden cubrir hasta 6 usos diferentes con una sola tabla y transformarse en cuesti\u00f3n de minutos. Y lo mejor de todo: \u00a1la relaci\u00f3n calidad-precio es excepcional!<\/p>\n<p><strong>El Red Shark Bikes scooter surf es el \u00fanico conjunto completo con propulsi\u00f3n el\u00e9ctrica.<\/strong> A diferencia de los conjuntos de bicicletas, no necesitas pedalear y puedes deslizarte sobre el agua con total relajaci\u00f3n. El manillar asegura que no pierdas el equilibrio y hace que las maniobras sean s\u00faper f\u00e1ciles. Como siempre, el equipamiento es muy completo, para que puedas ponerte manos a la obra en tu pr\u00f3xima salida. \u00a1No hay nada mejor que esto!<\/p>\n<hr \/>\n<h3>Especificaciones t\u00e9cnicas y funcionalidad<\/h3>\n<p><img decoding=\"async\" class=\"wp-image-156270 size-thumbnail alignright\" src=\"https:\/\/wave-lovers.com\/wp-content\/uploads\/2024\/04\/red-shark-bikes-scooter-surf-product-150x150.webp\" alt=\"\" width=\"150\" height=\"150\" srcset=\"https:\/\/wave-lovers.com\/wp-content\/uploads\/2024\/04\/red-shark-bikes-scooter-surf-product-150x150.webp 150w, https:\/\/wave-lovers.com\/wp-content\/uploads\/2024\/04\/red-shark-bikes-scooter-surf-product-300x300.webp 300w, https:\/\/wave-lovers.com\/wp-content\/uploads\/2024\/04\/red-shark-bikes-scooter-surf-product-100x100.webp 100w, https:\/\/wave-lovers.com\/wp-content\/uploads\/2024\/04\/red-shark-bikes-scooter-surf-product-32x32.webp 32w, https:\/\/wave-lovers.com\/wp-content\/uploads\/2024\/04\/red-shark-bikes-scooter-surf-product.webp 400w\" sizes=\"(max-width: 150px) 100vw, 150px\" \/>La propulsi\u00f3n de la Scooter Surf es totalmente el\u00e9ctrica. Con un motor de 450 W, puede que la tabla no alcance velocidades excepcionales, pero sigue siendo muy divertida. De ello tambi\u00e9n se encargan las 13 marchas, 3 de las cuales aceleran hacia atr\u00e1s. La bater\u00eda tiene una capacidad de 333 Wh y alcanza una incre\u00edble autonom\u00eda de hasta 7 horas a baja potencia. A m\u00e1xima velocidad, el motor funciona durante algo m\u00e1s de una hora, lo que es m\u00e1s que suficiente para la mayor\u00eda de las aventuras. Tambi\u00e9n se ha tenido en cuenta la seguridad, por lo que todas las piezas son completamente impermeables y algunas incluso flotan, para que no puedas perder nada. Tambi\u00e9n hay un interruptor magn\u00e9tico que asegura que la tabla se detenga autom\u00e1ticamente cuando saltas al agua.<\/p>\n<h3>Alcance del suministro<\/h3>\n<p><img decoding=\"async\" class=\"alignright wp-image-156273 size-thumbnail\" src=\"https:\/\/wave-lovers.com\/wp-content\/uploads\/2024\/04\/red-shark-bikes-scooter-surf-scope-of-delivery-150x150.webp\" alt=\"\" width=\"150\" height=\"150\" srcset=\"https:\/\/wave-lovers.com\/wp-content\/uploads\/2024\/04\/red-shark-bikes-scooter-surf-scope-of-delivery-150x150.webp 150w, https:\/\/wave-lovers.com\/wp-content\/uploads\/2024\/04\/red-shark-bikes-scooter-surf-scope-of-delivery-300x300.webp 300w, https:\/\/wave-lovers.com\/wp-content\/uploads\/2024\/04\/red-shark-bikes-scooter-surf-scope-of-delivery-100x100.webp 100w, https:\/\/wave-lovers.com\/wp-content\/uploads\/2024\/04\/red-shark-bikes-scooter-surf-scope-of-delivery-32x32.webp 32w, https:\/\/wave-lovers.com\/wp-content\/uploads\/2024\/04\/red-shark-bikes-scooter-surf-scope-of-delivery.webp 400w\" sizes=\"(max-width: 150px) 100vw, 150px\" \/>Adem\u00e1s de la tabla, la barra para el manillar y el e-drive, hay un sorprendente n\u00famero de extras a pesar de su bajo precio. Por ejemplo, una bomba de aire, un kit de reparaci\u00f3n, una multiherramienta, una botella de agua y aletas desmontables. El e-drive est\u00e1 integrado en el tim\u00f3n y se suministra con la fuente de alimentaci\u00f3n asociada, un interruptor magn\u00e9tico, un mando a distancia y un cargador.<\/p>\n<h2>Red Shark Bikes Scooter Surf - DETALLES<\/h2>\n<p>Peso del bastidor: 3 kg<br \/>\nPeso de la bater\u00eda y el propulsor: 4,1 kg<br \/>\nBater\u00eda: 25.9V \/ 15.600mAh \/ 333 Wh (incluye toma de corriente de 5V y 12V - hasta 3A)<br \/>\nAutonom\u00eda: 7h (Modo Lento) \/ 1.15h (Velocidad MAX)<br \/>\nTiempo de carga: 4-5h<\/p>\n<h2>Red Shark Bikes Scooter Surf - DESTACADOS<\/h2>\n<p>- concepto modular 6 en 1 con numerosas opciones de actualizaci\u00f3n disponibles<br \/>\n- ecol\u00f3gico gracias a un sistema de propulsi\u00f3n el\u00e9ctrico<br \/>\n- f\u00e1cil de transportar y de mantener<\/p>\n","protected":false},"excerpt":{"rendered":"<p>El Red Shark Bikes scooter surf es el <strong>\u00fanico conjunto completo con propulsi\u00f3n el\u00e9ctrica<\/strong>. A diferencia de los conjuntos de bicicletas, no necesitas pedalear y puedes deslizarte sobre el agua con total relajaci\u00f3n.<\/p>\n","protected":false},"featured_media":156251,"comment_status":"open","ping_status":"closed","template":"","meta":{"_acf_changed":false,"_editorskit_title_hidden":false,"_editorskit_reading_time":0,"_editorskit_is_block_options_detached":false,"_editorskit_block_options_position":"{}","site-sidebar-layout":"default","site-content-layout":null,"ast-site-content-layout":"default","site-content-style":"default","site-sidebar-style":"default","ast-global-header-display":"","ast-banner-title-visibility":"","ast-main-header-display":"","ast-hfb-above-header-display":"","ast-hfb-below-header-display":null,"ast-hfb-mobile-header-display":"","site-post-title":"disabled","ast-breadcrumbs-content":"","ast-featured-img":"","footer-sml-layout":"","ast-disable-related-posts":"","theme-transparent-header-meta":"default","adv-header-id-meta":null,"stick-header-meta":null,"header-above-stick-meta":null,"header-main-stick-meta":null,"header-below-stick-meta":null,"astra-migrate-meta-layouts":"set","ast-page-background-enabled":"default","ast-page-background-meta":{"desktop":{"background-color":"","background-image":"","background-repeat":"repeat","background-position":"center center","background-size":"auto","background-attachment":"scroll","background-type":"","background-media":"","overlay-type":"","overlay-color":"","overlay-opacity":"","overlay-gradient":""},"tablet":{"background-color":"","background-image":"","background-repeat":"repeat","background-position":"center center","background-size":"auto","background-attachment":"scroll","background-type":"","background-media":"","overlay-type":"","overlay-color":"","overlay-opacity":"","overlay-gradient":""},"mobile":{"background-color":"","background-image":"","background-repeat":"repeat","background-position":"center center","background-size":"auto","background-attachment":"scroll","background-type":"","background-media":"","overlay-type":"","overlay-color":"","overlay-opacity":"","overlay-gradient":""}},"ast-content-background-meta":{"desktop":{"background-color":"var(--ast-global-color-5)","background-image":"","background-repeat":"repeat","background-position":"center center","background-size":"auto","background-attachment":"scroll","background-type":"","background-media":"","overlay-type":"","overlay-color":"","overlay-opacity":"","overlay-gradient":""},"tablet":{"background-color":"var(--ast-global-color-5)","background-image":"","background-repeat":"repeat","background-position":"center center","background-size":"auto","background-attachment":"scroll","background-type":"","background-media":"","overlay-type":"","overlay-color":"","overlay-opacity":"","overlay-gradient":""},"mobile":{"background-color":"var(--ast-global-color-5)","background-image":"","background-repeat":"repeat","background-position":"center center","background-size":"auto","background-attachment":"scroll","background-type":"","background-media":"","overlay-type":"","overlay-color":"","overlay-opacity":"","overlay-gradient":""}},"_jf_save_progress":""},"product_brand":[],"product_cat":[114,3899,128,60,37,4628],"product_tag":[],"class_list":{"0":"post-156098","1":"product","2":"type-product","3":"status-publish","4":"has-post-thumbnail","6":"product_cat-comprar","7":"product_cat-hinchable","8":"product_cat-inflatable","9":"product_cat-buy","10":"product_cat-electric-stand-up-paddle-board","11":"product_cat-electric-stand-up-paddle-board-es","12":"product_shipping_class-mg-es","13":"desktop-align-center","14":"tablet-align-center","15":"mobile-align-center","16":"ast-product-gallery-layout-horizontal","17":"ast-magnify-disabled","18":"ast-product-tabs-layout-horizontal","20":"first","21":"instock","22":"taxable","23":"shipping-taxable","24":"purchasable","25":"product-type-simple"},"acf":[],"brizy_media":[{"id":394,"url":"https:\/\/wave-lovers.com\/wp-content\/uploads\/2021\/01\/E-Foil-Surf-in-Fuerteventura.png","name":"E-Foil-Surf-in-Fuerteventura.png","meta":{"brizy_attachment_uid":"wp-94c9cce8d679a7c3867d56ce02984e39.png","brizy_post_uid":["036f3c858f7493a96f1ecf6bf97c3739","a9cb51fc18b3a0e5c20b367b123782f1","4d07bf27702d9e74ca4c3511c74110e4","57a9f74eb861a76ebdbcd0ca0523c138"]}}],"_links":{"self":[{"href":"https:\/\/wave-lovers.com\/es\/wp-json\/wp\/v2\/product\/156098","targetHints":{"allow":["GET"]}}],"collection":[{"href":"https:\/\/wave-lovers.com\/es\/wp-json\/wp\/v2\/product"}],"about":[{"href":"https:\/\/wave-lovers.com\/es\/wp-json\/wp\/v2\/types\/product"}],"replies":[{"embeddable":true,"href":"https:\/\/wave-lovers.com\/es\/wp-json\/wp\/v2\/comments?post=156098"}],"wp:featuredmedia":[{"embeddable":true,"href":"https:\/\/wave-lovers.com\/es\/wp-json\/wp\/v2\/media\/156251"}],"wp:attachment":[{"href":"https:\/\/wave-lovers.com\/es\/wp-json\/wp\/v2\/media?parent=156098"}],"wp:term":[{"taxonomy":"product_brand","embeddable":true,"href":"https:\/\/wave-lovers.com\/es\/wp-json\/wp\/v2\/product_brand?post=156098"},{"taxonomy":"product_cat","embeddable":true,"href":"https:\/\/wave-lovers.com\/es\/wp-json\/wp\/v2\/product_cat?post=156098"},{"taxonomy":"product_tag","embeddable":true,"href":"https:\/\/wave-lovers.com\/es\/wp-json\/wp\/v2\/product_tag?post=156098"}],"curies":[{"name":"wp","href":"https:\/\/api.w.org\/{rel}","templated":true}]}}