{"id":155938,"date":"2024-04-12T10:30:39","date_gmt":"2024-04-12T08:30:39","guid":{"rendered":"https:\/\/wave-lovers.com\/?post_type=product&#038;p=155938"},"modified":"2024-05-28T16:02:06","modified_gmt":"2024-05-28T14:02:06","slug":"red-shark-bikes-bike-surf-adventure","status":"publish","type":"product","link":"https:\/\/wave-lovers.com\/es\/red-shark-bikes-bike-surf-adventure\/","title":{"rendered":"Red Shark Bikes Bike Surf Adventure"},"content":{"rendered":"<h2>Red Shark Bikes bike surf adventure - INFORMACI\u00d3N<\/h2>\n<p><img fetchpriority=\"high\" decoding=\"async\" class=\"alignright wp-image-155779 size-full\" src=\"https:\/\/wave-lovers.com\/wp-content\/uploads\/2024\/04\/redsharkbikes-modular-6in1-concept.webp\" alt=\"\" width=\"493\" height=\"318\" srcset=\"https:\/\/wave-lovers.com\/wp-content\/uploads\/2024\/04\/redsharkbikes-modular-6in1-concept.webp 493w, https:\/\/wave-lovers.com\/wp-content\/uploads\/2024\/04\/redsharkbikes-modular-6in1-concept-300x194.webp 300w\" sizes=\"(max-width: 493px) 100vw, 493px\" \/><\/p>\n<p>Para ahorrar espacio, peso y dinero, algunos fabricantes de deportes acu\u00e1ticos ofrecen ahora productos que pueden utilizarse de muchas formas distintas gracias a su dise\u00f1o modular. \u00c9ste es tambi\u00e9n el caso de Red Shark Bikes, cuyo fundador, Josep Robau, utiliza su experiencia como ingeniero en la industria del autom\u00f3vil para crear dise\u00f1os incre\u00edbles que est\u00e1n revolucionando el mercado. Los nuevos modelos de Bike Surf son vers\u00e1tiles, pr\u00e1cticos y fabricados con los m\u00e1s altos est\u00e1ndares europeos. Descubre las m\u00faltiples posibilidades que puedes experimentar con tu Red Shark Bike y d\u00e9jate sorprender.<\/p>\n<p>B\u00e1sicamente hay tres versiones disponibles de la Bike Surf: la c\u00f3moda Bike Surf Enjoy, la deportiva Bike Surf Fitness y el modelo explorador Bike Surf Adventure. <strong>La Bike Surf Adventure ofrece la m\u00e1xima funcionalidad gracias a los numerosos bolsillos y soportes que se han integrado en la tabla.<\/strong> Esto permite a los pescadores o exploradores llevar todo lo que necesitan en su viaje. Los accesorios, como el sill\u00edn y el manillar, son similares a los del modelo Bike Surf Enjoy y, por lo tanto, est\u00e1n dise\u00f1ados para ofrecer la m\u00e1xima comodidad. Sin embargo, a diferencia del modelo Fitness, hay menos opciones entre las h\u00e9lices. Esto significa que la relaci\u00f3n de marchas es m\u00e1s lenta, pero esto beneficia al ciclista si lleva equipaje .<\/p>\n<p><strong>Todos los productos de Red Shark Bikes pueden expandirse f\u00e1cilmente para ofrecer la gama m\u00e1s amplia posible de aplicaciones. Incluso despu\u00e9s de la compra, puedes decidir cu\u00e1ndo quieres convertir el aparato en un kayak, usarlo como e-scooter o simplemente convertirlo en un SUP. La imaginaci\u00f3n no tiene l\u00edmites.<\/strong><\/p>\n<hr \/>\n<h3>Caracter\u00edsticas<\/h3>\n<p><img decoding=\"async\" class=\"wp-image-155960 size-thumbnail alignright\" src=\"https:\/\/wave-lovers.com\/wp-content\/uploads\/2024\/04\/red-shark-bikes-bike-surf-adventure-product-150x150.webp\" alt=\"\" width=\"150\" height=\"150\" srcset=\"https:\/\/wave-lovers.com\/wp-content\/uploads\/2024\/04\/red-shark-bikes-bike-surf-adventure-product-150x150.webp 150w, https:\/\/wave-lovers.com\/wp-content\/uploads\/2024\/04\/red-shark-bikes-bike-surf-adventure-product-300x300.webp 300w, https:\/\/wave-lovers.com\/wp-content\/uploads\/2024\/04\/red-shark-bikes-bike-surf-adventure-product-100x100.webp 100w, https:\/\/wave-lovers.com\/wp-content\/uploads\/2024\/04\/red-shark-bikes-bike-surf-adventure-product-32x32.webp 32w, https:\/\/wave-lovers.com\/wp-content\/uploads\/2024\/04\/red-shark-bikes-bike-surf-adventure-product.webp 400w\" sizes=\"(max-width: 150px) 100vw, 150px\" \/>El marco verde brillante definitivamente hace una declaraci\u00f3n y ayuda a atraer la atenci\u00f3n necesaria en el agua. Con 4 redes, 5 bolsillos impermeables y un soporte para tel\u00e9fono m\u00f3vil\/ca\u00f1a de pescar, seguro que no te faltar\u00e1 de nada en tu pr\u00f3xima aventura. Por supuesto, tambi\u00e9n incluye una botella de agua con soporte. 99% de funcionalidad, 78% de versatilidad y 88% de resistencia es lo que afirma el fabricante para este modelo. No se puede describir mejor.<\/p>\n<h3>Alcance del suministro<\/h3>\n<p><img decoding=\"async\" class=\"wp-image-155963 size-thumbnail alignright\" src=\"https:\/\/wave-lovers.com\/wp-content\/uploads\/2024\/04\/red-shark-bikes-bike-surf-adventure-scope-of-delivery-150x150.webp\" alt=\"\" width=\"150\" height=\"150\" srcset=\"https:\/\/wave-lovers.com\/wp-content\/uploads\/2024\/04\/red-shark-bikes-bike-surf-adventure-scope-of-delivery-150x150.webp 150w, https:\/\/wave-lovers.com\/wp-content\/uploads\/2024\/04\/red-shark-bikes-bike-surf-adventure-scope-of-delivery-300x300.webp 300w, https:\/\/wave-lovers.com\/wp-content\/uploads\/2024\/04\/red-shark-bikes-bike-surf-adventure-scope-of-delivery-100x100.webp 100w, https:\/\/wave-lovers.com\/wp-content\/uploads\/2024\/04\/red-shark-bikes-bike-surf-adventure-scope-of-delivery-32x32.webp 32w, https:\/\/wave-lovers.com\/wp-content\/uploads\/2024\/04\/red-shark-bikes-bike-surf-adventure-scope-of-delivery.webp 400w\" sizes=\"(max-width: 150px) 100vw, 150px\" \/>Como ya se ha mencionado, el equipamiento de la Bike Surf Adventure no deja nada que desear. Dos redes en la tabla, dos en el cuadro, dos bolsas secas, una bolsa y soporte para el m\u00f3vil, bolsa para el manillar, el sill\u00edn e incluso un soporte para ca\u00f1as de pescar hablan por s\u00ed solos. A esto hay que a\u00f1adir el armaz\u00f3n resistente al agua salada de clorofilo verde y la pr\u00e1ctica tabla, que se puede convertir en un SUP o similar en un abrir y cerrar de ojos. La pr\u00e1ctica empu\u00f1adura de la barra elevadora y el c\u00f3modo sill\u00edn de gel permiten llegar c\u00f3modamente a cualquier destino. Todas las piezas se pueden desmontar y, por lo tanto, sustituir f\u00e1cilmente, como las aletas, el tim\u00f3n o las h\u00e9lices, dos de las cuales est\u00e1n incluidas. Se incluyen accesorios como una bomba de aire para la tabla, un kit de reparaci\u00f3n, una multiherramienta y una botella para beber con soporte. As\u00ed que realmente se ha pensado en todo.<\/p>\n<h2>Red Shark Bikes bike surf adventure - DETALLES<\/h2>\n<p>Peso (bastidor): 8 kg<br \/>\nDescripci\u00f3n del rendimiento: 150 vatios (H\u00e9lice B), 180 vatios (H\u00e9lice A)<\/p>\n<h2>Red Shark Bikes bike surf adventure - DESTACADOS<\/h2>\n<p>- concepto modular 6 en 1 con muchas opciones de mejora disponibles<br \/>\n- enorme equipamiento con muchos bolsillos para espacio de almacenamiento adicional<br \/>\n- ecol\u00f3gico gracias a un sistema de propulsi\u00f3n sin emisiones<br \/>\n- f\u00e1cil de transportar y de montar<\/p>\n","protected":false},"excerpt":{"rendered":"<p>La bike surf adventure ofrece la <strong>m\u00e1xima funcionalidad gracias a los numerosos bolsillos y soportes<\/strong> que se han integrado en la tabla. Esto permite a los pescadores o exploradores llevar todo lo que necesitan en su viaje.<\/p>\n","protected":false},"featured_media":155941,"comment_status":"open","ping_status":"closed","template":"","meta":{"_acf_changed":false,"_editorskit_title_hidden":false,"_editorskit_reading_time":0,"_editorskit_is_block_options_detached":false,"_editorskit_block_options_position":"{}","site-sidebar-layout":"default","site-content-layout":null,"ast-site-content-layout":"default","site-content-style":"default","site-sidebar-style":"default","ast-global-header-display":"","ast-banner-title-visibility":"","ast-main-header-display":"","ast-hfb-above-header-display":"","ast-hfb-below-header-display":null,"ast-hfb-mobile-header-display":"","site-post-title":"disabled","ast-breadcrumbs-content":"","ast-featured-img":"","footer-sml-layout":"","ast-disable-related-posts":"","theme-transparent-header-meta":"default","adv-header-id-meta":null,"stick-header-meta":null,"header-above-stick-meta":null,"header-main-stick-meta":null,"header-below-stick-meta":null,"astra-migrate-meta-layouts":"set","ast-page-background-enabled":"default","ast-page-background-meta":{"desktop":{"background-color":"","background-image":"","background-repeat":"repeat","background-position":"center center","background-size":"auto","background-attachment":"scroll","background-type":"","background-media":"","overlay-type":"","overlay-color":"","overlay-opacity":"","overlay-gradient":""},"tablet":{"background-color":"","background-image":"","background-repeat":"repeat","background-position":"center center","background-size":"auto","background-attachment":"scroll","background-type":"","background-media":"","overlay-type":"","overlay-color":"","overlay-opacity":"","overlay-gradient":""},"mobile":{"background-color":"","background-image":"","background-repeat":"repeat","background-position":"center center","background-size":"auto","background-attachment":"scroll","background-type":"","background-media":"","overlay-type":"","overlay-color":"","overlay-opacity":"","overlay-gradient":""}},"ast-content-background-meta":{"desktop":{"background-color":"var(--ast-global-color-5)","background-image":"","background-repeat":"repeat","background-position":"center center","background-size":"auto","background-attachment":"scroll","background-type":"","background-media":"","overlay-type":"","overlay-color":"","overlay-opacity":"","overlay-gradient":""},"tablet":{"background-color":"var(--ast-global-color-5)","background-image":"","background-repeat":"repeat","background-position":"center center","background-size":"auto","background-attachment":"scroll","background-type":"","background-media":"","overlay-type":"","overlay-color":"","overlay-opacity":"","overlay-gradient":""},"mobile":{"background-color":"var(--ast-global-color-5)","background-image":"","background-repeat":"repeat","background-position":"center center","background-size":"auto","background-attachment":"scroll","background-type":"","background-media":"","overlay-type":"","overlay-color":"","overlay-opacity":"","overlay-gradient":""}},"_jf_save_progress":""},"product_brand":[],"product_cat":[114,3899,128,60],"product_tag":[],"class_list":{"0":"post-155938","1":"product","2":"type-product","3":"status-publish","4":"has-post-thumbnail","6":"product_cat-comprar","7":"product_cat-hinchable","8":"product_cat-inflatable","9":"product_cat-buy","10":"product_shipping_class-m-es","11":"desktop-align-center","12":"tablet-align-center","13":"mobile-align-center","14":"ast-product-gallery-layout-horizontal","15":"ast-magnify-disabled","16":"ast-product-tabs-layout-horizontal","18":"first","19":"instock","20":"taxable","21":"shipping-taxable","22":"purchasable","23":"product-type-simple"},"acf":[],"brizy_media":[{"id":394,"url":"https:\/\/wave-lovers.com\/wp-content\/uploads\/2021\/01\/E-Foil-Surf-in-Fuerteventura.png","name":"E-Foil-Surf-in-Fuerteventura.png","meta":{"brizy_attachment_uid":"wp-94c9cce8d679a7c3867d56ce02984e39.png","brizy_post_uid":["036f3c858f7493a96f1ecf6bf97c3739","a9cb51fc18b3a0e5c20b367b123782f1","4d07bf27702d9e74ca4c3511c74110e4","57a9f74eb861a76ebdbcd0ca0523c138"]}}],"_links":{"self":[{"href":"https:\/\/wave-lovers.com\/es\/wp-json\/wp\/v2\/product\/155938","targetHints":{"allow":["GET"]}}],"collection":[{"href":"https:\/\/wave-lovers.com\/es\/wp-json\/wp\/v2\/product"}],"about":[{"href":"https:\/\/wave-lovers.com\/es\/wp-json\/wp\/v2\/types\/product"}],"replies":[{"embeddable":true,"href":"https:\/\/wave-lovers.com\/es\/wp-json\/wp\/v2\/comments?post=155938"}],"wp:featuredmedia":[{"embeddable":true,"href":"https:\/\/wave-lovers.com\/es\/wp-json\/wp\/v2\/media\/155941"}],"wp:attachment":[{"href":"https:\/\/wave-lovers.com\/es\/wp-json\/wp\/v2\/media?parent=155938"}],"wp:term":[{"taxonomy":"product_brand","embeddable":true,"href":"https:\/\/wave-lovers.com\/es\/wp-json\/wp\/v2\/product_brand?post=155938"},{"taxonomy":"product_cat","embeddable":true,"href":"https:\/\/wave-lovers.com\/es\/wp-json\/wp\/v2\/product_cat?post=155938"},{"taxonomy":"product_tag","embeddable":true,"href":"https:\/\/wave-lovers.com\/es\/wp-json\/wp\/v2\/product_tag?post=155938"}],"curies":[{"name":"wp","href":"https:\/\/api.w.org\/{rel}","templated":true}]}}