{"id":155784,"date":"2024-04-11T16:06:06","date_gmt":"2024-04-11T14:06:06","guid":{"rendered":"https:\/\/wave-lovers.com\/?post_type=product&#038;p=155784"},"modified":"2024-05-28T16:31:24","modified_gmt":"2024-05-28T14:31:24","slug":"red-shark-bikes-bike-surf-fitness","status":"publish","type":"product","link":"https:\/\/wave-lovers.com\/es\/red-shark-bikes-bike-surf-fitness\/","title":{"rendered":"Red Shark Bikes Bike Surf Fitness"},"content":{"rendered":"<h2>Red Shark Bikes bike surf fitness - INFORMACI\u00d3N<\/h2>\n<p><img fetchpriority=\"high\" decoding=\"async\" class=\"alignright wp-image-155779 size-full\" src=\"https:\/\/wave-lovers.com\/wp-content\/uploads\/2024\/04\/redsharkbikes-modular-6in1-concept.webp\" alt=\"\" width=\"493\" height=\"318\" srcset=\"https:\/\/wave-lovers.com\/wp-content\/uploads\/2024\/04\/redsharkbikes-modular-6in1-concept.webp 493w, https:\/\/wave-lovers.com\/wp-content\/uploads\/2024\/04\/redsharkbikes-modular-6in1-concept-300x194.webp 300w\" sizes=\"(max-width: 493px) 100vw, 493px\" \/><\/p>\n<p>Red Shark Bikes no es ajena a los dise\u00f1os deportivos. Incluso antes de que se fundara la empresa, Josep Rubau ya creaba excelentes e innovadoras obras maestras que no tienen rival en t\u00e9rminos de aerodin\u00e1mica y agilidad. Estos principios tambi\u00e9n se encuentran en las nuevas bicicletas acu\u00e1ticas y convencen incluso a los cr\u00edticos m\u00e1s duros. Pru\u00e9balas y d\u00e9jate impresionar.<\/p>\n<p>Existen b\u00e1sicamente tres versiones de la Bike Surf: la c\u00f3moda Bike Surf Enjoy, la deportiva Bike Surf Fitness y el modelo explorador Bike Surf Adventure. <strong>La Bike Surf Fitness proporciona al ciclista caracter\u00edsticas de conducci\u00f3n deportiva gracias a las h\u00e9lices intercambiables.<\/strong> Hay 4 modelos incluidos para elegir (COMFORT \/ TRAINING \/ WORKOUT \/ SPORT-PRO) que requieren m\u00e1s o menos potencia de propulsi\u00f3n debido a sus diferentes tama\u00f1os. Esto es comparable a las marchas de una bicicleta convencional. Tambi\u00e9n se proporciona un sill\u00edn deportivo, as\u00ed como una barra de manillar con reposabrazos, que complementan perfectamente el sofisticado paquete.<\/p>\n<p><strong>Todos los productos de Red Shark Bikes pueden expandirse f\u00e1cilmente para ofrecer la gama m\u00e1s amplia posible de aplicaciones. Incluso despu\u00e9s de la compra, podr\u00e1s decidir cu\u00e1ndo desea convertir el aparato en un kayak, utilizarlo como e-scooter o simplemente convertirlo en un SUP. No hay l\u00edmites para su imaginaci\u00f3n.<\/strong><\/p>\n<hr \/>\n<h3>Caracter\u00edsticas<\/h3>\n<p><img decoding=\"async\" class=\"wp-image-155809 size-thumbnail alignright\" src=\"https:\/\/wave-lovers.com\/wp-content\/uploads\/2024\/04\/red-shark-bikes-bike-surf-fitness-product-150x150.webp\" alt=\"\" width=\"150\" height=\"150\" srcset=\"https:\/\/wave-lovers.com\/wp-content\/uploads\/2024\/04\/red-shark-bikes-bike-surf-fitness-product-150x150.webp 150w, https:\/\/wave-lovers.com\/wp-content\/uploads\/2024\/04\/red-shark-bikes-bike-surf-fitness-product-300x300.webp 300w, https:\/\/wave-lovers.com\/wp-content\/uploads\/2024\/04\/red-shark-bikes-bike-surf-fitness-product-100x100.webp 100w, https:\/\/wave-lovers.com\/wp-content\/uploads\/2024\/04\/red-shark-bikes-bike-surf-fitness-product-32x32.webp 32w, https:\/\/wave-lovers.com\/wp-content\/uploads\/2024\/04\/red-shark-bikes-bike-surf-fitness-product.webp 400w\" sizes=\"(max-width: 150px) 100vw, 150px\" \/><\/p>\n<p>La Bike Surf Fitness es la m\u00e1s personalizable en cuanto a caracter\u00edsticas de conducci\u00f3n. Gracias a las 4 h\u00e9lices diferentes, la bicicleta se puede personalizar r\u00e1pida y f\u00e1cilmente para adaptarla a tu propio estilo de conducci\u00f3n. Con las piezas complementarias deportivas, como el sill\u00edn y el manillar, la diversi\u00f3n est\u00e1 garantizada. 100% deporte, 82% potencia y 72% conducci\u00f3n hacen de la bicicleta Surf Fitness una potencia absoluta y ofrecen al ciclista ambicioso todo lo que necesita.<\/p>\n<h3>Alcance del suministro<\/h3>\n<p><img decoding=\"async\" class=\"wp-image-155812 size-thumbnail alignright\" src=\"https:\/\/wave-lovers.com\/wp-content\/uploads\/2024\/04\/red-shark-bikes-bike-surf-fitness-scope-of-delivery-150x150.webp\" alt=\"\" width=\"150\" height=\"150\" srcset=\"https:\/\/wave-lovers.com\/wp-content\/uploads\/2024\/04\/red-shark-bikes-bike-surf-fitness-scope-of-delivery-150x150.webp 150w, https:\/\/wave-lovers.com\/wp-content\/uploads\/2024\/04\/red-shark-bikes-bike-surf-fitness-scope-of-delivery-300x300.webp 300w, https:\/\/wave-lovers.com\/wp-content\/uploads\/2024\/04\/red-shark-bikes-bike-surf-fitness-scope-of-delivery-100x100.webp 100w, https:\/\/wave-lovers.com\/wp-content\/uploads\/2024\/04\/red-shark-bikes-bike-surf-fitness-scope-of-delivery-32x32.webp 32w, https:\/\/wave-lovers.com\/wp-content\/uploads\/2024\/04\/red-shark-bikes-bike-surf-fitness-scope-of-delivery.webp 400w\" sizes=\"(max-width: 150px) 100vw, 150px\" \/>La tabla hinchable est\u00e1 equipada con v\u00e1lvulas de inflado de primera calidad. El robusto armaz\u00f3n no se oxida y soporta incluso las condiciones m\u00e1s duras. El modelo de fitness cuenta con un manillar de aluminio con barras desplegables y pu\u00f1os deportivos. El sill\u00edn est\u00e1 dise\u00f1ado para un estilo de conducci\u00f3n orientado al rendimiento e incluye una funda protectora. Tambi\u00e9n incluye una bolsa seca y una bolsa el\u00e1stica en el cuadro para guardar equipaje adicional. Por lo dem\u00e1s, los accesorios son similares a los de los otros modelos, es decir, bomba de aire, aletas desmontables, kit de reparaci\u00f3n, multiherramienta y tim\u00f3n. Todo lo que necesitas.<\/p>\n<h2>Red Shark Bikes bike surf fitness - DETALLES<\/h2>\n<p>Peso (bastidor): 8 kg<br \/>\nDescripci\u00f3n del rendimiento: 150 vatios (H\u00e9lice B), 180 vatios (H\u00e9lice A), 200 vatios (H\u00e9lice C) y 250 vatios (H\u00e9lice D)<\/p>\n<h2>Red Shark Bikes bike surf fitness - DESTACADOS<\/h2>\n<p>- Concepto modular 6 en 1 con numerosas opciones de mejora disponibles<br \/>\n- caracter\u00edsticas de conducci\u00f3n deportivas con el equilibrio y las prestaciones justas<br \/>\n- ecol\u00f3gico gracias a un sistema de propulsi\u00f3n sin emisiones<br \/>\n- f\u00e1cil de transportar<\/p>\n","protected":false},"excerpt":{"rendered":"<p>La bike surf fitness proporciona al ciclista unas <strong>caracter\u00edsticas de conducci\u00f3n deportivas gracias a sus h\u00e9lices intercambiables<\/strong>. Tambi\u00e9n dispone de un elegante sill\u00edn, as\u00ed como de una barra de manillar con reposabrazos, que complementan a la perfecci\u00f3n el sofisticado conjunto.<\/p>\n","protected":false},"featured_media":155787,"comment_status":"open","ping_status":"closed","template":"","meta":{"_acf_changed":false,"_editorskit_title_hidden":false,"_editorskit_reading_time":0,"_editorskit_is_block_options_detached":false,"_editorskit_block_options_position":"{}","site-sidebar-layout":"default","site-content-layout":"default","ast-site-content-layout":"default","site-content-style":"default","site-sidebar-style":"default","ast-global-header-display":"","ast-banner-title-visibility":"","ast-main-header-display":"","ast-hfb-above-header-display":"","ast-hfb-below-header-display":"","ast-hfb-mobile-header-display":"","site-post-title":"disabled","ast-breadcrumbs-content":"","ast-featured-img":"","footer-sml-layout":"","ast-disable-related-posts":"","theme-transparent-header-meta":"default","adv-header-id-meta":"","stick-header-meta":"","header-above-stick-meta":"","header-main-stick-meta":"","header-below-stick-meta":"","astra-migrate-meta-layouts":"set","ast-page-background-enabled":"default","ast-page-background-meta":{"desktop":{"background-color":"","background-image":"","background-repeat":"repeat","background-position":"center center","background-size":"auto","background-attachment":"scroll","background-type":"","background-media":"","overlay-type":"","overlay-color":"","overlay-opacity":"","overlay-gradient":""},"tablet":{"background-color":"","background-image":"","background-repeat":"repeat","background-position":"center center","background-size":"auto","background-attachment":"scroll","background-type":"","background-media":"","overlay-type":"","overlay-color":"","overlay-opacity":"","overlay-gradient":""},"mobile":{"background-color":"","background-image":"","background-repeat":"repeat","background-position":"center center","background-size":"auto","background-attachment":"scroll","background-type":"","background-media":"","overlay-type":"","overlay-color":"","overlay-opacity":"","overlay-gradient":""}},"ast-content-background-meta":{"desktop":{"background-color":"var(--ast-global-color-5)","background-image":"","background-repeat":"repeat","background-position":"center center","background-size":"auto","background-attachment":"scroll","background-type":"","background-media":"","overlay-type":"","overlay-color":"","overlay-opacity":"","overlay-gradient":""},"tablet":{"background-color":"var(--ast-global-color-5)","background-image":"","background-repeat":"repeat","background-position":"center center","background-size":"auto","background-attachment":"scroll","background-type":"","background-media":"","overlay-type":"","overlay-color":"","overlay-opacity":"","overlay-gradient":""},"mobile":{"background-color":"var(--ast-global-color-5)","background-image":"","background-repeat":"repeat","background-position":"center center","background-size":"auto","background-attachment":"scroll","background-type":"","background-media":"","overlay-type":"","overlay-color":"","overlay-opacity":"","overlay-gradient":""}},"_jf_save_progress":""},"product_brand":[],"product_cat":[114,3899,128,60],"product_tag":[],"class_list":{"0":"post-155784","1":"product","2":"type-product","3":"status-publish","4":"has-post-thumbnail","6":"product_cat-comprar","7":"product_cat-hinchable","8":"product_cat-inflatable","9":"product_cat-buy","10":"product_shipping_class-l-es","11":"desktop-align-center","12":"tablet-align-center","13":"mobile-align-center","14":"ast-product-gallery-layout-horizontal","15":"ast-magnify-disabled","16":"ast-product-tabs-layout-horizontal","18":"first","19":"instock","20":"taxable","21":"shipping-taxable","22":"purchasable","23":"product-type-simple"},"acf":[],"brizy_media":[{"id":394,"url":"https:\/\/wave-lovers.com\/wp-content\/uploads\/2021\/01\/E-Foil-Surf-in-Fuerteventura.png","name":"E-Foil-Surf-in-Fuerteventura.png","meta":{"brizy_attachment_uid":"wp-94c9cce8d679a7c3867d56ce02984e39.png","brizy_post_uid":["036f3c858f7493a96f1ecf6bf97c3739","a9cb51fc18b3a0e5c20b367b123782f1","4d07bf27702d9e74ca4c3511c74110e4","57a9f74eb861a76ebdbcd0ca0523c138"]}}],"_links":{"self":[{"href":"https:\/\/wave-lovers.com\/es\/wp-json\/wp\/v2\/product\/155784","targetHints":{"allow":["GET"]}}],"collection":[{"href":"https:\/\/wave-lovers.com\/es\/wp-json\/wp\/v2\/product"}],"about":[{"href":"https:\/\/wave-lovers.com\/es\/wp-json\/wp\/v2\/types\/product"}],"replies":[{"embeddable":true,"href":"https:\/\/wave-lovers.com\/es\/wp-json\/wp\/v2\/comments?post=155784"}],"wp:featuredmedia":[{"embeddable":true,"href":"https:\/\/wave-lovers.com\/es\/wp-json\/wp\/v2\/media\/155787"}],"wp:attachment":[{"href":"https:\/\/wave-lovers.com\/es\/wp-json\/wp\/v2\/media?parent=155784"}],"wp:term":[{"taxonomy":"product_brand","embeddable":true,"href":"https:\/\/wave-lovers.com\/es\/wp-json\/wp\/v2\/product_brand?post=155784"},{"taxonomy":"product_cat","embeddable":true,"href":"https:\/\/wave-lovers.com\/es\/wp-json\/wp\/v2\/product_cat?post=155784"},{"taxonomy":"product_tag","embeddable":true,"href":"https:\/\/wave-lovers.com\/es\/wp-json\/wp\/v2\/product_tag?post=155784"}],"curies":[{"name":"wp","href":"https:\/\/api.w.org\/{rel}","templated":true}]}}