{"id":155716,"date":"2024-04-11T13:13:13","date_gmt":"2024-04-11T11:13:13","guid":{"rendered":"https:\/\/wave-lovers.com\/?post_type=product&#038;p=155716"},"modified":"2024-05-28T16:58:12","modified_gmt":"2024-05-28T14:58:12","slug":"red-shark-bikes-bike-surf-enjoy","status":"publish","type":"product","link":"https:\/\/wave-lovers.com\/es\/red-shark-bikes-bike-surf-enjoy\/","title":{"rendered":"Red Shark Bikes Bike Surf Enjoy"},"content":{"rendered":"<h2>Red Shark Bikes bike surf enjoy - INFORMACI\u00d3N<\/h2>\n<p><img fetchpriority=\"high\" decoding=\"async\" class=\"alignright wp-image-155779 size-full\" src=\"https:\/\/wave-lovers.com\/wp-content\/uploads\/2024\/04\/redsharkbikes-modular-6in1-concept.webp\" alt=\"\" width=\"493\" height=\"318\" srcset=\"https:\/\/wave-lovers.com\/wp-content\/uploads\/2024\/04\/redsharkbikes-modular-6in1-concept.webp 493w, https:\/\/wave-lovers.com\/wp-content\/uploads\/2024\/04\/redsharkbikes-modular-6in1-concept-300x194.webp 300w\" sizes=\"(max-width: 493px) 100vw, 493px\" \/><\/p>\n<p>Motivado por sus logros en la industria del autom\u00f3vil, el fundador de la empresa, Josep Rubau, hace su prometedor debut en la industria de los deportes acu\u00e1ticos. La empresa europea Red Shark Bikes, con sede en Espa\u00f1a, sabe lo que es importante. Altos est\u00e1ndares de calidad, innovaciones ambiciosas y principios de dise\u00f1o inteligentes caracterizan a la empresa y se reflejan en sus productos de primera clase. La riqueza de ideas, el enfoque en la practicidad y la mano de obra de alta calidad hablan por s\u00ed solos. No se lo pierda.<\/p>\n<p>Existen b\u00e1sicamente tres versiones de la Bike Surf: la c\u00f3moda Bike Surf Enjoy, la deportiva Bike Surf Fitness y el modelo explorador Bike Surf Adventure. <strong>La Bike Surf Enjoy destaca sobre todo por su c\u00f3moda posici\u00f3n de conducci\u00f3n, que se consigue principalmente gracias a un manillar m\u00e1s alto. Tambi\u00e9n dispone de un sill\u00edn de gel acolchado, mucho m\u00e1s c\u00f3modo que el modelo Fitness.<\/strong> Sin embargo, s\u00f3lo est\u00e1 disponible la h\u00e9lice COMFORT, que es agradable de conducir pero pierde en velocidad frente a las versiones de h\u00e9lice de la Bike Surf Fitness.<\/p>\n<p><strong>Todos los productos de Red Shark Bikes pueden expandirse f\u00e1cilmente para ofrecer la gama m\u00e1s amplia posible de aplicaciones. Incluso despu\u00e9s de la compra, puedes decidir cu\u00e1ndo quieres convertir el aparato en un kayak, usarlo como un e-scooter o simplemente convertirlo en un SUP. No hay l\u00edmites para la imaginaci\u00f3n.<\/strong><\/p>\n<hr \/>\n<h3>Caracter\u00edsticas<\/h3>\n<p><img decoding=\"async\" class=\"wp-image-155745 size-thumbnail alignright\" src=\"https:\/\/wave-lovers.com\/wp-content\/uploads\/2024\/04\/red-shark-bikes-bike-surf-enjoy-product-150x150.webp\" alt=\"\" width=\"150\" height=\"150\" srcset=\"https:\/\/wave-lovers.com\/wp-content\/uploads\/2024\/04\/red-shark-bikes-bike-surf-enjoy-product-150x150.webp 150w, https:\/\/wave-lovers.com\/wp-content\/uploads\/2024\/04\/red-shark-bikes-bike-surf-enjoy-product-300x300.webp 300w, https:\/\/wave-lovers.com\/wp-content\/uploads\/2024\/04\/red-shark-bikes-bike-surf-enjoy-product-100x100.webp 100w, https:\/\/wave-lovers.com\/wp-content\/uploads\/2024\/04\/red-shark-bikes-bike-surf-enjoy-product-32x32.webp 32w, https:\/\/wave-lovers.com\/wp-content\/uploads\/2024\/04\/red-shark-bikes-bike-surf-enjoy-product.webp 400w\" sizes=\"(max-width: 150px) 100vw, 150px\" \/>La bicicleta Surf Enjoy sugiere que el objetivo principal es una conducci\u00f3n c\u00f3moda. La propia empresa describe el desglose de caracter\u00edsticas como un 97% de comodidad, un 72% de ergonom\u00eda y un 85% de estabilidad. Esto se consigue principalmente a trav\u00e9s del manillar y el sill\u00edn, que difieren de las otras versiones. Adem\u00e1s, se suministra una h\u00e9lice m\u00e1s peque\u00f1a, que experimenta menos resistencia al agua y, por tanto, es m\u00e1s f\u00e1cil de conducir. El modelo est\u00e1 disponible en Coral Blanco y presume de un dise\u00f1o elegante.<\/p>\n<h3>Alcance del suministro<\/h3>\n<p><img decoding=\"async\" class=\"wp-image-155748 size-thumbnail alignright\" src=\"https:\/\/wave-lovers.com\/wp-content\/uploads\/2024\/04\/red-shark-bikes-bike-surf-enjoy-scope-of-delivery-150x150.webp\" alt=\"\" width=\"150\" height=\"150\" srcset=\"https:\/\/wave-lovers.com\/wp-content\/uploads\/2024\/04\/red-shark-bikes-bike-surf-enjoy-scope-of-delivery-150x150.webp 150w, https:\/\/wave-lovers.com\/wp-content\/uploads\/2024\/04\/red-shark-bikes-bike-surf-enjoy-scope-of-delivery-300x300.webp 300w, https:\/\/wave-lovers.com\/wp-content\/uploads\/2024\/04\/red-shark-bikes-bike-surf-enjoy-scope-of-delivery-100x100.webp 100w, https:\/\/wave-lovers.com\/wp-content\/uploads\/2024\/04\/red-shark-bikes-bike-surf-enjoy-scope-of-delivery-32x32.webp 32w, https:\/\/wave-lovers.com\/wp-content\/uploads\/2024\/04\/red-shark-bikes-bike-surf-enjoy-scope-of-delivery.webp 400w\" sizes=\"(max-width: 150px) 100vw, 150px\" \/>Adem\u00e1s de la tabla hinchable y el armaz\u00f3n resistente al agua salada, hay muchos extras diferentes. Entre ellos, la empu\u00f1adura de barra elevadora con empu\u00f1aduras ergon\u00f3micas, el tim\u00f3n multifuncional, las aletas desmontables, una multiherramienta para un montaje r\u00e1pido, un kit de reparaci\u00f3n, un c\u00f3modo sill\u00edn y una h\u00e9lice de marcha suave para una conducci\u00f3n relajada. Tambi\u00e9n recibir\u00e1s una bomba de aire y una botella de agua con portabotellas. Para que nada se interponga en tu pr\u00f3xima aventura.<\/p>\n<h2>Red Shark Bikes bike surf enjoy - DETALLES<\/h2>\n<p>Peso (bastidor): 8 kg<br \/>\nDescripci\u00f3n del rendimiento: 150 vatios (H\u00e9lice B)<\/p>\n<h2>Red Shark Bikes bike surf enjoy - DESTACADOS<\/h2>\n<p>- concepto modular 6 en 1 con numerosas opciones de mejora disponibles<br \/>\n- sensacionales caracter\u00edsticas de conducci\u00f3n centradas en el confort<br \/>\n- f\u00e1cil de transportar y de almacenar en poco espacio<br \/>\n- respetuoso con el medio ambiente gracias a un sistema de propulsi\u00f3n sin emisiones<\/p>\n","protected":false},"excerpt":{"rendered":"<p>La bike surf enjoy punt\u00faa por su <strong>comodidad de conducci\u00f3n<\/strong>, que se consigue principalmente gracias al manillar m\u00e1s alto y al sill\u00edn de gel acolchado. Los <strong>materiales de alta calidad y los est\u00e1ndares de producci\u00f3n europeos<\/strong> la convierten en una magn\u00edfica opci\u00f3n para cualquier aficionado a los deportes acu\u00e1ticos.<\/p>\n","protected":false},"featured_media":155752,"comment_status":"open","ping_status":"closed","template":"","meta":{"_acf_changed":false,"_editorskit_title_hidden":false,"_editorskit_reading_time":0,"_editorskit_is_block_options_detached":false,"_editorskit_block_options_position":"{}","site-sidebar-layout":"default","site-content-layout":"default","ast-site-content-layout":"default","site-content-style":"default","site-sidebar-style":"default","ast-global-header-display":"","ast-banner-title-visibility":"","ast-main-header-display":"","ast-hfb-above-header-display":"","ast-hfb-below-header-display":"","ast-hfb-mobile-header-display":"","site-post-title":"disabled","ast-breadcrumbs-content":"","ast-featured-img":"","footer-sml-layout":"","ast-disable-related-posts":"","theme-transparent-header-meta":"default","adv-header-id-meta":"","stick-header-meta":"","header-above-stick-meta":"","header-main-stick-meta":"","header-below-stick-meta":"","astra-migrate-meta-layouts":"set","ast-page-background-enabled":"default","ast-page-background-meta":{"desktop":{"background-color":"","background-image":"","background-repeat":"repeat","background-position":"center center","background-size":"auto","background-attachment":"scroll","background-type":"","background-media":"","overlay-type":"","overlay-color":"","overlay-opacity":"","overlay-gradient":""},"tablet":{"background-color":"","background-image":"","background-repeat":"repeat","background-position":"center center","background-size":"auto","background-attachment":"scroll","background-type":"","background-media":"","overlay-type":"","overlay-color":"","overlay-opacity":"","overlay-gradient":""},"mobile":{"background-color":"","background-image":"","background-repeat":"repeat","background-position":"center center","background-size":"auto","background-attachment":"scroll","background-type":"","background-media":"","overlay-type":"","overlay-color":"","overlay-opacity":"","overlay-gradient":""}},"ast-content-background-meta":{"desktop":{"background-color":"var(--ast-global-color-5)","background-image":"","background-repeat":"repeat","background-position":"center center","background-size":"auto","background-attachment":"scroll","background-type":"","background-media":"","overlay-type":"","overlay-color":"","overlay-opacity":"","overlay-gradient":""},"tablet":{"background-color":"var(--ast-global-color-5)","background-image":"","background-repeat":"repeat","background-position":"center center","background-size":"auto","background-attachment":"scroll","background-type":"","background-media":"","overlay-type":"","overlay-color":"","overlay-opacity":"","overlay-gradient":""},"mobile":{"background-color":"var(--ast-global-color-5)","background-image":"","background-repeat":"repeat","background-position":"center center","background-size":"auto","background-attachment":"scroll","background-type":"","background-media":"","overlay-type":"","overlay-color":"","overlay-opacity":"","overlay-gradient":""}},"_jf_save_progress":""},"product_brand":[],"product_cat":[114,3899,128,60],"product_tag":[],"class_list":{"0":"post-155716","1":"product","2":"type-product","3":"status-publish","4":"has-post-thumbnail","6":"product_cat-comprar","7":"product_cat-hinchable","8":"product_cat-inflatable","9":"product_cat-buy","10":"product_shipping_class-l-es","11":"desktop-align-center","12":"tablet-align-center","13":"mobile-align-center","14":"ast-product-gallery-layout-horizontal","15":"ast-magnify-disabled","16":"ast-product-tabs-layout-horizontal","18":"first","19":"instock","20":"taxable","21":"shipping-taxable","22":"purchasable","23":"product-type-simple"},"acf":[],"brizy_media":[{"id":394,"url":"https:\/\/wave-lovers.com\/wp-content\/uploads\/2021\/01\/E-Foil-Surf-in-Fuerteventura.png","name":"E-Foil-Surf-in-Fuerteventura.png","meta":{"brizy_attachment_uid":"wp-94c9cce8d679a7c3867d56ce02984e39.png","brizy_post_uid":["036f3c858f7493a96f1ecf6bf97c3739","a9cb51fc18b3a0e5c20b367b123782f1","4d07bf27702d9e74ca4c3511c74110e4","57a9f74eb861a76ebdbcd0ca0523c138"]}}],"_links":{"self":[{"href":"https:\/\/wave-lovers.com\/es\/wp-json\/wp\/v2\/product\/155716","targetHints":{"allow":["GET"]}}],"collection":[{"href":"https:\/\/wave-lovers.com\/es\/wp-json\/wp\/v2\/product"}],"about":[{"href":"https:\/\/wave-lovers.com\/es\/wp-json\/wp\/v2\/types\/product"}],"replies":[{"embeddable":true,"href":"https:\/\/wave-lovers.com\/es\/wp-json\/wp\/v2\/comments?post=155716"}],"wp:featuredmedia":[{"embeddable":true,"href":"https:\/\/wave-lovers.com\/es\/wp-json\/wp\/v2\/media\/155752"}],"wp:attachment":[{"href":"https:\/\/wave-lovers.com\/es\/wp-json\/wp\/v2\/media?parent=155716"}],"wp:term":[{"taxonomy":"product_brand","embeddable":true,"href":"https:\/\/wave-lovers.com\/es\/wp-json\/wp\/v2\/product_brand?post=155716"},{"taxonomy":"product_cat","embeddable":true,"href":"https:\/\/wave-lovers.com\/es\/wp-json\/wp\/v2\/product_cat?post=155716"},{"taxonomy":"product_tag","embeddable":true,"href":"https:\/\/wave-lovers.com\/es\/wp-json\/wp\/v2\/product_tag?post=155716"}],"curies":[{"name":"wp","href":"https:\/\/api.w.org\/{rel}","templated":true}]}}