{"id":154191,"date":"2024-03-26T12:42:54","date_gmt":"2024-03-26T11:42:54","guid":{"rendered":"https:\/\/wave-lovers.com\/?post_type=product&#038;p=154191"},"modified":"2025-03-11T19:16:00","modified_gmt":"2025-03-11T18:16:00","slug":"waydoo-flyer-evo-pro-pro-plus","status":"publish","type":"product","link":"https:\/\/wave-lovers.com\/es\/waydoo-flyer-evo-pro-pro-plus\/","title":{"rendered":"Waydoo Flyer EVO PRO \/ PRO Plus"},"content":{"rendered":"<h2>Waydoo Flyer EVO PRO \/ PRO Plus - INFORMACI\u00d3N<\/h2>\n<p>Las nuevas tablas de Waydoo llegan con muchas innovaciones interesantes, como el rendimiento revisado, ruedas plug &amp; play para facilitar el transporte y una incre\u00edble gama de opciones de personalizaci\u00f3n. La potencia excepcional, el dise\u00f1o futurista y el precio bajo habitual de Waydoo hacen de la nueva serie un verdadero sue\u00f1o para todos los expertos en eFoil. Hay 2 conjuntos preconfigurados disponibles:<\/p>\n<ul>\n<li>EVO PRO set \"Entry\": Motor Est\u00e1ndar<\/li>\n<li>EVO PRO set \"Performance\": Motor Performance<\/li>\n<\/ul>\n<p><strong>El duradero material del EVO PRO es una elecci\u00f3n rentable y aumenta la seguridad, ya que absorbe perfectamente los impactos. La versi\u00f3n PRO Plus ofrece funciones inteligentes adicionales mediante el uso de sensores internos para mejorar el control a trav\u00e9s del Waydoo Flight Management System.<\/strong><\/p>\n<hr \/>\n<h2>Propulsi\u00f3n - la evoluci\u00f3n se une a la diversidad<\/h2>\n<p><img decoding=\"async\" class=\"size-thumbnail wp-image-154215 alignright\" src=\"https:\/\/wave-lovers.com\/wp-content\/uploads\/2024\/03\/waydoo-flyer-evo-propulsion-150x150.webp\" alt=\"\" width=\"120\" height=\"120\" srcset=\"https:\/\/wave-lovers.com\/wp-content\/uploads\/2024\/03\/waydoo-flyer-evo-propulsion-150x150.webp 150w, https:\/\/wave-lovers.com\/wp-content\/uploads\/2024\/03\/waydoo-flyer-evo-propulsion-300x300.webp 300w, https:\/\/wave-lovers.com\/wp-content\/uploads\/2024\/03\/waydoo-flyer-evo-propulsion-100x100.webp 100w, https:\/\/wave-lovers.com\/wp-content\/uploads\/2024\/03\/waydoo-flyer-evo-propulsion-32x32.webp 32w, https:\/\/wave-lovers.com\/wp-content\/uploads\/2024\/03\/waydoo-flyer-evo-propulsion.webp 400w\" sizes=\"(max-width: 120px) 100vw, 120px\" \/>El Waydoo Flyer EVO tiene dos variantes de propulsi\u00f3n con una potencia de 6KW (Performance) y 4KW (Standard). La unidad Performance ofrece potencia suficiente para pilotos de hasta 170 kg y alcanza una velocidad de hasta 45 km\/h. La versi\u00f3n Elite alcanza las mismas prestaciones, pero ha sido fresada mediante CNC, lo que ha mejorado la calidad de la mano de obra y confiere al producto un aspecto a\u00fan m\u00e1s elegante. La peque\u00f1a versi\u00f3n Standard est\u00e1 dise\u00f1ada para una capacidad de hasta 130 kg.<\/p>\n<p>Todos sistemas se caracterizan por un dise\u00f1o modular \u00fanico en la industria que permite desmontarlos f\u00e1cilmente del m\u00e1stil, lo que aumenta la adaptabilidad, la movilidad y la seguridad, al tiempo que mantiene bajos costes de mantenimiento. La unidad motriz Flyer EVO combina rendimiento, versatilidad y facilidad de mantenimiento en un dise\u00f1o innovador.<\/p>\n<h2>Bater\u00eda - agilidad frente a resistencia<\/h2>\n<p><img decoding=\"async\" class=\"size-thumbnail wp-image-154200 alignright\" src=\"https:\/\/wave-lovers.com\/wp-content\/uploads\/2024\/03\/waydoo-flyer-evo-battery-150x150.webp\" alt=\"\" width=\"120\" height=\"120\" srcset=\"https:\/\/wave-lovers.com\/wp-content\/uploads\/2024\/03\/waydoo-flyer-evo-battery-150x150.webp 150w, https:\/\/wave-lovers.com\/wp-content\/uploads\/2024\/03\/waydoo-flyer-evo-battery-300x300.webp 300w, https:\/\/wave-lovers.com\/wp-content\/uploads\/2024\/03\/waydoo-flyer-evo-battery-100x100.webp 100w, https:\/\/wave-lovers.com\/wp-content\/uploads\/2024\/03\/waydoo-flyer-evo-battery-32x32.webp 32w, https:\/\/wave-lovers.com\/wp-content\/uploads\/2024\/03\/waydoo-flyer-evo-battery.webp 400w\" sizes=\"(max-width: 120px) 100vw, 120px\" \/>La bater\u00eda Powerflight del Waydoo Flyer EVO, est\u00e1 disponible con 36Ah y 45Ah de capacidad. Est\u00e1 alojada en una duradera aleaci\u00f3n de aluminio, por lo que puede soportar cargas pesadas. La opci\u00f3n de 36Ah se centra en la reducci\u00f3n de peso, lo que mejora la maniobrabilidad, mientras que la variante de 45Ah est\u00e1 dise\u00f1ada para aventuras m\u00e1s largas con un tiempo de conducci\u00f3n de hasta 135 minutos.<\/p>\n<p>Ambas bater\u00edas incorporan una pantalla LCD exclusiva para una indicaci\u00f3n intuitiva del estado y son impermeables seg\u00fan la norma IP68. La transmisi\u00f3n de se\u00f1al luminosa simplifica el proceso de conexi\u00f3n. Las alertas de detecci\u00f3n de fugas, la gesti\u00f3n t\u00e9rmica eficiente y el ajuste din\u00e1mico de la carga garantizan la seguridad, la durabilidad y una experiencia de usuario optimizada.<\/p>\n<h2>M\u00e1stil - 3 tama\u00f1os disponibles<\/h2>\n<p><img decoding=\"async\" class=\"size-thumbnail wp-image-154203 alignright\" src=\"https:\/\/wave-lovers.com\/wp-content\/uploads\/2024\/03\/waydoo-flyer-evo-mast-150x150.webp\" alt=\"\" width=\"120\" height=\"120\" srcset=\"https:\/\/wave-lovers.com\/wp-content\/uploads\/2024\/03\/waydoo-flyer-evo-mast-150x150.webp 150w, https:\/\/wave-lovers.com\/wp-content\/uploads\/2024\/03\/waydoo-flyer-evo-mast-300x300.webp 300w, https:\/\/wave-lovers.com\/wp-content\/uploads\/2024\/03\/waydoo-flyer-evo-mast-100x100.webp 100w, https:\/\/wave-lovers.com\/wp-content\/uploads\/2024\/03\/waydoo-flyer-evo-mast-32x32.webp 32w, https:\/\/wave-lovers.com\/wp-content\/uploads\/2024\/03\/waydoo-flyer-evo-mast.webp 400w\" sizes=\"(max-width: 120px) 100vw, 120px\" \/>El Waydoo Flyer EVO ofrece tres longitudes de m\u00e1stil: 69 cm y 89 cm de aleaci\u00f3n de aluminio y la versi\u00f3n de 79 cm de carbono robusto y ligero. Cuanto m\u00e1s corto es el m\u00e1stil, m\u00e1s control y estabilidad ofrece. Los modelos grandes son adecuados para expertos que quieren surfear en olas agitadas y desean la m\u00e1xima agilidad.<\/p>\n<p>Un innovador dise\u00f1o modular separa el m\u00e1stil de la unidad motriz, lo que mejora significativamente la portabilidad y la facilidad de mantenimiento. Una luz LED de color programable est\u00e1 integrada en la parte superior del m\u00e1stil, lo que proporciona un realce visual, especialmente cuando se navega de noche.<\/p>\n<p><strong>Atenci\u00f3n: Si quieres utilizar la unidad motriz con el adaptador de motor fueraborda Waydoo, te recomendamos que seleccione un m\u00e1stil m\u00e1s largo.<\/strong><\/p>\n<h2>Funciones ampliables - posibilidades ilimitadas<\/h2>\n<p><img loading=\"lazy\" decoding=\"async\" class=\"size-thumbnail wp-image-154218 alignright\" src=\"https:\/\/wave-lovers.com\/wp-content\/uploads\/2024\/03\/waydoo-flyer-evo-trolley-150x150.webp\" alt=\"\" width=\"120\" height=\"120\" srcset=\"https:\/\/wave-lovers.com\/wp-content\/uploads\/2024\/03\/waydoo-flyer-evo-trolley-150x150.webp 150w, https:\/\/wave-lovers.com\/wp-content\/uploads\/2024\/03\/waydoo-flyer-evo-trolley-300x300.webp 300w, https:\/\/wave-lovers.com\/wp-content\/uploads\/2024\/03\/waydoo-flyer-evo-trolley-100x100.webp 100w, https:\/\/wave-lovers.com\/wp-content\/uploads\/2024\/03\/waydoo-flyer-evo-trolley-32x32.webp 32w, https:\/\/wave-lovers.com\/wp-content\/uploads\/2024\/03\/waydoo-flyer-evo-trolley.webp 400w\" sizes=\"(max-width: 120px) 100vw, 120px\" \/>Ya sean ruedas de transporte acoplables, soportes de motor fueraborda para tu embarcaci\u00f3n neum\u00e1tica o incluso un inversor de 1500 W para todos tus dispositivos. Waydoo tiene muchas opciones interesantes para ofrecerte la mejor experiencia posible.<\/p>\n<p>Convierte tu eFoil en un sistema de propulsi\u00f3n y util\u00edzalo siempre que est\u00e9s cerca del mar. Desaf\u00eda cualquier situaci\u00f3n y divi\u00e9rtete incluso con mal tiempo. Con las opciones de mejora, no hay l\u00edmites.<\/p>\n<hr \/>\n<h2>Opciones de ala - elije tu equipamiento<\/h2>\n<p>Las alas disponibles son el criterio de selecci\u00f3n m\u00e1s importante en cuanto a las caracter\u00edsticas de manejo. Mientras que los modelos grandes y anchos proporcionan un mejor control y son adecuados para principiantes y aprendices, los modelos m\u00e1s peque\u00f1os son m\u00e1s maniobrables y exigentes.<\/p>\n<p>Si no sabes cual elegir, te recomendamos Voyager C1500. Como todoterreno, ofrece el m\u00e1ximo control con una buena maniobrabilidad.<\/p>\n<p><img loading=\"lazy\" decoding=\"async\" class=\"alignnone wp-image-154233 size-full\" src=\"https:\/\/wave-lovers.com\/wp-content\/uploads\/2024\/03\/voyager-c1500-front-wing.webp\" alt=\"\" width=\"300\" height=\"300\" srcset=\"https:\/\/wave-lovers.com\/wp-content\/uploads\/2024\/03\/voyager-c1500-front-wing.webp 400w, https:\/\/wave-lovers.com\/wp-content\/uploads\/2024\/03\/voyager-c1500-front-wing-300x300.webp 300w, https:\/\/wave-lovers.com\/wp-content\/uploads\/2024\/03\/voyager-c1500-front-wing-150x150.webp 150w, https:\/\/wave-lovers.com\/wp-content\/uploads\/2024\/03\/voyager-c1500-front-wing-100x100.webp 100w, https:\/\/wave-lovers.com\/wp-content\/uploads\/2024\/03\/voyager-c1500-front-wing-32x32.webp 32w\" sizes=\"(max-width: 300px) 100vw, 300px\" \/><img loading=\"lazy\" decoding=\"async\" class=\"alignnone wp-image-154227 size-full\" src=\"https:\/\/wave-lovers.com\/wp-content\/uploads\/2024\/03\/gliding-g1500-front-wing.webp\" alt=\"\" width=\"300\" height=\"300\" srcset=\"https:\/\/wave-lovers.com\/wp-content\/uploads\/2024\/03\/gliding-g1500-front-wing.webp 400w, https:\/\/wave-lovers.com\/wp-content\/uploads\/2024\/03\/gliding-g1500-front-wing-300x300.webp 300w, https:\/\/wave-lovers.com\/wp-content\/uploads\/2024\/03\/gliding-g1500-front-wing-150x150.webp 150w, https:\/\/wave-lovers.com\/wp-content\/uploads\/2024\/03\/gliding-g1500-front-wing-100x100.webp 100w, https:\/\/wave-lovers.com\/wp-content\/uploads\/2024\/03\/gliding-g1500-front-wing-32x32.webp 32w\" sizes=\"(max-width: 300px) 100vw, 300px\" \/><img loading=\"lazy\" decoding=\"async\" class=\"alignnone wp-image-154221 size-full\" src=\"https:\/\/wave-lovers.com\/wp-content\/uploads\/2024\/03\/gliding-c1500-front-wing.webp\" alt=\"\" width=\"300\" height=\"300\" srcset=\"https:\/\/wave-lovers.com\/wp-content\/uploads\/2024\/03\/gliding-c1500-front-wing.webp 400w, https:\/\/wave-lovers.com\/wp-content\/uploads\/2024\/03\/gliding-c1500-front-wing-300x300.webp 300w, https:\/\/wave-lovers.com\/wp-content\/uploads\/2024\/03\/gliding-c1500-front-wing-150x150.webp 150w, https:\/\/wave-lovers.com\/wp-content\/uploads\/2024\/03\/gliding-c1500-front-wing-100x100.webp 100w, https:\/\/wave-lovers.com\/wp-content\/uploads\/2024\/03\/gliding-c1500-front-wing-32x32.webp 32w\" sizes=\"(max-width: 300px) 100vw, 300px\" \/><img loading=\"lazy\" decoding=\"async\" class=\"alignnone wp-image-154230 size-full\" src=\"https:\/\/wave-lovers.com\/wp-content\/uploads\/2024\/03\/voyager-c1100-front-wing.webp\" alt=\"\" width=\"300\" height=\"300\" srcset=\"https:\/\/wave-lovers.com\/wp-content\/uploads\/2024\/03\/voyager-c1100-front-wing.webp 400w, https:\/\/wave-lovers.com\/wp-content\/uploads\/2024\/03\/voyager-c1100-front-wing-300x300.webp 300w, https:\/\/wave-lovers.com\/wp-content\/uploads\/2024\/03\/voyager-c1100-front-wing-150x150.webp 150w, https:\/\/wave-lovers.com\/wp-content\/uploads\/2024\/03\/voyager-c1100-front-wing-100x100.webp 100w, https:\/\/wave-lovers.com\/wp-content\/uploads\/2024\/03\/voyager-c1100-front-wing-32x32.webp 32w\" sizes=\"(max-width: 300px) 100vw, 300px\" \/><\/p>\n<h2>Waydoo Flyer EVO PRO \/ PRO Plus - DETALLES<\/h2>\n<table>\n<tbody>\n<tr>\n<td>Modelo<\/td>\n<td><strong>EVO PRO \/ PRO Plus*<\/strong><\/td>\n<td>EVO MAX \/ MAX Plus*<\/td>\n<td>EVO Master Plus*<\/td>\n<\/tr>\n<tr>\n<td>Volumen<\/td>\n<td>90 l<\/td>\n<td>130 l<\/td>\n<td>75 l<\/td>\n<\/tr>\n<tr>\n<td>Material<\/td>\n<td>EPP<\/td>\n<td>EPP<\/td>\n<td>Carbon<\/td>\n<\/tr>\n<tr>\n<td>Color<\/td>\n<td>Cerulean Blue<\/td>\n<td>Surging Grey<\/td>\n<td>Dawn \/ Onyx Black<\/td>\n<\/tr>\n<tr>\n<td>Talla<\/td>\n<td>154 x 67 x 15cm<\/td>\n<td>177 x 75 x 16cm<\/td>\n<td>144 x 62 x 15cm<\/td>\n<\/tr>\n<tr>\n<td>Sensores<\/td>\n<td>X \/ <strong>\u2713<\/strong><\/td>\n<td><strong>\u2713<\/strong><\/td>\n<td><strong>\u2713<\/strong><\/td>\n<\/tr>\n<tr>\n<td>GPS<\/td>\n<td>X \/ <strong>\u2713<\/strong><\/td>\n<td><strong>\u2713<\/strong><\/td>\n<td><strong>\u2713<\/strong><\/td>\n<\/tr>\n<\/tbody>\n<\/table>\n<p>*Los modelos Plus (EVO Master Plus, EVO PRO Plus y EVO MAX Plus) disponen de sensores adicionales que proporcionan asistencia de equilibrio\/arranque, geocercas y protecci\u00f3n contra derrapes.<\/p>\n","protected":false},"excerpt":{"rendered":"<p>Ya est\u00e1n aqu\u00ed las nuevas tablas de Waydoo: EVO PRO es una opci\u00f3n rentable que aumenta la seguridad, ya que absorbe perfectamente los impactos. La versi\u00f3n PRO Plus ofrece funciones inteligentes adicionales mediante el uso de sensores internos para mejorar el control. \u00a1Incre\u00edble!<\/p>\n","protected":false},"featured_media":170483,"comment_status":"open","ping_status":"closed","template":"","meta":{"_acf_changed":false,"_editorskit_title_hidden":false,"_editorskit_reading_time":0,"_editorskit_is_block_options_detached":false,"_editorskit_block_options_position":"{}","site-sidebar-layout":"default","site-content-layout":"default","ast-site-content-layout":"default","site-content-style":"default","site-sidebar-style":"default","ast-global-header-display":"","ast-banner-title-visibility":"","ast-main-header-display":"","ast-hfb-above-header-display":"","ast-hfb-below-header-display":"","ast-hfb-mobile-header-display":"","site-post-title":"disabled","ast-breadcrumbs-content":"","ast-featured-img":"","footer-sml-layout":"","ast-disable-related-posts":"","theme-transparent-header-meta":"default","adv-header-id-meta":"","stick-header-meta":"","header-above-stick-meta":"","header-main-stick-meta":"","header-below-stick-meta":"","astra-migrate-meta-layouts":"set","ast-page-background-enabled":"default","ast-page-background-meta":{"desktop":{"background-color":"","background-image":"","background-repeat":"repeat","background-position":"center center","background-size":"auto","background-attachment":"scroll","background-type":"","background-media":"","overlay-type":"","overlay-color":"","overlay-opacity":"","overlay-gradient":""},"tablet":{"background-color":"","background-image":"","background-repeat":"repeat","background-position":"center center","background-size":"auto","background-attachment":"scroll","background-type":"","background-media":"","overlay-type":"","overlay-color":"","overlay-opacity":"","overlay-gradient":""},"mobile":{"background-color":"","background-image":"","background-repeat":"repeat","background-position":"center center","background-size":"auto","background-attachment":"scroll","background-type":"","background-media":"","overlay-type":"","overlay-color":"","overlay-opacity":"","overlay-gradient":""}},"ast-content-background-meta":{"desktop":{"background-color":"var(--ast-global-color-5)","background-image":"","background-repeat":"repeat","background-position":"center center","background-size":"auto","background-attachment":"scroll","background-type":"","background-media":"","overlay-type":"","overlay-color":"","overlay-opacity":"","overlay-gradient":""},"tablet":{"background-color":"var(--ast-global-color-5)","background-image":"","background-repeat":"repeat","background-position":"center center","background-size":"auto","background-attachment":"scroll","background-type":"","background-media":"","overlay-type":"","overlay-color":"","overlay-opacity":"","overlay-gradient":""},"mobile":{"background-color":"var(--ast-global-color-5)","background-image":"","background-repeat":"repeat","background-position":"center center","background-size":"auto","background-attachment":"scroll","background-type":"","background-media":"","overlay-type":"","overlay-color":"","overlay-opacity":"","overlay-gradient":""}},"_jf_save_progress":""},"product_brand":[],"product_cat":[114,60,18,110,115,40],"product_tag":[],"class_list":{"0":"post-154191","1":"product","2":"type-product","3":"status-publish","4":"has-post-thumbnail","6":"product_cat-comprar","7":"product_cat-buy","8":"product_cat-electric-hydrofoil-surfboard","9":"product_cat-tablas-de-surf-electricas-efoil","10":"product_cat-try-and-buy-es","11":"product_cat-try-and-buy","12":"product_shipping_class-lg-es","13":"desktop-align-center","14":"tablet-align-center","15":"mobile-align-center","16":"ast-product-gallery-layout-horizontal","17":"ast-magnify-disabled","18":"ast-product-single-variable","19":"ast-product-tabs-layout-horizontal","21":"first","22":"instock","23":"taxable","24":"shipping-taxable","25":"purchasable","26":"product-type-variable"},"acf":[],"brizy_media":[{"id":394,"url":"https:\/\/wave-lovers.com\/wp-content\/uploads\/2021\/01\/E-Foil-Surf-in-Fuerteventura.png","name":"E-Foil-Surf-in-Fuerteventura.png","meta":{"brizy_attachment_uid":"wp-94c9cce8d679a7c3867d56ce02984e39.png","brizy_post_uid":["036f3c858f7493a96f1ecf6bf97c3739","a9cb51fc18b3a0e5c20b367b123782f1","4d07bf27702d9e74ca4c3511c74110e4","57a9f74eb861a76ebdbcd0ca0523c138"]}}],"_links":{"self":[{"href":"https:\/\/wave-lovers.com\/es\/wp-json\/wp\/v2\/product\/154191","targetHints":{"allow":["GET"]}}],"collection":[{"href":"https:\/\/wave-lovers.com\/es\/wp-json\/wp\/v2\/product"}],"about":[{"href":"https:\/\/wave-lovers.com\/es\/wp-json\/wp\/v2\/types\/product"}],"replies":[{"embeddable":true,"href":"https:\/\/wave-lovers.com\/es\/wp-json\/wp\/v2\/comments?post=154191"}],"wp:featuredmedia":[{"embeddable":true,"href":"https:\/\/wave-lovers.com\/es\/wp-json\/wp\/v2\/media\/170483"}],"wp:attachment":[{"href":"https:\/\/wave-lovers.com\/es\/wp-json\/wp\/v2\/media?parent=154191"}],"wp:term":[{"taxonomy":"product_brand","embeddable":true,"href":"https:\/\/wave-lovers.com\/es\/wp-json\/wp\/v2\/product_brand?post=154191"},{"taxonomy":"product_cat","embeddable":true,"href":"https:\/\/wave-lovers.com\/es\/wp-json\/wp\/v2\/product_cat?post=154191"},{"taxonomy":"product_tag","embeddable":true,"href":"https:\/\/wave-lovers.com\/es\/wp-json\/wp\/v2\/product_tag?post=154191"}],"curies":[{"name":"wp","href":"https:\/\/api.w.org\/{rel}","templated":true}]}}