{"id":148603,"date":"2024-03-01T16:33:17","date_gmt":"2024-03-01T15:33:17","guid":{"rendered":"https:\/\/wave-lovers.com\/?post_type=product&#038;p=148603"},"modified":"2024-12-04T23:00:05","modified_gmt":"2024-12-04T22:00:05","slug":"scooter-submarino-seanxt-elite","status":"publish","type":"product","link":"https:\/\/wave-lovers.com\/es\/scooter-submarino-seanxt-elite\/","title":{"rendered":"Scooter Submarino SeaNXT Elite"},"content":{"rendered":"<h2>Scooter Submarino SeaNXT Elite - INFORMACI\u00d3N<\/h2>\n<p><img decoding=\"async\" class=\"size-thumbnail wp-image-148605 alignright\" src=\"https:\/\/wave-lovers.com\/wp-content\/uploads\/2024\/03\/seanxt-elite-underwater-scooter-product-150x150.webp\" alt=\"\" width=\"150\" height=\"150\" srcset=\"https:\/\/wave-lovers.com\/wp-content\/uploads\/2024\/03\/seanxt-elite-underwater-scooter-product-150x150.webp 150w, https:\/\/wave-lovers.com\/wp-content\/uploads\/2024\/03\/seanxt-elite-underwater-scooter-product-300x300.webp 300w, https:\/\/wave-lovers.com\/wp-content\/uploads\/2024\/03\/seanxt-elite-underwater-scooter-product-100x100.webp 100w, https:\/\/wave-lovers.com\/wp-content\/uploads\/2024\/03\/seanxt-elite-underwater-scooter-product-32x32.webp 32w, https:\/\/wave-lovers.com\/wp-content\/uploads\/2024\/03\/seanxt-elite-underwater-scooter-product.webp 600w\" sizes=\"(max-width: 150px) 100vw, 150px\" \/>El SeaNXT Elite combina lujo y rendimiento hasta en el m\u00e1s m\u00ednimo detalle y es el \u00fanico scooter subacu\u00e1tico del mercado fabricado \u00edntegramente en carbono.<\/p>\n<p>Incorpora una tecnolog\u00eda de conexi\u00f3n \u00fanica que permite integrar los mandos de control en la parte superior del cuerpo.<br \/>\nLa fibra de carbono de m\u00f3dulo T-3000 ofrece no s\u00f3lo un acabado \u00fanico de alta gama, sino tambi\u00e9n un peso extremadamente bajo de 22 kg, una gran rigidez para evitar da\u00f1os mec\u00e1nicos y un aut\u00e9ntico estilo franc\u00e9s que se echaba en falta en este mercado desde hace mucho tiempo.<\/p>\n<p>El carbono est\u00e1 disponible en 4 colores diferentes para un acabado distintivo y \u00fanico.<\/p>\n<h3>DISE\u00d1O E HIDRODIN\u00c1MICA<\/h3>\n<p><img decoding=\"async\" class=\"size-thumbnail wp-image-148614 alignright\" src=\"https:\/\/wave-lovers.com\/wp-content\/uploads\/2024\/03\/seanxt-elite-underwater-scooter-design-150x150.webp\" alt=\"\" width=\"100\" height=\"100\" srcset=\"https:\/\/wave-lovers.com\/wp-content\/uploads\/2024\/03\/seanxt-elite-underwater-scooter-design-150x150.webp 150w, https:\/\/wave-lovers.com\/wp-content\/uploads\/2024\/03\/seanxt-elite-underwater-scooter-design-300x300.webp 300w, https:\/\/wave-lovers.com\/wp-content\/uploads\/2024\/03\/seanxt-elite-underwater-scooter-design-100x100.webp 100w, https:\/\/wave-lovers.com\/wp-content\/uploads\/2024\/03\/seanxt-elite-underwater-scooter-design-32x32.webp 32w, https:\/\/wave-lovers.com\/wp-content\/uploads\/2024\/03\/seanxt-elite-underwater-scooter-design.webp 600w\" sizes=\"(max-width: 100px) 100vw, 100px\" \/>Tras examinar todos los productos del mercado, el equipo de ingenieros de Sea NXT\u00ae detect\u00f3 un fallo importante: la conversi\u00f3n de potencia en velocidad lineal era baja porque la nariz apuntaba hacia arriba durante el uso. Esto resultaba inc\u00f3modo para el usuario y supon\u00eda una importante p\u00e9rdida de rendimiento. Con esta informaci\u00f3n en mente, el equipo de desarrollo cre\u00f3 un nuevo dise\u00f1o excepcional, que no tiene rival en t\u00e9rminos de hidrodin\u00e1mica, aspecto general y rendimiento. \u00a1Sencillamente genial!<\/p>\n<h3>NAVEGACI\u00d3N GPS EN DIRECTO<\/h3>\n<p><img decoding=\"async\" class=\"size-thumbnail wp-image-148611 alignright\" src=\"https:\/\/wave-lovers.com\/wp-content\/uploads\/2024\/03\/seanxt-elite-underwater-scooter-navigation-150x150.webp\" alt=\"\" width=\"100\" height=\"100\" srcset=\"https:\/\/wave-lovers.com\/wp-content\/uploads\/2024\/03\/seanxt-elite-underwater-scooter-navigation-150x150.webp 150w, https:\/\/wave-lovers.com\/wp-content\/uploads\/2024\/03\/seanxt-elite-underwater-scooter-navigation-300x300.webp 300w, https:\/\/wave-lovers.com\/wp-content\/uploads\/2024\/03\/seanxt-elite-underwater-scooter-navigation-100x100.webp 100w, https:\/\/wave-lovers.com\/wp-content\/uploads\/2024\/03\/seanxt-elite-underwater-scooter-navigation-32x32.webp 32w, https:\/\/wave-lovers.com\/wp-content\/uploads\/2024\/03\/seanxt-elite-underwater-scooter-navigation.webp 600w\" sizes=\"(max-width: 100px) 100vw, 100px\" \/>El equipo SeaNXT ha presentado el primer sistema de navegaci\u00f3n con mapas offline visible en la pantalla de inicio de la interfaz de usuario.<\/p>\n<p>Cuando utilices tu scooter Elite, siempre ver\u00e1s tu posici\u00f3n en el mapa, as\u00ed como la posici\u00f3n de partida en la que se acaba de encender la unidad, para que nunca puedas perderte.<\/p>\n<h3>CARGADOR AJUSTABLE<\/h3>\n<p><img loading=\"lazy\" decoding=\"async\" class=\"size-thumbnail wp-image-148608 alignright\" src=\"https:\/\/wave-lovers.com\/wp-content\/uploads\/2024\/03\/seanxt-elite-underwater-scooter-charger-150x150.webp\" alt=\"\" width=\"100\" height=\"100\" srcset=\"https:\/\/wave-lovers.com\/wp-content\/uploads\/2024\/03\/seanxt-elite-underwater-scooter-charger-150x150.webp 150w, https:\/\/wave-lovers.com\/wp-content\/uploads\/2024\/03\/seanxt-elite-underwater-scooter-charger-300x300.webp 300w, https:\/\/wave-lovers.com\/wp-content\/uploads\/2024\/03\/seanxt-elite-underwater-scooter-charger-100x100.webp 100w, https:\/\/wave-lovers.com\/wp-content\/uploads\/2024\/03\/seanxt-elite-underwater-scooter-charger-32x32.webp 32w, https:\/\/wave-lovers.com\/wp-content\/uploads\/2024\/03\/seanxt-elite-underwater-scooter-charger.webp 600w\" sizes=\"(max-width: 100px) 100vw, 100px\" \/>El cargador SeaNxt ofrece una salida ajustable entre 1 A y 15 A. Olv\u00eddese de los cargadores r\u00e1pidos opcionales como accesorios adicionales. Solo tiene que ajustar la palanca basculante y ver\u00e1 la corriente de salida modificada en la pantalla.<\/p>\n<h2>Scooter Submarino SeaNXT Elite - DETALLES<\/h2>\n<p>Material: Carbono<br \/>\nMotor: Doble motor 2.2kw x2<br \/>\nTipo de bater\u00eda: Litio (24Ah)<br \/>\nPeso de la bater\u00eda: 8kg<br \/>\nEmpuje m\u00e1x. Empuje: 670N<br \/>\nVelocidad m\u00e1xima: 21 km\/h (en modo Tibur\u00f3n)<br \/>\nProfundidad de inmersi\u00f3n: 40 m (ajustable gradualmente)<br \/>\nFlotabilidad: +3kg<br \/>\nPantalla: LCD HD 5,5\" 13cm<br \/>\nModos: 4 (Shark, Sport, Cruise, Eco)<br \/>\nAutonom\u00eda m\u00ednima: 37 min (20min en modo Shark + 17min en modo Eco )<br \/>\nAutonom\u00eda m\u00e1xima: 120 min (en modo ECO)<br \/>\nTiempo de carga: 96min<br \/>\nLuces: Firma LED completa<br \/>\nCargador: Cargador variable (carga lenta, est\u00e1ndar y r\u00e1pida)<br \/>\nTama\u00f1o del producto: 98x50x28 cm<br \/>\nPeso: 23kg<br \/>\nPeso total: 38 kg<\/p>\n<h2>Scooter Submarino SeaNXT Elite - DESTACADOS<\/h2>\n<p>- carcasa de fibra de carbono, que le confiere rigidez, resistencia y elegancia, al tiempo que reduce su peso a 22 kg, el mejor del sector<br \/>\n- propulsi\u00f3n de doble motor para una hidrodin\u00e1mica \u00f3ptima y una velocidad m\u00e1xima de m\u00e1s de 21 km\/h<br \/>\n- Bater\u00eda de 24 Ah para m\u00e1s de 2 horas de funcionamiento continuo (en modo ECO)<br \/>\n- navegaci\u00f3n GPS con visualizaci\u00f3n de mapas en directo en la pantalla<br \/>\n- cargador ajustable de lento a r\u00e1pido para proteger la bater\u00eda<br \/>\n- embalaje ign\u00edfugo para la seguridad de la bater\u00eda de litio<\/p>\n","protected":false},"excerpt":{"rendered":"<p>El primer scooter subacu\u00e1tico totalmente de carbono del mundo presume de un aspecto excepcional de alta gama, un rendimiento extraordinario y un peso de tan s\u00f3lo 22 kg.<\/p>\n","protected":false},"featured_media":148633,"comment_status":"open","ping_status":"closed","template":"","meta":{"_acf_changed":false,"_editorskit_title_hidden":false,"_editorskit_reading_time":0,"_editorskit_is_block_options_detached":false,"_editorskit_block_options_position":"{}","site-sidebar-layout":"default","site-content-layout":"default","ast-site-content-layout":"default","site-content-style":"default","site-sidebar-style":"default","ast-global-header-display":"","ast-banner-title-visibility":"","ast-main-header-display":"","ast-hfb-above-header-display":"","ast-hfb-below-header-display":"","ast-hfb-mobile-header-display":"","site-post-title":"","ast-breadcrumbs-content":"","ast-featured-img":"","footer-sml-layout":"","ast-disable-related-posts":"","theme-transparent-header-meta":"default","adv-header-id-meta":"","stick-header-meta":"","header-above-stick-meta":"","header-main-stick-meta":"","header-below-stick-meta":"","astra-migrate-meta-layouts":"set","ast-page-background-enabled":"default","ast-page-background-meta":{"desktop":{"background-color":"","background-image":"","background-repeat":"repeat","background-position":"center center","background-size":"auto","background-attachment":"scroll","background-type":"","background-media":"","overlay-type":"","overlay-color":"","overlay-opacity":"","overlay-gradient":""},"tablet":{"background-color":"","background-image":"","background-repeat":"repeat","background-position":"center center","background-size":"auto","background-attachment":"scroll","background-type":"","background-media":"","overlay-type":"","overlay-color":"","overlay-opacity":"","overlay-gradient":""},"mobile":{"background-color":"","background-image":"","background-repeat":"repeat","background-position":"center center","background-size":"auto","background-attachment":"scroll","background-type":"","background-media":"","overlay-type":"","overlay-color":"","overlay-opacity":"","overlay-gradient":""}},"ast-content-background-meta":{"desktop":{"background-color":"var(--ast-global-color-5)","background-image":"","background-repeat":"repeat","background-position":"center center","background-size":"auto","background-attachment":"scroll","background-type":"","background-media":"","overlay-type":"","overlay-color":"","overlay-opacity":"","overlay-gradient":""},"tablet":{"background-color":"var(--ast-global-color-5)","background-image":"","background-repeat":"repeat","background-position":"center center","background-size":"auto","background-attachment":"scroll","background-type":"","background-media":"","overlay-type":"","overlay-color":"","overlay-opacity":"","overlay-gradient":""},"mobile":{"background-color":"var(--ast-global-color-5)","background-image":"","background-repeat":"repeat","background-position":"center center","background-size":"auto","background-attachment":"scroll","background-type":"","background-media":"","overlay-type":"","overlay-color":"","overlay-opacity":"","overlay-gradient":""}},"_jf_save_progress":""},"product_brand":[],"product_cat":[114,4631],"product_tag":[],"class_list":{"0":"post-148603","1":"product","2":"type-product","3":"status-publish","4":"has-post-thumbnail","6":"product_cat-comprar","7":"product_cat-scooter-buceo-submarino","8":"product_shipping_class-lg-es","9":"desktop-align-center","10":"tablet-align-center","11":"mobile-align-center","12":"ast-product-gallery-layout-horizontal","13":"ast-magnify-disabled","14":"ast-product-single-variable","15":"ast-product-tabs-layout-horizontal","17":"first","18":"instock","19":"taxable","20":"shipping-taxable","21":"purchasable","22":"product-type-variable"},"acf":[],"brizy_media":[],"_links":{"self":[{"href":"https:\/\/wave-lovers.com\/es\/wp-json\/wp\/v2\/product\/148603","targetHints":{"allow":["GET"]}}],"collection":[{"href":"https:\/\/wave-lovers.com\/es\/wp-json\/wp\/v2\/product"}],"about":[{"href":"https:\/\/wave-lovers.com\/es\/wp-json\/wp\/v2\/types\/product"}],"replies":[{"embeddable":true,"href":"https:\/\/wave-lovers.com\/es\/wp-json\/wp\/v2\/comments?post=148603"}],"wp:featuredmedia":[{"embeddable":true,"href":"https:\/\/wave-lovers.com\/es\/wp-json\/wp\/v2\/media\/148633"}],"wp:attachment":[{"href":"https:\/\/wave-lovers.com\/es\/wp-json\/wp\/v2\/media?parent=148603"}],"wp:term":[{"taxonomy":"product_brand","embeddable":true,"href":"https:\/\/wave-lovers.com\/es\/wp-json\/wp\/v2\/product_brand?post=148603"},{"taxonomy":"product_cat","embeddable":true,"href":"https:\/\/wave-lovers.com\/es\/wp-json\/wp\/v2\/product_cat?post=148603"},{"taxonomy":"product_tag","embeddable":true,"href":"https:\/\/wave-lovers.com\/es\/wp-json\/wp\/v2\/product_tag?post=148603"}],"curies":[{"name":"wp","href":"https:\/\/api.w.org\/{rel}","templated":true}]}}