{"id":148209,"date":"2021-02-22T16:36:51","date_gmt":"2021-02-22T15:36:51","guid":{"rendered":"https:\/\/wave-lovers.com\/waydoo-outboard-motor-adapter\/"},"modified":"2024-09-12T11:05:10","modified_gmt":"2024-09-12T09:05:10","slug":"waydoo-adaptador-para-motor-fueraborda","status":"publish","type":"product","link":"https:\/\/wave-lovers.com\/es\/waydoo-adaptador-para-motor-fueraborda\/","title":{"rendered":"Waydoo Flyer One Adaptador Para Motor Fueraborda"},"content":{"rendered":"<h2>Waydoo Flyer One Adaptador Para Motor Fueraborda - INFORMACI\u00d3N<\/h2>\n<p><img decoding=\"async\" class=\"alignright wp-image-95208 size-full\" src=\"https:\/\/wave-lovers.com\/wp-content\/uploads\/2023\/06\/outboat-motor-accesory-waydoo.png\" alt=\"\" width=\"183\" height=\"108\" \/>Con el convertidor de motor fueraborda, Waydoo ofrece una soluci\u00f3n innovadora que ning\u00fan otro fabricante tiene actualmente en su cartera. En un abrir y cerrar de ojos, el sistema de propulsi\u00f3n del eFoil Waydoo Flyer ONE plus puede utilizarse como propulsi\u00f3n el\u00e9ctrica de popa para una embarcaci\u00f3n peque\u00f1a. El soporte es adecuado tanto para la antigua serie Flyer One como para la actual serie Flyer One Plus. Ten en cuenta que el m\u00e1stil m\u00e1s largo (85 cm) s\u00f3lo es adecuado para la mayor\u00eda de las embarcaciones neum\u00e1ticas.<\/p>\n<h2>Waydoo Flyer One Adaptador Para Motor Fueraborda - DETALLES<\/h2>\n<p><strong>PESO:<\/strong> 5KG (11LBS)<\/p>\n","protected":false},"excerpt":{"rendered":"<p>Con el convertidor de motor fueraborda, Waydoo ofrece una soluci\u00f3n innovadora que puede utilizarse como propulsi\u00f3n el\u00e9ctrica de popa para una embarcaci\u00f3n peque\u00f1a. En la mayor\u00eda de las embarcaciones neum\u00e1ticas solo cabe el m\u00e1stil m\u00e1s largo (85 cm).<\/p>\n","protected":false},"featured_media":129490,"comment_status":"open","ping_status":"closed","template":"","meta":{"_acf_changed":false,"_editorskit_title_hidden":false,"_editorskit_reading_time":0,"_editorskit_is_block_options_detached":false,"_editorskit_block_options_position":"{}","site-sidebar-layout":"default","site-content-layout":"default","ast-site-content-layout":"default","site-content-style":"default","site-sidebar-style":"default","ast-global-header-display":"","ast-banner-title-visibility":"","ast-main-header-display":"","ast-hfb-above-header-display":"","ast-hfb-below-header-display":"","ast-hfb-mobile-header-display":"","site-post-title":"disabled","ast-breadcrumbs-content":"","ast-featured-img":"","footer-sml-layout":"","ast-disable-related-posts":"","theme-transparent-header-meta":"default","adv-header-id-meta":"","stick-header-meta":"","header-above-stick-meta":"","header-main-stick-meta":"","header-below-stick-meta":"","astra-migrate-meta-layouts":"set","ast-page-background-enabled":"default","ast-page-background-meta":{"desktop":{"background-color":"","background-image":"","background-repeat":"repeat","background-position":"center center","background-size":"auto","background-attachment":"scroll","background-type":"","background-media":"","overlay-type":"","overlay-color":"","overlay-opacity":"","overlay-gradient":""},"tablet":{"background-color":"","background-image":"","background-repeat":"repeat","background-position":"center center","background-size":"auto","background-attachment":"scroll","background-type":"","background-media":"","overlay-type":"","overlay-color":"","overlay-opacity":"","overlay-gradient":""},"mobile":{"background-color":"","background-image":"","background-repeat":"repeat","background-position":"center center","background-size":"auto","background-attachment":"scroll","background-type":"","background-media":"","overlay-type":"","overlay-color":"","overlay-opacity":"","overlay-gradient":""}},"ast-content-background-meta":{"desktop":{"background-color":"var(--ast-global-color-5)","background-image":"","background-repeat":"repeat","background-position":"center center","background-size":"auto","background-attachment":"scroll","background-type":"","background-media":"","overlay-type":"","overlay-color":"","overlay-opacity":"","overlay-gradient":""},"tablet":{"background-color":"var(--ast-global-color-5)","background-image":"","background-repeat":"repeat","background-position":"center center","background-size":"auto","background-attachment":"scroll","background-type":"","background-media":"","overlay-type":"","overlay-color":"","overlay-opacity":"","overlay-gradient":""},"mobile":{"background-color":"var(--ast-global-color-5)","background-image":"","background-repeat":"repeat","background-position":"center center","background-size":"auto","background-attachment":"scroll","background-type":"","background-media":"","overlay-type":"","overlay-color":"","overlay-opacity":"","overlay-gradient":""}},"_jf_save_progress":""},"product_brand":[],"product_cat":[4113,558,60,114,536,4098,4099,24],"product_tag":[],"class_list":{"0":"post-148209","1":"product","2":"type-product","3":"status-publish","4":"has-post-thumbnail","6":"product_cat-accesorios","7":"product_cat-accessoires","8":"product_cat-buy","9":"product_cat-comprar","10":"product_cat-e-foil-spare-parts","11":"product_cat-recambios-e-foil","12":"product_cat-recambios","13":"product_cat-spare-parts","14":"product_shipping_class-m-es","15":"desktop-align-center","16":"tablet-align-center","17":"mobile-align-center","18":"ast-product-gallery-layout-horizontal","19":"ast-magnify-disabled","20":"ast-product-tabs-layout-horizontal","22":"first","23":"instock","24":"taxable","25":"shipping-taxable","26":"purchasable","27":"product-type-simple"},"acf":[],"brizy_media":[],"_links":{"self":[{"href":"https:\/\/wave-lovers.com\/es\/wp-json\/wp\/v2\/product\/148209","targetHints":{"allow":["GET"]}}],"collection":[{"href":"https:\/\/wave-lovers.com\/es\/wp-json\/wp\/v2\/product"}],"about":[{"href":"https:\/\/wave-lovers.com\/es\/wp-json\/wp\/v2\/types\/product"}],"replies":[{"embeddable":true,"href":"https:\/\/wave-lovers.com\/es\/wp-json\/wp\/v2\/comments?post=148209"}],"wp:featuredmedia":[{"embeddable":true,"href":"https:\/\/wave-lovers.com\/es\/wp-json\/wp\/v2\/media\/129490"}],"wp:attachment":[{"href":"https:\/\/wave-lovers.com\/es\/wp-json\/wp\/v2\/media?parent=148209"}],"wp:term":[{"taxonomy":"product_brand","embeddable":true,"href":"https:\/\/wave-lovers.com\/es\/wp-json\/wp\/v2\/product_brand?post=148209"},{"taxonomy":"product_cat","embeddable":true,"href":"https:\/\/wave-lovers.com\/es\/wp-json\/wp\/v2\/product_cat?post=148209"},{"taxonomy":"product_tag","embeddable":true,"href":"https:\/\/wave-lovers.com\/es\/wp-json\/wp\/v2\/product_tag?post=148209"}],"curies":[{"name":"wp","href":"https:\/\/api.w.org\/{rel}","templated":true}]}}