{"id":148207,"date":"2021-03-18T21:47:29","date_gmt":"2021-03-18T20:47:29","guid":{"rendered":"https:\/\/wave-lovers.com\/sipaboard-allrounder-drive\/"},"modified":"2024-06-25T14:59:57","modified_gmt":"2024-06-25T12:59:57","slug":"sipaboard-all-rounder-drive","status":"publish","type":"product","link":"https:\/\/wave-lovers.com\/es\/sipaboard-all-rounder-drive\/","title":{"rendered":"Sipaboards Drive All Rounder"},"content":{"rendered":"<h2>SIPABOARD All Rounder Drive<\/h2>\n<p>El dise\u00f1o fuerte y robusto de la SIPABOARD All Rounder Drive la convierte en una gran tabla para familias, principiantes y aquellos que quieren remar por diversi\u00f3n. Es perfecta para todas las edades y niveles de experiencia y es lo suficientemente grande para que quepa un perro, un ni\u00f1o o dos, o incluso una nevera para excursiones de un d\u00eda.<\/p>\n<hr \/>\n<h3>\u00bfQU\u00c9 INCLUYE?<\/h3>\n<p>Sipaboard paddle carbono incluido<br \/>\nTabla de standup paddle hinchable de 11'0\" de doble capa y punta ca\u00edda<br \/>\nMotor a reacci\u00f3n totalmente integrado y compresor incorporado<br \/>\nMando a distancia inal\u00e1mbrico para el remo<br \/>\nPack de bater\u00edas para el SIPABOARDS Allrounder Drive y cable de carga<br \/>\nMochila de transporte de lujo<br \/>\nCorrea de seguridad<br \/>\nAplicaci\u00f3n m\u00f3vil gratuita<\/p>\n<hr \/>\n<h3>ESPECIFICACIONES<\/h3>\n<ul>\n<li><strong>Dimensiones hinchado<\/strong><br \/>\nLongitud: 3,35 m (11 pies)<br \/>\nAnchura: 31 pulgadas (80 cm)<br \/>\nGrosor: 5,5 pulgadas (14 cm)<\/li>\n<li><strong>Dimensiones deshinchado<\/strong><br \/>\nLongitud: aproximadamente 100 cm<br \/>\nAnchura: 50 cm (1,5 pies)<br \/>\nGrosor: 1 pie (30 cm)<\/li>\n<li><strong>Peso total<\/strong><br \/>\nTabla 21.5 lbs (9.75 kg)<br \/>\nSIPA BOARD All-rounder Drive 3,85 kg (8,5 lbs)<br \/>\nPala con mando 0,75 kg (26 onzas)<\/li>\n<li><strong>Autonom\u00eda:<\/strong> Proporciona unas 3 horas de ayuda remando a una velocidad de crucero de 2 nudos<\/li>\n<li><strong>Peso Riders:<\/strong> Ideal para menos de 200 libras, pero f\u00e1cilmente acomoda paddle boarders hasta 225lbs (2 personas a bordo)<\/li>\n<li><strong>Especificaciones de la unidad de propulsi\u00f3n e inflado<\/strong><br \/>\nmax. potencia de salida en crucero 160 vatios<br \/>\nmax. potencia de salida durante el inflado 250 vatios<br \/>\n3 velocidades hasta 3,5 nudos<br \/>\npresi\u00f3n de inflado t\u00edpica 1 bar\/15 psi, m\u00e1xima 1,2 bar\/18 psi<br \/>\ntiempo de inflado aprox. 5 min<br \/>\ntermostato con man\u00f3metro autorregulable para evitar el sobrecalentamiento<br \/>\ntodos los componentes electr\u00f3nicos est\u00e1n perfectamente integrados y sellados piezas y materiales resistentes a la corrosi\u00f3n y la condensaci\u00f3n<br \/>\nniveles de tensi\u00f3n bajos y seguros<br \/>\nConectividad Bluetooth 4.0<\/li>\n<li><strong>Especificaciones de la bater\u00eda<\/strong><br \/>\nbater\u00eda f\u00e1cil de cambiar<br \/>\ntiempo de carga de unos 90 minutos<br \/>\nhasta 1.000 ciclos de carga de la bater\u00eda<br \/>\nunas 3 horas de funcionamiento a velocidad de crucero<\/li>\n<\/ul>\n<hr \/>\n<h3>M\u00c1S INFORMACI\u00d3N SIPABOARD All Rounder Drive<\/h3>\n<p>La tabla SIPABOARD All Rounder Drive es lo que necesitas para pasar un d\u00eda divertido en el agua. El sol brilla, la gente rema, nada y se salpica con agua. Rema hacia aguas profundas y utiliza tu SUP como trampol\u00edn personal. Vuelve remando y lleva a tu perro a dar una vuelta. Y as\u00ed todo el d\u00eda.<\/p>\n<p>El dise\u00f1o fuerte y robusto de la SIPABOARD All Rounder Drive la convierte en una gran tabla para familias, principiantes y aquellos que quieren remar por diversi\u00f3n. Es perfecta para todas las edades y niveles de experiencia y es lo suficientemente grande para que quepa un perro, un ni\u00f1o o dos, o una nevera grande para excursiones de un d\u00eda.<\/p>\n<p><strong>PREPARADO PARA LUZ LED<\/strong><br \/>\nTodos los SipaDrives se fabrican con la posibilidad de a\u00f1adir luces LED en la parte inferior. Estos se controlar\u00e1n con el mismo mando a distancia que el motor, y le iluminar\u00e1n el camino en sus sesiones nocturnas de remo.<\/p>\n<p><strong>MOCHILA DE TRANSPORTE INTELIGENTE<\/strong><br \/>\nLa mochila de transporte SipaBoards es una bolsa hecha a medida dise\u00f1ada para adaptarse perfectamente a las especificaciones de tu tabla. Con bolsillos espec\u00edficos para tu SipaDrive y el cable de carga de la bater\u00eda, todo lo que necesitas para salir al agua estar\u00e1 guardado en un solo lugar. Sus costuras adicionales en las correas hacen que sea lo suficientemente resistente como para colg\u00e1rtela de los hombros, y su peque\u00f1o tama\u00f1o permite que se deslice f\u00e1cilmente en el maletero o en el asiento trasero.<\/p>\n<p><strong>FACILIDAD DE USO SIN HERRAMIENTAS<\/strong><br \/>\nCon un dise\u00f1o de carcasa de accionamiento redondo, no hay necesidad de tornillos o piezas adicionales, ya que la presi\u00f3n de la propia placa mantiene la carcasa en su sitio. Cuando se desinfla, el Sipaboards All Rounder Drive se desliza hacia fuera.<\/p>\n<p><strong>APP SIPABOARD<\/strong><br \/>\nLa App Sipa es una gran herramienta para mantenerte a\u00fan m\u00e1s seguro. La Sipa Drive est\u00e1 habilitado para Bluetooth y la aplicaci\u00f3n ayudar\u00e1 a los remeros a controlar y supervisar todo acerca de su sesi\u00f3n. Adem\u00e1s, el software de la SipaDrive puede actualizarse a trav\u00e9s de la aplicaci\u00f3n, convirti\u00e9ndola en un recurso inestimable para todos los SipaBoard.<\/p>\n<p><strong>CONTROL DE CALIDAD SUIZO<\/strong><br \/>\nNo quer\u00edamos correr ning\u00fan riesgo en lo que respecta a la calidad. Por eso confiamos en un socio suizo para que fabrique nuestras tablas y se encargue de que todo sea como debe ser.<\/p>\n<p><strong>AUTOINFLABLE<\/strong><br \/>\nInflar una tabla de SUP es posiblemente la peor parte de todo el viaje, por no hablar de lo que hay que hacer con la bomba una vez que hayamos terminado. Ahora la tabla SIPABOARD Allrounder Drive hace el trabajo duro por ti, hinchando tu tabla en cuesti\u00f3n de minutos, mientras t\u00fa te centras en las cosas importantes, como el precioso paisaje, o los patos nadando en el fondo ...<\/p>\n<p><strong>MANDO A DISTANCIA EN EL REMO<\/strong><br \/>\nEl motor se controla f\u00e1cilmente mediante mandos inal\u00e1mbricos situados en el mango del remo. Los 4 botones controlan todas las funciones, para las diferentes velocidades, as\u00ed como para el apagado r\u00e1pido, el inflado y las luces LED. El motor tambi\u00e9n se apaga autom\u00e1ticamente si la pala se cae al agua o si la pala y el motor se separan m\u00e1s de unos metros.<\/p>\n","protected":false},"excerpt":{"rendered":"<p>Llamada as\u00ed por su versatilidad, esta tabla te ofrece una estabilidad suprema. La favorita de los principiantes y de aquellos que buscan la m\u00e1xima diversi\u00f3n en el agua.<\/p>\n","protected":false},"featured_media":95213,"comment_status":"open","ping_status":"closed","template":"","meta":{"_acf_changed":false,"_editorskit_title_hidden":false,"_editorskit_reading_time":0,"_editorskit_is_block_options_detached":false,"_editorskit_block_options_position":"{}","site-sidebar-layout":"default","site-content-layout":"default","ast-site-content-layout":"default","site-content-style":"default","site-sidebar-style":"default","ast-global-header-display":"","ast-banner-title-visibility":"","ast-main-header-display":"","ast-hfb-above-header-display":"","ast-hfb-below-header-display":"","ast-hfb-mobile-header-display":"","site-post-title":"disabled","ast-breadcrumbs-content":"","ast-featured-img":"","footer-sml-layout":"","ast-disable-related-posts":"","theme-transparent-header-meta":"default","adv-header-id-meta":"","stick-header-meta":"","header-above-stick-meta":"","header-main-stick-meta":"","header-below-stick-meta":"","astra-migrate-meta-layouts":"set","ast-page-background-enabled":"default","ast-page-background-meta":{"desktop":{"background-color":"","background-image":"","background-repeat":"repeat","background-position":"center center","background-size":"auto","background-attachment":"scroll","background-type":"","background-media":"","overlay-type":"","overlay-color":"","overlay-opacity":"","overlay-gradient":""},"tablet":{"background-color":"","background-image":"","background-repeat":"repeat","background-position":"center center","background-size":"auto","background-attachment":"scroll","background-type":"","background-media":"","overlay-type":"","overlay-color":"","overlay-opacity":"","overlay-gradient":""},"mobile":{"background-color":"","background-image":"","background-repeat":"repeat","background-position":"center center","background-size":"auto","background-attachment":"scroll","background-type":"","background-media":"","overlay-type":"","overlay-color":"","overlay-opacity":"","overlay-gradient":""}},"ast-content-background-meta":{"desktop":{"background-color":"var(--ast-global-color-5)","background-image":"","background-repeat":"repeat","background-position":"center center","background-size":"auto","background-attachment":"scroll","background-type":"","background-media":"","overlay-type":"","overlay-color":"","overlay-opacity":"","overlay-gradient":""},"tablet":{"background-color":"var(--ast-global-color-5)","background-image":"","background-repeat":"repeat","background-position":"center center","background-size":"auto","background-attachment":"scroll","background-type":"","background-media":"","overlay-type":"","overlay-color":"","overlay-opacity":"","overlay-gradient":""},"mobile":{"background-color":"var(--ast-global-color-5)","background-image":"","background-repeat":"repeat","background-position":"center center","background-size":"auto","background-attachment":"scroll","background-type":"","background-media":"","overlay-type":"","overlay-color":"","overlay-opacity":"","overlay-gradient":""}},"_jf_save_progress":""},"product_brand":[],"product_cat":[114,3899,128,60,37,4628],"product_tag":[],"class_list":{"0":"post-148207","1":"product","2":"type-product","3":"status-publish","4":"has-post-thumbnail","6":"product_cat-comprar","7":"product_cat-hinchable","8":"product_cat-inflatable","9":"product_cat-buy","10":"product_cat-electric-stand-up-paddle-board","11":"product_cat-electric-stand-up-paddle-board-es","12":"product_shipping_class-mg-es","13":"desktop-align-center","14":"tablet-align-center","15":"mobile-align-center","16":"ast-product-gallery-layout-horizontal","17":"ast-magnify-disabled","18":"ast-product-tabs-layout-horizontal","20":"first","21":"outofstock","22":"taxable","23":"shipping-taxable","24":"purchasable","25":"product-type-simple"},"acf":[],"brizy_media":[],"_links":{"self":[{"href":"https:\/\/wave-lovers.com\/es\/wp-json\/wp\/v2\/product\/148207","targetHints":{"allow":["GET"]}}],"collection":[{"href":"https:\/\/wave-lovers.com\/es\/wp-json\/wp\/v2\/product"}],"about":[{"href":"https:\/\/wave-lovers.com\/es\/wp-json\/wp\/v2\/types\/product"}],"replies":[{"embeddable":true,"href":"https:\/\/wave-lovers.com\/es\/wp-json\/wp\/v2\/comments?post=148207"}],"wp:featuredmedia":[{"embeddable":true,"href":"https:\/\/wave-lovers.com\/es\/wp-json\/wp\/v2\/media\/95213"}],"wp:attachment":[{"href":"https:\/\/wave-lovers.com\/es\/wp-json\/wp\/v2\/media?parent=148207"}],"wp:term":[{"taxonomy":"product_brand","embeddable":true,"href":"https:\/\/wave-lovers.com\/es\/wp-json\/wp\/v2\/product_brand?post=148207"},{"taxonomy":"product_cat","embeddable":true,"href":"https:\/\/wave-lovers.com\/es\/wp-json\/wp\/v2\/product_cat?post=148207"},{"taxonomy":"product_tag","embeddable":true,"href":"https:\/\/wave-lovers.com\/es\/wp-json\/wp\/v2\/product_tag?post=148207"}],"curies":[{"name":"wp","href":"https:\/\/api.w.org\/{rel}","templated":true}]}}