{"id":148205,"date":"2021-03-22T17:04:49","date_gmt":"2021-03-22T16:04:49","guid":{"rendered":"https:\/\/wave-lovers.com\/sipaboards-drive-tourer\/"},"modified":"2024-06-25T15:30:53","modified_gmt":"2024-06-25T13:30:53","slug":"sipaboards-drive-tourer","status":"publish","type":"product","link":"https:\/\/wave-lovers.com\/es\/sipaboards-drive-tourer\/","title":{"rendered":"Sipaboards Drive Tourer"},"content":{"rendered":"<h2>SIPABOARD Drive Tourer Stand Up Paddle El\u00e9ctrica<\/h2>\n<p>La Sipaboard Drive Tourer es una tabla Stand Up Paddle el\u00e9ctrica autoinflable que fue hecha para llevarte en el m\u00e1s largo de los paseos, no importa donde se encuentre. R\u00edgida y \u00e1gil con una nariz afilada, cortar\u00e1 a trav\u00e9s del agua y te propulsar\u00e1 con la velocidad y la estabilidad adecuada que necesites. La Sipaboard Drive Tourer es una tabla construida para ser: m\u00e1s r\u00e1pida, m\u00e1s ligera y m\u00e1s larga que otros modelos Sipaboard. La Sipa Drive Tourer desarrolla hasta 7 km\/h y a\u00f1ade algo de potencia para que tus paseos se conviertan en exploraciones a tama\u00f1o real y descubras esos lugares secretos en cualquier lugar. Bienvenido a la nueva marca tecnol\u00f3gica que puede construir las mejores tablas de Stand Up Paddle el\u00e9ctricas autohinchables.<\/p>\n<hr \/>\n<h3 data-collapsible=\"on\"><strong>\u00bfQu\u00e9 incluye la compra de una tabla de paddle surf el\u00e9ctrica de SIPABOARD?<\/strong><\/h3>\n<ul>\n<li>Sipaboard paddle carbono incluido<\/li>\n<li>Tabla de standup paddle hinchable de 12\u2032 MSL con punto de ca\u00edda<\/li>\n<li>Motor a reacci\u00f3n totalmente integrado y compresor incorporado: el Sipa Drive<\/li>\n<li>Mando a distancia inal\u00e1mbrico para montar en el remo<\/li>\n<li>Paquete de bater\u00edas para el Sipa Drive y cable de carga<\/li>\n<li>Mochila de transporte de lujo<\/li>\n<li>Correa para transportar la tabla<\/li>\n<li>Asas delanteras y traseras<\/li>\n<li>Correa de seguridad enrollada de 10<\/li>\n<li>Aplicaci\u00f3n m\u00f3vil gratuita<\/li>\n<\/ul>\n<hr \/>\n<h3 data-collapsible=\"on\">ESPECIFICACIONES<\/h3>\n<p><strong>Dimensiones infladas:<\/strong><\/p>\n<p>Longitud: 12 pies (3,65 m)<br \/>\nAnchura: 32,2 pulgadas (82 cm)<br \/>\nGrosor: 15 cm (6 pulgadas)<br \/>\nVolumen: 320 l<br \/>\nPeso de la tabla con motor: 12,95 kg<br \/>\nPeso de la tabla sin motor: 8,7 kg<\/p>\n<p><strong>Autonom\u00eda: <\/strong><span style=\"font-size: 16px;\">Proporciona unas 3 horas de ayuda remando a una velocidad de crucero de 2 nudos.<\/span><\/p>\n<p><strong>Peso rider: <\/strong><span style=\"font-size: 16px;\">Ideal para menos de 200 libras, pero f\u00e1cilmente acomoda paddle boarders hasta 225 lbs ( 2 personas a bordo)<\/span><\/p>\n<hr \/>\n<h3><strong>M\u00c1S INFORMACI\u00d3N<br \/>\n<\/strong><\/h3>\n<p>Construida para la velocidad, el touring y la exploraci\u00f3n de la costa. La Tourer es una tabla de cuerpo estilizado de 12'0\" con punta de lanza equipada con correas de carga, dos anillas en D laterales y una anilla en D trasera.<\/p>\n<p>Las tablas Sipaboard est\u00e1n dise\u00f1adas para ofrecerte una experiencia de navegaci\u00f3n m\u00e1s segura y mejorada con un control adicional sobre la tabla para asegurar al navegante el m\u00e1ximo control en condiciones de remada variables. El compresor incorporado inflar\u00e1 la tabla a la presi\u00f3n \u00f3ptima en 5-7 minutos. Conectado a un mando a distancia Bluetooth que se puede montar en cualquier remo, el rider puede iniciar el ciclo de inflado, regular la velocidad de su tabla y encender y apagar las luces LED para una experiencia \u00fanica de remo nocturno.<\/p>\n<p>Las tablas Sipa Drive funcionan con una bater\u00eda de 144 Wh en una carcasa estanca, que ofrece entre 1 y 4 horas de funcionamiento y velocidades de hasta 7 km\/h.<\/p>\n<p>Las Sipaboard Drive Tourer (Tablas de Stand Up Paddle El\u00e9ctricas) ser\u00e1n tus mejores Tablas de Stand Up Paddle El\u00e9ctricas Autohinchables para explorar los mejores lugares escondidos y navegar durante largas horas en cualquier lugar.<\/p>\n<p><strong>FACILIDAD DE USO SIN HERRAMIENTAS<\/strong><br \/>\nCon un dise\u00f1o de carcasa de accionamiento redondo, no hay necesidad de tornillos o piezas adicionales, ya que la presi\u00f3n de la propia tabla mantiene la carcasa en su sitio. Cuando se desinfla, el Sipaboard Drive Tourer se desliza hacia fuera.<\/p>\n<p><strong>APP SIPA<\/strong><br \/>\nLa App Sipa es una gran herramienta para mantenerte a\u00fan m\u00e1s seguro. El Sipaboard Drive Tourer est\u00e1 habilitado para Bluetooth y la aplicaci\u00f3n ayudar\u00e1 a los remeros a controlar y supervisar todo lo relacionado con su sesi\u00f3n. Y lo que es m\u00e1s importante, el software del SipaDrive se puede actualizar a trav\u00e9s de la app, convirti\u00e9ndola en un recurso inestimable para todos los SipaBoards.<\/p>\n<p><strong>CONTROL DE CALIDAD SUIZO<\/strong><br \/>\nNo quer\u00edamos correr ning\u00fan riesgo en lo que respecta a la calidad. Por eso confiamos en un socio suizo para que fabrique nuestras tablas y se encargue de que todo sea como debe ser.<\/p>\n<p><strong>AUTOINFLABLE<\/strong><br \/>\nInflar un SUP es posiblemente la peor parte de todo el viaje, por no hablar de lo que hay que hacer con la bomba una vez que hayamos terminado. Ahora el SIPABOARD Drive Tourer hace el trabajo duro por ti, hinchando tu tabla en cuesti\u00f3n de minutos, mientras te centras en las cosas importantes, como el magn\u00edfico paisaje, o los patos nadando en el fondo ...<\/p>\n<p><strong>MANDO A DISTANCIA EN EL REMO<\/strong><br \/>\nEl motor se controla f\u00e1cilmente mediante mandos inal\u00e1mbricos situados en el mango del remo. Los 4 botones controlan todas las funciones, para diferentes velocidades, as\u00ed como para el apagado r\u00e1pido, el inflado y las luces LED. El motor tambi\u00e9n se apaga autom\u00e1ticamente si la pala se cae al agua o si la pala y el motor se separan m\u00e1s de unos metros.<\/p>\n<div id='gallery-1' class='gallery galleryid-148205 gallery-columns-1 gallery-size-medium'><figure class='gallery-item'>\n\t\t\t<div class='gallery-icon landscape'>\n\t\t\t\t<img fetchpriority=\"high\" decoding=\"async\" width=\"300\" height=\"210\" src=\"https:\/\/wave-lovers.com\/wp-content\/uploads\/2021\/03\/all-rounder-drive-sipa.png\" class=\"attachment-medium size-medium\" alt=\"\" srcset=\"https:\/\/wave-lovers.com\/wp-content\/uploads\/2021\/03\/all-rounder-drive-sipa.png 740w, https:\/\/wave-lovers.com\/wp-content\/uploads\/2021\/03\/all-rounder-drive-sipa-600x419.png 600w\" sizes=\"(max-width: 300px) 100vw, 300px\" \/>\n\t\t\t<\/div><\/figure><figure class='gallery-item'>\n\t\t\t<div class='gallery-icon portrait'>\n\t\t\t\t<img decoding=\"async\" width=\"275\" height=\"300\" src=\"https:\/\/wave-lovers.com\/wp-content\/uploads\/2021\/03\/sipa-boards.png\" class=\"attachment-medium size-medium\" alt=\"\" \/>\n\t\t\t<\/div><\/figure><figure class='gallery-item'>\n\t\t\t<div class='gallery-icon portrait'>\n\t\t\t\t<img decoding=\"async\" width=\"231\" height=\"300\" src=\"https:\/\/wave-lovers.com\/wp-content\/uploads\/2021\/03\/all-rounder-drive-sipa-board.png\" class=\"attachment-medium size-medium\" alt=\"\" \/>\n\t\t\t<\/div><\/figure>\n\t\t<\/div>\n\n<h3>\u00bfPor qu\u00e9 las tablas de Stand Up Paddle el\u00e9ctricas autoinflables son la nueva tendencia de 2024?<\/h3>\n<p>Conocida como la nueva revoluci\u00f3n del SUP, ya que es <strong>la primera tabla de Stand Up Paddle el\u00e9ctrica autohinchable del mercado<\/strong> y te permite navegar hasta 3 horas, dependiendo del modelo que elijas.<\/p>\n","protected":false},"excerpt":{"rendered":"<p>Ya sea un paseo f\u00e1cil o un duro entrenamiento, el cruiser es toda una experiencia en el mar, r\u00edos y lagos. Con los LED ilumina el mundo bajo tu tabla para que puedas remar hasta bien entrada la noche.<\/p>\n","protected":false},"featured_media":95249,"comment_status":"open","ping_status":"closed","template":"","meta":{"_acf_changed":false,"_editorskit_title_hidden":false,"_editorskit_reading_time":0,"_editorskit_is_block_options_detached":false,"_editorskit_block_options_position":"{}","site-sidebar-layout":"default","site-content-layout":"default","ast-site-content-layout":"default","site-content-style":"default","site-sidebar-style":"default","ast-global-header-display":"","ast-banner-title-visibility":"","ast-main-header-display":"","ast-hfb-above-header-display":"","ast-hfb-below-header-display":"","ast-hfb-mobile-header-display":"","site-post-title":"disabled","ast-breadcrumbs-content":"","ast-featured-img":"","footer-sml-layout":"","ast-disable-related-posts":"","theme-transparent-header-meta":"default","adv-header-id-meta":"","stick-header-meta":"","header-above-stick-meta":"","header-main-stick-meta":"","header-below-stick-meta":"","astra-migrate-meta-layouts":"set","ast-page-background-enabled":"default","ast-page-background-meta":{"desktop":{"background-color":"","background-image":"","background-repeat":"repeat","background-position":"center center","background-size":"auto","background-attachment":"scroll","background-type":"","background-media":"","overlay-type":"","overlay-color":"","overlay-opacity":"","overlay-gradient":""},"tablet":{"background-color":"","background-image":"","background-repeat":"repeat","background-position":"center center","background-size":"auto","background-attachment":"scroll","background-type":"","background-media":"","overlay-type":"","overlay-color":"","overlay-opacity":"","overlay-gradient":""},"mobile":{"background-color":"","background-image":"","background-repeat":"repeat","background-position":"center center","background-size":"auto","background-attachment":"scroll","background-type":"","background-media":"","overlay-type":"","overlay-color":"","overlay-opacity":"","overlay-gradient":""}},"ast-content-background-meta":{"desktop":{"background-color":"var(--ast-global-color-5)","background-image":"","background-repeat":"repeat","background-position":"center center","background-size":"auto","background-attachment":"scroll","background-type":"","background-media":"","overlay-type":"","overlay-color":"","overlay-opacity":"","overlay-gradient":""},"tablet":{"background-color":"var(--ast-global-color-5)","background-image":"","background-repeat":"repeat","background-position":"center center","background-size":"auto","background-attachment":"scroll","background-type":"","background-media":"","overlay-type":"","overlay-color":"","overlay-opacity":"","overlay-gradient":""},"mobile":{"background-color":"var(--ast-global-color-5)","background-image":"","background-repeat":"repeat","background-position":"center center","background-size":"auto","background-attachment":"scroll","background-type":"","background-media":"","overlay-type":"","overlay-color":"","overlay-opacity":"","overlay-gradient":""}},"_jf_save_progress":""},"product_brand":[],"product_cat":[114,3899,128,60,37,4628],"product_tag":[],"class_list":{"0":"post-148205","1":"product","2":"type-product","3":"status-publish","4":"has-post-thumbnail","6":"product_cat-comprar","7":"product_cat-hinchable","8":"product_cat-inflatable","9":"product_cat-buy","10":"product_cat-electric-stand-up-paddle-board","11":"product_cat-electric-stand-up-paddle-board-es","12":"product_shipping_class-mg-es","13":"desktop-align-center","14":"tablet-align-center","15":"mobile-align-center","16":"ast-product-gallery-layout-horizontal","17":"ast-magnify-disabled","18":"ast-product-tabs-layout-horizontal","20":"first","21":"outofstock","22":"taxable","23":"shipping-taxable","24":"purchasable","25":"product-type-simple"},"acf":[],"brizy_media":[],"_links":{"self":[{"href":"https:\/\/wave-lovers.com\/es\/wp-json\/wp\/v2\/product\/148205","targetHints":{"allow":["GET"]}}],"collection":[{"href":"https:\/\/wave-lovers.com\/es\/wp-json\/wp\/v2\/product"}],"about":[{"href":"https:\/\/wave-lovers.com\/es\/wp-json\/wp\/v2\/types\/product"}],"replies":[{"embeddable":true,"href":"https:\/\/wave-lovers.com\/es\/wp-json\/wp\/v2\/comments?post=148205"}],"wp:featuredmedia":[{"embeddable":true,"href":"https:\/\/wave-lovers.com\/es\/wp-json\/wp\/v2\/media\/95249"}],"wp:attachment":[{"href":"https:\/\/wave-lovers.com\/es\/wp-json\/wp\/v2\/media?parent=148205"}],"wp:term":[{"taxonomy":"product_brand","embeddable":true,"href":"https:\/\/wave-lovers.com\/es\/wp-json\/wp\/v2\/product_brand?post=148205"},{"taxonomy":"product_cat","embeddable":true,"href":"https:\/\/wave-lovers.com\/es\/wp-json\/wp\/v2\/product_cat?post=148205"},{"taxonomy":"product_tag","embeddable":true,"href":"https:\/\/wave-lovers.com\/es\/wp-json\/wp\/v2\/product_tag?post=148205"}],"curies":[{"name":"wp","href":"https:\/\/api.w.org\/{rel}","templated":true}]}}