{"id":148179,"date":"2021-06-08T11:30:22","date_gmt":"2021-06-08T09:30:22","guid":{"rendered":"https:\/\/wave-lovers.com\/?post_type=product&#038;p=148179"},"modified":"2024-09-09T10:37:41","modified_gmt":"2024-09-09T08:37:41","slug":"waydoo-powerflight-cell-bateria","status":"publish","type":"product","link":"https:\/\/wave-lovers.com\/es\/waydoo-powerflight-cell-bateria\/","title":{"rendered":"Waydoo Flyer One PowerFlight Cell Bater\u00eda"},"content":{"rendered":"<h2>Waydoo PowerFlight Cell Bater\u00eda - INFORMACI\u00d3N<\/h2>\n<p><img decoding=\"async\" class=\"alignright wp-image-95334\" src=\"https:\/\/wave-lovers.com\/wp-content\/uploads\/2023\/06\/Power-Battery-Waydoo-Pict.png\" alt=\"\" width=\"208\" height=\"150\" srcset=\"https:\/\/wave-lovers.com\/wp-content\/uploads\/2023\/06\/Power-Battery-Waydoo-Pict.png 429w, https:\/\/wave-lovers.com\/wp-content\/uploads\/2023\/06\/Power-Battery-Waydoo-Pict-300x217.png 300w\" sizes=\"(max-width: 208px) 100vw, 208px\" \/>La bater\u00eda PowerFlight Cell de Waydoo ha sido dise\u00f1ada para ser lo m\u00e1s c\u00f3moda y eficiente posible. Fabricada con materiales duraderos y de alta calidad, la bater\u00eda alcanza un rendimiento de primer nivel. Adem\u00e1s, s\u00f3lo tarda 2 horas en recargarse por completo, lo que la convierte en uno de los mejores dispositivos del mercado. Cuenta con un innovador sistema plug-and-play inal\u00e1mbrico que elimina por completo la necesidad de los cables habituales en productos similares. Basta con conectarlo y listo. La bater\u00eda PowerFlight Cell est\u00e1 equipada con numerosas funciones de seguridad y es compatible con la tabla de efoil Flyer One \/Plus.<\/p>\n<h2>Waydoo PowerFlight Cell Bater\u00eda - DETALLES<\/h2>\n<ul>\n<li>Tipo de bater\u00eda: I\u00f3n-litio<\/li>\n<li>Tiempo de carga: 2 horas m\u00e1x.<\/li>\n<li>Medidas (LxAxA): 19,9 x 13 x 3,4 pulgadas \/ 50,5 x 33 x 8,5 cm<\/li>\n<li>Peso: 13.7KG (30.2LBS)<\/li>\n<li>Voltaje est\u00e1ndar: 14S \/ 51.8V<\/li>\n<li>Capacidad: 32.500 mAH \/ 1.683 WH<\/li>\n<li>Nivel de impermeabilidad: IP67<\/li>\n<li>Medidas de seguridad: sobrecalentamiento, sobrecorriente, sobretensi\u00f3n, sobrecarga, cortocircuito<\/li>\n<\/ul>\n","protected":false},"excerpt":{"rendered":"<p>La bater\u00eda PowerFlight Cell de Waydoo ha sido dise\u00f1ada para ser lo m\u00e1s c\u00f3moda y eficiente posible. Fabricada con materiales duraderos y de alta calidad, la bater\u00eda alcanza un rendimiento de primer nivel.<\/p>\n","protected":false},"featured_media":129479,"comment_status":"open","ping_status":"closed","template":"","meta":{"_acf_changed":false,"_editorskit_title_hidden":false,"_editorskit_reading_time":0,"_editorskit_is_block_options_detached":false,"_editorskit_block_options_position":"{}","site-sidebar-layout":"default","site-content-layout":"default","ast-site-content-layout":"default","site-content-style":"default","site-sidebar-style":"default","ast-global-header-display":"","ast-banner-title-visibility":"","ast-main-header-display":"","ast-hfb-above-header-display":"","ast-hfb-below-header-display":"","ast-hfb-mobile-header-display":"","site-post-title":"","ast-breadcrumbs-content":"","ast-featured-img":"","footer-sml-layout":"","ast-disable-related-posts":"","theme-transparent-header-meta":"default","adv-header-id-meta":"","stick-header-meta":"","header-above-stick-meta":"","header-main-stick-meta":"","header-below-stick-meta":"","astra-migrate-meta-layouts":"set","ast-page-background-enabled":"default","ast-page-background-meta":{"desktop":{"background-color":"","background-image":"","background-repeat":"repeat","background-position":"center center","background-size":"auto","background-attachment":"scroll","background-type":"","background-media":"","overlay-type":"","overlay-color":"","overlay-opacity":"","overlay-gradient":""},"tablet":{"background-color":"","background-image":"","background-repeat":"repeat","background-position":"center center","background-size":"auto","background-attachment":"scroll","background-type":"","background-media":"","overlay-type":"","overlay-color":"","overlay-opacity":"","overlay-gradient":""},"mobile":{"background-color":"","background-image":"","background-repeat":"repeat","background-position":"center center","background-size":"auto","background-attachment":"scroll","background-type":"","background-media":"","overlay-type":"","overlay-color":"","overlay-opacity":"","overlay-gradient":""}},"ast-content-background-meta":{"desktop":{"background-color":"var(--ast-global-color-5)","background-image":"","background-repeat":"repeat","background-position":"center center","background-size":"auto","background-attachment":"scroll","background-type":"","background-media":"","overlay-type":"","overlay-color":"","overlay-opacity":"","overlay-gradient":""},"tablet":{"background-color":"var(--ast-global-color-5)","background-image":"","background-repeat":"repeat","background-position":"center center","background-size":"auto","background-attachment":"scroll","background-type":"","background-media":"","overlay-type":"","overlay-color":"","overlay-opacity":"","overlay-gradient":""},"mobile":{"background-color":"var(--ast-global-color-5)","background-image":"","background-repeat":"repeat","background-position":"center center","background-size":"auto","background-attachment":"scroll","background-type":"","background-media":"","overlay-type":"","overlay-color":"","overlay-opacity":"","overlay-gradient":""}},"_jf_save_progress":""},"product_brand":[],"product_cat":[114,60,536,4098,4099,24],"product_tag":[],"class_list":{"0":"post-148179","1":"product","2":"type-product","3":"status-publish","4":"has-post-thumbnail","6":"product_cat-comprar","7":"product_cat-buy","8":"product_cat-e-foil-spare-parts","9":"product_cat-recambios-e-foil","10":"product_cat-recambios","11":"product_cat-spare-parts","12":"product_shipping_class-mg-es","13":"desktop-align-center","14":"tablet-align-center","15":"mobile-align-center","16":"ast-product-gallery-layout-horizontal","17":"ast-magnify-disabled","18":"ast-product-tabs-layout-horizontal","20":"first","21":"instock","22":"taxable","23":"shipping-taxable","24":"purchasable","25":"product-type-simple"},"acf":[],"brizy_media":[],"_links":{"self":[{"href":"https:\/\/wave-lovers.com\/es\/wp-json\/wp\/v2\/product\/148179","targetHints":{"allow":["GET"]}}],"collection":[{"href":"https:\/\/wave-lovers.com\/es\/wp-json\/wp\/v2\/product"}],"about":[{"href":"https:\/\/wave-lovers.com\/es\/wp-json\/wp\/v2\/types\/product"}],"replies":[{"embeddable":true,"href":"https:\/\/wave-lovers.com\/es\/wp-json\/wp\/v2\/comments?post=148179"}],"wp:featuredmedia":[{"embeddable":true,"href":"https:\/\/wave-lovers.com\/es\/wp-json\/wp\/v2\/media\/129479"}],"wp:attachment":[{"href":"https:\/\/wave-lovers.com\/es\/wp-json\/wp\/v2\/media?parent=148179"}],"wp:term":[{"taxonomy":"product_brand","embeddable":true,"href":"https:\/\/wave-lovers.com\/es\/wp-json\/wp\/v2\/product_brand?post=148179"},{"taxonomy":"product_cat","embeddable":true,"href":"https:\/\/wave-lovers.com\/es\/wp-json\/wp\/v2\/product_cat?post=148179"},{"taxonomy":"product_tag","embeddable":true,"href":"https:\/\/wave-lovers.com\/es\/wp-json\/wp\/v2\/product_tag?post=148179"}],"curies":[{"name":"wp","href":"https:\/\/api.w.org\/{rel}","templated":true}]}}