{"id":148175,"date":"2021-11-18T21:31:44","date_gmt":"2021-11-18T20:31:44","guid":{"rendered":"https:\/\/wave-lovers.com\/waydoo-explorer-mast-and-power-assembly\/"},"modified":"2024-09-09T10:55:55","modified_gmt":"2024-09-09T08:55:55","slug":"waydoo-conjunto-de-mastil-y-propulsion","status":"publish","type":"product","link":"https:\/\/wave-lovers.com\/es\/waydoo-conjunto-de-mastil-y-propulsion\/","title":{"rendered":"Waydoo Flyer One Conjunto De M\u00e1stil Y Propulsi\u00f3n"},"content":{"rendered":"<h2>Waydoo Conjunto De M\u00e1stil Y Propulsi\u00f3n - INFORMACI\u00d3N<\/h2>\n<p><img decoding=\"async\" class=\"size-thumbnail wp-image-50792 alignright\" src=\"https:\/\/wave-lovers.com\/wp-content\/uploads\/2021\/11\/e-foil-waydoo-flyer-one-power-assembly-electric-outboard-motor-1-150x150.jpg\" alt=\"e-foil-waydoo-flyer-one-power-assembly-electric-outboard-motor\" width=\"150\" height=\"150\" srcset=\"https:\/\/wave-lovers.com\/wp-content\/uploads\/2021\/11\/e-foil-waydoo-flyer-one-power-assembly-electric-outboard-motor-1-150x150.jpg 150w, https:\/\/wave-lovers.com\/wp-content\/uploads\/2021\/11\/e-foil-waydoo-flyer-one-power-assembly-electric-outboard-motor-1-100x100.jpg 100w, https:\/\/wave-lovers.com\/wp-content\/uploads\/2021\/11\/e-foil-waydoo-flyer-one-power-assembly-electric-outboard-motor-1-600x600.jpg 600w, https:\/\/wave-lovers.com\/wp-content\/uploads\/2021\/11\/e-foil-waydoo-flyer-one-power-assembly-electric-outboard-motor-1-300x300.jpg 300w, https:\/\/wave-lovers.com\/wp-content\/uploads\/2021\/11\/e-foil-waydoo-flyer-one-power-assembly-electric-outboard-motor-1-1024x1024.jpg 1024w, https:\/\/wave-lovers.com\/wp-content\/uploads\/2021\/11\/e-foil-waydoo-flyer-one-power-assembly-electric-outboard-motor-1-768x768.jpg 768w, https:\/\/wave-lovers.com\/wp-content\/uploads\/2021\/11\/e-foil-waydoo-flyer-one-power-assembly-electric-outboard-motor-1-1536x1536.jpg 1536w, https:\/\/wave-lovers.com\/wp-content\/uploads\/2021\/11\/e-foil-waydoo-flyer-one-power-assembly-electric-outboard-motor-1-500x500.jpg 500w, https:\/\/wave-lovers.com\/wp-content\/uploads\/2021\/11\/e-foil-waydoo-flyer-one-power-assembly-electric-outboard-motor-1.jpg 1800w\" sizes=\"(max-width: 150px) 100vw, 150px\" \/><\/p>\n<p>El conjunto de m\u00e1stil y propulsi\u00f3n es la combinaci\u00f3n del m\u00e1stil, el casco y el potente sistema de propulsi\u00f3n. Est\u00e1 disponible en dos longitudes diferentes (65 \/ 85 cm). La versi\u00f3n m\u00e1s corta permite un mejor carving y maniobrabilidad, mientras que la versi\u00f3n m\u00e1s larga funciona muy bien contra olas m\u00e1s grandes y oleaje m\u00e1s duro. La unidad motriz es compatible con todas las eFoils Flyer One fabricadas por Waydoo.<\/p>\n<h2>Waydoo Conjunto De M\u00e1stil Y Propulsi\u00f3n - DETALLES<\/h2>\n<ul>\n<li>Peso: 15.5KG (34LBS) \/ 16.1KG (35.4 lbs)<\/li>\n<li>Material del m\u00e1stil: Aleaci\u00f3n de aluminio anodizado de calidad aeron\u00e1utica<\/li>\n<li>Longitud del m\u00e1stil: 65cm \/ 85cm<\/li>\n<li>Tipo de motor: Sin escobillas<\/li>\n<li>Potencia del motor: 6000W<\/li>\n<li>Velocidad del motor: 6000RPM<\/li>\n<li>Protecci\u00f3n: Conducto y protector de la h\u00e9lice, sobrecalentamiento, sobrecorriente, rotor bloqueado<\/li>\n<li>Material del fuselaje: Aleaci\u00f3n de aluminio fresado CNC<\/li>\n<\/ul>\n","protected":false},"excerpt":{"rendered":"<p>La unidad Mast &amp; Power Assembly es la combinaci\u00f3n del m\u00e1stil, el casco y el potente sistema de propulsi\u00f3n. Est\u00e1 disponible en dos longitudes diferentes (65 \/ 85cm) y es compatible con todos los eFoils Flyer One fabricados por Waydoo.<\/p>\n","protected":false},"featured_media":129463,"comment_status":"open","ping_status":"closed","template":"","meta":{"_acf_changed":false,"_editorskit_title_hidden":false,"_editorskit_reading_time":0,"_editorskit_is_block_options_detached":false,"_editorskit_block_options_position":"{}","site-sidebar-layout":"default","site-content-layout":"default","ast-site-content-layout":"default","site-content-style":"default","site-sidebar-style":"default","ast-global-header-display":"","ast-banner-title-visibility":"","ast-main-header-display":"","ast-hfb-above-header-display":"","ast-hfb-below-header-display":"","ast-hfb-mobile-header-display":"","site-post-title":"","ast-breadcrumbs-content":"","ast-featured-img":"","footer-sml-layout":"","ast-disable-related-posts":"","theme-transparent-header-meta":"default","adv-header-id-meta":"","stick-header-meta":"","header-above-stick-meta":"","header-main-stick-meta":"","header-below-stick-meta":"","astra-migrate-meta-layouts":"set","ast-page-background-enabled":"default","ast-page-background-meta":{"desktop":{"background-color":"","background-image":"","background-repeat":"repeat","background-position":"center center","background-size":"auto","background-attachment":"scroll","background-type":"","background-media":"","overlay-type":"","overlay-color":"","overlay-opacity":"","overlay-gradient":""},"tablet":{"background-color":"","background-image":"","background-repeat":"repeat","background-position":"center center","background-size":"auto","background-attachment":"scroll","background-type":"","background-media":"","overlay-type":"","overlay-color":"","overlay-opacity":"","overlay-gradient":""},"mobile":{"background-color":"","background-image":"","background-repeat":"repeat","background-position":"center center","background-size":"auto","background-attachment":"scroll","background-type":"","background-media":"","overlay-type":"","overlay-color":"","overlay-opacity":"","overlay-gradient":""}},"ast-content-background-meta":{"desktop":{"background-color":"var(--ast-global-color-5)","background-image":"","background-repeat":"repeat","background-position":"center center","background-size":"auto","background-attachment":"scroll","background-type":"","background-media":"","overlay-type":"","overlay-color":"","overlay-opacity":"","overlay-gradient":""},"tablet":{"background-color":"var(--ast-global-color-5)","background-image":"","background-repeat":"repeat","background-position":"center center","background-size":"auto","background-attachment":"scroll","background-type":"","background-media":"","overlay-type":"","overlay-color":"","overlay-opacity":"","overlay-gradient":""},"mobile":{"background-color":"var(--ast-global-color-5)","background-image":"","background-repeat":"repeat","background-position":"center center","background-size":"auto","background-attachment":"scroll","background-type":"","background-media":"","overlay-type":"","overlay-color":"","overlay-opacity":"","overlay-gradient":""}},"_jf_save_progress":""},"product_brand":[],"product_cat":[114,4098,4099],"product_tag":[],"class_list":{"0":"post-148175","1":"product","2":"type-product","3":"status-publish","4":"has-post-thumbnail","6":"product_cat-comprar","7":"product_cat-recambios-e-foil","8":"product_cat-recambios","9":"product_shipping_class-m-es","10":"desktop-align-center","11":"tablet-align-center","12":"mobile-align-center","13":"ast-product-gallery-layout-horizontal","14":"ast-magnify-disabled","15":"ast-product-single-variable","16":"ast-product-tabs-layout-horizontal","18":"first","19":"instock","20":"taxable","21":"shipping-taxable","22":"purchasable","23":"product-type-variable"},"acf":[],"brizy_media":[],"_links":{"self":[{"href":"https:\/\/wave-lovers.com\/es\/wp-json\/wp\/v2\/product\/148175","targetHints":{"allow":["GET"]}}],"collection":[{"href":"https:\/\/wave-lovers.com\/es\/wp-json\/wp\/v2\/product"}],"about":[{"href":"https:\/\/wave-lovers.com\/es\/wp-json\/wp\/v2\/types\/product"}],"replies":[{"embeddable":true,"href":"https:\/\/wave-lovers.com\/es\/wp-json\/wp\/v2\/comments?post=148175"}],"wp:featuredmedia":[{"embeddable":true,"href":"https:\/\/wave-lovers.com\/es\/wp-json\/wp\/v2\/media\/129463"}],"wp:attachment":[{"href":"https:\/\/wave-lovers.com\/es\/wp-json\/wp\/v2\/media?parent=148175"}],"wp:term":[{"taxonomy":"product_brand","embeddable":true,"href":"https:\/\/wave-lovers.com\/es\/wp-json\/wp\/v2\/product_brand?post=148175"},{"taxonomy":"product_cat","embeddable":true,"href":"https:\/\/wave-lovers.com\/es\/wp-json\/wp\/v2\/product_cat?post=148175"},{"taxonomy":"product_tag","embeddable":true,"href":"https:\/\/wave-lovers.com\/es\/wp-json\/wp\/v2\/product_tag?post=148175"}],"curies":[{"name":"wp","href":"https:\/\/api.w.org\/{rel}","templated":true}]}}