{"id":148173,"date":"2021-11-20T21:15:27","date_gmt":"2021-11-20T20:15:27","guid":{"rendered":"https:\/\/wave-lovers.com\/waydoo-hydrofoil-surfboard-flyer-one-epp-board-edition\/"},"modified":"2024-09-09T10:53:20","modified_gmt":"2024-09-09T08:53:20","slug":"waydoo-edicion-epp-solo-para-tabla","status":"publish","type":"product","link":"https:\/\/wave-lovers.com\/es\/waydoo-edicion-epp-solo-para-tabla\/","title":{"rendered":"Waydoo Flyer One Edici\u00f3n EPP S\u00f3lo Para Tabla"},"content":{"rendered":"<h2>Waydoo Edici\u00f3n EPP S\u00f3lo Para Tabla - INFORMACI\u00d3N<\/h2>\n<p><img decoding=\"async\" class=\"size-thumbnail wp-image-95346 alignright\" src=\"https:\/\/wave-lovers.com\/wp-content\/uploads\/2023\/06\/e-foil-waydoo-flyer-one-epp-board-150x150.jpg\" alt=\"\" width=\"150\" height=\"150\" srcset=\"https:\/\/wave-lovers.com\/wp-content\/uploads\/2023\/06\/e-foil-waydoo-flyer-one-epp-board-150x150.jpg 150w, https:\/\/wave-lovers.com\/wp-content\/uploads\/2023\/06\/e-foil-waydoo-flyer-one-epp-board-300x300.jpg 300w, https:\/\/wave-lovers.com\/wp-content\/uploads\/2023\/06\/e-foil-waydoo-flyer-one-epp-board-1024x1024.jpg 1024w, https:\/\/wave-lovers.com\/wp-content\/uploads\/2023\/06\/e-foil-waydoo-flyer-one-epp-board-768x768.jpg 768w, https:\/\/wave-lovers.com\/wp-content\/uploads\/2023\/06\/e-foil-waydoo-flyer-one-epp-board-1536x1536.jpg 1536w, https:\/\/wave-lovers.com\/wp-content\/uploads\/2023\/06\/e-foil-waydoo-flyer-one-epp-board-600x600.jpg 600w, https:\/\/wave-lovers.com\/wp-content\/uploads\/2023\/06\/e-foil-waydoo-flyer-one-epp-board-100x100.jpg 100w, https:\/\/wave-lovers.com\/wp-content\/uploads\/2023\/06\/e-foil-waydoo-flyer-one-epp-board-32x32.jpg 32w, https:\/\/wave-lovers.com\/wp-content\/uploads\/2023\/06\/e-foil-waydoo-flyer-one-epp-board.jpg 1800w\" sizes=\"(max-width: 150px) 100vw, 150px\" \/>La bater\u00eda se introduce en la tabla desde arriba y se fija al lateral con dos tornillos. Desde el otro lado, el m\u00e1stil se introduce en la abertura de la tabla desde abajo y se atornilla a la tabla de surf. Con este sencillo concepto \"plug and play\", no es necesario conectar cables. La tabla de surf es f\u00e1cil de guardar gracias a sus reducidas dimensiones. Incluso si desea guardarla sin la bolsa correspondiente, tiene varias ventajas. Por ejemplo, un suelo sensible no se rayar\u00e1 por el material blando de la tabla de surf. Si te caes sobre la tabla, no te har\u00e1s da\u00f1o. Cuando se utiliza en el mar, la tabla absorbe un poco de agua. Por lo tanto, despu\u00e9s de usarla, debes dejar que se seque antes de guardarla.<\/p>\n<h2>Waydoo Edici\u00f3n EPP S\u00f3lo Para Tabla - DETALLES<\/h2>\n<ul>\n<li>Material: Espuma de polipropileno expandido (EPP) reforzada con un armaz\u00f3n de aleaci\u00f3n de aluminio<\/li>\n<li>Volumen: 110L<\/li>\n<li>Peso: 9.8KG (27.8LBS)<\/li>\n<li>Tama\u00f1o: 1671 cm x 73 cm x 16 cm (65.8\" x 28.7\" x 6.3\")<\/li>\n<\/ul>\n","protected":false},"excerpt":{"rendered":"<p>Tabla de repuesto para el Waydoo Flyer One plus eFoil. Esta versi\u00f3n revisada es 3,6 kg m\u00e1s ligera y hasta un 60% m\u00e1s duradera.<\/p>\n","protected":false},"featured_media":129453,"comment_status":"open","ping_status":"closed","template":"","meta":{"_acf_changed":false,"_editorskit_title_hidden":false,"_editorskit_reading_time":0,"_editorskit_is_block_options_detached":false,"_editorskit_block_options_position":"{}","site-sidebar-layout":"default","site-content-layout":"default","ast-site-content-layout":"default","site-content-style":"default","site-sidebar-style":"default","ast-global-header-display":"","ast-banner-title-visibility":"","ast-main-header-display":"","ast-hfb-above-header-display":"","ast-hfb-below-header-display":"","ast-hfb-mobile-header-display":"","site-post-title":"","ast-breadcrumbs-content":"","ast-featured-img":"","footer-sml-layout":"","ast-disable-related-posts":"","theme-transparent-header-meta":"default","adv-header-id-meta":"","stick-header-meta":"","header-above-stick-meta":"","header-main-stick-meta":"","header-below-stick-meta":"","astra-migrate-meta-layouts":"set","ast-page-background-enabled":"default","ast-page-background-meta":{"desktop":{"background-color":"","background-image":"","background-repeat":"repeat","background-position":"center center","background-size":"auto","background-attachment":"scroll","background-type":"","background-media":"","overlay-type":"","overlay-color":"","overlay-opacity":"","overlay-gradient":""},"tablet":{"background-color":"","background-image":"","background-repeat":"repeat","background-position":"center center","background-size":"auto","background-attachment":"scroll","background-type":"","background-media":"","overlay-type":"","overlay-color":"","overlay-opacity":"","overlay-gradient":""},"mobile":{"background-color":"","background-image":"","background-repeat":"repeat","background-position":"center center","background-size":"auto","background-attachment":"scroll","background-type":"","background-media":"","overlay-type":"","overlay-color":"","overlay-opacity":"","overlay-gradient":""}},"ast-content-background-meta":{"desktop":{"background-color":"var(--ast-global-color-5)","background-image":"","background-repeat":"repeat","background-position":"center center","background-size":"auto","background-attachment":"scroll","background-type":"","background-media":"","overlay-type":"","overlay-color":"","overlay-opacity":"","overlay-gradient":""},"tablet":{"background-color":"var(--ast-global-color-5)","background-image":"","background-repeat":"repeat","background-position":"center center","background-size":"auto","background-attachment":"scroll","background-type":"","background-media":"","overlay-type":"","overlay-color":"","overlay-opacity":"","overlay-gradient":""},"mobile":{"background-color":"var(--ast-global-color-5)","background-image":"","background-repeat":"repeat","background-position":"center center","background-size":"auto","background-attachment":"scroll","background-type":"","background-media":"","overlay-type":"","overlay-color":"","overlay-opacity":"","overlay-gradient":""}},"_jf_save_progress":""},"product_brand":[],"product_cat":[114,60,536,4098,4099,24],"product_tag":[],"class_list":{"0":"post-148173","1":"product","2":"type-product","3":"status-publish","4":"has-post-thumbnail","6":"product_cat-comprar","7":"product_cat-buy","8":"product_cat-e-foil-spare-parts","9":"product_cat-recambios-e-foil","10":"product_cat-recambios","11":"product_cat-spare-parts","12":"product_shipping_class-lg-es","13":"desktop-align-center","14":"tablet-align-center","15":"mobile-align-center","16":"ast-product-gallery-layout-horizontal","17":"ast-magnify-disabled","18":"ast-product-tabs-layout-horizontal","20":"first","21":"instock","22":"taxable","23":"shipping-taxable","24":"purchasable","25":"product-type-simple"},"acf":[],"brizy_media":[],"_links":{"self":[{"href":"https:\/\/wave-lovers.com\/es\/wp-json\/wp\/v2\/product\/148173","targetHints":{"allow":["GET"]}}],"collection":[{"href":"https:\/\/wave-lovers.com\/es\/wp-json\/wp\/v2\/product"}],"about":[{"href":"https:\/\/wave-lovers.com\/es\/wp-json\/wp\/v2\/types\/product"}],"replies":[{"embeddable":true,"href":"https:\/\/wave-lovers.com\/es\/wp-json\/wp\/v2\/comments?post=148173"}],"wp:featuredmedia":[{"embeddable":true,"href":"https:\/\/wave-lovers.com\/es\/wp-json\/wp\/v2\/media\/129453"}],"wp:attachment":[{"href":"https:\/\/wave-lovers.com\/es\/wp-json\/wp\/v2\/media?parent=148173"}],"wp:term":[{"taxonomy":"product_brand","embeddable":true,"href":"https:\/\/wave-lovers.com\/es\/wp-json\/wp\/v2\/product_brand?post=148173"},{"taxonomy":"product_cat","embeddable":true,"href":"https:\/\/wave-lovers.com\/es\/wp-json\/wp\/v2\/product_cat?post=148173"},{"taxonomy":"product_tag","embeddable":true,"href":"https:\/\/wave-lovers.com\/es\/wp-json\/wp\/v2\/product_tag?post=148173"}],"curies":[{"name":"wp","href":"https:\/\/api.w.org\/{rel}","templated":true}]}}