{"id":148135,"date":"2021-11-20T23:36:19","date_gmt":"2021-11-20T22:36:19","guid":{"rendered":"https:\/\/wave-lovers.com\/waydoo-flyer-one-e-foil-bluetooth-controller\/"},"modified":"2024-09-09T10:43:58","modified_gmt":"2024-09-09T08:43:58","slug":"waydoo-controlador-bluetooth","status":"publish","type":"product","link":"https:\/\/wave-lovers.com\/es\/waydoo-controlador-bluetooth\/","title":{"rendered":"Waydoo Flyer One Controlador Bluetooth"},"content":{"rendered":"<h2>Waydoo Controlador Bluetooth - INFORMACI\u00d3N<\/h2>\n<p><img decoding=\"async\" class=\"size-thumbnail wp-image-95355 alignright\" src=\"https:\/\/wave-lovers.com\/wp-content\/uploads\/2023\/06\/e-foil-waydoo-flyer-one-jet-one-bluetooth-controller-1-150x150.jpg\" alt=\"\" width=\"150\" height=\"150\" srcset=\"https:\/\/wave-lovers.com\/wp-content\/uploads\/2023\/06\/e-foil-waydoo-flyer-one-jet-one-bluetooth-controller-1-150x150.jpg 150w, https:\/\/wave-lovers.com\/wp-content\/uploads\/2023\/06\/e-foil-waydoo-flyer-one-jet-one-bluetooth-controller-1-300x300.jpg 300w, https:\/\/wave-lovers.com\/wp-content\/uploads\/2023\/06\/e-foil-waydoo-flyer-one-jet-one-bluetooth-controller-1-1024x1024.jpg 1024w, https:\/\/wave-lovers.com\/wp-content\/uploads\/2023\/06\/e-foil-waydoo-flyer-one-jet-one-bluetooth-controller-1-768x768.jpg 768w, https:\/\/wave-lovers.com\/wp-content\/uploads\/2023\/06\/e-foil-waydoo-flyer-one-jet-one-bluetooth-controller-1-1536x1536.jpg 1536w, https:\/\/wave-lovers.com\/wp-content\/uploads\/2023\/06\/e-foil-waydoo-flyer-one-jet-one-bluetooth-controller-1-600x600.jpg 600w, https:\/\/wave-lovers.com\/wp-content\/uploads\/2023\/06\/e-foil-waydoo-flyer-one-jet-one-bluetooth-controller-1-100x100.jpg 100w, https:\/\/wave-lovers.com\/wp-content\/uploads\/2023\/06\/e-foil-waydoo-flyer-one-jet-one-bluetooth-controller-1-32x32.jpg 32w, https:\/\/wave-lovers.com\/wp-content\/uploads\/2023\/06\/e-foil-waydoo-flyer-one-jet-one-bluetooth-controller-1.jpg 1800w\" sizes=\"(max-width: 150px) 100vw, 150px\" \/>Controlador Bluetooth de 24 pasos para tu WAYDOO FLYER eFoil. Controla f\u00e1cilmente la velocidad a la que vas con la punta de tu dedo. Consulta tu velocidad y marcha de un solo vistazo en la pantalla LCD antirreflejos de 1,54\". Con un GPS incorporado, el controlador realiza un seguimiento de tu progreso en cada sesi\u00f3n. Cuenta con un gatillo para un f\u00e1cil control de la velocidad. Preprogramaci\u00f3n de la potencia m\u00e1xima de conducci\u00f3n para un manejo m\u00e1s sencillo y un proceso de aprendizaje m\u00e1s r\u00e1pido. Compatible con todos los modelos Flyer One eFoil de Waydoo.<\/p>\n<h2>Waydoo Controlador Bluetooth - DETALLES<\/h2>\n<ul>\n<li>Peso: 0.23KG (0.55LBS)<\/li>\n<li>Protecci\u00f3n contra el agua: IP68 impermeable<\/li>\n<li>Conectividad: Bluetooth inal\u00e1mbrico<\/li>\n<li>Caracter\u00edsticas: Limitador de velocidad, indicador de velocidad, insumergible<\/li>\n<li>Bater\u00eda: 10 horas de autonom\u00eda \/ 3 horas de carga<\/li>\n<li>Actualizaci\u00f3n: El firmware se puede actualizar con una aplicaci\u00f3n personalizada para smartphone<\/li>\n<li>Cable de carga: Magn\u00e9tico<\/li>\n<li>Niveles de velocidad: 24<\/li>\n<li>Pantalla: OLED<\/li>\n<li>Bater\u00eda: 1850 Li-Io<\/li>\n<li>Mecanismo de control: Disparador<\/li>\n<\/ul>\n","protected":false},"excerpt":{"rendered":"<p>Controlador Bluetooth de 24 pasos para tu WAYDOO eFoil. Controla f\u00e1cilmente la velocidad con la punta de tu dedo.<\/p>\n","protected":false},"featured_media":129421,"comment_status":"open","ping_status":"closed","template":"","meta":{"_acf_changed":false,"_editorskit_title_hidden":false,"_editorskit_reading_time":0,"_editorskit_is_block_options_detached":false,"_editorskit_block_options_position":"{}","site-sidebar-layout":"default","site-content-layout":"default","ast-site-content-layout":"default","site-content-style":"default","site-sidebar-style":"default","ast-global-header-display":"","ast-banner-title-visibility":"","ast-main-header-display":"","ast-hfb-above-header-display":"","ast-hfb-below-header-display":"","ast-hfb-mobile-header-display":"","site-post-title":"","ast-breadcrumbs-content":"","ast-featured-img":"","footer-sml-layout":"","ast-disable-related-posts":"","theme-transparent-header-meta":"default","adv-header-id-meta":"","stick-header-meta":"","header-above-stick-meta":"","header-main-stick-meta":"","header-below-stick-meta":"","astra-migrate-meta-layouts":"set","ast-page-background-enabled":"default","ast-page-background-meta":{"desktop":{"background-color":"","background-image":"","background-repeat":"repeat","background-position":"center center","background-size":"auto","background-attachment":"scroll","background-type":"","background-media":"","overlay-type":"","overlay-color":"","overlay-opacity":"","overlay-gradient":""},"tablet":{"background-color":"","background-image":"","background-repeat":"repeat","background-position":"center center","background-size":"auto","background-attachment":"scroll","background-type":"","background-media":"","overlay-type":"","overlay-color":"","overlay-opacity":"","overlay-gradient":""},"mobile":{"background-color":"","background-image":"","background-repeat":"repeat","background-position":"center center","background-size":"auto","background-attachment":"scroll","background-type":"","background-media":"","overlay-type":"","overlay-color":"","overlay-opacity":"","overlay-gradient":""}},"ast-content-background-meta":{"desktop":{"background-color":"var(--ast-global-color-5)","background-image":"","background-repeat":"repeat","background-position":"center center","background-size":"auto","background-attachment":"scroll","background-type":"","background-media":"","overlay-type":"","overlay-color":"","overlay-opacity":"","overlay-gradient":""},"tablet":{"background-color":"var(--ast-global-color-5)","background-image":"","background-repeat":"repeat","background-position":"center center","background-size":"auto","background-attachment":"scroll","background-type":"","background-media":"","overlay-type":"","overlay-color":"","overlay-opacity":"","overlay-gradient":""},"mobile":{"background-color":"var(--ast-global-color-5)","background-image":"","background-repeat":"repeat","background-position":"center center","background-size":"auto","background-attachment":"scroll","background-type":"","background-media":"","overlay-type":"","overlay-color":"","overlay-opacity":"","overlay-gradient":""}},"_jf_save_progress":""},"product_brand":[],"product_cat":[4098,60,114,536,4099,24],"product_tag":[],"class_list":{"0":"post-148135","1":"product","2":"type-product","3":"status-publish","4":"has-post-thumbnail","6":"product_cat-recambios-e-foil","7":"product_cat-buy","8":"product_cat-comprar","9":"product_cat-e-foil-spare-parts","10":"product_cat-recambios","11":"product_cat-spare-parts","12":"product_shipping_class-s-es","13":"desktop-align-center","14":"tablet-align-center","15":"mobile-align-center","16":"ast-product-gallery-layout-horizontal","17":"ast-product-gallery-with-no-image","18":"ast-magnify-disabled","19":"ast-product-tabs-layout-horizontal","21":"first","22":"instock","23":"taxable","24":"shipping-taxable","25":"purchasable","26":"product-type-simple"},"acf":[],"brizy_media":[],"_links":{"self":[{"href":"https:\/\/wave-lovers.com\/es\/wp-json\/wp\/v2\/product\/148135","targetHints":{"allow":["GET"]}}],"collection":[{"href":"https:\/\/wave-lovers.com\/es\/wp-json\/wp\/v2\/product"}],"about":[{"href":"https:\/\/wave-lovers.com\/es\/wp-json\/wp\/v2\/types\/product"}],"replies":[{"embeddable":true,"href":"https:\/\/wave-lovers.com\/es\/wp-json\/wp\/v2\/comments?post=148135"}],"wp:featuredmedia":[{"embeddable":true,"href":"https:\/\/wave-lovers.com\/es\/wp-json\/wp\/v2\/media\/129421"}],"wp:attachment":[{"href":"https:\/\/wave-lovers.com\/es\/wp-json\/wp\/v2\/media?parent=148135"}],"wp:term":[{"taxonomy":"product_brand","embeddable":true,"href":"https:\/\/wave-lovers.com\/es\/wp-json\/wp\/v2\/product_brand?post=148135"},{"taxonomy":"product_cat","embeddable":true,"href":"https:\/\/wave-lovers.com\/es\/wp-json\/wp\/v2\/product_cat?post=148135"},{"taxonomy":"product_tag","embeddable":true,"href":"https:\/\/wave-lovers.com\/es\/wp-json\/wp\/v2\/product_tag?post=148135"}],"curies":[{"name":"wp","href":"https:\/\/api.w.org\/{rel}","templated":true}]}}