{"id":148124,"date":"2021-11-21T19:02:27","date_gmt":"2021-11-21T18:02:27","guid":{"rendered":"https:\/\/wave-lovers.com\/waydoo-stabilizer-wing\/"},"modified":"2024-09-11T14:36:35","modified_gmt":"2024-09-11T12:36:35","slug":"waydoo-alas-estabilizadoras-traseras","status":"publish","type":"product","link":"https:\/\/wave-lovers.com\/es\/waydoo-alas-estabilizadoras-traseras\/","title":{"rendered":"Waydoo Flyer One Alas Estabilizadoras (Traseras)"},"content":{"rendered":"<h2>Alas estabilizadoras Waydoo Flyer One - INFORMACI\u00d3N<\/h2>\n<p>El aler\u00f3n trasero proporciona la estabilidad necesaria durante la conducci\u00f3n y, por lo tanto, debe ser especialmente robusto. El estabilizador est\u00e1 disponible en dos versiones. El modelo antiguo est\u00e1 hecho de compuesto de nylon, mientras que el m\u00e1s nuevo y revisado \"SURFING 322\" est\u00e1 hecho de fibra de carbono. Es m\u00e1s \u00e1gil y proporciona una mejor sensaci\u00f3n general. \u00a1Pru\u00e9balo ahora!<\/p>\n<h2>Alas estabilizadoras Waydoo Flyer One - DETALLES<\/h2>\n<p>Material: Nylon compuesto \/ Fibra de carbono<br \/>\nPeso: 0.3KG (0.7LBS)<br \/>\nTama\u00f1o del ala: 45 cm x 13 cm x 3 cm (17.7\" x 5.1\" x 1.2\")<\/p>\n","protected":false},"excerpt":{"rendered":"<p>El estabilizador est\u00e1 disponible en dos versiones. El modelo antiguo est\u00e1 hecho de compuesto de nailon, mientras que la versi\u00f3n m\u00e1s nueva y revisada \"SURFING 322\" est\u00e1 hecha de fibra de carbono. \u00a1Pru\u00e9balo ahora!<\/p>\n","protected":false},"featured_media":129344,"comment_status":"open","ping_status":"closed","template":"","meta":{"_acf_changed":false,"_editorskit_title_hidden":false,"_editorskit_reading_time":0,"_editorskit_is_block_options_detached":false,"_editorskit_block_options_position":"{}","site-sidebar-layout":"default","site-content-layout":"default","ast-site-content-layout":"default","site-content-style":"default","site-sidebar-style":"default","ast-global-header-display":"","ast-banner-title-visibility":"","ast-main-header-display":"","ast-hfb-above-header-display":"","ast-hfb-below-header-display":"","ast-hfb-mobile-header-display":"","site-post-title":"","ast-breadcrumbs-content":"","ast-featured-img":"","footer-sml-layout":"","ast-disable-related-posts":"","theme-transparent-header-meta":"default","adv-header-id-meta":"","stick-header-meta":"","header-above-stick-meta":"","header-main-stick-meta":"","header-below-stick-meta":"","astra-migrate-meta-layouts":"set","ast-page-background-enabled":"default","ast-page-background-meta":{"desktop":{"background-color":"","background-image":"","background-repeat":"repeat","background-position":"center center","background-size":"auto","background-attachment":"scroll","background-type":"","background-media":"","overlay-type":"","overlay-color":"","overlay-opacity":"","overlay-gradient":""},"tablet":{"background-color":"","background-image":"","background-repeat":"repeat","background-position":"center center","background-size":"auto","background-attachment":"scroll","background-type":"","background-media":"","overlay-type":"","overlay-color":"","overlay-opacity":"","overlay-gradient":""},"mobile":{"background-color":"","background-image":"","background-repeat":"repeat","background-position":"center center","background-size":"auto","background-attachment":"scroll","background-type":"","background-media":"","overlay-type":"","overlay-color":"","overlay-opacity":"","overlay-gradient":""}},"ast-content-background-meta":{"desktop":{"background-color":"var(--ast-global-color-5)","background-image":"","background-repeat":"repeat","background-position":"center center","background-size":"auto","background-attachment":"scroll","background-type":"","background-media":"","overlay-type":"","overlay-color":"","overlay-opacity":"","overlay-gradient":""},"tablet":{"background-color":"var(--ast-global-color-5)","background-image":"","background-repeat":"repeat","background-position":"center center","background-size":"auto","background-attachment":"scroll","background-type":"","background-media":"","overlay-type":"","overlay-color":"","overlay-opacity":"","overlay-gradient":""},"mobile":{"background-color":"var(--ast-global-color-5)","background-image":"","background-repeat":"repeat","background-position":"center center","background-size":"auto","background-attachment":"scroll","background-type":"","background-media":"","overlay-type":"","overlay-color":"","overlay-opacity":"","overlay-gradient":""}},"_jf_save_progress":""},"product_brand":[],"product_cat":[4098,114,4099],"product_tag":[],"class_list":{"0":"post-148124","1":"product","2":"type-product","3":"status-publish","4":"has-post-thumbnail","6":"product_cat-recambios-e-foil","7":"product_cat-comprar","8":"product_cat-recambios","9":"product_shipping_class-m-es","10":"desktop-align-center","11":"tablet-align-center","12":"mobile-align-center","13":"ast-product-gallery-layout-horizontal","14":"ast-magnify-disabled","15":"ast-product-single-variable","16":"ast-product-tabs-layout-horizontal","18":"first","19":"instock","20":"taxable","21":"shipping-taxable","22":"purchasable","23":"product-type-variable"},"acf":[],"brizy_media":[],"_links":{"self":[{"href":"https:\/\/wave-lovers.com\/es\/wp-json\/wp\/v2\/product\/148124","targetHints":{"allow":["GET"]}}],"collection":[{"href":"https:\/\/wave-lovers.com\/es\/wp-json\/wp\/v2\/product"}],"about":[{"href":"https:\/\/wave-lovers.com\/es\/wp-json\/wp\/v2\/types\/product"}],"replies":[{"embeddable":true,"href":"https:\/\/wave-lovers.com\/es\/wp-json\/wp\/v2\/comments?post=148124"}],"wp:featuredmedia":[{"embeddable":true,"href":"https:\/\/wave-lovers.com\/es\/wp-json\/wp\/v2\/media\/129344"}],"wp:attachment":[{"href":"https:\/\/wave-lovers.com\/es\/wp-json\/wp\/v2\/media?parent=148124"}],"wp:term":[{"taxonomy":"product_brand","embeddable":true,"href":"https:\/\/wave-lovers.com\/es\/wp-json\/wp\/v2\/product_brand?post=148124"},{"taxonomy":"product_cat","embeddable":true,"href":"https:\/\/wave-lovers.com\/es\/wp-json\/wp\/v2\/product_cat?post=148124"},{"taxonomy":"product_tag","embeddable":true,"href":"https:\/\/wave-lovers.com\/es\/wp-json\/wp\/v2\/product_tag?post=148124"}],"curies":[{"name":"wp","href":"https:\/\/api.w.org\/{rel}","templated":true}]}}