{"id":148115,"date":"2022-04-20T14:27:30","date_gmt":"2022-04-20T12:27:30","guid":{"rendered":"https:\/\/wave-lovers.com\/audi-e-tron-foil-by-aerofoils-efoil\/"},"modified":"2024-12-09T00:25:37","modified_gmt":"2024-12-08T23:25:37","slug":"audi-e-tron-foil-de-aerofoils","status":"publish","type":"product","link":"https:\/\/wave-lovers.com\/es\/audi-e-tron-foil-de-aerofoils\/","title":{"rendered":"Audi E-Tron Foil De Aerofoils"},"content":{"rendered":"<h2 style=\"text-align: center;\"><span style=\"font-size: 1.8em;\"><strong>Audi E-Tron Foil De Aerofoils<\/strong><\/span><\/h2>\n<h2 style=\"text-align: center;\"><span style=\"font-size: 1.3em;\">El Hydrofoil el\u00e9ctrico m\u00e1s seguro del mundo<\/span><\/h2>\n<p style=\"font-size: 1.1em; text-align: center;\"><strong>Experimente una de las tecnolog\u00edas m\u00e1s apasionantes del siglo XXI<\/strong><\/p>\n<hr \/>\n<h2><span style=\"font-size: .7em;\"><strong><u>Audi e-tron foil - INFORMACI\u00d3N GENERAL<\/u><\/strong><\/span><\/h2>\n<h3><span style=\"font-size: .6em;\"><strong>TECNOLOG\u00cdA MODERNA<\/strong><\/span><\/h3>\n<p>Con la tecnolog\u00eda llega toda una nueva era de posibilidades. Imag\u00ednese poder explorar la naturaleza de forma sostenible y consciente, lejos del ruido y las aglomeraciones de las zonas pobladas. El sistema de propulsi\u00f3n sin engranajes est\u00e1 dise\u00f1ado para ofrecer durabilidad y bajos niveles sonoros, lo que lo convierte en la opci\u00f3n perfecta para aquellos que buscan experimentar una de las tecnolog\u00edas m\u00e1s emocionantes del siglo XXI.<\/p>\n<h3><span style=\"font-size: .6em;\"><strong>DESLIZAMIENTO PERFECTO<\/strong><\/span><\/h3>\n<p>El SpinOff de Audi AG combina dos mundos y es el resultado de la larga experiencia y conocimientos de dise\u00f1o de Audi, combinados con 20 a\u00f1os de Know-how en el dise\u00f1o de aviones. Esta combinaci\u00f3n \u00fanica da como resultado un excelente eFoil que no s\u00f3lo es est\u00e9ticamente agradable, sino que tambi\u00e9n proporciona el equilibrio perfecto entre rendimiento y eficiencia.<\/p>\n<h3><span style=\"font-size: .6em;\"><strong>VUELA M\u00c1S ALTO. M\u00c1S PROFUNDO.<\/strong><\/span><\/h3>\n<p>Es hora de volar m\u00e1s alto. Esta es una excelente elecci\u00f3n para cualquiera que busque sacar el m\u00e1ximo partido a su experiencia con el eFoiling. Su m\u00e1stil de 80 cm puede aprovecharse al m\u00e1ximo para volar mejor y m\u00e1s alto sobre mar gruesa y realizar giros m\u00e1s pronunciados. Adem\u00e1s, el eFoil e-tron proporciona reservas suficientes para surfear las grandes olas. Como resultado, es perfecta para cualquiera que quiera superar sus l\u00edmites en el surf y explorar nuevos retos.<\/p>\n<figure id=\"attachment_60812\" aria-describedby=\"caption-attachment-60812\" style=\"width: 1200px\" class=\"wp-caption aligncenter\"><img fetchpriority=\"high\" decoding=\"async\" class=\"wp-image-60812 size-full\" src=\"https:\/\/wave-lovers.com\/wp-content\/uploads\/2022\/04\/audi-etron-efoil-carbon-mast-in-action.jpg\" alt=\"Audi e-tron e-Foil 80cm Carbon Mast on the Water\" width=\"1200\" height=\"800\" srcset=\"https:\/\/wave-lovers.com\/wp-content\/uploads\/2022\/04\/audi-etron-efoil-carbon-mast-in-action.jpg 1200w, https:\/\/wave-lovers.com\/wp-content\/uploads\/2022\/04\/audi-etron-efoil-carbon-mast-in-action-500x333.jpg 500w, https:\/\/wave-lovers.com\/wp-content\/uploads\/2022\/04\/audi-etron-efoil-carbon-mast-in-action-600x400.jpg 600w, https:\/\/wave-lovers.com\/wp-content\/uploads\/2022\/04\/audi-etron-efoil-carbon-mast-in-action-300x200.jpg 300w, https:\/\/wave-lovers.com\/wp-content\/uploads\/2022\/04\/audi-etron-efoil-carbon-mast-in-action-1024x683.jpg 1024w, https:\/\/wave-lovers.com\/wp-content\/uploads\/2022\/04\/audi-etron-efoil-carbon-mast-in-action-768x512.jpg 768w\" sizes=\"(max-width: 1200px) 100vw, 1200px\" \/><figcaption id=\"caption-attachment-60812\" class=\"wp-caption-text\"><span style=\"color: #999999;\">Audi e-tron Foil de Aerofoils<\/span><\/figcaption><\/figure>\n<h3><span style=\"font-size: .6em;\"><strong>EQUILIBRIO M\u00c1XIMO<\/strong><\/span><\/h3>\n<p>El equilibrio m\u00e1ximo es la clave del \u00e9xito de la experiencia eFoil. El m\u00e1stil y las alas de fibra de carbono ofrecen la m\u00e1xima rigidez con un peso reducido. Podr\u00e1 sentir la corriente bajo sus pies y utilizar movimientos definidos para dirigir su e-tron con precisi\u00f3n al tomar las curvas.<\/p>\n<h3><span style=\"font-size: .6em;\"><strong>E-DRIVE ULTRACOMPACTO - FSP (H\u00c9LICE TOTALMENTE BLINDADA)<\/strong><\/span><\/h3>\n<p>La FSP (h\u00e9lice totalmente blindada) es una unidad motriz ultracompacta que se ha dise\u00f1ado y fabricado pensando en el rendimiento y la seguridad, por lo que es ideal para quienes buscan obtener el eFoil m\u00e1s seguro y r\u00e1pido. Las piezas giratorias no se pueden tocar, lo que evita lesiones a los usuarios. Esta unidad motriz ultracompacta garantiza una resistencia m\u00ednima al agua y proporciona unos niveles de potencia y empuje inigualables.<\/p>\n<h3><span style=\"font-size: .6em;\"><strong>CONTROL TOTAL DE NIVEL A NIVEL<\/strong><\/span><\/h3>\n<p>El controlador e-tron es la forma perfecta de tomar el control de su experiencia de conducci\u00f3n. Con 10 niveles de potencia y un acelerador de ajuste extra fino, puede adaptar su estilo de conducci\u00f3n a sus preferencias personales. Las funciones inteligentes del controlador tambi\u00e9n facilitan la adaptaci\u00f3n del comportamiento al volante, a sus capacidades. Gracias a su pantalla en color de gran nitidez, siempre tendr\u00e1 en sus manos todos los datos de conducci\u00f3n que necesite. Esto le ayudar\u00e1 a tener una experiencia m\u00e1s agradable.<\/p>\n<figure id=\"attachment_60809\" aria-describedby=\"caption-attachment-60809\" style=\"width: 1200px\" class=\"wp-caption aligncenter\"><img decoding=\"async\" class=\"wp-image-60809 size-full\" style=\"font-style: inherit; font-weight: bold; text-align: center;\" src=\"https:\/\/wave-lovers.com\/wp-content\/uploads\/2022\/04\/audi-etron-efoil-anna-gasser-sundowner-surfing.jpg\" alt=\"Anna Gasser Sundowner Surfing with Audi e-tron electric Hydrofoil\" width=\"1200\" height=\"800\" srcset=\"https:\/\/wave-lovers.com\/wp-content\/uploads\/2022\/04\/audi-etron-efoil-anna-gasser-sundowner-surfing.jpg 1200w, https:\/\/wave-lovers.com\/wp-content\/uploads\/2022\/04\/audi-etron-efoil-anna-gasser-sundowner-surfing-500x333.jpg 500w, https:\/\/wave-lovers.com\/wp-content\/uploads\/2022\/04\/audi-etron-efoil-anna-gasser-sundowner-surfing-600x400.jpg 600w, https:\/\/wave-lovers.com\/wp-content\/uploads\/2022\/04\/audi-etron-efoil-anna-gasser-sundowner-surfing-300x200.jpg 300w, https:\/\/wave-lovers.com\/wp-content\/uploads\/2022\/04\/audi-etron-efoil-anna-gasser-sundowner-surfing-1024x683.jpg 1024w, https:\/\/wave-lovers.com\/wp-content\/uploads\/2022\/04\/audi-etron-efoil-anna-gasser-sundowner-surfing-768x512.jpg 768w\" sizes=\"(max-width: 1200px) 100vw, 1200px\" \/><figcaption id=\"caption-attachment-60809\" class=\"wp-caption-text\"><span style=\"color: #999999;\">Anna Gasser surfeando con un Audi e-tron hydrofoil el\u00e9ctrico<br \/><\/span><\/figcaption><\/figure>\n<h3><span style=\"font-size: .6em;\"><strong>BATER\u00cdA DE M\u00c1XIMA AUTONOM\u00cdA<\/strong><\/span><\/h3>\n<p>La seguridad y el rendimiento fueron los principales factores que impulsaron el desarrollo de la bater\u00eda. El uso de celdas de alto rendimiento consigue una gran autonom\u00eda con muy poco peso. La supervisi\u00f3n constante permite ajustar con precisi\u00f3n todo el sistema bas\u00e1ndose en los datos recopilados. Los problemas se detectan antes de que se produzcan. La monitorizaci\u00f3n constante proporciona datos excelentes para ajustar con precisi\u00f3n todo el sistema. Provisto de dos m\u00f3dulos de radio, que garantizan que permanezca conectado incluso durante las maniobras de conducci\u00f3n m\u00e1s dif\u00edciles. El eFoil nunca perder\u00e1 su conexi\u00f3n.<\/p>\n<h2>Audi e-tron foil - DESTACADOS<\/h2>\n<ul>\n<li>El Hydrofoil el\u00e9ctrico m\u00e1s seguro del mundo. Sin h\u00e9lice abierta. Sin lesiones por piezas giratorias de la unidad motriz.<\/li>\n<li>Unidad motriz totalmente integrada. Dise\u00f1o ultradelgado y aerodin\u00e1mico.<\/li>\n<li>El mejor planeo del mercado. M\u00ednima resistencia al agua.<\/li>\n<li>Bater\u00eda inteligente de alto rendimiento. Gran autonom\u00eda con muy poco peso.<\/li>\n<li>M\u00e1stil de carbono de 80 cm de longitud. Curvas m\u00e1s pronunciadas y mejor manejo en olas picadas. Altura m\u00e1xima.<\/li>\n<li>Sin mantenimiento. Motor de propulsi\u00f3n sin engranajes. Sin conductos de refrigeraci\u00f3n.<\/li>\n<li>Extremadamente silencioso. Ruido optimizado.<\/li>\n<li>Acelerador de alta sensibilidad. 10 niveles de potencia.<\/li>\n<li>Mando a distancia inteligente de alta tecnolog\u00eda con pantalla en color ultra n\u00edtida.<\/li>\n<li>2 m\u00f3dulos de radio (delantero y trasero) para una conexi\u00f3n estable durante maniobras de conducci\u00f3n extremas.<\/li>\n<li>APP para smartphone (gratuita).<\/li>\n<li>GPS &amp; Giroscopio para evaluaci\u00f3n de datos y mejor equipamiento en futuros desarrollos.<\/li>\n<li>Fabricado en Alemania.<\/li>\n<li>Construido con fibra de carbono. Robusto y ligero.<\/li>\n<\/ul>\n<h2>Audi e-tron foil - DATOS T\u00c9CNICOS Y PRESTACIONES<\/h2>\n\n<table id=\"tablepress-7\" class=\"tablepress tablepress-id-7 audi-foil tbody-has-connected-cells\">\n<tbody>\n<tr class=\"row-1\">\n\t<td colspan=\"2\" class=\"column-1\"><h3>RENDIMIENTO - SEGURIDAD - CALIDAD<\/h3><\/td>\n<\/tr>\n<tr class=\"row-2\">\n\t<td class=\"column-1\">TIEMPO DE CONDUCCI\u00d3N<\/td><td class=\"column-2\">\u00f81-1,5h. tiempo m\u00e1x 2h.*<\/td>\n<\/tr>\n<tr class=\"row-3\">\n\t<td class=\"column-1\">VELOCIDAD<\/td><td class=\"column-2\">\u00f820-30 km\/h - max 50\/h.*<\/td>\n<\/tr>\n<tr class=\"row-4\">\n\t<td class=\"column-1\">RANGO<\/td><td class=\"column-2\">\u00f820-30 km\/h - max 40 km.*<\/td>\n<\/tr>\n<tr class=\"row-5\">\n\t<td class=\"column-1\">SENSORES<\/td><td class=\"column-2\">GPS, Giroscopio, Registro de datos.<\/td>\n<\/tr>\n<tr class=\"row-6\">\n\t<td class=\"column-1\">APP<\/td><td class=\"column-2\">Pr\u00f3ximamente.<\/td>\n<\/tr>\n<tr class=\"row-7\">\n\t<td colspan=\"2\" class=\"column-1\">* La velocidad m\u00e1xima, la autonom\u00eda y el tiempo de vuelo dependen del peso del piloto, de las condiciones meteorol\u00f3gicas, de la altitud de navegaci\u00f3n y del ala y cola elegidas.<\/td>\n<\/tr>\n<tr class=\"row-8\">\n\t<td colspan=\"2\" class=\"column-1\"><h3>DATOS T\u00c9CNICOS<\/h3><\/td>\n<\/tr>\n<tr class=\"row-9\">\n\t<td colspan=\"2\" class=\"column-1\"><h4>#PROPULSI\u00d3N<\/h4><\/td>\n<\/tr>\n<tr class=\"row-10\">\n\t<td class=\"column-1\">POTENCIA DEL EJE<\/td><td class=\"column-2\">4,5 kW<\/td>\n<\/tr>\n<tr class=\"row-11\">\n\t<td class=\"column-1\">LONGITUD DE M\u00c1STIL UTILIZABLE<\/td><td class=\"column-2\">80 cm<\/td>\n<\/tr>\n<tr class=\"row-12\">\n\t<td class=\"column-1\">PESO<\/td><td class=\"column-2\">7,7 kg<\/td>\n<\/tr>\n<tr class=\"row-13\">\n\t<td class=\"column-1\">TAMA\u00d1O DE LA MOCHILA (CON BOLSA)<\/td><td class=\"column-2\">1,05 x 0,81 x 0,22 m<\/td>\n<\/tr>\n<tr class=\"row-14\">\n\t<td colspan=\"2\" class=\"column-1\"><h4>#TABLAS (2 disponibles)<\/h4><\/td>\n<\/tr>\n<tr class=\"row-15\">\n\t<td class=\"column-1\">VOLUMEN<\/td><td class=\"column-2\">103 l = ADVENTURE<br \/>\n83 l = PERFORMANCE<\/td>\n<\/tr>\n<tr class=\"row-16\">\n\t<td class=\"column-1\">DIMENSIONES<\/td><td class=\"column-2\">1,76 x 0,72 x 0,18 m = ADVENTURE<br \/>\n1,53 x 0,67 x 0,15 m = PERFORMANCE<\/td>\n<\/tr>\n<tr class=\"row-17\">\n\t<td class=\"column-1\">PESO<\/td><td class=\"column-2\">aprox. 9,5 kg<\/td>\n<\/tr>\n<tr class=\"row-18\">\n\t<td class=\"column-1\">TAMA\u00d1O DEL ENVASE (CON BOLSA)<\/td><td class=\"column-2\">1,83 x 0,79 x 0,22 m<\/td>\n<\/tr>\n<tr class=\"row-19\">\n\t<td colspan=\"2\" class=\"column-1\"><h4>#BATER\u00cdA<\/h4><\/td>\n<\/tr>\n<tr class=\"row-20\">\n\t<td class=\"column-1\">TENSI\u00d3N NOMINAL<\/td><td class=\"column-2\">50,4 V<\/td>\n<\/tr>\n<tr class=\"row-21\">\n\t<td class=\"column-1\">ENERG\u00cdA<\/td><td class=\"column-2\">2,23 kWh<\/td>\n<\/tr>\n<tr class=\"row-22\">\n\t<td class=\"column-1\">CAPACIDAD NOMINAL<\/td><td class=\"column-2\">44,25 Ah<\/td>\n<\/tr>\n<tr class=\"row-23\">\n\t<td class=\"column-1\">POTENCIA DE SALIDA<\/td><td class=\"column-2\">6 kWh<\/td>\n<\/tr>\n<tr class=\"row-24\">\n\t<td class=\"column-1\">PESO<\/td><td class=\"column-2\">13,2 kg<\/td>\n<\/tr>\n<tr class=\"row-25\">\n\t<td colspan=\"2\" class=\"column-1\"><h4>#MANDO A DISTANCIA<\/h4><\/td>\n<\/tr>\n<tr class=\"row-26\">\n\t<td class=\"column-1\">TAMA\u00d1O DE LA PANTALLA<\/td><td class=\"column-2\">2.2\u2033<\/td>\n<\/tr>\n<tr class=\"row-27\">\n\t<td class=\"column-1\">TIPO DE PANTALLA<\/td><td class=\"column-2\">Pantalla en color de alto brillo legible a la luz del sol<\/td>\n<\/tr>\n<tr class=\"row-28\">\n\t<td class=\"column-1\">DURACI\u00d3N DE LA BATER\u00cdA<\/td><td class=\"column-2\">8 horas de funcionamiento<\/td>\n<\/tr>\n<tr class=\"row-29\">\n\t<td class=\"column-1\">TIEMPO DE CARGA<\/td><td class=\"column-2\">3 horas (0%-30% en 30 min)<\/td>\n<\/tr>\n<tr class=\"row-30\">\n\t<td class=\"column-1\">NORMA DE PROTECCI\u00d3N MEDIOAMBIENTAL<\/td><td class=\"column-2\">IP68, bis 2m<\/td>\n<\/tr>\n<tr class=\"row-31\">\n\t<td class=\"column-1\">PESO<\/td><td class=\"column-2\">191 gm<\/td>\n<\/tr>\n<tr class=\"row-32\">\n\t<td colspan=\"2\" class=\"column-1\"><h4>#CARGADOR<\/h4><\/td>\n<\/tr>\n<tr class=\"row-33\">\n\t<td class=\"column-1\"><strong>CARGA 600HG<\/strong><\/td><td class=\"column-2\">600W<\/td>\n<\/tr>\n<tr class=\"row-34\">\n\t<td class=\"column-1\"><\/td><td class=\"column-2\">2h 40min (80% SOC)<\/td>\n<\/tr>\n<tr class=\"row-35\">\n\t<td class=\"column-1\"><\/td><td class=\"column-2\">3,5h (100% SOC)<\/td>\n<\/tr>\n<tr class=\"row-36\">\n\t<td class=\"column-1\"><strong>CARGA 1200DQ<\/strong><\/td><td class=\"column-2\">1200W<\/td>\n<\/tr>\n<tr class=\"row-37\">\n\t<td class=\"column-1\"><\/td><td class=\"column-2\">1h 20min (80% SOC)<\/td>\n<\/tr>\n<tr class=\"row-38\">\n\t<td class=\"column-1\"><\/td><td class=\"column-2\">2h (100% SOC)<\/td>\n<\/tr>\n<tr class=\"row-39\">\n\t<td class=\"column-1\"><\/td><td class=\"column-2\">IP67<\/td>\n<\/tr>\n<tr class=\"row-40\">\n\t<td colspan=\"2\" class=\"column-1\"><h4>#ALAS<\/h4><\/td>\n<\/tr>\n<tr class=\"row-41\">\n\t<td class=\"column-1\">AERO 1750 - EASYRIDE<\/td><td class=\"column-2\">1750 cm\u00b2 (Principiante)<\/td>\n<\/tr>\n<tr class=\"row-42\">\n\t<td class=\"column-1\">AERO 1300 - FREERIDE<\/td><td class=\"column-2\">1300 cm\u00b2 (Principiante \/ Avanzado)<\/td>\n<\/tr>\n<tr class=\"row-43\">\n\t<td class=\"column-1\">AERO 1100 - FREERIDE<\/td><td class=\"column-2\">1100 cm\u00b2 (Avanzado \/ Experto)<\/td>\n<\/tr>\n<tr class=\"row-44\">\n\t<td class=\"column-1\">AERO 900 - FREERACE<\/td><td class=\"column-2\">900 cm\u00b2 (Experto)<\/td>\n<\/tr>\n<tr class=\"row-45\">\n\t<td class=\"column-1\">AERO 1250 - FREECARVE<\/td><td class=\"column-2\">1250 cm\u00b2 (Avanzado \/ Experto)<\/td>\n<\/tr>\n<tr class=\"row-46\">\n\t<td class=\"column-1\">AERO 1000 - FREECARVE<\/td><td class=\"column-2\">1000 cm\u00b2 (Experto)<\/td>\n<\/tr>\n<tr class=\"row-47\">\n\t<td colspan=\"2\" class=\"column-1\"><h4>#ESTABILIZADOR<\/h4><\/td>\n<\/tr>\n<tr class=\"row-48\">\n\t<td class=\"column-1\">STABI 500 - EASYRIDE<\/td><td class=\"column-2\">500 cm<\/td>\n<\/tr>\n<tr class=\"row-49\">\n\t<td class=\"column-1\">STABI 400 - FREERIDE<\/td><td class=\"column-2\">400 cm<\/td>\n<\/tr>\n<tr class=\"row-50\">\n\t<td class=\"column-1\">STABI 380 - FREERIDE<\/td><td class=\"column-2\">380 cm<\/td>\n<\/tr>\n<tr class=\"row-51\">\n\t<td class=\"column-1\">STABI 300 - FREERACE<\/td><td class=\"column-2\">300 cm<\/td>\n<\/tr>\n<tr class=\"row-52\">\n\t<td class=\"column-1\">STABI 270 - FREECARVE<\/td><td class=\"column-2\">270 cm\u00b2 (Experto)<\/td>\n<\/tr>\n<\/tbody>\n<\/table>\n<!-- #tablepress-7 from cache -->\n","protected":false},"excerpt":{"rendered":"<p>- 2 a\u00f1os de garant\u00eda<\/p>\n<p><strong>\u00a1El Hydrofoil el\u00e9ctrico m\u00e1s seguro del mundo!<\/strong><br \/>\nEl Audi e-tron foil de Aerofoils es una nueva y revolucionaria forma de navegar y volar sobre el agua. Impulsado por un <strong>sistema de propulsi\u00f3n totalmente integrado<\/strong>, el e-tron foil es <strong>r\u00e1pido, silencioso <\/strong>y<strong> no produce emisiones<\/strong>. Con su elegante dise\u00f1o y sus innovadoras caracter\u00edsticas, el e-tron foil es lo \u00faltimo en rendimiento para deportes acu\u00e1ticos.<\/p>\n","protected":false},"featured_media":60823,"comment_status":"open","ping_status":"closed","template":"","meta":{"_acf_changed":false,"_editorskit_title_hidden":false,"_editorskit_reading_time":0,"_editorskit_is_block_options_detached":false,"_editorskit_block_options_position":"{}","site-sidebar-layout":"default","site-content-layout":"","ast-site-content-layout":"default","site-content-style":"default","site-sidebar-style":"default","ast-global-header-display":"","ast-banner-title-visibility":"","ast-main-header-display":"","ast-hfb-above-header-display":"","ast-hfb-below-header-display":"","ast-hfb-mobile-header-display":"","site-post-title":"","ast-breadcrumbs-content":"","ast-featured-img":"","footer-sml-layout":"","ast-disable-related-posts":"","theme-transparent-header-meta":"default","adv-header-id-meta":"","stick-header-meta":"","header-above-stick-meta":"","header-main-stick-meta":"","header-below-stick-meta":"","astra-migrate-meta-layouts":"set","ast-page-background-enabled":"default","ast-page-background-meta":{"desktop":{"background-color":"","background-image":"","background-repeat":"repeat","background-position":"center center","background-size":"auto","background-attachment":"scroll","background-type":"","background-media":"","overlay-type":"","overlay-color":"","overlay-opacity":"","overlay-gradient":""},"tablet":{"background-color":"","background-image":"","background-repeat":"repeat","background-position":"center center","background-size":"auto","background-attachment":"scroll","background-type":"","background-media":"","overlay-type":"","overlay-color":"","overlay-opacity":"","overlay-gradient":""},"mobile":{"background-color":"","background-image":"","background-repeat":"repeat","background-position":"center center","background-size":"auto","background-attachment":"scroll","background-type":"","background-media":"","overlay-type":"","overlay-color":"","overlay-opacity":"","overlay-gradient":""}},"ast-content-background-meta":{"desktop":{"background-color":"var(--ast-global-color-5)","background-image":"","background-repeat":"repeat","background-position":"center center","background-size":"auto","background-attachment":"scroll","background-type":"","background-media":"","overlay-type":"","overlay-color":"","overlay-opacity":"","overlay-gradient":""},"tablet":{"background-color":"var(--ast-global-color-5)","background-image":"","background-repeat":"repeat","background-position":"center center","background-size":"auto","background-attachment":"scroll","background-type":"","background-media":"","overlay-type":"","overlay-color":"","overlay-opacity":"","overlay-gradient":""},"mobile":{"background-color":"var(--ast-global-color-5)","background-image":"","background-repeat":"repeat","background-position":"center center","background-size":"auto","background-attachment":"scroll","background-type":"","background-media":"","overlay-type":"","overlay-color":"","overlay-opacity":"","overlay-gradient":""}},"_jf_save_progress":""},"product_brand":[],"product_cat":[110,60,114,18,115,40],"product_tag":[],"class_list":{"0":"post-148115","1":"product","2":"type-product","3":"status-publish","4":"has-post-thumbnail","6":"product_cat-tablas-de-surf-electricas-efoil","7":"product_cat-buy","8":"product_cat-comprar","9":"product_cat-electric-hydrofoil-surfboard","10":"product_cat-try-and-buy-es","11":"product_cat-try-and-buy","12":"product_shipping_class-lg-es","13":"desktop-align-center","14":"tablet-align-center","15":"mobile-align-center","16":"ast-product-gallery-layout-horizontal","17":"ast-magnify-disabled","18":"ast-product-single-variable","19":"ast-product-tabs-layout-horizontal","21":"first","22":"instock","23":"taxable","24":"shipping-taxable","25":"purchasable","26":"product-type-variable"},"acf":[],"brizy_media":[],"_links":{"self":[{"href":"https:\/\/wave-lovers.com\/es\/wp-json\/wp\/v2\/product\/148115","targetHints":{"allow":["GET"]}}],"collection":[{"href":"https:\/\/wave-lovers.com\/es\/wp-json\/wp\/v2\/product"}],"about":[{"href":"https:\/\/wave-lovers.com\/es\/wp-json\/wp\/v2\/types\/product"}],"replies":[{"embeddable":true,"href":"https:\/\/wave-lovers.com\/es\/wp-json\/wp\/v2\/comments?post=148115"}],"wp:featuredmedia":[{"embeddable":true,"href":"https:\/\/wave-lovers.com\/es\/wp-json\/wp\/v2\/media\/60823"}],"wp:attachment":[{"href":"https:\/\/wave-lovers.com\/es\/wp-json\/wp\/v2\/media?parent=148115"}],"wp:term":[{"taxonomy":"product_brand","embeddable":true,"href":"https:\/\/wave-lovers.com\/es\/wp-json\/wp\/v2\/product_brand?post=148115"},{"taxonomy":"product_cat","embeddable":true,"href":"https:\/\/wave-lovers.com\/es\/wp-json\/wp\/v2\/product_cat?post=148115"},{"taxonomy":"product_tag","embeddable":true,"href":"https:\/\/wave-lovers.com\/es\/wp-json\/wp\/v2\/product_tag?post=148115"}],"curies":[{"name":"wp","href":"https:\/\/api.w.org\/{rel}","templated":true}]}}