{"id":148113,"date":"2022-06-03T15:44:43","date_gmt":"2022-06-03T13:44:43","guid":{"rendered":"https:\/\/wave-lovers.com\/audi-e-tron-foil-battery\/"},"modified":"2024-07-01T14:16:09","modified_gmt":"2024-07-01T12:16:09","slug":"bateria-del-audi-e-tron-foil","status":"publish","type":"product","link":"https:\/\/wave-lovers.com\/es\/bateria-del-audi-e-tron-foil\/","title":{"rendered":"Bater\u00eda Del Audi E-Tron Foil"},"content":{"rendered":"<h2>Bater\u00eda del Audi e-tron foil - INFORMACI\u00d3N<\/h2>\n<p>El coraz\u00f3n del Audi e-tron foil es una bater\u00eda de iones de litio de 44,25 Ah (2,23 kWh). Suministra energ\u00eda hasta 120 minutos, lo que corresponde a una autonom\u00eda de hasta 40 km. El cargador r\u00e1pido carga la bater\u00eda a plena capacidad en 120 minutos. Adem\u00e1s, la bater\u00eda puede cargarse a plena capacidad en 5 horas y 30 minutos a trav\u00e9s de enchufes m\u00f3viles en veh\u00edculos o varios cargadores en el mismo circuito. En este caso, la corriente se regula para no sobrecargar la red.<\/p>\n<h2>Bater\u00eda de l\u00e1mina Audi e-tron - DESTACADOS<\/h2>\n<p>- autonom\u00eda de hasta 2 horas (unos 40 km de autonom\u00eda)<br \/>\n- capacidad de carga r\u00e1pida<br \/>\n- modos inteligentes para reducir la corriente<\/p>\n","protected":false},"excerpt":{"rendered":"<p>Bater\u00eda de l\u00e1minas Audi e-tron (2,23 kWh) que suministra energ\u00eda hasta 120 minutos, lo que corresponde a una autonom\u00eda de hasta 40 km.<\/p>\n","protected":false},"featured_media":95426,"comment_status":"open","ping_status":"closed","template":"","meta":{"_acf_changed":false,"_editorskit_title_hidden":false,"_editorskit_reading_time":0,"_editorskit_is_block_options_detached":false,"_editorskit_block_options_position":"{}","site-sidebar-layout":"default","site-content-layout":"","ast-site-content-layout":"default","site-content-style":"default","site-sidebar-style":"default","ast-global-header-display":"","ast-banner-title-visibility":"","ast-main-header-display":"","ast-hfb-above-header-display":"","ast-hfb-below-header-display":"","ast-hfb-mobile-header-display":"","site-post-title":"","ast-breadcrumbs-content":"","ast-featured-img":"","footer-sml-layout":"","ast-disable-related-posts":"","theme-transparent-header-meta":"default","adv-header-id-meta":"","stick-header-meta":"","header-above-stick-meta":"","header-main-stick-meta":"","header-below-stick-meta":"","astra-migrate-meta-layouts":"set","ast-page-background-enabled":"default","ast-page-background-meta":{"desktop":{"background-color":"","background-image":"","background-repeat":"repeat","background-position":"center center","background-size":"auto","background-attachment":"scroll","background-type":"","background-media":"","overlay-type":"","overlay-color":"","overlay-opacity":"","overlay-gradient":""},"tablet":{"background-color":"","background-image":"","background-repeat":"repeat","background-position":"center center","background-size":"auto","background-attachment":"scroll","background-type":"","background-media":"","overlay-type":"","overlay-color":"","overlay-opacity":"","overlay-gradient":""},"mobile":{"background-color":"","background-image":"","background-repeat":"repeat","background-position":"center center","background-size":"auto","background-attachment":"scroll","background-type":"","background-media":"","overlay-type":"","overlay-color":"","overlay-opacity":"","overlay-gradient":""}},"ast-content-background-meta":{"desktop":{"background-color":"var(--ast-global-color-5)","background-image":"","background-repeat":"repeat","background-position":"center center","background-size":"auto","background-attachment":"scroll","background-type":"","background-media":"","overlay-type":"","overlay-color":"","overlay-opacity":"","overlay-gradient":""},"tablet":{"background-color":"var(--ast-global-color-5)","background-image":"","background-repeat":"repeat","background-position":"center center","background-size":"auto","background-attachment":"scroll","background-type":"","background-media":"","overlay-type":"","overlay-color":"","overlay-opacity":"","overlay-gradient":""},"mobile":{"background-color":"var(--ast-global-color-5)","background-image":"","background-repeat":"repeat","background-position":"center center","background-size":"auto","background-attachment":"scroll","background-type":"","background-media":"","overlay-type":"","overlay-color":"","overlay-opacity":"","overlay-gradient":""}},"_jf_save_progress":""},"product_brand":[],"product_cat":[60,114,536,4098,4099,24],"product_tag":[],"class_list":{"0":"post-148113","1":"product","2":"type-product","3":"status-publish","4":"has-post-thumbnail","6":"product_cat-buy","7":"product_cat-comprar","8":"product_cat-e-foil-spare-parts","9":"product_cat-recambios-e-foil","10":"product_cat-recambios","11":"product_cat-spare-parts","12":"product_shipping_class-mg-es","13":"desktop-align-center","14":"tablet-align-center","15":"mobile-align-center","16":"ast-product-gallery-layout-horizontal","17":"ast-magnify-disabled","18":"ast-product-tabs-layout-horizontal","20":"first","21":"instock","22":"taxable","23":"shipping-taxable","24":"purchasable","25":"product-type-simple"},"acf":[],"brizy_media":[],"_links":{"self":[{"href":"https:\/\/wave-lovers.com\/es\/wp-json\/wp\/v2\/product\/148113","targetHints":{"allow":["GET"]}}],"collection":[{"href":"https:\/\/wave-lovers.com\/es\/wp-json\/wp\/v2\/product"}],"about":[{"href":"https:\/\/wave-lovers.com\/es\/wp-json\/wp\/v2\/types\/product"}],"replies":[{"embeddable":true,"href":"https:\/\/wave-lovers.com\/es\/wp-json\/wp\/v2\/comments?post=148113"}],"wp:featuredmedia":[{"embeddable":true,"href":"https:\/\/wave-lovers.com\/es\/wp-json\/wp\/v2\/media\/95426"}],"wp:attachment":[{"href":"https:\/\/wave-lovers.com\/es\/wp-json\/wp\/v2\/media?parent=148113"}],"wp:term":[{"taxonomy":"product_brand","embeddable":true,"href":"https:\/\/wave-lovers.com\/es\/wp-json\/wp\/v2\/product_brand?post=148113"},{"taxonomy":"product_cat","embeddable":true,"href":"https:\/\/wave-lovers.com\/es\/wp-json\/wp\/v2\/product_cat?post=148113"},{"taxonomy":"product_tag","embeddable":true,"href":"https:\/\/wave-lovers.com\/es\/wp-json\/wp\/v2\/product_tag?post=148113"}],"curies":[{"name":"wp","href":"https:\/\/api.w.org\/{rel}","templated":true}]}}