{"id":148103,"date":"2022-07-04T23:21:08","date_gmt":"2022-07-04T21:21:08","guid":{"rendered":"https:\/\/wave-lovers.com\/audi-e-tron-remote-control-incl-charger\/"},"modified":"2024-07-01T14:45:07","modified_gmt":"2024-07-01T12:45:07","slug":"audi-e-tron-foil-mando-a-distancia-con-cargador","status":"publish","type":"product","link":"https:\/\/wave-lovers.com\/es\/audi-e-tron-foil-mando-a-distancia-con-cargador\/","title":{"rendered":"Audi E-Tron Foil Mando A Distancia Con Cargador"},"content":{"rendered":"<h2>Audi e-tron Foil Mando A Distancia - INFORMACI\u00d3N<\/h2>\n<p>El mando a distancia del e-tron foil es un dispositivo de \u00faltima generaci\u00f3n que ofrece diversas funciones para garantizar una experiencia de eFoiling segura y divertida.<\/p>\n<h3>Pantalla<\/h3>\n<p>La pantalla del mando a distancia es de alta resoluci\u00f3n y f\u00e1cil de leer incluso a plena luz del sol. Muestra al piloto diversos datos en tiempo real, como la velocidad, el nivel de bater\u00eda, la posici\u00f3n GPS y el tiempo de vuelo.<\/p>\n<h3>Niveles de potencia<\/h3>\n<p>El mando a distancia ofrece diferentes niveles de potencia que pueden ajustarse a las capacidades del piloto. El modo \"Gonna Fly\" es adecuado para principiantes y ofrece una sensibilidad reducida del acelerador. El modo \"Rocket Ride\" es para pilotos experimentados y ofrece la m\u00e1xima potencia.<\/p>\n<h3>Conexi\u00f3n<\/h3>\n<p>El mando a distancia se conecta a la tabla a trav\u00e9s de dos puntos de conexi\u00f3n en la tabla. Esto proporciona una conexi\u00f3n fiable que no se romper\u00e1 incluso en mares agitados.<\/p>\n<h3>Gatillo<\/h3>\n<p>El gatillo del mando a distancia est\u00e1 equipado con un muelle que proporciona un amplio rango din\u00e1mico. Puede utilizarse tanto para el control de la velocidad como para la selecci\u00f3n virtual de marchas.<\/p>\n<h3>Modos de conducci\u00f3n<\/h3>\n<p>El mando a distancia ofrece dos modos de conducci\u00f3n diferentes:<\/p>\n<p>Cambio de marchas virtual: el conductor puede elegir entre 10 marchas virtuales para ajustar el rendimiento.<br \/>\nControl del pedal del acelerador: el conductor puede controlar la potencia con el pedal del acelerador.<\/p>\n<h3>Monitorizaci\u00f3n de datos<\/h3>\n<p>El mando a distancia cuenta con un sistema integrado de monitorizaci\u00f3n de datos que recopila diversos datos de conducci\u00f3n. Estos datos se pueden recuperar con s\u00f3lo pulsar un bot\u00f3n del mando a distancia.<\/p>\n<h2>Audi e-tron Foil Mando A Distancia - DETALLES<\/h2>\n<p>Tama\u00f1o de la pantalla: 2,2 pulgadas<br \/>\nTipo de pantalla: Pantalla en color de alto brillo legible a la luz del sol<br \/>\nDuraci\u00f3n de la bater\u00eda: 8 horas<br \/>\nTiempo de carga: 3 horas<br \/>\nPeso: 191 gramos<\/p>\n","protected":false},"excerpt":{"rendered":"<p>El mando a distancia del e-tron foil es un dispositivo de \u00faltima generaci\u00f3n que ofrece diversas funciones para garantizar una experiencia de eFoiling segura y divertida. Es compatible con todos los eFoils fabricados por Audi | Aerofoils.<\/p>\n","protected":false},"featured_media":95423,"comment_status":"open","ping_status":"closed","template":"","meta":{"_acf_changed":false,"_editorskit_title_hidden":false,"_editorskit_reading_time":0,"_editorskit_is_block_options_detached":false,"_editorskit_block_options_position":"{}","site-sidebar-layout":"default","site-content-layout":"","ast-site-content-layout":"default","site-content-style":"default","site-sidebar-style":"default","ast-global-header-display":"","ast-banner-title-visibility":"","ast-main-header-display":"","ast-hfb-above-header-display":"","ast-hfb-below-header-display":"","ast-hfb-mobile-header-display":"","site-post-title":"","ast-breadcrumbs-content":"","ast-featured-img":"","footer-sml-layout":"","ast-disable-related-posts":"","theme-transparent-header-meta":"default","adv-header-id-meta":"","stick-header-meta":"","header-above-stick-meta":"","header-main-stick-meta":"","header-below-stick-meta":"","astra-migrate-meta-layouts":"set","ast-page-background-enabled":"default","ast-page-background-meta":{"desktop":{"background-color":"","background-image":"","background-repeat":"repeat","background-position":"center center","background-size":"auto","background-attachment":"scroll","background-type":"","background-media":"","overlay-type":"","overlay-color":"","overlay-opacity":"","overlay-gradient":""},"tablet":{"background-color":"","background-image":"","background-repeat":"repeat","background-position":"center center","background-size":"auto","background-attachment":"scroll","background-type":"","background-media":"","overlay-type":"","overlay-color":"","overlay-opacity":"","overlay-gradient":""},"mobile":{"background-color":"","background-image":"","background-repeat":"repeat","background-position":"center center","background-size":"auto","background-attachment":"scroll","background-type":"","background-media":"","overlay-type":"","overlay-color":"","overlay-opacity":"","overlay-gradient":""}},"ast-content-background-meta":{"desktop":{"background-color":"var(--ast-global-color-5)","background-image":"","background-repeat":"repeat","background-position":"center center","background-size":"auto","background-attachment":"scroll","background-type":"","background-media":"","overlay-type":"","overlay-color":"","overlay-opacity":"","overlay-gradient":""},"tablet":{"background-color":"var(--ast-global-color-5)","background-image":"","background-repeat":"repeat","background-position":"center center","background-size":"auto","background-attachment":"scroll","background-type":"","background-media":"","overlay-type":"","overlay-color":"","overlay-opacity":"","overlay-gradient":""},"mobile":{"background-color":"var(--ast-global-color-5)","background-image":"","background-repeat":"repeat","background-position":"center center","background-size":"auto","background-attachment":"scroll","background-type":"","background-media":"","overlay-type":"","overlay-color":"","overlay-opacity":"","overlay-gradient":""}},"_jf_save_progress":""},"product_brand":[],"product_cat":[4098,60,114,536,4099,24],"product_tag":[],"class_list":{"0":"post-148103","1":"product","2":"type-product","3":"status-publish","4":"has-post-thumbnail","6":"product_cat-recambios-e-foil","7":"product_cat-buy","8":"product_cat-comprar","9":"product_cat-e-foil-spare-parts","10":"product_cat-recambios","11":"product_cat-spare-parts","12":"product_shipping_class-s-es","13":"desktop-align-center","14":"tablet-align-center","15":"mobile-align-center","16":"ast-product-gallery-layout-horizontal","17":"ast-product-gallery-with-no-image","18":"ast-magnify-disabled","19":"ast-product-tabs-layout-horizontal","21":"first","22":"instock","23":"taxable","24":"shipping-taxable","25":"purchasable","26":"product-type-simple"},"acf":[],"brizy_media":[],"_links":{"self":[{"href":"https:\/\/wave-lovers.com\/es\/wp-json\/wp\/v2\/product\/148103","targetHints":{"allow":["GET"]}}],"collection":[{"href":"https:\/\/wave-lovers.com\/es\/wp-json\/wp\/v2\/product"}],"about":[{"href":"https:\/\/wave-lovers.com\/es\/wp-json\/wp\/v2\/types\/product"}],"replies":[{"embeddable":true,"href":"https:\/\/wave-lovers.com\/es\/wp-json\/wp\/v2\/comments?post=148103"}],"wp:featuredmedia":[{"embeddable":true,"href":"https:\/\/wave-lovers.com\/es\/wp-json\/wp\/v2\/media\/95423"}],"wp:attachment":[{"href":"https:\/\/wave-lovers.com\/es\/wp-json\/wp\/v2\/media?parent=148103"}],"wp:term":[{"taxonomy":"product_brand","embeddable":true,"href":"https:\/\/wave-lovers.com\/es\/wp-json\/wp\/v2\/product_brand?post=148103"},{"taxonomy":"product_cat","embeddable":true,"href":"https:\/\/wave-lovers.com\/es\/wp-json\/wp\/v2\/product_cat?post=148103"},{"taxonomy":"product_tag","embeddable":true,"href":"https:\/\/wave-lovers.com\/es\/wp-json\/wp\/v2\/product_tag?post=148103"}],"curies":[{"name":"wp","href":"https:\/\/api.w.org\/{rel}","templated":true}]}}