{"id":148092,"date":"2022-08-29T12:51:39","date_gmt":"2022-08-29T10:51:39","guid":{"rendered":"https:\/\/wave-lovers.com\/audi-e-tron-wings\/"},"modified":"2024-07-01T15:29:16","modified_gmt":"2024-07-01T13:29:16","slug":"aletas-audi-e-tron-delanteras","status":"publish","type":"product","link":"https:\/\/wave-lovers.com\/es\/aletas-audi-e-tron-delanteras\/","title":{"rendered":"Aletas Audi E-Tron (Delanteras)"},"content":{"rendered":"<h2>Aletas Audi E-Tron (Delanteras) - INFORMACI\u00d3N<\/h2>\n<p><img fetchpriority=\"high\" decoding=\"async\" class=\"alignright wp-image-96282 size-medium\" src=\"https:\/\/wave-lovers.com\/wp-content\/uploads\/2023\/06\/Audi-e-tron-Wings-Set-300x200.jpg\" alt=\"\" width=\"300\" height=\"200\" srcset=\"https:\/\/wave-lovers.com\/wp-content\/uploads\/2023\/06\/Audi-e-tron-Wings-Set-300x200.jpg 300w, https:\/\/wave-lovers.com\/wp-content\/uploads\/2023\/06\/Audi-e-tron-Wings-Set-1024x683.jpg 1024w, https:\/\/wave-lovers.com\/wp-content\/uploads\/2023\/06\/Audi-e-tron-Wings-Set-768x512.jpg 768w, https:\/\/wave-lovers.com\/wp-content\/uploads\/2023\/06\/Audi-e-tron-Wings-Set-500x333.jpg 500w, https:\/\/wave-lovers.com\/wp-content\/uploads\/2023\/06\/Audi-e-tron-Wings-Set-600x400.jpg 600w, https:\/\/wave-lovers.com\/wp-content\/uploads\/2023\/06\/Audi-e-tron-Wings-Set.jpg 1200w\" sizes=\"(max-width: 300px) 100vw, 300px\" \/>\u00bfQuieres llevar la diversi\u00f3n de pilotar tu e-tron a un nuevo cap\u00edtulo o tienes problemas para encontrar el equilibrio adecuado? No te preocupes, con las nuevas alas e-tron todas tus dificultades quedar\u00e1n resueltas en un abrir y cerrar de ojos.<\/p>\n<p>Las alas del Audi e-tron contienen m\u00e1s habilidades de ingenier\u00eda de las que cualquiera podr\u00eda esperar. Inspir\u00e1ndose en los aspectos aerodin\u00e1micos de la construcci\u00f3n de modelos de aviones, el equipo fundador ha creado un modelo de aletas de \u00faltima generaci\u00f3n fabricado en carbono que no tiene comparaci\u00f3n. Los expertos notar\u00e1n inmediatamente la diferencia, ya que el dise\u00f1o establece nuevos est\u00e1ndares en t\u00e9rminos de aceleraci\u00f3n, libertad de movimiento y estabilidad.<\/p>\n<p>Hay 6 tama\u00f1os diferentes disponibles, que se pueden ajustar seg\u00fan tu estilo de pilotaje y experiencia. Aqu\u00ed se recomienda especialmente a los principiantes que elijan un modelo m\u00e1s grande para conseguir la mayor estabilidad posible. Los verdaderos profesionales, por supuesto, anhelan una tabla \u00e1gil que apoye su excitante estilo de surf. Deber\u00edan echar un vistazo a los tama\u00f1os m\u00e1s peque\u00f1os para encontrar un rendimiento del siguiente nivel.<\/p>\n<h3>Easyride 1750<\/h3>\n<p>El conjunto de alas m\u00e1s grande del lote para un m\u00e1ximo de uniformidad. Esta combinaci\u00f3n ser\u00e1 la opci\u00f3n m\u00e1s segura para un comienzo f\u00e1cil. La estabilidad mejorada y las velocidades m\u00e1s lentas permitir\u00e1n a cualquiera tener el control sobre su tabla, lo que en \u00faltima instancia conduce a menos situaciones imprevistas.<\/p>\n<p>Cualquiera que est\u00e9 interesado en aprender a surfear encontrar\u00e1 que esta opci\u00f3n es la m\u00e1s c\u00f3moda, ya que no requiere demasiadas habilidades para mantener el equilibrio. Sin embargo, la aceleraci\u00f3n y la agilidad son suficientes para muchas horas de pura diversi\u00f3n al volante, en las que la entrada es inmediatamente satisfactoria y todo el mundo se siente bien llevado.<\/p>\n<h3>Freeride 1350<\/h3>\n<p>El juego de alas est\u00e1ndar ofrece la compensaci\u00f3n perfecta entre placer de conducci\u00f3n y estabilidad. Garantiza una curva de aprendizaje r\u00e1pida, por lo que es ideal para principiantes.<\/p>\n<p>No deber\u00eda faltar en ning\u00fan equipamiento, ya que proporciona una experiencia emocionante y altas velocidades a pesar de un alto grado de equilibrio. Adem\u00e1s, puede dejar que espectadores entusiastas, como amigos o familiares, inicien un autointento, donde su r\u00e1pido \u00e9xito est\u00e1 garantizado.<\/p>\n<p>Con velocidades alcanzables de hasta 46 km\/h, nadie se aburrir\u00e1 pronto. Y gracias al equilibrio de apoyo, incluso los momentos m\u00e1s dif\u00edciles son manejables.<\/p>\n<h3>Freeride 1100<\/h3>\n<p>Dise\u00f1ado para proporcionar al surfista avanzado una experiencia personalizada que ofrece mayores velocidades con un equilibrio similar en comparaci\u00f3n con el modelo est\u00e1ndar. De este modo, el conjunto permite a todo el mundo dar el siguiente paso y, por tanto, abre nuevas posibilidades para encontrar su mejor experiencia de pilotaje posible.<\/p>\n<p>Debido al hecho de que el equilibrio se desplaza ligeramente a velocidades m\u00e1s r\u00e1pidas, se perciben mejor los giros sensibles, liberando as\u00ed a cualquiera que se sienta limitado en tablas m\u00e1s grandes.<\/p>\n<h3>Freerace 900<\/h3>\n<p>La opci\u00f3n inigualable para todos los surfistas profesionales en busca de nuevas aventuras. Con una velocidad excepcional, una maniobrabilidad inigualable y un rendimiento sobresaliente, este conjunto de alas hace que todos los corazones latan m\u00e1s r\u00e1pido.<\/p>\n<p>A velocidades de hasta 50 km\/h, s\u00f3lo los intr\u00e9pidos experimentar\u00e1n un momento de felicidad, mientras que a los principiantes les puede resultar dif\u00edcil mantener el equilibrio. Sin embargo, el Wing Set ofrece un m\u00e1ximo de precisi\u00f3n y agilidad, llevando la diversi\u00f3n al siguiente nivel.<\/p>\n<h3>Freecarve 1250<\/h3>\n<p>Un ala de tama\u00f1o medio que favorece un despegue precoz y que, junto con un estabilizador 270, ofrece mucha estabilidad al pilotar.<\/p>\n<p>Perfecta para principiantes e intermedios que quieran practicar maniobras a\u00fan m\u00e1s \u00e1giles.<\/p>\n<h3>Freecarve 1000<\/h3>\n<p>Un ala con una relaci\u00f3n de aspecto entre peque\u00f1a y media que ofrece una experiencia de pilotaje m\u00e1s \u00e1gil y garantiza un buen equilibrio.<\/p>\n<p>Perfecta para pilotos avanzados que buscan la m\u00e1xima aerodin\u00e1mica.<\/p>\n<h2>Aletas Audi E-Tron (Delanteras) - DETALLES<\/h2>\n<table width=\"471\">\n<tbody>\n<tr>\n<td><strong><strong>#ALETAS<\/strong><\/strong><\/td>\n<td><strong>TAMA\u00d1O DEL ALA<\/strong><\/td>\n<td><strong>EXPERIENCIA<\/strong><\/td>\n<td><strong>CARACTER\u00cdSTICAS<\/strong><\/td>\n<\/tr>\n<tr>\n<td>EASYRIDE 1750<\/td>\n<td>1750 cm\u00b2<\/td>\n<td>Principiante<\/td>\n<td>Velocidad: 5 \/ 10<br \/>\nTallar: 5 \/ 10<br \/>\nEstabilidad: 9 \/ 10<br \/>\nVuela y planea: 9 \/ 10<br \/>\nNivel de conocimientos: 2 \/ 10<\/td>\n<\/tr>\n<tr>\n<td>FREERIDE 1350<\/td>\n<td>1350 cm\u00b2<\/td>\n<td>Principiante \/ Avanzado<\/td>\n<td>Velocidad: 6 \/ 10<br \/>\nTallar: 6 \/ 10<br \/>\nEstabilidad: 7 \/ 10<br \/>\nVuela y planea: 9 \/ 10<br \/>\nNivel de conocimientos: 4 \/ 10<\/td>\n<\/tr>\n<tr>\n<td>FREERIDE 1100<\/td>\n<td>1100 cm\u00b2<\/td>\n<td>Avanzado \/ Experto<\/td>\n<td>Velocidad: 7 \/ 10<br \/>\nTallar: 7 \/ 10<br \/>\nEstabilidad: 6 \/ 10<br \/>\nVuela y planea: 8 \/ 10<br \/>\nNivel de conocimientos: 7 \/ 10<\/td>\n<\/tr>\n<tr>\n<td>FREERACE 900<\/td>\n<td>900 cm\u00b2<\/td>\n<td>Profesional<\/td>\n<td>Velocidad: 8 \/ 10<br \/>\nTallar: 8 \/ 10<br \/>\nEstabilidad: 5 \/ 10<br \/>\nVuela y planea: 7 \/ 10<br \/>\nNivel de conocimientos: 8 \/ 10<\/td>\n<\/tr>\n<tr>\n<td>FREECARVE 1250<\/td>\n<td>1250 cm\u00b2<\/td>\n<td>Experto \/ Profesional<\/td>\n<td>Velocidad: 6 \/ 10<br \/>\nTallar: 8 \/ 10<br \/>\nEstabilidad: 7 \/ 10<br \/>\nVuela y planea: 8 \/ 10<br \/>\nNivel de conocimientos: 5 \/ 10<\/td>\n<\/tr>\n<tr>\n<td>FREECARVE 1000<\/td>\n<td>1000 cm\u00b2<\/td>\n<td>Profesional<\/td>\n<td>Velocidad: 7 \/ 10<br \/>\nTallar: 9 \/ 10<br \/>\nEstabilidad: 7 \/ 10<br \/>\nVuela y planea: 8 \/ 10<br \/>\nNivel de conocimientos: 7 \/ 10<\/td>\n<\/tr>\n<\/tbody>\n<\/table>\n","protected":false},"excerpt":{"rendered":"<p>Las alas delanteras para diferentes estilos de conducci\u00f3n, desarrolladas por profesionales de la construcci\u00f3n de modelos de aviones. Desde modelos m\u00e1s grandes para principiantes hasta alas m\u00e1s peque\u00f1as y maniobrables que admiten reacciones r\u00e1pidas y din\u00e1micas.<\/p>\n","protected":false},"featured_media":95603,"comment_status":"open","ping_status":"closed","template":"","meta":{"_acf_changed":false,"_editorskit_title_hidden":false,"_editorskit_reading_time":0,"_editorskit_is_block_options_detached":false,"_editorskit_block_options_position":"{}","site-sidebar-layout":"default","site-content-layout":"","ast-site-content-layout":"default","site-content-style":"default","site-sidebar-style":"default","ast-global-header-display":"","ast-banner-title-visibility":"","ast-main-header-display":"","ast-hfb-above-header-display":"","ast-hfb-below-header-display":"","ast-hfb-mobile-header-display":"","site-post-title":"","ast-breadcrumbs-content":"","ast-featured-img":"","footer-sml-layout":"","ast-disable-related-posts":"","theme-transparent-header-meta":"default","adv-header-id-meta":"","stick-header-meta":"","header-above-stick-meta":"","header-main-stick-meta":"","header-below-stick-meta":"","astra-migrate-meta-layouts":"set","ast-page-background-enabled":"default","ast-page-background-meta":{"desktop":{"background-color":"","background-image":"","background-repeat":"repeat","background-position":"center center","background-size":"auto","background-attachment":"scroll","background-type":"","background-media":"","overlay-type":"","overlay-color":"","overlay-opacity":"","overlay-gradient":""},"tablet":{"background-color":"","background-image":"","background-repeat":"repeat","background-position":"center center","background-size":"auto","background-attachment":"scroll","background-type":"","background-media":"","overlay-type":"","overlay-color":"","overlay-opacity":"","overlay-gradient":""},"mobile":{"background-color":"","background-image":"","background-repeat":"repeat","background-position":"center center","background-size":"auto","background-attachment":"scroll","background-type":"","background-media":"","overlay-type":"","overlay-color":"","overlay-opacity":"","overlay-gradient":""}},"ast-content-background-meta":{"desktop":{"background-color":"var(--ast-global-color-5)","background-image":"","background-repeat":"repeat","background-position":"center center","background-size":"auto","background-attachment":"scroll","background-type":"","background-media":"","overlay-type":"","overlay-color":"","overlay-opacity":"","overlay-gradient":""},"tablet":{"background-color":"var(--ast-global-color-5)","background-image":"","background-repeat":"repeat","background-position":"center center","background-size":"auto","background-attachment":"scroll","background-type":"","background-media":"","overlay-type":"","overlay-color":"","overlay-opacity":"","overlay-gradient":""},"mobile":{"background-color":"var(--ast-global-color-5)","background-image":"","background-repeat":"repeat","background-position":"center center","background-size":"auto","background-attachment":"scroll","background-type":"","background-media":"","overlay-type":"","overlay-color":"","overlay-opacity":"","overlay-gradient":""}},"_jf_save_progress":""},"product_brand":[],"product_cat":[4098,4099],"product_tag":[],"class_list":{"0":"post-148092","1":"product","2":"type-product","3":"status-publish","4":"has-post-thumbnail","6":"product_cat-recambios-e-foil","7":"product_cat-recambios","8":"product_shipping_class-m-es","9":"desktop-align-center","10":"tablet-align-center","11":"mobile-align-center","12":"ast-product-gallery-layout-horizontal","13":"ast-product-gallery-with-no-image","14":"ast-magnify-disabled","15":"ast-product-single-variable","16":"ast-product-tabs-layout-horizontal","18":"first","19":"instock","20":"taxable","21":"shipping-taxable","22":"purchasable","23":"product-type-variable"},"acf":[],"brizy_media":[],"_links":{"self":[{"href":"https:\/\/wave-lovers.com\/es\/wp-json\/wp\/v2\/product\/148092","targetHints":{"allow":["GET"]}}],"collection":[{"href":"https:\/\/wave-lovers.com\/es\/wp-json\/wp\/v2\/product"}],"about":[{"href":"https:\/\/wave-lovers.com\/es\/wp-json\/wp\/v2\/types\/product"}],"replies":[{"embeddable":true,"href":"https:\/\/wave-lovers.com\/es\/wp-json\/wp\/v2\/comments?post=148092"}],"wp:featuredmedia":[{"embeddable":true,"href":"https:\/\/wave-lovers.com\/es\/wp-json\/wp\/v2\/media\/95603"}],"wp:attachment":[{"href":"https:\/\/wave-lovers.com\/es\/wp-json\/wp\/v2\/media?parent=148092"}],"wp:term":[{"taxonomy":"product_brand","embeddable":true,"href":"https:\/\/wave-lovers.com\/es\/wp-json\/wp\/v2\/product_brand?post=148092"},{"taxonomy":"product_cat","embeddable":true,"href":"https:\/\/wave-lovers.com\/es\/wp-json\/wp\/v2\/product_cat?post=148092"},{"taxonomy":"product_tag","embeddable":true,"href":"https:\/\/wave-lovers.com\/es\/wp-json\/wp\/v2\/product_tag?post=148092"}],"curies":[{"name":"wp","href":"https:\/\/api.w.org\/{rel}","templated":true}]}}