{"id":148067,"date":"2022-10-25T19:06:19","date_gmt":"2022-10-25T17:06:19","guid":{"rendered":"https:\/\/wave-lovers.com\/iaqua-aquadart-pro-720-max\/"},"modified":"2024-07-01T18:55:06","modified_gmt":"2024-07-01T16:55:06","slug":"iaqua-aquadart-pro-720-max","status":"publish","type":"product","link":"https:\/\/wave-lovers.com\/es\/iaqua-aquadart-pro-720-max\/","title":{"rendered":"iAQUA AquaDart Pro 720 Max"},"content":{"rendered":"<h2>iAQUA AquaDart Pro 720 Max- Lo \u00faltimo en scooters subacu\u00e1ticos a motor<\/h2>\n<p>\u00bfTe apetece una aventura?<br \/>\n\u00a1Bucear nunca ha sido tan divertido! Con el iAQUA AquaDart Pro 720 MAX tendr\u00e1s un potente scooter subacu\u00e1tico para diferentes actividades bajo el agua. Preferido por la mayor\u00eda de usuarios de todo el mundo, el modelo AquaDart Pro 720 MAX 2022\/23 a\u00f1ade nuevas caracter\u00edsticas a su predecesor, que fue nombrado el mejor juguete acu\u00e1tico de lujo del mundo en 2021. Equipado con las potentes luces LED dobles de 1700 l\u00famenes, a\u00f1ade una nueva dimensi\u00f3n a las inmersiones subacu\u00e1ticas al ofrecer la posibilidad de explorar el mundo submarino en colores reales. Prep\u00e1rate para sumergirte en las profundidades del mar y descubrir el fascinante mundo submarino.<\/p>\n<h2>iAQUA AquaDart Pro 720 Max | Colores disponibles:<\/h2>\n<p><img fetchpriority=\"high\" decoding=\"async\" class=\"alignnone wp-image-76479 size-full\" src=\"https:\/\/wave-lovers.com\/wp-content\/uploads\/2022\/10\/iaqua-aquadart-720-max-colors-all-models.png\" alt=\"iAQUA AquaDart 720 Max available colors of all models\" width=\"427\" height=\"132\" srcset=\"https:\/\/wave-lovers.com\/wp-content\/uploads\/2022\/10\/iaqua-aquadart-720-max-colors-all-models.png 427w, https:\/\/wave-lovers.com\/wp-content\/uploads\/2022\/10\/iaqua-aquadart-720-max-colors-all-models-300x93.png 300w\" sizes=\"(max-width: 427px) 100vw, 427px\" \/><\/p>\n<h2>iAQUA AquaDart Pro 720 Max | Caracter\u00edsticas:<\/h2>\n<ul>\n<li>Niveles de potencia: 6 marchas<\/li>\n<li>Velocidad m\u00e1xima: Hasta 21km\/h<\/li>\n<li>Tiempo de funcionamiento (min - max): 80-130 Min<\/li>\n<li>Profundidad m\u00e1xima de inmersi\u00f3n: 45m<\/li>\n<li>Peso: 42kg<\/li>\n<li>Potencia: 4,5 kW<\/li>\n<li>Empuje: 720N<\/li>\n<li>Tiempo de carga: 2h con cargador r\u00e1pido, 7h con cargador est\u00e1ndar<\/li>\n<li>Funcionamiento con la mano izquierda\/derecha: \u2713<\/li>\n<li>Luces subacu\u00e1ticas de alta potencia: \u2713<\/li>\n<li>Dimensiones: 115 x 60 x 40 cm<\/li>\n<\/ul>\n<p><img decoding=\"async\" class=\"alignnone wp-image-84656 size-full\" src=\"https:\/\/wave-lovers.com\/wp-content\/uploads\/2023\/03\/iaqua-seadart-comparison-specifications-2.png\" alt=\"\" width=\"5254\" height=\"3346\" srcset=\"https:\/\/wave-lovers.com\/wp-content\/uploads\/2023\/03\/iaqua-seadart-comparison-specifications-2.png 5254w, https:\/\/wave-lovers.com\/wp-content\/uploads\/2023\/03\/iaqua-seadart-comparison-specifications-2-300x191.png 300w, https:\/\/wave-lovers.com\/wp-content\/uploads\/2023\/03\/iaqua-seadart-comparison-specifications-2-1024x652.png 1024w, https:\/\/wave-lovers.com\/wp-content\/uploads\/2023\/03\/iaqua-seadart-comparison-specifications-2-768x489.png 768w, https:\/\/wave-lovers.com\/wp-content\/uploads\/2023\/03\/iaqua-seadart-comparison-specifications-2-1536x978.png 1536w, https:\/\/wave-lovers.com\/wp-content\/uploads\/2023\/03\/iaqua-seadart-comparison-specifications-2-2048x1304.png 2048w, https:\/\/wave-lovers.com\/wp-content\/uploads\/2023\/03\/iaqua-seadart-comparison-specifications-2-600x382.png 600w\" sizes=\"(max-width: 5254px) 100vw, 5254px\" \/><\/p>\n<p>&nbsp;<\/p>\n<h2>Cinco razones para que compres el iAQUA AquaDart Pro 720 Max:<\/h2>\n<p><strong>1) Seis niveles diferentes de potencia para diversas actividades<\/strong><\/p>\n<p>El AquaDart Pro 720 Max tiene una tremenda fuerza de empuje de 720 Newton. Los 4.500 vatios de potencia m\u00e1xima equivalen a 18 motores de bicicleta el\u00e9ctrica. La motorizaci\u00f3n ultra fuerte es una gran ventaja bajo el agua debido a la mayor presi\u00f3n y resistencia del agua. Esto te da la oportunidad de probar una gran variedad de actividades: correr bajo el agua, hacer bucles bajo el agua o explorar grandes territorios submarinos.<\/p>\n<p><strong>2) Ecol\u00f3gico<\/strong><\/p>\n<p>Con el iAQUA AquaDart Pro 720 Max tienes la oportunidad de explorar nuevos mundos fascinantes sin da\u00f1ar el medio ambiente, siempre y cuando cargues el dispositivo con energ\u00eda renovable. Adem\u00e1s, iAQUA utiliza embalajes que se pueden reciclar y participa en campa\u00f1as de limpieza de playas.<\/p>\n<p><strong>3) Producci\u00f3n \u00fanica de colores<\/strong><\/p>\n<p>Los modelos AquaDart de iAQUA est\u00e1n fabricados con un brillo met\u00e1lico especial. Esto le permite reconocer su Scooter El\u00e9ctrico Subacu\u00e1tico por encima del agua incluso desde la distancia.<\/p>\n<p><strong>4) Durabilidad extra- iAQUA AQUADART 720 MAX con elementos de carbono<\/strong><\/p>\n<p>Tanto la pantalla LCD como el motor est\u00e1n fabricados en carbono T-3000. Al hacer estas dos \u00e1reas sensibles a\u00fan m\u00e1s protegidas, el Power Scooter es muy resistente. Esta caracter\u00edstica hace que el Power Scooter subacu\u00e1tico sea la mejor elecci\u00f3n para usted. Un uso frecuente y una larga durabilidad es lo que puedes esperar del iAQUA AquaDart Pro 720 Max.<\/p>\n<p><strong>5) Bater\u00edas de Samsung<\/strong><\/p>\n<p>Mucha potencia necesita una bater\u00eda potente. El motor est\u00e1 alimentado por una bater\u00eda de iones de litio de Samsung con 2.000 vatios hora. El iAQUA AquaDart Pro 720 Max ofrece una autonom\u00eda de 90 minutos a velocidades mixtas. Sin embargo, la autonom\u00eda individual puede variar en funci\u00f3n de la temperatura del agua, su peso, la resistencia al agua y su estilo de conducci\u00f3n.<\/p>\n<div class=\"ast-oembed-container \" style=\"height: 100%;\"><iframe title=\"AquaDart_720_Max_Arctic_White\" src=\"https:\/\/player.vimeo.com\/video\/745283537?dnt=1&amp;app_id=122963\" width=\"500\" height=\"281\" frameborder=\"0\" allow=\"autoplay; fullscreen; picture-in-picture; clipboard-write\"><\/iframe><\/div>\n<p>&nbsp;<\/p>\n<p><img decoding=\"async\" class=\"alignleft wp-image-76473 size-large\" src=\"https:\/\/wave-lovers.com\/wp-content\/uploads\/2022\/10\/iaqua-vs-seabob-best-underwater-scooter-iaqua-453x1024.png\" alt=\"iAQUA versus Seabob - why iaqua is the best underwater scooter choice\" width=\"453\" height=\"1024\" srcset=\"https:\/\/wave-lovers.com\/wp-content\/uploads\/2022\/10\/iaqua-vs-seabob-best-underwater-scooter-iaqua-453x1024.png 453w, https:\/\/wave-lovers.com\/wp-content\/uploads\/2022\/10\/iaqua-vs-seabob-best-underwater-scooter-iaqua-133x300.png 133w, https:\/\/wave-lovers.com\/wp-content\/uploads\/2022\/10\/iaqua-vs-seabob-best-underwater-scooter-iaqua-768x1737.png 768w, https:\/\/wave-lovers.com\/wp-content\/uploads\/2022\/10\/iaqua-vs-seabob-best-underwater-scooter-iaqua-679x1536.png 679w, https:\/\/wave-lovers.com\/wp-content\/uploads\/2022\/10\/iaqua-vs-seabob-best-underwater-scooter-iaqua-906x2048.png 906w, https:\/\/wave-lovers.com\/wp-content\/uploads\/2022\/10\/iaqua-vs-seabob-best-underwater-scooter-iaqua-600x1357.png 600w, https:\/\/wave-lovers.com\/wp-content\/uploads\/2022\/10\/iaqua-vs-seabob-best-underwater-scooter-iaqua.png 976w\" sizes=\"(max-width: 453px) 100vw, 453px\" \/><\/p>\n","protected":false},"excerpt":{"rendered":"<p>Sin duda, el favorito de la mayor\u00eda de los usuarios de todo el mundo. El superventas AquaDart Pro 720 MAX es uno de los mejores juguetes acu\u00e1ticos de lujo del mundo.<\/p>\n","protected":false},"featured_media":95633,"comment_status":"open","ping_status":"closed","template":"","meta":{"_acf_changed":false,"_editorskit_title_hidden":false,"_editorskit_reading_time":0,"_editorskit_is_block_options_detached":false,"_editorskit_block_options_position":"{}","site-sidebar-layout":"default","site-content-layout":"default","ast-site-content-layout":"default","site-content-style":"default","site-sidebar-style":"default","ast-global-header-display":"","ast-banner-title-visibility":"","ast-main-header-display":"","ast-hfb-above-header-display":"","ast-hfb-below-header-display":"","ast-hfb-mobile-header-display":"","site-post-title":"","ast-breadcrumbs-content":"","ast-featured-img":"","footer-sml-layout":"","ast-disable-related-posts":"","theme-transparent-header-meta":"default","adv-header-id-meta":"","stick-header-meta":"","header-above-stick-meta":"","header-main-stick-meta":"","header-below-stick-meta":"","astra-migrate-meta-layouts":"set","ast-page-background-enabled":"default","ast-page-background-meta":{"desktop":{"background-color":"","background-image":"","background-repeat":"repeat","background-position":"center center","background-size":"auto","background-attachment":"scroll","background-type":"","background-media":"","overlay-type":"","overlay-color":"","overlay-opacity":"","overlay-gradient":""},"tablet":{"background-color":"","background-image":"","background-repeat":"repeat","background-position":"center center","background-size":"auto","background-attachment":"scroll","background-type":"","background-media":"","overlay-type":"","overlay-color":"","overlay-opacity":"","overlay-gradient":""},"mobile":{"background-color":"","background-image":"","background-repeat":"repeat","background-position":"center center","background-size":"auto","background-attachment":"scroll","background-type":"","background-media":"","overlay-type":"","overlay-color":"","overlay-opacity":"","overlay-gradient":""}},"ast-content-background-meta":{"desktop":{"background-color":"var(--ast-global-color-5)","background-image":"","background-repeat":"repeat","background-position":"center center","background-size":"auto","background-attachment":"scroll","background-type":"","background-media":"","overlay-type":"","overlay-color":"","overlay-opacity":"","overlay-gradient":""},"tablet":{"background-color":"var(--ast-global-color-5)","background-image":"","background-repeat":"repeat","background-position":"center center","background-size":"auto","background-attachment":"scroll","background-type":"","background-media":"","overlay-type":"","overlay-color":"","overlay-opacity":"","overlay-gradient":""},"mobile":{"background-color":"var(--ast-global-color-5)","background-image":"","background-repeat":"repeat","background-position":"center center","background-size":"auto","background-attachment":"scroll","background-type":"","background-media":"","overlay-type":"","overlay-color":"","overlay-opacity":"","overlay-gradient":""}},"_jf_save_progress":""},"product_brand":[],"product_cat":[4631,60,114,19,40,115],"product_tag":[],"class_list":{"0":"post-148067","1":"product","2":"type-product","3":"status-publish","4":"has-post-thumbnail","6":"product_cat-scooter-buceo-submarino","7":"product_cat-buy","8":"product_cat-comprar","9":"product_cat-underwater-scooter","10":"product_cat-try-and-buy","11":"product_cat-try-and-buy-es","12":"product_shipping_class-mg-es","13":"desktop-align-center","14":"tablet-align-center","15":"mobile-align-center","16":"ast-product-gallery-layout-horizontal","17":"ast-magnify-disabled","18":"ast-product-single-variable","19":"ast-product-tabs-layout-horizontal","21":"first","22":"instock","23":"taxable","24":"shipping-taxable","25":"purchasable","26":"product-type-variable"},"acf":[],"brizy_media":[],"_links":{"self":[{"href":"https:\/\/wave-lovers.com\/es\/wp-json\/wp\/v2\/product\/148067","targetHints":{"allow":["GET"]}}],"collection":[{"href":"https:\/\/wave-lovers.com\/es\/wp-json\/wp\/v2\/product"}],"about":[{"href":"https:\/\/wave-lovers.com\/es\/wp-json\/wp\/v2\/types\/product"}],"replies":[{"embeddable":true,"href":"https:\/\/wave-lovers.com\/es\/wp-json\/wp\/v2\/comments?post=148067"}],"wp:featuredmedia":[{"embeddable":true,"href":"https:\/\/wave-lovers.com\/es\/wp-json\/wp\/v2\/media\/95633"}],"wp:attachment":[{"href":"https:\/\/wave-lovers.com\/es\/wp-json\/wp\/v2\/media?parent=148067"}],"wp:term":[{"taxonomy":"product_brand","embeddable":true,"href":"https:\/\/wave-lovers.com\/es\/wp-json\/wp\/v2\/product_brand?post=148067"},{"taxonomy":"product_cat","embeddable":true,"href":"https:\/\/wave-lovers.com\/es\/wp-json\/wp\/v2\/product_cat?post=148067"},{"taxonomy":"product_tag","embeddable":true,"href":"https:\/\/wave-lovers.com\/es\/wp-json\/wp\/v2\/product_tag?post=148067"}],"curies":[{"name":"wp","href":"https:\/\/api.w.org\/{rel}","templated":true}]}}