{"id":148059,"date":"2023-01-23T16:15:59","date_gmt":"2023-01-23T15:15:59","guid":{"rendered":"https:\/\/wave-lovers.com\/hydroflyer-cruiser-e-foil\/"},"modified":"2024-07-02T12:12:41","modified_gmt":"2024-07-02T10:12:41","slug":"hydroflyer-cruiser-e-foil","status":"publish","type":"product","link":"https:\/\/wave-lovers.com\/es\/hydroflyer-cruiser-e-foil\/","title":{"rendered":"Hydroflyer Cruiser eFoil"},"content":{"rendered":"<h3>\u00bfC\u00f3mo funciona la HydroFlyer\u2122?<\/h3>\n<p>La HydroFlyer\u2122 es una forma nueva y respetuosa con el medio ambiente de experimentar el vuelo sobre el agua. La HydroFlyer\u2122 eFoil es 100% el\u00e9ctrica, lo que significa que no necesita combustible, no genera humos ni contaminaci\u00f3n, se recarga r\u00e1pidamente en cualquier toma de corriente de CA est\u00e1ndar y apenas requiere mantenimiento.<\/p>\n<p>La HydroFlyer\u2122 utiliza un controlador bluetooth acoplado al manillar para controlar la velocidad. El controlador env\u00eda la se\u00f1al al ordenador de a bordo, que a su vez env\u00eda la se\u00f1al a la bater\u00eda de litio para que encienda el motor pr\u00e1cticamente silencioso. Una vez que el piloto alcanza una velocidad de unos 4-5 nudos, la fuerza de sustentaci\u00f3n y empuje empieza a hacer su magia, y el HydroFlyer comienza a elevarse fuera del agua. Es entonces cuando se siente como volar. No hay en el mundo una sensaci\u00f3n igual.<img fetchpriority=\"high\" decoding=\"async\" class=\"aligncenter wp-image-83000 size-full\" src=\"https:\/\/wave-lovers.com\/wp-content\/uploads\/2023\/01\/hydroflyer-cruiser-e-foil-technical-specifications.png\" alt=\"hydroflyer-cruiser-e-foil technical specifications\" width=\"1200\" height=\"800\" srcset=\"https:\/\/wave-lovers.com\/wp-content\/uploads\/2023\/01\/hydroflyer-cruiser-e-foil-technical-specifications.png 1200w, https:\/\/wave-lovers.com\/wp-content\/uploads\/2023\/01\/hydroflyer-cruiser-e-foil-technical-specifications-300x200.png 300w, https:\/\/wave-lovers.com\/wp-content\/uploads\/2023\/01\/hydroflyer-cruiser-e-foil-technical-specifications-1024x683.png 1024w, https:\/\/wave-lovers.com\/wp-content\/uploads\/2023\/01\/hydroflyer-cruiser-e-foil-technical-specifications-768x512.png 768w, https:\/\/wave-lovers.com\/wp-content\/uploads\/2023\/01\/hydroflyer-cruiser-e-foil-technical-specifications-500x333.png 500w, https:\/\/wave-lovers.com\/wp-content\/uploads\/2023\/01\/hydroflyer-cruiser-e-foil-technical-specifications-600x400.png 600w\" sizes=\"(max-width: 1200px) 100vw, 1200px\" \/><\/p>\n<h3>Hydroflyer Cruiser eFoil - Datos y cifras<\/h3>\n<ul>\n<li>Tiempo de conducci\u00f3n: 120 Min<\/li>\n<li>Velocidad m\u00e1xima: 55 Km\/H<\/li>\n<li>Autonom\u00eda 40 KM<\/li>\n<li>Tiempo de recarga: 1.5 Horas<\/li>\n<li>Peso: 35-40 Kg<img decoding=\"async\" class=\"wp-image-83015 size-full aligncenter\" src=\"https:\/\/wave-lovers.com\/wp-content\/uploads\/2023\/01\/hydroflyer-cruiser-e-foil-white.png\" alt=\"hydroflyer-cruiser-e-foil white\" width=\"1200\" height=\"800\" srcset=\"https:\/\/wave-lovers.com\/wp-content\/uploads\/2023\/01\/hydroflyer-cruiser-e-foil-white.png 1200w, https:\/\/wave-lovers.com\/wp-content\/uploads\/2023\/01\/hydroflyer-cruiser-e-foil-white-300x200.png 300w, https:\/\/wave-lovers.com\/wp-content\/uploads\/2023\/01\/hydroflyer-cruiser-e-foil-white-1024x683.png 1024w, https:\/\/wave-lovers.com\/wp-content\/uploads\/2023\/01\/hydroflyer-cruiser-e-foil-white-768x512.png 768w, https:\/\/wave-lovers.com\/wp-content\/uploads\/2023\/01\/hydroflyer-cruiser-e-foil-white-500x333.png 500w, https:\/\/wave-lovers.com\/wp-content\/uploads\/2023\/01\/hydroflyer-cruiser-e-foil-white-600x400.png 600w\" sizes=\"(max-width: 1200px) 100vw, 1200px\" \/><\/li>\n<\/ul>\n<h3>Razones por las que HydroFlyer\u2122 es la nueva tabla acuatica mas guay del mundo<\/h3>\n<p>Dise\u00f1ado para la comodidad, empu\u00f1aduras de dise\u00f1o ergon\u00f3mico, cubierta inclinada para una mayor capacidad de respuesta y posici\u00f3n del piloto orientada hacia delante, esto reduce la fatiga de las piernas del piloto en sesiones largas.<br \/>\nDise\u00f1o de tabla estabilizada, el exclusivo dise\u00f1o en V de la tabla corta el choppy y minimiza la resistencia del agua y el aire para facilitar los despegues y aterrizajes. La reducci\u00f3n del balanceo lateral facilita el equilibrio y reduce las ca\u00eddas.<br \/>\nSafety Wing, la tecnolog\u00eda pendiente de patente Cloud Tech\u2122 Safety Foil cuenta con un ala blanda con bordes de goma. Absorbe hasta 5 veces m\u00e1s impactos que un ala de carbono normal. Protege al piloto y al equipo de cortes y da\u00f1os mayores.<br \/>\nManillar para mayor estabilidad, el manillar desmontable facilita el equilibrio, reduce las ca\u00eddas y acorta la curva de aprendizaje de los principiantes. Incluso los principiantes sin experiencia previa pueden subirse y disfrutar a la primera.<br \/>\nIngenier\u00eda de primera clase, el dise\u00f1o ultraeficiente de los hidroalas reduce la resistencia y permite un planeo m\u00e1ximo y un menor esfuerzo de la bater\u00eda. Esto se traduce en velocidades m\u00e1s r\u00e1pidas y mayor tiempo de pilotaje sin necesidad de recargar.<\/p>\n<p><img decoding=\"async\" class=\"aligncenter wp-image-82997 size-large\" src=\"https:\/\/wave-lovers.com\/wp-content\/uploads\/2023\/01\/hydroflyer-cruiser-e-foil-environmental-promises-e1674497476501.png\" alt=\"hydroflyer-cruiser-e-foil environmental promises\" width=\"1024\" height=\"256\" srcset=\"https:\/\/wave-lovers.com\/wp-content\/uploads\/2023\/01\/hydroflyer-cruiser-e-foil-environmental-promises-e1674497476501.png 1200w, https:\/\/wave-lovers.com\/wp-content\/uploads\/2023\/01\/hydroflyer-cruiser-e-foil-environmental-promises-e1674497476501-300x75.png 300w, https:\/\/wave-lovers.com\/wp-content\/uploads\/2023\/01\/hydroflyer-cruiser-e-foil-environmental-promises-e1674497476501-1024x256.png 1024w, https:\/\/wave-lovers.com\/wp-content\/uploads\/2023\/01\/hydroflyer-cruiser-e-foil-environmental-promises-e1674497476501-768x192.png 768w, https:\/\/wave-lovers.com\/wp-content\/uploads\/2023\/01\/hydroflyer-cruiser-e-foil-environmental-promises-e1674497476501-600x150.png 600w\" sizes=\"(max-width: 1024px) 100vw, 1024px\" \/><\/p>\n<h3>El viaje de tu vida<\/h3>\n<p>Opciones de tabla, ala, velocidad y estabilidad adaptadas a todos los niveles de habilidad y tipos de cuerpo, la HydroFlyer\u2122 se dise\u00f1\u00f3 para que el eFoiling fuera accesible a todo el mundo. El equilibrio perfecto entre velocidad, emoci\u00f3n, facilidad de uso y seguridad, hay una opci\u00f3n que se adapta a cada rider.\u200d Si alguna vez has querido saber qu\u00e9 se siente al volar por encima del agua, \u00a1tienes que probar esto!<\/p>\n<p><img loading=\"lazy\" decoding=\"async\" class=\"aligncenter wp-image-82991 size-full\" src=\"https:\/\/wave-lovers.com\/wp-content\/uploads\/2023\/01\/hydroflyer-cruiser-e-foil-wings-comparison-e1674497565358.png\" alt=\"hydroflyer-cruiser-e-foil wings comparison\" width=\"984\" height=\"800\" srcset=\"https:\/\/wave-lovers.com\/wp-content\/uploads\/2023\/01\/hydroflyer-cruiser-e-foil-wings-comparison-e1674497565358.png 984w, https:\/\/wave-lovers.com\/wp-content\/uploads\/2023\/01\/hydroflyer-cruiser-e-foil-wings-comparison-e1674497565358-300x244.png 300w, https:\/\/wave-lovers.com\/wp-content\/uploads\/2023\/01\/hydroflyer-cruiser-e-foil-wings-comparison-e1674497565358-768x624.png 768w, https:\/\/wave-lovers.com\/wp-content\/uploads\/2023\/01\/hydroflyer-cruiser-e-foil-wings-comparison-e1674497565358-600x488.png 600w\" sizes=\"(max-width: 984px) 100vw, 984px\" \/><\/p>\n<p><img loading=\"lazy\" decoding=\"async\" class=\"aligncenter wp-image-82994 size-full\" src=\"https:\/\/wave-lovers.com\/wp-content\/uploads\/2023\/01\/hydroflyer-cruiser-e-foil-5-reasons-why-it-is-a-good-e-foil.png\" alt=\"hydroflyer-cruiser-e-foil 5 reasons why it is a good e-foil\" width=\"1200\" height=\"800\" srcset=\"https:\/\/wave-lovers.com\/wp-content\/uploads\/2023\/01\/hydroflyer-cruiser-e-foil-5-reasons-why-it-is-a-good-e-foil.png 1200w, https:\/\/wave-lovers.com\/wp-content\/uploads\/2023\/01\/hydroflyer-cruiser-e-foil-5-reasons-why-it-is-a-good-e-foil-300x200.png 300w, https:\/\/wave-lovers.com\/wp-content\/uploads\/2023\/01\/hydroflyer-cruiser-e-foil-5-reasons-why-it-is-a-good-e-foil-1024x683.png 1024w, https:\/\/wave-lovers.com\/wp-content\/uploads\/2023\/01\/hydroflyer-cruiser-e-foil-5-reasons-why-it-is-a-good-e-foil-768x512.png 768w, https:\/\/wave-lovers.com\/wp-content\/uploads\/2023\/01\/hydroflyer-cruiser-e-foil-5-reasons-why-it-is-a-good-e-foil-500x333.png 500w, https:\/\/wave-lovers.com\/wp-content\/uploads\/2023\/01\/hydroflyer-cruiser-e-foil-5-reasons-why-it-is-a-good-e-foil-600x400.png 600w\" sizes=\"(max-width: 1200px) 100vw, 1200px\" \/><\/p>\n","protected":false},"excerpt":{"rendered":"<p>La HydroFlyer\u2122 es la moto acu\u00e1tica m\u00e1s avanzada jam\u00e1s creada. Con ajustes de velocidad que van de suaves a salvajes, y caracter\u00edsticas de seguridad l\u00edderes en la industria, fue dise\u00f1ada para principiantes y buscadores de emociones profesionales por igual. Es la novedad del deporte acu\u00e1tico m\u00e1s guay del mundo al alcance de todos.<\/p>\n","protected":false},"featured_media":95741,"comment_status":"open","ping_status":"closed","template":"","meta":{"_acf_changed":false,"_editorskit_title_hidden":false,"_editorskit_reading_time":0,"_editorskit_is_block_options_detached":false,"_editorskit_block_options_position":"{}","site-sidebar-layout":"default","site-content-layout":"default","ast-site-content-layout":"default","site-content-style":"default","site-sidebar-style":"default","ast-global-header-display":"","ast-banner-title-visibility":"","ast-main-header-display":"","ast-hfb-above-header-display":"","ast-hfb-below-header-display":"","ast-hfb-mobile-header-display":"","site-post-title":"disabled","ast-breadcrumbs-content":"","ast-featured-img":"","footer-sml-layout":"","ast-disable-related-posts":"","theme-transparent-header-meta":"default","adv-header-id-meta":"","stick-header-meta":"","header-above-stick-meta":"","header-main-stick-meta":"","header-below-stick-meta":"","astra-migrate-meta-layouts":"set","ast-page-background-enabled":"default","ast-page-background-meta":{"desktop":{"background-color":"","background-image":"","background-repeat":"repeat","background-position":"center center","background-size":"auto","background-attachment":"scroll","background-type":"","background-media":"","overlay-type":"","overlay-color":"","overlay-opacity":"","overlay-gradient":""},"tablet":{"background-color":"","background-image":"","background-repeat":"repeat","background-position":"center center","background-size":"auto","background-attachment":"scroll","background-type":"","background-media":"","overlay-type":"","overlay-color":"","overlay-opacity":"","overlay-gradient":""},"mobile":{"background-color":"","background-image":"","background-repeat":"repeat","background-position":"center center","background-size":"auto","background-attachment":"scroll","background-type":"","background-media":"","overlay-type":"","overlay-color":"","overlay-opacity":"","overlay-gradient":""}},"ast-content-background-meta":{"desktop":{"background-color":"var(--ast-global-color-5)","background-image":"","background-repeat":"repeat","background-position":"center center","background-size":"auto","background-attachment":"scroll","background-type":"","background-media":"","overlay-type":"","overlay-color":"","overlay-opacity":"","overlay-gradient":""},"tablet":{"background-color":"var(--ast-global-color-5)","background-image":"","background-repeat":"repeat","background-position":"center center","background-size":"auto","background-attachment":"scroll","background-type":"","background-media":"","overlay-type":"","overlay-color":"","overlay-opacity":"","overlay-gradient":""},"mobile":{"background-color":"var(--ast-global-color-5)","background-image":"","background-repeat":"repeat","background-position":"center center","background-size":"auto","background-attachment":"scroll","background-type":"","background-media":"","overlay-type":"","overlay-color":"","overlay-opacity":"","overlay-gradient":""}},"_jf_save_progress":""},"product_brand":[],"product_cat":[114,110],"product_tag":[],"class_list":{"0":"post-148059","1":"product","2":"type-product","3":"status-publish","4":"has-post-thumbnail","6":"product_cat-comprar","7":"product_cat-tablas-de-surf-electricas-efoil","8":"product_shipping_class-lg-es","9":"desktop-align-center","10":"tablet-align-center","11":"mobile-align-center","12":"ast-product-gallery-layout-horizontal","13":"ast-magnify-disabled","14":"ast-product-tabs-layout-horizontal","16":"first","17":"instock","18":"taxable","19":"shipping-taxable","20":"purchasable","21":"product-type-simple"},"acf":[],"brizy_media":[{"id":394,"url":"https:\/\/wave-lovers.com\/wp-content\/uploads\/2021\/01\/E-Foil-Surf-in-Fuerteventura.png","name":"E-Foil-Surf-in-Fuerteventura.png","meta":{"brizy_attachment_uid":"wp-94c9cce8d679a7c3867d56ce02984e39.png","brizy_post_uid":["036f3c858f7493a96f1ecf6bf97c3739","a9cb51fc18b3a0e5c20b367b123782f1","4d07bf27702d9e74ca4c3511c74110e4","57a9f74eb861a76ebdbcd0ca0523c138"]}}],"_links":{"self":[{"href":"https:\/\/wave-lovers.com\/es\/wp-json\/wp\/v2\/product\/148059","targetHints":{"allow":["GET"]}}],"collection":[{"href":"https:\/\/wave-lovers.com\/es\/wp-json\/wp\/v2\/product"}],"about":[{"href":"https:\/\/wave-lovers.com\/es\/wp-json\/wp\/v2\/types\/product"}],"replies":[{"embeddable":true,"href":"https:\/\/wave-lovers.com\/es\/wp-json\/wp\/v2\/comments?post=148059"}],"wp:featuredmedia":[{"embeddable":true,"href":"https:\/\/wave-lovers.com\/es\/wp-json\/wp\/v2\/media\/95741"}],"wp:attachment":[{"href":"https:\/\/wave-lovers.com\/es\/wp-json\/wp\/v2\/media?parent=148059"}],"wp:term":[{"taxonomy":"product_brand","embeddable":true,"href":"https:\/\/wave-lovers.com\/es\/wp-json\/wp\/v2\/product_brand?post=148059"},{"taxonomy":"product_cat","embeddable":true,"href":"https:\/\/wave-lovers.com\/es\/wp-json\/wp\/v2\/product_cat?post=148059"},{"taxonomy":"product_tag","embeddable":true,"href":"https:\/\/wave-lovers.com\/es\/wp-json\/wp\/v2\/product_tag?post=148059"}],"curies":[{"name":"wp","href":"https:\/\/api.w.org\/{rel}","templated":true}]}}