{"id":148055,"date":"2023-02-14T18:57:12","date_gmt":"2023-02-14T17:57:12","guid":{"rendered":"https:\/\/wave-lovers.com\/awake-raevik-3-electric-surfboard\/"},"modified":"2024-07-02T13:11:59","modified_gmt":"2024-07-02T11:11:59","slug":"awake-ravik-3-tabla-de-surf-electrica","status":"publish","type":"product","link":"https:\/\/wave-lovers.com\/es\/awake-ravik-3-tabla-de-surf-electrica\/","title":{"rendered":"Awake R\u00c4VIK 3 Tabla De Surf El\u00e9ctrica"},"content":{"rendered":"<h2>Awake R\u00c4VIK 3 - INFORMACI\u00d3N<\/h2>\n<p><img decoding=\"async\" class=\"alignright wp-image-96875 size-thumbnail\" src=\"https:\/\/wave-lovers.com\/wp-content\/uploads\/2023\/02\/awake-raevik-3-11-e1687551802694.jpg\" alt=\"\" width=\"150\" height=\"150\" srcset=\"https:\/\/wave-lovers.com\/wp-content\/uploads\/2023\/02\/awake-raevik-3-11-e1687551802694.jpg 634w, https:\/\/wave-lovers.com\/wp-content\/uploads\/2023\/02\/awake-raevik-3-11-e1687551802694-300x300.jpg 300w, https:\/\/wave-lovers.com\/wp-content\/uploads\/2023\/02\/awake-raevik-3-11-e1687551802694-150x150.jpg 150w, https:\/\/wave-lovers.com\/wp-content\/uploads\/2023\/02\/awake-raevik-3-11-e1687551802694-600x600.jpg 600w, https:\/\/wave-lovers.com\/wp-content\/uploads\/2023\/02\/awake-raevik-3-11-e1687551802694-100x100.jpg 100w, https:\/\/wave-lovers.com\/wp-content\/uploads\/2023\/02\/awake-raevik-3-11-e1687551802694-32x32.jpg 32w\" sizes=\"(max-width: 150px) 100vw, 150px\" \/><\/p>\n<p>La empresa Awake dice ser sin\u00f3nimo de alto rendimiento y calidad en todo lo que hace. Para que tanto principiantes como profesionales puedan afrontar cualquier reto.<br \/>\nFundada con la intenci\u00f3n de revolucionar el mercado de las tablas de surf el\u00e9ctricas, crearon un concepto que redujera al m\u00ednimo el equipamiento de los surfistas \u00e1vidos, dejando libertad de elecci\u00f3n. Por esta raz\u00f3n, dise\u00f1aron el equipo de tal manera que es posible cambiar entre tabla de surf el\u00e9ctrica o eFoil (Awake VINGA) en cualquier momento. Gracias al exclusivo sistema de flexi\u00f3n, es posible ahorrarse un juego completo de equipamiento adicional si se desea navegar tanto sobre las olas como sobre ellas.<\/p>\n<p>La tabla de surf el\u00e9ctrica, que se mueve directamente sobre la superficie del agua, es especialmente adecuada para olas y experiencias emocionantes. Si desea recorrer distancias m\u00e1s largas en zonas tranquilas, merece la pena echar un vistazo a la Awake VINGA eFoil.<\/p>\n<p>Adem\u00e1s de las dos variantes de tabla, existen dos versiones cada una, que hacen referencia a los diferentes niveles de experiencia y al estilo de conducci\u00f3n asociado. Los principiantes y aprendices deber\u00edan decantarse por la versi\u00f3n m\u00e1s grande, la R\u00c4VIK 3, mientras que los surfistas avanzados y profesionales que busquen un reto estar\u00e1n contentos con la R\u00c4VIK S.<\/p>\n<hr \/>\n<p><img decoding=\"async\" class=\"wp-image-96872 size-thumbnail alignright\" src=\"https:\/\/wave-lovers.com\/wp-content\/uploads\/2023\/02\/awake-raevik-3-10-e1687551831520.jpg\" alt=\"\" width=\"150\" height=\"150\" srcset=\"https:\/\/wave-lovers.com\/wp-content\/uploads\/2023\/02\/awake-raevik-3-10-e1687551831520.jpg 699w, https:\/\/wave-lovers.com\/wp-content\/uploads\/2023\/02\/awake-raevik-3-10-e1687551831520-300x300.jpg 300w, https:\/\/wave-lovers.com\/wp-content\/uploads\/2023\/02\/awake-raevik-3-10-e1687551831520-150x150.jpg 150w, https:\/\/wave-lovers.com\/wp-content\/uploads\/2023\/02\/awake-raevik-3-10-e1687551831520-600x600.jpg 600w, https:\/\/wave-lovers.com\/wp-content\/uploads\/2023\/02\/awake-raevik-3-10-e1687551831520-100x100.jpg 100w, https:\/\/wave-lovers.com\/wp-content\/uploads\/2023\/02\/awake-raevik-3-10-e1687551831520-32x32.jpg 32w\" sizes=\"(max-width: 150px) 100vw, 150px\" \/><\/p>\n<p>Su dise\u00f1o estable ayuda al rider a experimentar menos situaciones imprevistas porque la tabla est\u00e1 dise\u00f1ada para ser lo m\u00e1s indulgente posible. Sin embargo, es lo suficientemente \u00e1gil como para que desde principiantes hasta surfistas experimentados se diviertan mucho y adem\u00e1s consigan un r\u00e1pido \u00e9xito de aprendizaje. Incluso si los conocidos quieren probarla, es ideal para desencadenar las primeras sensaciones de felicidad.<\/p>\n<p>La R\u00c4VIK 3 ofrece el equilibrio perfecto entre una experiencia de navegaci\u00f3n f\u00e1cil y al mismo tiempo emocionante. A ello contribuye tambi\u00e9n el sistema de propulsi\u00f3n lineal, que proporciona un empuje constante y permite as\u00ed al surfista el m\u00e1ximo confort y confianza.<\/p>\n<p>Los amplios accesorios con diversas opciones de personalizaci\u00f3n ayudan a contrarrestar hasta las \u00faltimas molestias y permiten al rider evolucionar a su manera y encontrar su estilo personal.<\/p>\n<hr \/>\n<h2>Awake R\u00c4VIK 3 \u2013 DETALLES<\/h2>\n<p>Tama\u00f1o: 177x62x26cm<br \/>\nVolumen: 71 l<br \/>\nVelocidad m\u00e1xima: hasta 55 km\/h (aceleraci\u00f3n en unos 4 segundos)<br \/>\nPeso: 23 kg<br \/>\nPropulsi\u00f3n: sistema de chorro lineal<\/p>\n<h2>Awake R\u00c4VIK 3 \u2013 DESTACADOS<\/h2>\n<p>- entrada suave y tolerante<br \/>\n- operatividad optimizada con el m\u00e1ximo control<br \/>\n- dise\u00f1o avanzado y de seguridad garantizada<br \/>\n- accionamiento eficiente y bater\u00eda potente para un tiempo de funcionamiento m\u00ednimo de 40 minutos<br \/>\n- tiempos de carga r\u00e1pidos<br \/>\n- equipamiento de alta calidad con muchas opciones de individualizaci\u00f3n<\/p>\n","protected":false},"excerpt":{"rendered":"<p>Esta tabla m\u00e1s grande fue creada para permitir una conducci\u00f3n controlada con suficiente equilibrio. Es vers\u00e1til, apta para principiantes y te acompa\u00f1ar\u00e1 en tu camino para convertirte en un profesional.<\/p>\n","protected":false},"featured_media":96847,"comment_status":"open","ping_status":"closed","template":"","meta":{"_acf_changed":false,"_editorskit_title_hidden":false,"_editorskit_reading_time":0,"_editorskit_is_block_options_detached":false,"_editorskit_block_options_position":"{}","site-sidebar-layout":"default","site-content-layout":"default","ast-site-content-layout":"default","site-content-style":"default","site-sidebar-style":"default","ast-global-header-display":"","ast-banner-title-visibility":"","ast-main-header-display":"","ast-hfb-above-header-display":"","ast-hfb-below-header-display":"","ast-hfb-mobile-header-display":"","site-post-title":"","ast-breadcrumbs-content":"","ast-featured-img":"","footer-sml-layout":"","ast-disable-related-posts":"","theme-transparent-header-meta":"default","adv-header-id-meta":"","stick-header-meta":"","header-above-stick-meta":"","header-main-stick-meta":"","header-below-stick-meta":"","astra-migrate-meta-layouts":"set","ast-page-background-enabled":"default","ast-page-background-meta":{"desktop":{"background-color":"","background-image":"","background-repeat":"repeat","background-position":"center center","background-size":"auto","background-attachment":"scroll","background-type":"","background-media":"","overlay-type":"","overlay-color":"","overlay-opacity":"","overlay-gradient":""},"tablet":{"background-color":"","background-image":"","background-repeat":"repeat","background-position":"center center","background-size":"auto","background-attachment":"scroll","background-type":"","background-media":"","overlay-type":"","overlay-color":"","overlay-opacity":"","overlay-gradient":""},"mobile":{"background-color":"","background-image":"","background-repeat":"repeat","background-position":"center center","background-size":"auto","background-attachment":"scroll","background-type":"","background-media":"","overlay-type":"","overlay-color":"","overlay-opacity":"","overlay-gradient":""}},"ast-content-background-meta":{"desktop":{"background-color":"var(--ast-global-color-5)","background-image":"","background-repeat":"repeat","background-position":"center center","background-size":"auto","background-attachment":"scroll","background-type":"","background-media":"","overlay-type":"","overlay-color":"","overlay-opacity":"","overlay-gradient":""},"tablet":{"background-color":"var(--ast-global-color-5)","background-image":"","background-repeat":"repeat","background-position":"center center","background-size":"auto","background-attachment":"scroll","background-type":"","background-media":"","overlay-type":"","overlay-color":"","overlay-opacity":"","overlay-gradient":""},"mobile":{"background-color":"var(--ast-global-color-5)","background-image":"","background-repeat":"repeat","background-position":"center center","background-size":"auto","background-attachment":"scroll","background-type":"","background-media":"","overlay-type":"","overlay-color":"","overlay-opacity":"","overlay-gradient":""}},"_jf_save_progress":""},"product_brand":[],"product_cat":[60,114,22,4612],"product_tag":[],"class_list":{"0":"post-148055","1":"product","2":"type-product","3":"status-publish","4":"has-post-thumbnail","6":"product_cat-buy","7":"product_cat-comprar","8":"product_cat-electric-jet-surfboard","9":"product_cat-e-jet","10":"product_shipping_class-lg-es","11":"desktop-align-center","12":"tablet-align-center","13":"mobile-align-center","14":"ast-product-gallery-layout-horizontal","15":"ast-magnify-disabled","16":"ast-product-single-variable","17":"ast-product-tabs-layout-horizontal","19":"first","20":"instock","21":"taxable","22":"shipping-taxable","23":"purchasable","24":"product-type-variable"},"acf":[],"brizy_media":[],"_links":{"self":[{"href":"https:\/\/wave-lovers.com\/es\/wp-json\/wp\/v2\/product\/148055","targetHints":{"allow":["GET"]}}],"collection":[{"href":"https:\/\/wave-lovers.com\/es\/wp-json\/wp\/v2\/product"}],"about":[{"href":"https:\/\/wave-lovers.com\/es\/wp-json\/wp\/v2\/types\/product"}],"replies":[{"embeddable":true,"href":"https:\/\/wave-lovers.com\/es\/wp-json\/wp\/v2\/comments?post=148055"}],"wp:featuredmedia":[{"embeddable":true,"href":"https:\/\/wave-lovers.com\/es\/wp-json\/wp\/v2\/media\/96847"}],"wp:attachment":[{"href":"https:\/\/wave-lovers.com\/es\/wp-json\/wp\/v2\/media?parent=148055"}],"wp:term":[{"taxonomy":"product_brand","embeddable":true,"href":"https:\/\/wave-lovers.com\/es\/wp-json\/wp\/v2\/product_brand?post=148055"},{"taxonomy":"product_cat","embeddable":true,"href":"https:\/\/wave-lovers.com\/es\/wp-json\/wp\/v2\/product_cat?post=148055"},{"taxonomy":"product_tag","embeddable":true,"href":"https:\/\/wave-lovers.com\/es\/wp-json\/wp\/v2\/product_tag?post=148055"}],"curies":[{"name":"wp","href":"https:\/\/api.w.org\/{rel}","templated":true}]}}