{"id":148029,"date":"2023-03-02T20:29:38","date_gmt":"2023-03-02T19:29:38","guid":{"rendered":"https:\/\/wave-lovers.com\/asap-wave-jam-rescue-156-electric-jetboard\/"},"modified":"2024-07-02T15:20:59","modified_gmt":"2024-07-02T13:20:59","slug":"asap-wave-jam-rescue-156-jetboard-electrico","status":"publish","type":"product","link":"https:\/\/wave-lovers.com\/es\/asap-wave-jam-rescue-156-jetboard-electrico\/","title":{"rendered":"ASAP Wave Jam Rescue 156 Jetboard El\u00e9ctrico"},"content":{"rendered":"<h2><strong>ASAP Wave Jam rescue 156 electric jetboard<\/strong><\/h2>\n<p><img decoding=\"async\" class=\"size-thumbnail wp-image-148031 alignright\" src=\"https:\/\/wave-lovers.com\/wp-content\/uploads\/2023\/03\/asap-wave-jam-rescue-156-electric-jetboard-product-150x150.webp\" alt=\"\" width=\"150\" height=\"150\" srcset=\"https:\/\/wave-lovers.com\/wp-content\/uploads\/2023\/03\/asap-wave-jam-rescue-156-electric-jetboard-product-150x150.webp 150w, https:\/\/wave-lovers.com\/wp-content\/uploads\/2023\/03\/asap-wave-jam-rescue-156-electric-jetboard-product-300x300.webp 300w, https:\/\/wave-lovers.com\/wp-content\/uploads\/2023\/03\/asap-wave-jam-rescue-156-electric-jetboard-product-100x100.webp 100w, https:\/\/wave-lovers.com\/wp-content\/uploads\/2023\/03\/asap-wave-jam-rescue-156-electric-jetboard-product-32x32.webp 32w, https:\/\/wave-lovers.com\/wp-content\/uploads\/2023\/03\/asap-wave-jam-rescue-156-electric-jetboard-product.webp 600w\" sizes=\"(max-width: 150px) 100vw, 150px\" \/><\/p>\n<p>La tabla acu\u00e1tica el\u00e9ctrica Wave Jam Rescue 156 de ASAP Water Crafts est\u00e1 dise\u00f1ada originalmente para profesionales. La Rescue 156 es una tabla acu\u00e1tica de lanzamiento r\u00e1pido, para rescates cerca de la orilla y en el interior. La propulsi\u00f3n el\u00e9ctrica de alto par est\u00e1 dise\u00f1ada para impulsar al rescatador a trav\u00e9s del agua y remolcar personas o equipos con facilidad. A los profesionales del rescate les encanta que nuestras tablas puedan llevarse a la espalda y ser lanzadas por una sola persona, pr\u00e1cticamente en cualquier lugar.<\/p>\n<p><strong>UNA NUEVA FORMA DE DESCUBRIR<\/strong><\/p>\n<p>\u00a1El\u00e9ctrico! Olv\u00eddate de los viajes a la gasolinera, la contaminaci\u00f3n o los humos malolientes.<br \/>\nPotente, peque\u00f1a pero poderosa. Nuestras tablas son incre\u00edbles, gracias a su impresionante equilibrio de par y potencia.<br \/>\n\u00a1Despega donde quieras! Gracias a su ligereza, podr\u00e1s botarla pr\u00e1cticamente en cualquier lugar, llev\u00e1ndola f\u00e1cilmente a cuestas hasta el agua.<br \/>\n\u00a1Bater\u00eda Premium! Usando hasta las \u00faltimas celdas de bater\u00eda, para darle el mejor tiempo de funcionamiento. Su eficiente dise\u00f1o electr\u00f3nico significa que su bater\u00eda se mantendr\u00e1 sana y durar\u00e1 mucho tiempo.<br \/>\n\u00a1Silencioso! Disfruta del sonido del agua y de la naturaleza, no de un motor ruidoso.<br \/>\nPara toda la familia: S\u00fabete, pisa el acelerador y arranca. Intuitivo de conducir por lo que no necesita lecciones, por lo que es ideal para toda la familia.<br \/>\nSin mantenimiento. Pasa m\u00e1s tiempo en el agua y menos arreglando cosas. Con una sola pieza m\u00f3vil, nuestra propulsi\u00f3n el\u00e9ctrica casi no necesita mantenimiento. Simplemente enjuagua con agua dulce y rel\u00e1jate.<br \/>\n\u00a1Accesorios! Desde maletas de transporte, cargadores superr\u00e1pidos y ruedas: tenemos una gama de accesorios que te ayudar\u00e1n a sacar el m\u00e1ximo partido a su moto acu\u00e1tica.<\/p>\n<h3>\u00bfQU\u00c9 SE INCLUYE EN EL VOLUMEN DE SUMINISTRO?<\/h3>\n<p>Bodyboard<br \/>\nCargador est\u00e1ndar de 9 A<br \/>\nGarant\u00eda del producto 12 meses \/ posibilidad de ampliar a petici\u00f3n<\/p>\n<h3>ESPECIFICACIONES T\u00c9CNICAS<\/h3>\n<p>Peso: 30kgs<br \/>\nVelocidad m\u00e1xima: 16km\/h*<br \/>\nPotencia: 5kW pico**<br \/>\nAutonom\u00eda: 50-60mins***<br \/>\nCarga r\u00e1pida (0-100%) 90mins<br \/>\nCarga est\u00e1ndar (0-100%): 7 horas<br \/>\nDimensiones: 145x60x28cm<br \/>\nBater\u00eda: 50V Litio-ion, 1,46kWh, 31,2 Ah<br \/>\nColores: Rojo\/Amarillo<br \/>\nN\u00famero de velocidades: 3<br \/>\nRendimiento del motor: 5kW\/5000rpm<br \/>\nCasco\/cuerpo: Espuma densa moldeada + flotador de rescate<br \/>\nDirecci\u00f3n: Inclinaci\u00f3n por el peso del cuerpo<br \/>\nParada: Resistencia al agua<br \/>\nIndicador LED: Velocidad seleccionada y bater\u00eda restante<\/p>\n<p>*La velocidad m\u00e1xima y la autonom\u00eda dependen de: la posici\u00f3n de conducci\u00f3n, el peso del surfista, la velocidad seleccionada y las condiciones del agua. **Potencia m\u00e1xima.<br \/>\n***El tiempo indicado es el tiempo medio de funcionamiento, utilizando una selecci\u00f3n de velocidades e incluye el \"modo volver a casa\".<\/p>\n<h3>PREGUNTAS Y RESPUESTAS<\/h3>\n<p><strong>\u00bfCu\u00e1les son las principales diferencias entre los modelos Wave Jam y Rescue?<\/strong><\/p>\n<p>Los modelos Wave Jam est\u00e1n dise\u00f1ados para uso recreativo\/familiar. Las velocidades se seleccionan pulsando ambos aceleradores y accionando la palanca derecha para aumentar la velocidad y la izquierda para reducirla. Los modelos Rescue est\u00e1n dise\u00f1ados para uso profesional, por lo que pueden conducirse con una sola mano. Presiona la palanca izquierda para velocidad 1, la derecha para velocidad 2 y ambas juntas para velocidad 3. Otras diferencias son que el modelo Rescue viene con un flotador Rescue, cabo de remolque y colores\/gr\u00e1ficos Rescue.<\/p>\n<p><strong>\u00bfVienen las tablas con cargador?<\/strong><\/p>\n<p>S\u00ed, todas nuestras tablas vienen con un cargador est\u00e1ndar. Puedes optar por el cargador Super Fast.<\/p>\n<p><strong>\u00bfPuedo cargar mi tabla wave jam en mi barco?<\/strong><\/p>\n<p>Nuestros cargadores requieren electricidad de la red (220-240V). Dependiendo de tu barco esto se puede lograr con un inversor, generador o energ\u00eda producida por el motor. Para los clientes con base en EE.UU. tambi\u00e9n podemos suministrar cargadores modelo 110V-120V bajo pedido.<\/p>\n<p><strong>\u00bfQu\u00e9 debo tener en cuenta a la hora de mantener y reparar mi tabla de bodyboard Wave Jam?<\/strong><\/p>\n<p>Al ser de propulsi\u00f3n el\u00e9ctrica, hay muy poco que mantener y cuidar. Te recomendamos que enjuagues tu Jetboard con agua dulce despu\u00e9s de cada uso. Esto prolongar\u00e1 la vida de las piezas. Si vas a guardar tu Jetboard durante un largo periodo de tiempo (por ejemplo, durante el invierno), c\u00e1rgalo al 40-50% y apaga el interruptor de desconexi\u00f3n de la bater\u00eda antes de guardarlo.<\/p>\n<p>Los usuarios m\u00e1s exigentes (de alquiler y profesionales) deben ponerse en contacto con nosotros para obtener asesoramiento espec\u00edfico para su uso.<\/p>\n","protected":false},"excerpt":{"rendered":"<p style=\"text-align: left;\">La Wave Jam Rescue 156 es una tabla acu\u00e1tica el\u00e9ctrica de lanzamiento r\u00e1pido, para rescates cerca de la costa y en el interior.<\/p>\n","protected":false},"featured_media":95906,"comment_status":"open","ping_status":"closed","template":"","meta":{"_acf_changed":false,"_editorskit_title_hidden":false,"_editorskit_reading_time":0,"_editorskit_is_block_options_detached":false,"_editorskit_block_options_position":"{}","site-sidebar-layout":"default","site-content-layout":"default","ast-site-content-layout":"default","site-content-style":"default","site-sidebar-style":"default","ast-global-header-display":"","ast-banner-title-visibility":"","ast-main-header-display":"","ast-hfb-above-header-display":"","ast-hfb-below-header-display":"","ast-hfb-mobile-header-display":"","site-post-title":"disabled","ast-breadcrumbs-content":"","ast-featured-img":"","footer-sml-layout":"","ast-disable-related-posts":"","theme-transparent-header-meta":"default","adv-header-id-meta":"","stick-header-meta":"","header-above-stick-meta":"","header-main-stick-meta":"","header-below-stick-meta":"","astra-migrate-meta-layouts":"set","ast-page-background-enabled":"default","ast-page-background-meta":{"desktop":{"background-color":"","background-image":"","background-repeat":"repeat","background-position":"center center","background-size":"auto","background-attachment":"scroll","background-type":"","background-media":"","overlay-type":"","overlay-color":"","overlay-opacity":"","overlay-gradient":""},"tablet":{"background-color":"","background-image":"","background-repeat":"repeat","background-position":"center center","background-size":"auto","background-attachment":"scroll","background-type":"","background-media":"","overlay-type":"","overlay-color":"","overlay-opacity":"","overlay-gradient":""},"mobile":{"background-color":"","background-image":"","background-repeat":"repeat","background-position":"center center","background-size":"auto","background-attachment":"scroll","background-type":"","background-media":"","overlay-type":"","overlay-color":"","overlay-opacity":"","overlay-gradient":""}},"ast-content-background-meta":{"desktop":{"background-color":"var(--ast-global-color-5)","background-image":"","background-repeat":"repeat","background-position":"center center","background-size":"auto","background-attachment":"scroll","background-type":"","background-media":"","overlay-type":"","overlay-color":"","overlay-opacity":"","overlay-gradient":""},"tablet":{"background-color":"var(--ast-global-color-5)","background-image":"","background-repeat":"repeat","background-position":"center center","background-size":"auto","background-attachment":"scroll","background-type":"","background-media":"","overlay-type":"","overlay-color":"","overlay-opacity":"","overlay-gradient":""},"mobile":{"background-color":"var(--ast-global-color-5)","background-image":"","background-repeat":"repeat","background-position":"center center","background-size":"auto","background-attachment":"scroll","background-type":"","background-media":"","overlay-type":"","overlay-color":"","overlay-opacity":"","overlay-gradient":""}},"_jf_save_progress":""},"product_brand":[],"product_cat":[4612,60,114,22],"product_tag":[],"class_list":{"0":"post-148029","1":"product","2":"type-product","3":"status-publish","4":"has-post-thumbnail","6":"product_cat-e-jet","7":"product_cat-buy","8":"product_cat-comprar","9":"product_cat-electric-jet-surfboard","10":"product_shipping_class-lg-es","11":"desktop-align-center","12":"tablet-align-center","13":"mobile-align-center","14":"ast-product-gallery-layout-horizontal","15":"ast-magnify-disabled","16":"ast-product-tabs-layout-horizontal","18":"first","19":"instock","20":"taxable","21":"shipping-taxable","22":"purchasable","23":"product-type-simple"},"acf":[],"brizy_media":[],"_links":{"self":[{"href":"https:\/\/wave-lovers.com\/es\/wp-json\/wp\/v2\/product\/148029","targetHints":{"allow":["GET"]}}],"collection":[{"href":"https:\/\/wave-lovers.com\/es\/wp-json\/wp\/v2\/product"}],"about":[{"href":"https:\/\/wave-lovers.com\/es\/wp-json\/wp\/v2\/types\/product"}],"replies":[{"embeddable":true,"href":"https:\/\/wave-lovers.com\/es\/wp-json\/wp\/v2\/comments?post=148029"}],"wp:featuredmedia":[{"embeddable":true,"href":"https:\/\/wave-lovers.com\/es\/wp-json\/wp\/v2\/media\/95906"}],"wp:attachment":[{"href":"https:\/\/wave-lovers.com\/es\/wp-json\/wp\/v2\/media?parent=148029"}],"wp:term":[{"taxonomy":"product_brand","embeddable":true,"href":"https:\/\/wave-lovers.com\/es\/wp-json\/wp\/v2\/product_brand?post=148029"},{"taxonomy":"product_cat","embeddable":true,"href":"https:\/\/wave-lovers.com\/es\/wp-json\/wp\/v2\/product_cat?post=148029"},{"taxonomy":"product_tag","embeddable":true,"href":"https:\/\/wave-lovers.com\/es\/wp-json\/wp\/v2\/product_tag?post=148029"}],"curies":[{"name":"wp","href":"https:\/\/api.w.org\/{rel}","templated":true}]}}