{"id":148023,"date":"2023-03-03T09:25:19","date_gmt":"2023-03-03T08:25:19","guid":{"rendered":"https:\/\/wave-lovers.com\/iaqua-aquadart-pro-680-light\/"},"modified":"2024-07-03T12:11:17","modified_gmt":"2024-07-03T10:11:17","slug":"iaqua-aquadart-pro-680-light","status":"publish","type":"product","link":"https:\/\/wave-lovers.com\/es\/iaqua-aquadart-pro-680-light\/","title":{"rendered":"iAQUA AquaDart Pro 680 Light"},"content":{"rendered":"<h2>iAQUA AquaDart Pro 680 Light - El scooter de buceo profesional definitivo<\/h2>\n<p>Puede propulsarte sobre la superficie o bajo el agua a velocidades de hasta 15 km\/h y a una profundidad m\u00e1xima de 40 m. Cada componente del iAQUA AquaDart Pro 680 Light ha sido cuidadosamente dise\u00f1ado para ofrecer el m\u00e1ximo rendimiento a un precio modesto. Aunque esta es nuestra versi\u00f3n \"b\u00e1sica\", \u00a1prep\u00e1rate para emocionarte!. Surcando el agua a 15km\/h y sumergi\u00e9ndote a una profundidad de 20m el iAQUA AquaDart Pro 680 Light es la introducci\u00f3n perfecta al mundo de los scooters subacu\u00e1ticos.<\/p>\n<h2>iAQUA AquaDart Pro 680 Light | Colores disponibles:<\/h2>\n<p><img decoding=\"async\" class=\"alignnone wp-image-84608\" src=\"https:\/\/wave-lovers.com\/wp-content\/uploads\/2023\/03\/iAQUA-AquaDart-Pro-680-Light-colors.jpg\" alt=\"\" width=\"203\" height=\"100\" \/><\/p>\n<h2>iAQUA AquaDart Pro 680 Light | Caracter\u00edsticas:<\/h2>\n<ul>\n<li>Tiempo de funcionamiento (min - max): 70-120 Min<\/li>\n<li>Niveles de potencia: 5 marchas<\/li>\n<li>Velocidad m\u00e1xima: Hasta 15km\/h<\/li>\n<li>Profundidad m\u00e1xima de inmersi\u00f3n: 40m<\/li>\n<li>Peso: 40kg<\/li>\n<li>Potencia: 3,6 kW<\/li>\n<li>Empuje: 680N<\/li>\n<li>Tiempo de carga: 2h con cargador r\u00e1pido, 7h con cargador est\u00e1ndar<\/li>\n<li>Funcionamiento con la mano izquierda\/derecha: \u2713<\/li>\n<li>Luces subacu\u00e1ticas de alta potencia: No<\/li>\n<li>Dimensiones: 115 x 60 x 40 cm<\/li>\n<\/ul>\n<p><img fetchpriority=\"high\" decoding=\"async\" class=\"alignnone wp-image-84656 size-full\" src=\"https:\/\/wave-lovers.com\/wp-content\/uploads\/2023\/03\/iaqua-seadart-comparison-specifications-2.png\" alt=\"\" width=\"5254\" height=\"3346\" srcset=\"https:\/\/wave-lovers.com\/wp-content\/uploads\/2023\/03\/iaqua-seadart-comparison-specifications-2.png 5254w, https:\/\/wave-lovers.com\/wp-content\/uploads\/2023\/03\/iaqua-seadart-comparison-specifications-2-300x191.png 300w, https:\/\/wave-lovers.com\/wp-content\/uploads\/2023\/03\/iaqua-seadart-comparison-specifications-2-1024x652.png 1024w, https:\/\/wave-lovers.com\/wp-content\/uploads\/2023\/03\/iaqua-seadart-comparison-specifications-2-768x489.png 768w, https:\/\/wave-lovers.com\/wp-content\/uploads\/2023\/03\/iaqua-seadart-comparison-specifications-2-1536x978.png 1536w, https:\/\/wave-lovers.com\/wp-content\/uploads\/2023\/03\/iaqua-seadart-comparison-specifications-2-2048x1304.png 2048w, https:\/\/wave-lovers.com\/wp-content\/uploads\/2023\/03\/iaqua-seadart-comparison-specifications-2-600x382.png 600w\" sizes=\"(max-width: 5254px) 100vw, 5254px\" \/><\/p>\n<p>&nbsp;<\/p>\n<h2>El iAQUA Aquadart Pro en acci\u00f3n:<\/h2>\n<div class=\"ast-oembed-container \" style=\"height: 100%;\"><iframe title=\"AquaDart_720_Max_Arctic_White\" src=\"https:\/\/player.vimeo.com\/video\/745283537?dnt=1&amp;app_id=122963\" width=\"500\" height=\"281\" frameborder=\"0\" allow=\"autoplay; fullscreen; picture-in-picture; clipboard-write\"><\/iframe><\/div>\n<p>&nbsp;<\/p>\n<p><img decoding=\"async\" class=\"alignleft wp-image-76473 size-large\" src=\"https:\/\/wave-lovers.com\/wp-content\/uploads\/2022\/10\/iaqua-vs-seabob-best-underwater-scooter-iaqua-453x1024.png\" alt=\"iAQUA versus Seabob - why iaqua is the best underwater scooter choice\" width=\"453\" height=\"1024\" srcset=\"https:\/\/wave-lovers.com\/wp-content\/uploads\/2022\/10\/iaqua-vs-seabob-best-underwater-scooter-iaqua-453x1024.png 453w, https:\/\/wave-lovers.com\/wp-content\/uploads\/2022\/10\/iaqua-vs-seabob-best-underwater-scooter-iaqua-133x300.png 133w, https:\/\/wave-lovers.com\/wp-content\/uploads\/2022\/10\/iaqua-vs-seabob-best-underwater-scooter-iaqua-768x1737.png 768w, https:\/\/wave-lovers.com\/wp-content\/uploads\/2022\/10\/iaqua-vs-seabob-best-underwater-scooter-iaqua-679x1536.png 679w, https:\/\/wave-lovers.com\/wp-content\/uploads\/2022\/10\/iaqua-vs-seabob-best-underwater-scooter-iaqua-906x2048.png 906w, https:\/\/wave-lovers.com\/wp-content\/uploads\/2022\/10\/iaqua-vs-seabob-best-underwater-scooter-iaqua-600x1357.png 600w, https:\/\/wave-lovers.com\/wp-content\/uploads\/2022\/10\/iaqua-vs-seabob-best-underwater-scooter-iaqua.png 976w\" sizes=\"(max-width: 453px) 100vw, 453px\" \/><\/p>\n<p>&nbsp;<\/p>\n","protected":false},"excerpt":{"rendered":"<p>El AquaDart Pro 680 Light es enga\u00f1osamente r\u00e1pido para ser un scooter de buceo profesional de nivel b\u00e1sico. \u00a1 Pru\u00e9balo!<\/p>\n","protected":false},"featured_media":95930,"comment_status":"open","ping_status":"closed","template":"","meta":{"_acf_changed":false,"_editorskit_title_hidden":false,"_editorskit_reading_time":0,"_editorskit_is_block_options_detached":false,"_editorskit_block_options_position":"{}","site-sidebar-layout":"default","site-content-layout":"default","ast-site-content-layout":"default","site-content-style":"default","site-sidebar-style":"default","ast-global-header-display":"","ast-banner-title-visibility":"","ast-main-header-display":"","ast-hfb-above-header-display":"","ast-hfb-below-header-display":"","ast-hfb-mobile-header-display":"","site-post-title":"","ast-breadcrumbs-content":"","ast-featured-img":"","footer-sml-layout":"","ast-disable-related-posts":"","theme-transparent-header-meta":"default","adv-header-id-meta":"","stick-header-meta":"","header-above-stick-meta":"","header-main-stick-meta":"","header-below-stick-meta":"","astra-migrate-meta-layouts":"set","ast-page-background-enabled":"default","ast-page-background-meta":{"desktop":{"background-color":"","background-image":"","background-repeat":"repeat","background-position":"center center","background-size":"auto","background-attachment":"scroll","background-type":"","background-media":"","overlay-type":"","overlay-color":"","overlay-opacity":"","overlay-gradient":""},"tablet":{"background-color":"","background-image":"","background-repeat":"repeat","background-position":"center center","background-size":"auto","background-attachment":"scroll","background-type":"","background-media":"","overlay-type":"","overlay-color":"","overlay-opacity":"","overlay-gradient":""},"mobile":{"background-color":"","background-image":"","background-repeat":"repeat","background-position":"center center","background-size":"auto","background-attachment":"scroll","background-type":"","background-media":"","overlay-type":"","overlay-color":"","overlay-opacity":"","overlay-gradient":""}},"ast-content-background-meta":{"desktop":{"background-color":"var(--ast-global-color-5)","background-image":"","background-repeat":"repeat","background-position":"center center","background-size":"auto","background-attachment":"scroll","background-type":"","background-media":"","overlay-type":"","overlay-color":"","overlay-opacity":"","overlay-gradient":""},"tablet":{"background-color":"var(--ast-global-color-5)","background-image":"","background-repeat":"repeat","background-position":"center center","background-size":"auto","background-attachment":"scroll","background-type":"","background-media":"","overlay-type":"","overlay-color":"","overlay-opacity":"","overlay-gradient":""},"mobile":{"background-color":"var(--ast-global-color-5)","background-image":"","background-repeat":"repeat","background-position":"center center","background-size":"auto","background-attachment":"scroll","background-type":"","background-media":"","overlay-type":"","overlay-color":"","overlay-opacity":"","overlay-gradient":""}},"_jf_save_progress":""},"product_brand":[],"product_cat":[4631,60,114,19],"product_tag":[],"class_list":{"0":"post-148023","1":"product","2":"type-product","3":"status-publish","4":"has-post-thumbnail","6":"product_cat-scooter-buceo-submarino","7":"product_cat-buy","8":"product_cat-comprar","9":"product_cat-underwater-scooter","10":"product_shipping_class-mg-es","11":"desktop-align-center","12":"tablet-align-center","13":"mobile-align-center","14":"ast-product-gallery-layout-horizontal","15":"ast-magnify-disabled","16":"ast-product-single-variable","17":"ast-product-tabs-layout-horizontal","19":"first","20":"outofstock","21":"taxable","22":"shipping-taxable","23":"purchasable","24":"product-type-variable"},"acf":[],"brizy_media":[],"_links":{"self":[{"href":"https:\/\/wave-lovers.com\/es\/wp-json\/wp\/v2\/product\/148023","targetHints":{"allow":["GET"]}}],"collection":[{"href":"https:\/\/wave-lovers.com\/es\/wp-json\/wp\/v2\/product"}],"about":[{"href":"https:\/\/wave-lovers.com\/es\/wp-json\/wp\/v2\/types\/product"}],"replies":[{"embeddable":true,"href":"https:\/\/wave-lovers.com\/es\/wp-json\/wp\/v2\/comments?post=148023"}],"wp:featuredmedia":[{"embeddable":true,"href":"https:\/\/wave-lovers.com\/es\/wp-json\/wp\/v2\/media\/95930"}],"wp:attachment":[{"href":"https:\/\/wave-lovers.com\/es\/wp-json\/wp\/v2\/media?parent=148023"}],"wp:term":[{"taxonomy":"product_brand","embeddable":true,"href":"https:\/\/wave-lovers.com\/es\/wp-json\/wp\/v2\/product_brand?post=148023"},{"taxonomy":"product_cat","embeddable":true,"href":"https:\/\/wave-lovers.com\/es\/wp-json\/wp\/v2\/product_cat?post=148023"},{"taxonomy":"product_tag","embeddable":true,"href":"https:\/\/wave-lovers.com\/es\/wp-json\/wp\/v2\/product_tag?post=148023"}],"curies":[{"name":"wp","href":"https:\/\/api.w.org\/{rel}","templated":true}]}}