{"id":148006,"date":"2023-03-03T11:39:13","date_gmt":"2023-03-03T10:39:13","guid":{"rendered":"https:\/\/wave-lovers.com\/iaqua-aquadart-pro-770-xtreme\/"},"modified":"2024-07-03T12:23:55","modified_gmt":"2024-07-03T10:23:55","slug":"iaqua-aquadart-pro-770-xtreme","status":"publish","type":"product","link":"https:\/\/wave-lovers.com\/es\/iaqua-aquadart-pro-770-xtreme\/","title":{"rendered":"iAQUA AquaDart Pro 770 Xtreme"},"content":{"rendered":"<h2>iAQUA AquaDart Pro 770 Xtreme - \u00a1El mejor scooter submarino del mundo!<\/h2>\n<p>El iAQUA AquaDart Pro 770 Xtreme est\u00e1 construido enteramente de fibra de carbono. \u00bfA que mola no? El cuerpo de fibra de carbono de alta tecnolog\u00eda reduce el peso y aumenta la resistencia. iAQUA lo ha hecho realidad con el AquaDart Pro 770 Xtreme. Su aspecto es el de un superyate y sus prestaciones lo hacen increible. El motor produce m\u00e1s de 5,3 kW de potencia y proporciona un empuje de 770 Newtons. Este brutal empuje puede propulsarte por el agua a velocidades de hasta 25 km\/h, y lo hace en menos de 3 segundos. Esto lo convierte en el scooter subacu\u00e1tico m\u00e1s r\u00e1pido del mundo. Funciona entre 90 y 140 minutos sin parar y te lleva c\u00f3modamente hasta 45 metros de profundidad. Conclusi\u00f3n: \u00a1Disfruta del mejor scooter subacu\u00e1tico del mundo!<\/p>\n<h2>iAQUA AquaDart Pro 770 Xtreme | Colores disponibles:<\/h2>\n<p><img decoding=\"async\" class=\"alignnone wp-image-84664\" src=\"https:\/\/wave-lovers.com\/wp-content\/uploads\/2023\/03\/iAQUA-AquaDart-Pro-770-Xtreme-front-view-color-carbon-fiber.png\" alt=\"\" width=\"104\" height=\"100\" srcset=\"https:\/\/wave-lovers.com\/wp-content\/uploads\/2023\/03\/iAQUA-AquaDart-Pro-770-Xtreme-front-view-color-carbon-fiber.png 134w, https:\/\/wave-lovers.com\/wp-content\/uploads\/2023\/03\/iAQUA-AquaDart-Pro-770-Xtreme-front-view-color-carbon-fiber-32x32.png 32w\" sizes=\"(max-width: 104px) 100vw, 104px\" \/><\/p>\n<h2>iAQUA AquaDart Pro 770 Xtreme | Caracter\u00edsticas:<\/h2>\n<ul>\n<li>Tiempo de funcionamiento (min - max): 90-140 Min<\/li>\n<li>Niveles de potencia: 7 marchas<\/li>\n<li>Velocidad m\u00e1xima: Hasta 25km\/h<\/li>\n<li>Profundidad m\u00e1xima de inmersi\u00f3n: 45m<\/li>\n<li>Peso: 39kg<\/li>\n<li>Potencia: 5,2 kW<\/li>\n<li>Empuje: 770N<\/li>\n<li>Tiempo de carga: 2h con cargador r\u00e1pido, 7h con cargador est\u00e1ndar<\/li>\n<li>Funcionamiento con la mano izquierda\/derecha: \u2713<\/li>\n<li>Luces subacu\u00e1ticas de alta potencia: No<\/li>\n<li>Dimensiones: 115 x 60 x 40 cm<\/li>\n<\/ul>\n<p><img fetchpriority=\"high\" decoding=\"async\" class=\"alignnone wp-image-84656 size-full\" src=\"https:\/\/wave-lovers.com\/wp-content\/uploads\/2023\/03\/iaqua-seadart-comparison-specifications-2.png\" alt=\"\" width=\"5254\" height=\"3346\" srcset=\"https:\/\/wave-lovers.com\/wp-content\/uploads\/2023\/03\/iaqua-seadart-comparison-specifications-2.png 5254w, https:\/\/wave-lovers.com\/wp-content\/uploads\/2023\/03\/iaqua-seadart-comparison-specifications-2-300x191.png 300w, https:\/\/wave-lovers.com\/wp-content\/uploads\/2023\/03\/iaqua-seadart-comparison-specifications-2-1024x652.png 1024w, https:\/\/wave-lovers.com\/wp-content\/uploads\/2023\/03\/iaqua-seadart-comparison-specifications-2-768x489.png 768w, https:\/\/wave-lovers.com\/wp-content\/uploads\/2023\/03\/iaqua-seadart-comparison-specifications-2-1536x978.png 1536w, https:\/\/wave-lovers.com\/wp-content\/uploads\/2023\/03\/iaqua-seadart-comparison-specifications-2-2048x1304.png 2048w, https:\/\/wave-lovers.com\/wp-content\/uploads\/2023\/03\/iaqua-seadart-comparison-specifications-2-600x382.png 600w\" sizes=\"(max-width: 5254px) 100vw, 5254px\" \/><\/p>\n<p>&nbsp;<\/p>\n<h2>Vea el iAQUA Aquadart Pro en acci\u00f3n:<\/h2>\n<div class=\"ast-oembed-container \" style=\"height: 100%;\"><iframe title=\"AquaDart_720_Max_Arctic_White\" src=\"https:\/\/player.vimeo.com\/video\/745283537?dnt=1&amp;app_id=122963\" width=\"500\" height=\"281\" frameborder=\"0\" allow=\"autoplay; fullscreen; picture-in-picture; clipboard-write\"><\/iframe><\/div>\n<p>&nbsp;<\/p>\n<p><img decoding=\"async\" class=\"alignleft wp-image-76473 size-large\" src=\"https:\/\/wave-lovers.com\/wp-content\/uploads\/2022\/10\/iaqua-vs-seabob-best-underwater-scooter-iaqua-453x1024.png\" alt=\"iAQUA versus Seabob - why iaqua is the best underwater scooter choice\" width=\"453\" height=\"1024\" srcset=\"https:\/\/wave-lovers.com\/wp-content\/uploads\/2022\/10\/iaqua-vs-seabob-best-underwater-scooter-iaqua-453x1024.png 453w, https:\/\/wave-lovers.com\/wp-content\/uploads\/2022\/10\/iaqua-vs-seabob-best-underwater-scooter-iaqua-133x300.png 133w, https:\/\/wave-lovers.com\/wp-content\/uploads\/2022\/10\/iaqua-vs-seabob-best-underwater-scooter-iaqua-768x1737.png 768w, https:\/\/wave-lovers.com\/wp-content\/uploads\/2022\/10\/iaqua-vs-seabob-best-underwater-scooter-iaqua-679x1536.png 679w, https:\/\/wave-lovers.com\/wp-content\/uploads\/2022\/10\/iaqua-vs-seabob-best-underwater-scooter-iaqua-906x2048.png 906w, https:\/\/wave-lovers.com\/wp-content\/uploads\/2022\/10\/iaqua-vs-seabob-best-underwater-scooter-iaqua-600x1357.png 600w, https:\/\/wave-lovers.com\/wp-content\/uploads\/2022\/10\/iaqua-vs-seabob-best-underwater-scooter-iaqua.png 976w\" sizes=\"(max-width: 453px) 100vw, 453px\" \/><\/p>\n<p>&nbsp;<\/p>\n","protected":false},"excerpt":{"rendered":"<p>El motor produce m\u00e1s de 5,3 kW de potencia y ofrece un empuje de 770 newtons, lo que convierte al Xtreme en el scooter de buceo m\u00e1s r\u00e1pido y potente del mundo. \u00a1Hazte con \u00e9l!<\/p>\n","protected":false},"featured_media":95966,"comment_status":"open","ping_status":"closed","template":"","meta":{"_acf_changed":false,"_editorskit_title_hidden":false,"_editorskit_reading_time":0,"_editorskit_is_block_options_detached":false,"_editorskit_block_options_position":"{}","site-sidebar-layout":"default","site-content-layout":"default","ast-site-content-layout":"default","site-content-style":"default","site-sidebar-style":"default","ast-global-header-display":"","ast-banner-title-visibility":"","ast-main-header-display":"","ast-hfb-above-header-display":"","ast-hfb-below-header-display":"","ast-hfb-mobile-header-display":"","site-post-title":"","ast-breadcrumbs-content":"","ast-featured-img":"","footer-sml-layout":"","ast-disable-related-posts":"","theme-transparent-header-meta":"default","adv-header-id-meta":"","stick-header-meta":"","header-above-stick-meta":"","header-main-stick-meta":"","header-below-stick-meta":"","astra-migrate-meta-layouts":"set","ast-page-background-enabled":"default","ast-page-background-meta":{"desktop":{"background-color":"","background-image":"","background-repeat":"repeat","background-position":"center center","background-size":"auto","background-attachment":"scroll","background-type":"","background-media":"","overlay-type":"","overlay-color":"","overlay-opacity":"","overlay-gradient":""},"tablet":{"background-color":"","background-image":"","background-repeat":"repeat","background-position":"center center","background-size":"auto","background-attachment":"scroll","background-type":"","background-media":"","overlay-type":"","overlay-color":"","overlay-opacity":"","overlay-gradient":""},"mobile":{"background-color":"","background-image":"","background-repeat":"repeat","background-position":"center center","background-size":"auto","background-attachment":"scroll","background-type":"","background-media":"","overlay-type":"","overlay-color":"","overlay-opacity":"","overlay-gradient":""}},"ast-content-background-meta":{"desktop":{"background-color":"var(--ast-global-color-5)","background-image":"","background-repeat":"repeat","background-position":"center center","background-size":"auto","background-attachment":"scroll","background-type":"","background-media":"","overlay-type":"","overlay-color":"","overlay-opacity":"","overlay-gradient":""},"tablet":{"background-color":"var(--ast-global-color-5)","background-image":"","background-repeat":"repeat","background-position":"center center","background-size":"auto","background-attachment":"scroll","background-type":"","background-media":"","overlay-type":"","overlay-color":"","overlay-opacity":"","overlay-gradient":""},"mobile":{"background-color":"var(--ast-global-color-5)","background-image":"","background-repeat":"repeat","background-position":"center center","background-size":"auto","background-attachment":"scroll","background-type":"","background-media":"","overlay-type":"","overlay-color":"","overlay-opacity":"","overlay-gradient":""}},"_jf_save_progress":""},"product_brand":[],"product_cat":[4631,114],"product_tag":[],"class_list":{"0":"post-148006","1":"product","2":"type-product","3":"status-publish","4":"has-post-thumbnail","6":"product_cat-scooter-buceo-submarino","7":"product_cat-comprar","8":"product_shipping_class-mg-es","9":"desktop-align-center","10":"tablet-align-center","11":"mobile-align-center","12":"ast-product-gallery-layout-horizontal","13":"ast-magnify-disabled","14":"ast-product-tabs-layout-horizontal","16":"first","17":"outofstock","18":"taxable","19":"shipping-taxable","20":"purchasable","21":"product-type-simple"},"acf":[],"brizy_media":[],"_links":{"self":[{"href":"https:\/\/wave-lovers.com\/es\/wp-json\/wp\/v2\/product\/148006","targetHints":{"allow":["GET"]}}],"collection":[{"href":"https:\/\/wave-lovers.com\/es\/wp-json\/wp\/v2\/product"}],"about":[{"href":"https:\/\/wave-lovers.com\/es\/wp-json\/wp\/v2\/types\/product"}],"replies":[{"embeddable":true,"href":"https:\/\/wave-lovers.com\/es\/wp-json\/wp\/v2\/comments?post=148006"}],"wp:featuredmedia":[{"embeddable":true,"href":"https:\/\/wave-lovers.com\/es\/wp-json\/wp\/v2\/media\/95966"}],"wp:attachment":[{"href":"https:\/\/wave-lovers.com\/es\/wp-json\/wp\/v2\/media?parent=148006"}],"wp:term":[{"taxonomy":"product_brand","embeddable":true,"href":"https:\/\/wave-lovers.com\/es\/wp-json\/wp\/v2\/product_brand?post=148006"},{"taxonomy":"product_cat","embeddable":true,"href":"https:\/\/wave-lovers.com\/es\/wp-json\/wp\/v2\/product_cat?post=148006"},{"taxonomy":"product_tag","embeddable":true,"href":"https:\/\/wave-lovers.com\/es\/wp-json\/wp\/v2\/product_tag?post=148006"}],"curies":[{"name":"wp","href":"https:\/\/api.w.org\/{rel}","templated":true}]}}