{"id":147982,"date":"2023-04-23T20:00:37","date_gmt":"2023-04-23T18:00:37","guid":{"rendered":"https:\/\/wave-lovers.com\/yachtbeach-hex-platform-party-zone-2-50m\/"},"modified":"2024-05-20T14:41:52","modified_gmt":"2024-05-20T12:41:52","slug":"yachtbeach-hex-plataforma-zona-fiesta-2-50m","status":"publish","type":"product","link":"https:\/\/wave-lovers.com\/es\/yachtbeach-hex-plataforma-zona-fiesta-2-50m\/","title":{"rendered":"Yachtbeach HEX Plataforma zona fiesta 2.50"},"content":{"rendered":"<h2>Yachtbeach HEX Plataforma zona fiesta 2.50m - INFORMACI\u00d3N<\/h2>\n<p><img decoding=\"async\" class=\"wp-image-147987 size-thumbnail alignright\" src=\"https:\/\/wave-lovers.com\/wp-content\/uploads\/2023\/04\/yachtbeach-hex-plataform-party-zone-1-150x150.jpg\" alt=\"\" width=\"150\" height=\"150\" srcset=\"https:\/\/wave-lovers.com\/wp-content\/uploads\/2023\/04\/yachtbeach-hex-plataform-party-zone-1-150x150.jpg 150w, https:\/\/wave-lovers.com\/wp-content\/uploads\/2023\/04\/yachtbeach-hex-plataform-party-zone-1-300x300.jpg 300w, https:\/\/wave-lovers.com\/wp-content\/uploads\/2023\/04\/yachtbeach-hex-plataform-party-zone-1-100x100.jpg 100w, https:\/\/wave-lovers.com\/wp-content\/uploads\/2023\/04\/yachtbeach-hex-plataform-party-zone-1-32x32.jpg 32w, https:\/\/wave-lovers.com\/wp-content\/uploads\/2023\/04\/yachtbeach-hex-plataform-party-zone-1.jpg 600w\" sizes=\"(max-width: 150px) 100vw, 150px\" \/>\u00a1Constr\u00faye tu propio espacio privado flotante con estos m\u00f3dulos hexagonales de YACHTBEACH! Perfectos para disfrutar del sol y del agua al mismo tiempo.<br \/>\nEsta plataforma incluye una superficie de malla integrada que se puede desmontar r\u00e1pida y f\u00e1cilmente para adaptarla a tus necesidades.<\/p>\n<p>Tambi\u00e9n incluye un portavasos a cada lado para mantener sus bebidas frescas y seguras. El material\u00a0 ultraduradero nunca le defraudar\u00e1.<\/p>\n<p>El lujoso dise\u00f1o y equipamiento cubre todos los usos y necesidades. As\u00ed, dispones de 12 robustas asas para combinar la plataforma con otros m\u00f3dulos o incluso con tu embarcaci\u00f3n.<br \/>\nLas opciones son infinitas y dependen completamente de usted. As\u00ed que cons\u00edgase lo que necesita y \u00a1empiece una nueva aventura!<\/p>\n<h2>Yachtbeach HEX Plataforma zona fiesta 2.50m - DETALLES<\/h2>\n<p>&nbsp;<\/p>\n<p>Tama\u00f1o: 250x290cm (8,2'x9,5')<br \/>\nAltura del punto de ca\u00edda: 20cm (7,8'')<br \/>\nPeso: 20 kg (44lbs)<br \/>\nTama\u00f1o embalado: 70x55x55cm (27''x21 \"x21\")<\/p>\n<h2>Yachtbeach HEX Plataforma zona fiesta 2.50m\u00a0- DESTACADOS<\/h2>\n<p>- dise\u00f1o hexagonal de 6 lados para un arreglo y estabilidad ideales<br \/>\n- portavasos integrados<br \/>\n- 12 asas de conexi\u00f3n Yachtbeach<br \/>\n- suelo de malla flotante (desmontable)<br \/>\n- 2 anillos en D en la parte inferior para anclaje o conexi\u00f3n a otros equipos<br \/>\n- sphipped con 1x bolsa de transporte y 1x set de reparaci\u00f3n (sin pegamento)<\/p>\n","protected":false},"excerpt":{"rendered":"<p>Plataforma de lujo para relajarse y divertirse. A\u00fan mejor cuando se combina con otros m\u00f3dulos de YACHTBEACH.<\/p>\n","protected":false},"featured_media":96164,"comment_status":"open","ping_status":"closed","template":"","meta":{"_acf_changed":false,"_editorskit_title_hidden":false,"_editorskit_reading_time":0,"_editorskit_is_block_options_detached":false,"_editorskit_block_options_position":"{}","site-sidebar-layout":"default","site-content-layout":"default","ast-site-content-layout":"default","site-content-style":"default","site-sidebar-style":"default","ast-global-header-display":"","ast-banner-title-visibility":"","ast-main-header-display":"","ast-hfb-above-header-display":"","ast-hfb-below-header-display":"","ast-hfb-mobile-header-display":"","site-post-title":"","ast-breadcrumbs-content":"","ast-featured-img":"","footer-sml-layout":"","ast-disable-related-posts":"","theme-transparent-header-meta":"default","adv-header-id-meta":"","stick-header-meta":"","header-above-stick-meta":"","header-main-stick-meta":"","header-below-stick-meta":"","astra-migrate-meta-layouts":"set","ast-page-background-enabled":"default","ast-page-background-meta":{"desktop":{"background-color":"","background-image":"","background-repeat":"repeat","background-position":"center center","background-size":"auto","background-attachment":"scroll","background-type":"","background-media":"","overlay-type":"","overlay-color":"","overlay-opacity":"","overlay-gradient":""},"tablet":{"background-color":"","background-image":"","background-repeat":"repeat","background-position":"center center","background-size":"auto","background-attachment":"scroll","background-type":"","background-media":"","overlay-type":"","overlay-color":"","overlay-opacity":"","overlay-gradient":""},"mobile":{"background-color":"","background-image":"","background-repeat":"repeat","background-position":"center center","background-size":"auto","background-attachment":"scroll","background-type":"","background-media":"","overlay-type":"","overlay-color":"","overlay-opacity":"","overlay-gradient":""}},"ast-content-background-meta":{"desktop":{"background-color":"var(--ast-global-color-5)","background-image":"","background-repeat":"repeat","background-position":"center center","background-size":"auto","background-attachment":"scroll","background-type":"","background-media":"","overlay-type":"","overlay-color":"","overlay-opacity":"","overlay-gradient":""},"tablet":{"background-color":"var(--ast-global-color-5)","background-image":"","background-repeat":"repeat","background-position":"center center","background-size":"auto","background-attachment":"scroll","background-type":"","background-media":"","overlay-type":"","overlay-color":"","overlay-opacity":"","overlay-gradient":""},"mobile":{"background-color":"var(--ast-global-color-5)","background-image":"","background-repeat":"repeat","background-position":"center center","background-size":"auto","background-attachment":"scroll","background-type":"","background-media":"","overlay-type":"","overlay-color":"","overlay-opacity":"","overlay-gradient":""}},"_jf_save_progress":""},"product_brand":[],"product_cat":[3899,128,60,114],"product_tag":[],"class_list":{"0":"post-147982","1":"product","2":"type-product","3":"status-publish","4":"has-post-thumbnail","6":"product_cat-hinchable","7":"product_cat-inflatable","8":"product_cat-buy","9":"product_cat-comprar","10":"product_shipping_class-l-es","11":"desktop-align-center","12":"tablet-align-center","13":"mobile-align-center","14":"ast-product-gallery-layout-horizontal","15":"ast-magnify-disabled","16":"ast-product-tabs-layout-horizontal","18":"first","19":"instock","20":"taxable","21":"shipping-taxable","22":"purchasable","23":"product-type-simple"},"acf":[],"brizy_media":[],"_links":{"self":[{"href":"https:\/\/wave-lovers.com\/es\/wp-json\/wp\/v2\/product\/147982","targetHints":{"allow":["GET"]}}],"collection":[{"href":"https:\/\/wave-lovers.com\/es\/wp-json\/wp\/v2\/product"}],"about":[{"href":"https:\/\/wave-lovers.com\/es\/wp-json\/wp\/v2\/types\/product"}],"replies":[{"embeddable":true,"href":"https:\/\/wave-lovers.com\/es\/wp-json\/wp\/v2\/comments?post=147982"}],"wp:featuredmedia":[{"embeddable":true,"href":"https:\/\/wave-lovers.com\/es\/wp-json\/wp\/v2\/media\/96164"}],"wp:attachment":[{"href":"https:\/\/wave-lovers.com\/es\/wp-json\/wp\/v2\/media?parent=147982"}],"wp:term":[{"taxonomy":"product_brand","embeddable":true,"href":"https:\/\/wave-lovers.com\/es\/wp-json\/wp\/v2\/product_brand?post=147982"},{"taxonomy":"product_cat","embeddable":true,"href":"https:\/\/wave-lovers.com\/es\/wp-json\/wp\/v2\/product_cat?post=147982"},{"taxonomy":"product_tag","embeddable":true,"href":"https:\/\/wave-lovers.com\/es\/wp-json\/wp\/v2\/product_tag?post=147982"}],"curies":[{"name":"wp","href":"https:\/\/api.w.org\/{rel}","templated":true}]}}