{"id":147977,"date":"2023-04-23T20:03:12","date_gmt":"2023-04-23T18:03:12","guid":{"rendered":"https:\/\/wave-lovers.com\/yachtbeach-hex-platform-relax-zone-2-50m\/"},"modified":"2024-05-20T15:09:39","modified_gmt":"2024-05-20T13:09:39","slug":"yachtbeach-hex-plataforma-zona-relax-2-50m","status":"publish","type":"product","link":"https:\/\/wave-lovers.com\/es\/yachtbeach-hex-plataforma-zona-relax-2-50m\/","title":{"rendered":"Yachtbeach HEX Plataforma zona relax 2.50"},"content":{"rendered":"<h2>Yachtbeach HEX Plataforma zona relax 2.50m - INFORMACI\u00d3N<\/h2>\n<p><img decoding=\"async\" class=\"size-thumbnail wp-image-147979 alignright\" src=\"https:\/\/wave-lovers.com\/wp-content\/uploads\/2023\/04\/yachtbeach-hex-plataforma-relax-zone-150x150.jpg\" alt=\"\" width=\"150\" height=\"150\" srcset=\"https:\/\/wave-lovers.com\/wp-content\/uploads\/2023\/04\/yachtbeach-hex-plataforma-relax-zone-150x150.jpg 150w, https:\/\/wave-lovers.com\/wp-content\/uploads\/2023\/04\/yachtbeach-hex-plataforma-relax-zone-300x300.jpg 300w, https:\/\/wave-lovers.com\/wp-content\/uploads\/2023\/04\/yachtbeach-hex-plataforma-relax-zone-100x100.jpg 100w, https:\/\/wave-lovers.com\/wp-content\/uploads\/2023\/04\/yachtbeach-hex-plataforma-relax-zone-32x32.jpg 32w, https:\/\/wave-lovers.com\/wp-content\/uploads\/2023\/04\/yachtbeach-hex-plataforma-relax-zone.jpg 600w\" sizes=\"(max-width: 150px) 100vw, 150px\" \/>\u00a1Constr\u00faye tu propio espacio privado flotante con estos m\u00f3dulos hexagonales de YACHTBEACH! Perfectos para disfrutar del sol y del agua al mismo tiempo.<br \/>\nEsta plataforma incluye 3 grandes y c\u00f3modos respaldos, 6 portavasos y una malla integrada para refrescar los pies.<\/p>\n<p>En cuesti\u00f3n de durabilidad, el material de 20 cm del punto de ca\u00edda supera a muchas otras soluciones de plataformas flotantes.<br \/>\nPara su seguridad, cuenta con una superficie antideslizante que lucir\u00e1 limpia y ordenada siempre, incluso si olvida poner su bebida en uno de los portavasos integrados.<\/p>\n<p>Totalmente equipada con 12 asas, 3 respaldos hinchables independientes, 2 anillas en D y la malla extra\u00edble en el centro, podr\u00e1s disfrutar del d\u00eda con la tranquilidad que te mereces.<br \/>\nAs\u00ed es amigo m\u00edo. \u00a1YACHTBEACH te tiene cubierto!<\/p>\n<h2>Yachtbeach HEX Plataforma zona relax 2.50m - DETALLES<\/h2>\n<p>Tama\u00f1o: 250x290cm (8,2'x9,5')<br \/>\nAltura del punto de ca\u00edda: 20cm (7,8'')<br \/>\nPeso: 32kg (70lbs)<br \/>\nTama\u00f1o del paquete: 110x90x60cm (43 \"x35 \"x23\")<\/p>\n<h2>Yachtbeach HEX Plataforma zona relax 2.50m - DESTACADOS<\/h2>\n<p>- Dise\u00f1o hexagonal de 6 lados para una disposici\u00f3n y estabilidad ideales<br \/>\n- 6 portavasos integrados<br \/>\n- 3 tubos de respaldo hinchables independientes<br \/>\n- 12 asas de conexi\u00f3n Yachtbeach<br \/>\n- Suelo de malla flotante (desmontable)<br \/>\n- 2 anillas en D en la parte inferior para anclaje o conexi\u00f3n a otras estructuras hinchables<\/p>\n","protected":false},"excerpt":{"rendered":"<p>Plataforma de lujo para relajarse y divertirse. A\u00fan mejor cuando se combina con otros m\u00f3dulos de YACHTBEACH.<\/p>\n","protected":false},"featured_media":96173,"comment_status":"open","ping_status":"closed","template":"","meta":{"_acf_changed":false,"_editorskit_title_hidden":false,"_editorskit_reading_time":0,"_editorskit_is_block_options_detached":false,"_editorskit_block_options_position":"{}","site-sidebar-layout":"default","site-content-layout":"default","ast-site-content-layout":"default","site-content-style":"default","site-sidebar-style":"default","ast-global-header-display":"","ast-banner-title-visibility":"","ast-main-header-display":"","ast-hfb-above-header-display":"","ast-hfb-below-header-display":"","ast-hfb-mobile-header-display":"","site-post-title":"","ast-breadcrumbs-content":"","ast-featured-img":"","footer-sml-layout":"","ast-disable-related-posts":"","theme-transparent-header-meta":"default","adv-header-id-meta":"","stick-header-meta":"","header-above-stick-meta":"","header-main-stick-meta":"","header-below-stick-meta":"","astra-migrate-meta-layouts":"set","ast-page-background-enabled":"default","ast-page-background-meta":{"desktop":{"background-color":"","background-image":"","background-repeat":"repeat","background-position":"center center","background-size":"auto","background-attachment":"scroll","background-type":"","background-media":"","overlay-type":"","overlay-color":"","overlay-opacity":"","overlay-gradient":""},"tablet":{"background-color":"","background-image":"","background-repeat":"repeat","background-position":"center center","background-size":"auto","background-attachment":"scroll","background-type":"","background-media":"","overlay-type":"","overlay-color":"","overlay-opacity":"","overlay-gradient":""},"mobile":{"background-color":"","background-image":"","background-repeat":"repeat","background-position":"center center","background-size":"auto","background-attachment":"scroll","background-type":"","background-media":"","overlay-type":"","overlay-color":"","overlay-opacity":"","overlay-gradient":""}},"ast-content-background-meta":{"desktop":{"background-color":"var(--ast-global-color-5)","background-image":"","background-repeat":"repeat","background-position":"center center","background-size":"auto","background-attachment":"scroll","background-type":"","background-media":"","overlay-type":"","overlay-color":"","overlay-opacity":"","overlay-gradient":""},"tablet":{"background-color":"var(--ast-global-color-5)","background-image":"","background-repeat":"repeat","background-position":"center center","background-size":"auto","background-attachment":"scroll","background-type":"","background-media":"","overlay-type":"","overlay-color":"","overlay-opacity":"","overlay-gradient":""},"mobile":{"background-color":"var(--ast-global-color-5)","background-image":"","background-repeat":"repeat","background-position":"center center","background-size":"auto","background-attachment":"scroll","background-type":"","background-media":"","overlay-type":"","overlay-color":"","overlay-opacity":"","overlay-gradient":""}},"_jf_save_progress":""},"product_brand":[],"product_cat":[4117,1967,3899,128,60,114],"product_tag":[],"class_list":{"0":"post-147977","1":"product","2":"type-product","3":"status-publish","4":"has-post-thumbnail","6":"product_cat-plataforma","7":"product_cat-inflatable-water-platforms-category","8":"product_cat-hinchable","9":"product_cat-inflatable","10":"product_cat-buy","11":"product_cat-comprar","12":"product_shipping_class-l-es","13":"desktop-align-center","14":"tablet-align-center","15":"mobile-align-center","16":"ast-product-gallery-layout-horizontal","17":"ast-magnify-disabled","18":"ast-product-tabs-layout-horizontal","20":"first","21":"instock","22":"taxable","23":"shipping-taxable","24":"purchasable","25":"product-type-simple"},"acf":[],"brizy_media":[],"_links":{"self":[{"href":"https:\/\/wave-lovers.com\/es\/wp-json\/wp\/v2\/product\/147977","targetHints":{"allow":["GET"]}}],"collection":[{"href":"https:\/\/wave-lovers.com\/es\/wp-json\/wp\/v2\/product"}],"about":[{"href":"https:\/\/wave-lovers.com\/es\/wp-json\/wp\/v2\/types\/product"}],"replies":[{"embeddable":true,"href":"https:\/\/wave-lovers.com\/es\/wp-json\/wp\/v2\/comments?post=147977"}],"wp:featuredmedia":[{"embeddable":true,"href":"https:\/\/wave-lovers.com\/es\/wp-json\/wp\/v2\/media\/96173"}],"wp:attachment":[{"href":"https:\/\/wave-lovers.com\/es\/wp-json\/wp\/v2\/media?parent=147977"}],"wp:term":[{"taxonomy":"product_brand","embeddable":true,"href":"https:\/\/wave-lovers.com\/es\/wp-json\/wp\/v2\/product_brand?post=147977"},{"taxonomy":"product_cat","embeddable":true,"href":"https:\/\/wave-lovers.com\/es\/wp-json\/wp\/v2\/product_cat?post=147977"},{"taxonomy":"product_tag","embeddable":true,"href":"https:\/\/wave-lovers.com\/es\/wp-json\/wp\/v2\/product_tag?post=147977"}],"curies":[{"name":"wp","href":"https:\/\/api.w.org\/{rel}","templated":true}]}}