{"id":147972,"date":"2023-04-23T20:05:57","date_gmt":"2023-04-23T18:05:57","guid":{"rendered":"https:\/\/wave-lovers.com\/yachtbeach-foil-dock-single\/"},"modified":"2024-05-20T16:29:07","modified_gmt":"2024-05-20T14:29:07","slug":"yachtbeach-efoil-muelle-individual","status":"publish","type":"product","link":"https:\/\/wave-lovers.com\/es\/yachtbeach-efoil-muelle-individual\/","title":{"rendered":"Yachtbeach eFoil Muelle individual 2.05"},"content":{"rendered":"<h2>Yachtbeach eFoil muelle individual 2.05 - INFORMACI\u00d3N<\/h2>\n<p><img decoding=\"async\" class=\"size-thumbnail wp-image-147973 alignright\" src=\"https:\/\/wave-lovers.com\/wp-content\/uploads\/2023\/04\/yachtbeach-foil-dock-single-150x150.jpg\" alt=\"\" width=\"150\" height=\"150\" srcset=\"https:\/\/wave-lovers.com\/wp-content\/uploads\/2023\/04\/yachtbeach-foil-dock-single-150x150.jpg 150w, https:\/\/wave-lovers.com\/wp-content\/uploads\/2023\/04\/yachtbeach-foil-dock-single-300x300.jpg 300w, https:\/\/wave-lovers.com\/wp-content\/uploads\/2023\/04\/yachtbeach-foil-dock-single-100x100.jpg 100w, https:\/\/wave-lovers.com\/wp-content\/uploads\/2023\/04\/yachtbeach-foil-dock-single-32x32.jpg 32w, https:\/\/wave-lovers.com\/wp-content\/uploads\/2023\/04\/yachtbeach-foil-dock-single.jpg 600w\" sizes=\"(max-width: 150px) 100vw, 150px\" \/>\u00bfEstas cansado de subir a bordo? No te preocupes, \u00a1Yachtbeach te tiene cubierto con su nuevo muelle para eFoil!<br \/>\nEsta sencilla soluci\u00f3n de acoplamiento no s\u00f3lo es apta para casi cualquier dispositivo, sino que tambi\u00e9n te permite construir una plataforma combin\u00e1ndola con diferentes m\u00f3dulos.<br \/>\n\u00bfA qu\u00e9 est\u00e1s esperando? \u00a1Hazte con uno de sus productos cuanto antes!<\/p>\n<p>El resistente y robusto sistema de conexi\u00f3n de las asas salvar\u00e1 tu equipo incluso en las olas m\u00e1s bravas y puede montarse en cuesti\u00f3n de minutos. Tiempo que podr\u00edas dedicar a navegar o a disfrutar del d\u00eda.<br \/>\nComo no hay partes met\u00e1licas involucradas, no habr\u00e1 posibilidad de que te lastimes.<\/p>\n<p>Adem\u00e1s de tu seguridad, la superficie antideslizante hecha de EVA tiene un bonito dise\u00f1o que te ser\u00e1 \u00fatil en cualquier momento que las olas est\u00e9n movidas.<br \/>\nSu material flexible y duradero es increiblemente resistente a todo tipo de influencias como el agua salada o la luz solar.<br \/>\nEquipado con material robusto de puntada ca\u00edda, bolsas de lastre, anillas en D en la parte superior e inferior, v\u00e1lvulas de alta presi\u00f3n y una v\u00e1lvula de alivio de alta calidad, apenas hay nada que se le pueda escapar.<\/p>\n<h2>Yachtbeach eFoil muelle individual 2.05 - DETALLES<\/h2>\n<p>Tama\u00f1o: 205x205cm (6,7'x6,7')<br \/>\nTama\u00f1o embalado: 80x40x30cm (31,5''x15,7''x11,8'')<br \/>\nPeso con bolsa: 18,4 kg aprox.<\/p>\n<h2>Yachtbeach eFoil muelle individual 2.05 - DESTACADOS<\/h2>\n<p>- 2 Rampas con 8 cm de grosor<br \/>\n- 6 asas (compatibles con todas las plataformas Yachtbeach y piscinas de lujo sobre su sistema de conexi\u00f3n)<br \/>\n- 4 v\u00e1lvulas de alta presi\u00f3n para un inflado r\u00e1pido y f\u00e1cil<br \/>\n- V\u00e1lvula de alivio de presi\u00f3n de alta calidad que garantiza la presi\u00f3n correcta<br \/>\n- 4 anillos en D en la parte superior y 2 en la inferior para numerosas opciones de conexi\u00f3n<br \/>\n- 4 bolsas de lastre<br \/>\n- se entrega con 1 bolsa de transporte y 1 kit de reparaci\u00f3n (sin pegamento)<\/p>\n","protected":false},"excerpt":{"rendered":"<p>Soluci\u00f3n de acoplamiento de lujo para su eFoil. A\u00fan mejor cuando se combina con otros m\u00f3dulos de YACHTBEACH.<\/p>\n","protected":false},"featured_media":96182,"comment_status":"open","ping_status":"closed","template":"","meta":{"_acf_changed":false,"_editorskit_title_hidden":false,"_editorskit_reading_time":0,"_editorskit_is_block_options_detached":false,"_editorskit_block_options_position":"{}","site-sidebar-layout":"default","site-content-layout":"default","ast-site-content-layout":"default","site-content-style":"default","site-sidebar-style":"default","ast-global-header-display":"","ast-banner-title-visibility":"","ast-main-header-display":"","ast-hfb-above-header-display":"","ast-hfb-below-header-display":"","ast-hfb-mobile-header-display":"","site-post-title":"","ast-breadcrumbs-content":"","ast-featured-img":"","footer-sml-layout":"","ast-disable-related-posts":"","theme-transparent-header-meta":"default","adv-header-id-meta":"","stick-header-meta":"","header-above-stick-meta":"","header-main-stick-meta":"","header-below-stick-meta":"","astra-migrate-meta-layouts":"set","ast-page-background-enabled":"default","ast-page-background-meta":{"desktop":{"background-color":"","background-image":"","background-repeat":"repeat","background-position":"center center","background-size":"auto","background-attachment":"scroll","background-type":"","background-media":"","overlay-type":"","overlay-color":"","overlay-opacity":"","overlay-gradient":""},"tablet":{"background-color":"","background-image":"","background-repeat":"repeat","background-position":"center center","background-size":"auto","background-attachment":"scroll","background-type":"","background-media":"","overlay-type":"","overlay-color":"","overlay-opacity":"","overlay-gradient":""},"mobile":{"background-color":"","background-image":"","background-repeat":"repeat","background-position":"center center","background-size":"auto","background-attachment":"scroll","background-type":"","background-media":"","overlay-type":"","overlay-color":"","overlay-opacity":"","overlay-gradient":""}},"ast-content-background-meta":{"desktop":{"background-color":"var(--ast-global-color-5)","background-image":"","background-repeat":"repeat","background-position":"center center","background-size":"auto","background-attachment":"scroll","background-type":"","background-media":"","overlay-type":"","overlay-color":"","overlay-opacity":"","overlay-gradient":""},"tablet":{"background-color":"var(--ast-global-color-5)","background-image":"","background-repeat":"repeat","background-position":"center center","background-size":"auto","background-attachment":"scroll","background-type":"","background-media":"","overlay-type":"","overlay-color":"","overlay-opacity":"","overlay-gradient":""},"mobile":{"background-color":"var(--ast-global-color-5)","background-image":"","background-repeat":"repeat","background-position":"center center","background-size":"auto","background-attachment":"scroll","background-type":"","background-media":"","overlay-type":"","overlay-color":"","overlay-opacity":"","overlay-gradient":""}},"_jf_save_progress":""},"product_brand":[],"product_cat":[4117,1967,3899,128,60,114],"product_tag":[],"class_list":{"0":"post-147972","1":"product","2":"type-product","3":"status-publish","4":"has-post-thumbnail","6":"product_cat-plataforma","7":"product_cat-inflatable-water-platforms-category","8":"product_cat-hinchable","9":"product_cat-inflatable","10":"product_cat-buy","11":"product_cat-comprar","12":"product_shipping_class-l-es","13":"desktop-align-center","14":"tablet-align-center","15":"mobile-align-center","16":"ast-product-gallery-layout-horizontal","17":"ast-magnify-disabled","18":"ast-product-tabs-layout-horizontal","20":"first","21":"instock","22":"taxable","23":"shipping-taxable","24":"purchasable","25":"product-type-simple"},"acf":[],"brizy_media":[],"_links":{"self":[{"href":"https:\/\/wave-lovers.com\/es\/wp-json\/wp\/v2\/product\/147972","targetHints":{"allow":["GET"]}}],"collection":[{"href":"https:\/\/wave-lovers.com\/es\/wp-json\/wp\/v2\/product"}],"about":[{"href":"https:\/\/wave-lovers.com\/es\/wp-json\/wp\/v2\/types\/product"}],"replies":[{"embeddable":true,"href":"https:\/\/wave-lovers.com\/es\/wp-json\/wp\/v2\/comments?post=147972"}],"wp:featuredmedia":[{"embeddable":true,"href":"https:\/\/wave-lovers.com\/es\/wp-json\/wp\/v2\/media\/96182"}],"wp:attachment":[{"href":"https:\/\/wave-lovers.com\/es\/wp-json\/wp\/v2\/media?parent=147972"}],"wp:term":[{"taxonomy":"product_brand","embeddable":true,"href":"https:\/\/wave-lovers.com\/es\/wp-json\/wp\/v2\/product_brand?post=147972"},{"taxonomy":"product_cat","embeddable":true,"href":"https:\/\/wave-lovers.com\/es\/wp-json\/wp\/v2\/product_cat?post=147972"},{"taxonomy":"product_tag","embeddable":true,"href":"https:\/\/wave-lovers.com\/es\/wp-json\/wp\/v2\/product_tag?post=147972"}],"curies":[{"name":"wp","href":"https:\/\/api.w.org\/{rel}","templated":true}]}}