{"id":147970,"date":"2023-04-29T22:11:14","date_gmt":"2023-04-29T20:11:14","guid":{"rendered":"https:\/\/wave-lovers.com\/spinera-professional-aquapark-pirates-rock\/"},"modified":"2024-07-03T12:30:22","modified_gmt":"2024-07-03T10:30:22","slug":"spinera-professional-aquapark-pirates-rock","status":"publish","type":"product","link":"https:\/\/wave-lovers.com\/es\/spinera-professional-aquapark-pirates-rock\/","title":{"rendered":"Spinera Professional Aquapark Pirates Rock"},"content":{"rendered":"<h2>Spinera Professional Aquapark Pirates Rock - INFORMACI\u00d3N<\/h2>\n<p>\u00bfEst\u00e1s disfrutando de tu d\u00eda libre con los ni\u00f1os y empiezas a aburrirte? \u00a1Consigue un poco de acci\u00f3n con esta divertida torre de buceo y desl\u00edzate hacia una nueva aventura!<\/p>\n<p>Spinera Professional Aquapark Pirates Rock es la versi\u00f3n m\u00e1s compacta de sus torres de buceo. Debido a su tama\u00f1o y capacidad de almacenamiento, esta torre m\u00e1s peque\u00f1a es el m\u00f3dulo ideal para yates, superyates y clubes de playa.<\/p>\n<p>A trav\u00e9s de 2 asas y 5 anillas en la parte inferior de cada lado la conexi\u00f3n a otros m\u00f3dulos no puede ser m\u00e1s f\u00e1cil. Construida para resistir el agua y los vientos por su dise\u00f1o no tendr\u00e1s que preocuparte de nada. \u00bfY qu\u00e9 es lo mejor de este producto? A los ni\u00f1os les encantar\u00e1. \u00a1Eso seguro!<\/p>\n<h2>Spinera Profesional Aquapark Pirates Rock - DETALLES<\/h2>\n<p>Tama\u00f1o: 412x250x259cm<br \/>\nPeso: aprox. 450 kg<br \/>\nCapacidad nominal: 3 personas<br \/>\nProfundidad nominal del agua: 2,2m (7,2ft)<\/p>\n<h2>Spinera Professional Aquapark Pirates Rock - DESTACADOS<\/h2>\n<p>- resistente material de PVC<br \/>\n- 3 canales de aire inflables por separado (base, torre y tobog\u00e1n)<br \/>\n- 8 asas robustas y 20 anillas para una conexi\u00f3n segura<br \/>\n- dise\u00f1o resistente al viento<br \/>\n- se entrega con bolsa de transporte<\/p>\n","protected":false},"excerpt":{"rendered":"<p>Tobog\u00e1n hinchable y torre de buceo como complemento perfecto para el equipamiento de tu yate o playa.<\/p>\n","protected":false},"featured_media":96200,"comment_status":"open","ping_status":"closed","template":"","meta":{"_acf_changed":false,"_editorskit_title_hidden":false,"_editorskit_reading_time":0,"_editorskit_is_block_options_detached":false,"_editorskit_block_options_position":"{}","site-sidebar-layout":"default","site-content-layout":"","ast-site-content-layout":"default","site-content-style":"default","site-sidebar-style":"default","ast-global-header-display":"","ast-banner-title-visibility":"","ast-main-header-display":"","ast-hfb-above-header-display":"","ast-hfb-below-header-display":"","ast-hfb-mobile-header-display":"","site-post-title":"","ast-breadcrumbs-content":"","ast-featured-img":"","footer-sml-layout":"","ast-disable-related-posts":"","theme-transparent-header-meta":"default","adv-header-id-meta":"","stick-header-meta":"","header-above-stick-meta":"","header-main-stick-meta":"","header-below-stick-meta":"","astra-migrate-meta-layouts":"set","ast-page-background-enabled":"default","ast-page-background-meta":{"desktop":{"background-color":"","background-image":"","background-repeat":"repeat","background-position":"center center","background-size":"auto","background-attachment":"scroll","background-type":"","background-media":"","overlay-type":"","overlay-color":"","overlay-opacity":"","overlay-gradient":""},"tablet":{"background-color":"","background-image":"","background-repeat":"repeat","background-position":"center center","background-size":"auto","background-attachment":"scroll","background-type":"","background-media":"","overlay-type":"","overlay-color":"","overlay-opacity":"","overlay-gradient":""},"mobile":{"background-color":"","background-image":"","background-repeat":"repeat","background-position":"center center","background-size":"auto","background-attachment":"scroll","background-type":"","background-media":"","overlay-type":"","overlay-color":"","overlay-opacity":"","overlay-gradient":""}},"ast-content-background-meta":{"desktop":{"background-color":"var(--ast-global-color-5)","background-image":"","background-repeat":"repeat","background-position":"center center","background-size":"auto","background-attachment":"scroll","background-type":"","background-media":"","overlay-type":"","overlay-color":"","overlay-opacity":"","overlay-gradient":""},"tablet":{"background-color":"var(--ast-global-color-5)","background-image":"","background-repeat":"repeat","background-position":"center center","background-size":"auto","background-attachment":"scroll","background-type":"","background-media":"","overlay-type":"","overlay-color":"","overlay-opacity":"","overlay-gradient":""},"mobile":{"background-color":"var(--ast-global-color-5)","background-image":"","background-repeat":"repeat","background-position":"center center","background-size":"auto","background-attachment":"scroll","background-type":"","background-media":"","overlay-type":"","overlay-color":"","overlay-opacity":"","overlay-gradient":""}},"_jf_save_progress":""},"product_brand":[],"product_cat":[4117,1967,3899,128,60,114],"product_tag":[],"class_list":{"0":"post-147970","1":"product","2":"type-product","3":"status-publish","4":"has-post-thumbnail","6":"product_cat-plataforma","7":"product_cat-inflatable-water-platforms-category","8":"product_cat-hinchable","9":"product_cat-inflatable","10":"product_cat-buy","11":"product_cat-comprar","12":"product_shipping_class-l-es","13":"desktop-align-center","14":"tablet-align-center","15":"mobile-align-center","16":"ast-product-gallery-layout-horizontal","17":"ast-magnify-disabled","18":"ast-product-tabs-layout-horizontal","20":"first","21":"instock","22":"taxable","23":"shipping-taxable","24":"purchasable","25":"product-type-simple"},"acf":[],"brizy_media":[],"_links":{"self":[{"href":"https:\/\/wave-lovers.com\/es\/wp-json\/wp\/v2\/product\/147970","targetHints":{"allow":["GET"]}}],"collection":[{"href":"https:\/\/wave-lovers.com\/es\/wp-json\/wp\/v2\/product"}],"about":[{"href":"https:\/\/wave-lovers.com\/es\/wp-json\/wp\/v2\/types\/product"}],"replies":[{"embeddable":true,"href":"https:\/\/wave-lovers.com\/es\/wp-json\/wp\/v2\/comments?post=147970"}],"wp:featuredmedia":[{"embeddable":true,"href":"https:\/\/wave-lovers.com\/es\/wp-json\/wp\/v2\/media\/96200"}],"wp:attachment":[{"href":"https:\/\/wave-lovers.com\/es\/wp-json\/wp\/v2\/media?parent=147970"}],"wp:term":[{"taxonomy":"product_brand","embeddable":true,"href":"https:\/\/wave-lovers.com\/es\/wp-json\/wp\/v2\/product_brand?post=147970"},{"taxonomy":"product_cat","embeddable":true,"href":"https:\/\/wave-lovers.com\/es\/wp-json\/wp\/v2\/product_cat?post=147970"},{"taxonomy":"product_tag","embeddable":true,"href":"https:\/\/wave-lovers.com\/es\/wp-json\/wp\/v2\/product_tag?post=147970"}],"curies":[{"name":"wp","href":"https:\/\/api.w.org\/{rel}","templated":true}]}}