{"id":147966,"date":"2023-05-06T22:30:14","date_gmt":"2023-05-06T20:30:14","guid":{"rendered":"https:\/\/wave-lovers.com\/sublue-whiteshark-navbow-plus\/"},"modified":"2024-07-03T13:34:14","modified_gmt":"2024-07-03T11:34:14","slug":"sublue-whiteshark-navbow-plus","status":"publish","type":"product","link":"https:\/\/wave-lovers.com\/es\/sublue-whiteshark-navbow-plus\/","title":{"rendered":"Sublue WhiteShark Navbow Plus"},"content":{"rendered":"<h2>Sublue WaveShark Navbow+ | La mejor experiencia de buceo<\/h2>\n<p>Sublue presenta WaveShark Navbow Plus, el scooter subacu\u00e1tico m\u00e1s avanzado dise\u00f1ado para ofrecer la experiencia de buceo definitiva. La tecnolog\u00eda de vanguardia del Navbow+ proporciona un buceo inteligente y seguro, sin igual en su clase, lo que lo convierte en la elecci\u00f3n perfecta para los buceadores que buscan potencia, velocidad y seguridad en sus aventuras subacu\u00e1ticas.<\/p>\n<p><img fetchpriority=\"high\" decoding=\"async\" class=\"aligncenter wp-image-92089 size-full\" src=\"https:\/\/wave-lovers.com\/wp-content\/uploads\/2023\/05\/Sublue-WhiteShark-NavBow-Plus-Highlights.jpg\" alt=\"Sublue WhiteShark NavBow Plus Highlights\" width=\"1200\" height=\"800\" srcset=\"https:\/\/wave-lovers.com\/wp-content\/uploads\/2023\/05\/Sublue-WhiteShark-NavBow-Plus-Highlights.jpg 1200w, https:\/\/wave-lovers.com\/wp-content\/uploads\/2023\/05\/Sublue-WhiteShark-NavBow-Plus-Highlights-300x200.jpg 300w, https:\/\/wave-lovers.com\/wp-content\/uploads\/2023\/05\/Sublue-WhiteShark-NavBow-Plus-Highlights-1024x683.jpg 1024w, https:\/\/wave-lovers.com\/wp-content\/uploads\/2023\/05\/Sublue-WhiteShark-NavBow-Plus-Highlights-768x512.jpg 768w, https:\/\/wave-lovers.com\/wp-content\/uploads\/2023\/05\/Sublue-WhiteShark-NavBow-Plus-Highlights-500x333.jpg 500w, https:\/\/wave-lovers.com\/wp-content\/uploads\/2023\/05\/Sublue-WhiteShark-NavBow-Plus-Highlights-600x400.jpg 600w\" sizes=\"(max-width: 1200px) 100vw, 1200px\" \/><\/p>\n<p>&nbsp;<\/p>\n<h3>Navbow+ Potencia incuestionable<\/h3>\n<p><img decoding=\"async\" class=\"alignright wp-image-92114 size-thumbnail\" src=\"https:\/\/wave-lovers.com\/wp-content\/uploads\/2023\/05\/woman-diving-with-sublue-whiteshark-navbow-plus-150x150.jpg\" alt=\"woman-diving-with-sublue-whiteshark-navbow-plus\" width=\"100\" height=\"100\" srcset=\"https:\/\/wave-lovers.com\/wp-content\/uploads\/2023\/05\/woman-diving-with-sublue-whiteshark-navbow-plus-150x150.jpg 150w, https:\/\/wave-lovers.com\/wp-content\/uploads\/2023\/05\/woman-diving-with-sublue-whiteshark-navbow-plus-100x100.jpg 100w, https:\/\/wave-lovers.com\/wp-content\/uploads\/2023\/05\/woman-diving-with-sublue-whiteshark-navbow-plus-32x32.jpg 32w\" sizes=\"(max-width: 100px) 100vw, 100px\" \/>Navbow+ viene equipado con interruptores de 3 velocidades, control inteligente APP y una br\u00fajula digital, dise\u00f1ados para llevar tu exploraci\u00f3n submarina a un nuevo nivel. Con la velocidad m\u00e1s r\u00e1pida entre todos los scooters subacu\u00e1ticos Sublue, puedes moverte sin esfuerzo hasta a 2 m\/s, mientras que las bater\u00edas estancas avanzadas y patentadas pueden durar hasta 75 minutos, lo que te permite sumergirte hasta 40 m de profundidad con confianza.<\/p>\n<h3>Funciones de seguridad inteligentes Navbow+<\/h3>\n<p><img decoding=\"async\" class=\"alignright wp-image-92111 size-thumbnail\" src=\"https:\/\/wave-lovers.com\/wp-content\/uploads\/2023\/05\/Navbow-Plus-Smart-Safety-Features-150x150.jpg\" alt=\"Navbow Plus Smart Safety Features\" width=\"100\" height=\"100\" srcset=\"https:\/\/wave-lovers.com\/wp-content\/uploads\/2023\/05\/Navbow-Plus-Smart-Safety-Features-150x150.jpg 150w, https:\/\/wave-lovers.com\/wp-content\/uploads\/2023\/05\/Navbow-Plus-Smart-Safety-Features-100x100.jpg 100w, https:\/\/wave-lovers.com\/wp-content\/uploads\/2023\/05\/Navbow-Plus-Smart-Safety-Features-32x32.jpg 32w\" sizes=\"(max-width: 100px) 100vw, 100px\" \/>Las funciones de seguridad inteligentes son una prioridad para Sublue, y Navbow+ no es una excepci\u00f3n. Ofrece caracter\u00edsticas de seguridad superiores, incluyendo una pantalla OLED parpadeante, zumbador y apagado autom\u00e1tico, para que puedas bucear con tranquilidad, sabiendo que tu scooter subacu\u00e1tico te tiene cubierto. Incluso puedes utilizar la APP para configurar alarmas de profundidad y bater\u00eda, lo que aumenta a\u00fan m\u00e1s el nivel de seguridad.<\/p>\n<h3 class=\"sc-gWXbKe iZtXJr pf-33_\" data-pf-type=\"Heading\"><span class=\"sc-jHkVzv dyVEVs pf-35_\" data-pf-type=\"Text\">Navbow+ Tecnolog\u00eda punta<\/span><\/h3>\n<p><img loading=\"lazy\" decoding=\"async\" class=\"alignright wp-image-92117 size-thumbnail\" src=\"https:\/\/wave-lovers.com\/wp-content\/uploads\/2023\/05\/Navbow-Plus-Cutting-Edge-Technology-150x150.jpg\" alt=\"Navbow Plus Cutting Edge Technology\" width=\"100\" height=\"100\" srcset=\"https:\/\/wave-lovers.com\/wp-content\/uploads\/2023\/05\/Navbow-Plus-Cutting-Edge-Technology-150x150.jpg 150w, https:\/\/wave-lovers.com\/wp-content\/uploads\/2023\/05\/Navbow-Plus-Cutting-Edge-Technology-100x100.jpg 100w, https:\/\/wave-lovers.com\/wp-content\/uploads\/2023\/05\/Navbow-Plus-Cutting-Edge-Technology-32x32.jpg 32w\" sizes=\"(max-width: 100px) 100vw, 100px\" \/>Explore el mundo submarino con confianza gracias a la tecnolog\u00eda de vanguardia de Navbow+. La br\u00fajula digital integrada, la profundidad del agua y los sensores de temperatura te ayudan a navegar bajo el agua con facilidad.<\/p>\n<h3 class=\"sc-gWXbKe iZtXJr pf-33_\" data-pf-type=\"Heading\">Navbow+ Duradero y fiable<\/h3>\n<p><img loading=\"lazy\" decoding=\"async\" class=\"alignright wp-image-92120 size-thumbnail\" src=\"https:\/\/wave-lovers.com\/wp-content\/uploads\/2023\/05\/Navbow-Plus-Durable-And-Reliable-150x150.jpg\" alt=\"Navbow Plus Durable And Reliable\" width=\"100\" height=\"100\" srcset=\"https:\/\/wave-lovers.com\/wp-content\/uploads\/2023\/05\/Navbow-Plus-Durable-And-Reliable-150x150.jpg 150w, https:\/\/wave-lovers.com\/wp-content\/uploads\/2023\/05\/Navbow-Plus-Durable-And-Reliable-100x100.jpg 100w, https:\/\/wave-lovers.com\/wp-content\/uploads\/2023\/05\/Navbow-Plus-Durable-And-Reliable-32x32.jpg 32w\" sizes=\"(max-width: 100px) 100vw, 100px\" \/>Navbow+ utiliza la \u00faltima tecnolog\u00eda anticorrosi\u00f3n, lo que garantiza una mayor durabilidad y un mantenimiento sencillo. Su dise\u00f1o est\u00e1 pensado para ofrecer una buena relaci\u00f3n calidad-precio, para que puedas disfrutar de la experiencia de buceo con Navbow+ durante muchos a\u00f1os.<\/p>\n<h3 class=\"sc-gWXbKe iZtXJr pf-55_\" data-pf-type=\"Heading\"><span class=\"sc-jHkVzv dyVEVs pf-57_\" data-pf-type=\"Text\">Impresionante fotograf\u00eda submarina<\/span><\/h3>\n<p><img loading=\"lazy\" decoding=\"async\" class=\"alignright wp-image-92123 size-thumbnail\" src=\"https:\/\/wave-lovers.com\/wp-content\/uploads\/2023\/05\/Navbow-Plus-Stunning-Underwater-Photography-150x150.jpg\" alt=\"Navbow Plus Stunning Underwater Photography\" width=\"100\" height=\"100\" srcset=\"https:\/\/wave-lovers.com\/wp-content\/uploads\/2023\/05\/Navbow-Plus-Stunning-Underwater-Photography-150x150.jpg 150w, https:\/\/wave-lovers.com\/wp-content\/uploads\/2023\/05\/Navbow-Plus-Stunning-Underwater-Photography-100x100.jpg 100w, https:\/\/wave-lovers.com\/wp-content\/uploads\/2023\/05\/Navbow-Plus-Stunning-Underwater-Photography-32x32.jpg 32w\" sizes=\"(max-width: 100px) 100vw, 100px\" \/>Toma fotos y v\u00eddeos submarinos impresionantes con facilidad utilizando el Navbow+. La plataforma fotogr\u00e1fica Sublue opcional te permite acoplar c\u00e1maras de acci\u00f3n, luces LED estancas, brazos flotadores y otros accesorios.<\/p>\n<p>* La plataforma fotogr\u00e1fica Sublue se vende por separado.<\/p>\n<h3 class=\"LC20lb MBeuO DKV0Md\">En sus marcas, listos, \u00a1a bucear!<\/h3>\n<p>Sublue WhiteShark Navbow+ es la elecci\u00f3n perfecta para cualquier buceador que busque potencia, velocidad y seguridad en sus aventuras subacu\u00e1ticas. Con una gran variedad de funciones y accesorios, como el kit de accesorios Navbow, la luz LED resistente al agua, el palo de extensi\u00f3n para selfies y el cargador Tini Rapid de 2 horas, te garantizamos que te divertir\u00e1s sin preocupaciones con el Navbow+.<\/p>\n<p>Vea este v\u00eddeo para conocer las instrucciones b\u00e1sicas y algunos ajustes avanzados del Scooter acu\u00e1tico Navbow+.<\/p>\n<style>\r\n.navbow-video {\r\n  width: 100%;\r\n  height: auto;\r\n  border: 6px solid #010101;\r\n}\r\n<\/style>\n<div style=\"width: 1920px;\" class=\"wp-video\"><video class=\"navbow-video\" id=\"video-147966-1\" width=\"1920\" height=\"360\" preload=\"metadata\" controls=\"controls\"><source type=\"video\/mp4\" src=\"https:\/\/wave-lovers.com\/wp-content\/uploads\/2023\/05\/NavBow-Plus-Video.mp4?_=1\" \/><a href=\"https:\/\/wave-lovers.com\/wp-content\/uploads\/2023\/05\/NavBow-Plus-Video.mp4\">https:\/\/wave-lovers.com\/wp-content\/uploads\/2023\/05\/NavBow-Plus-Video.mp4<\/a><\/video><\/div>\n<h2>Aplicaci\u00f3n SublueGo<\/h2>\n<p>Con la \"SublueGo App\", puedes generar f\u00e1cilmente registros de experiencias subacu\u00e1ticas, incluyendo la profundidad y la temperatura del agua, durante toda tu inmersi\u00f3n. Luego, comparte tus registros de inmersi\u00f3n con tu familia y amigos en las redes sociales para que sepan lo que has estado haciendo.<\/p>\n<h3>Descarga la aplicaci\u00f3n \"SublueGo App<\/h3>\n<p>\"SublueGo App\" es una aplicaci\u00f3n para tel\u00e9fonos m\u00f3viles que ayuda a utilizar este producto. Proporciona funciones de configuraci\u00f3n personalizada de par\u00e1metros, generaci\u00f3n de datos de ejercicio subacu\u00e1tico, monitorizaci\u00f3n del estado del producto, actualizaci\u00f3n del firmware, intercambio e interacci\u00f3n con la comunidad, etc., cuyos detalles pueden consultarse en el cap\u00edtulo \"SublueGo\" del Manual del usuario.<\/p>\n<p><img loading=\"lazy\" decoding=\"async\" class=\"wp-image-92126 size-full alignleft\" src=\"https:\/\/wave-lovers.com\/wp-content\/uploads\/2023\/05\/Navbow-Plus-SublueGo-App.jpg\" alt=\"Navbow Plus SublueGo App\" width=\"410\" height=\"200\" srcset=\"https:\/\/wave-lovers.com\/wp-content\/uploads\/2023\/05\/Navbow-Plus-SublueGo-App.jpg 410w, https:\/\/wave-lovers.com\/wp-content\/uploads\/2023\/05\/Navbow-Plus-SublueGo-App-300x146.jpg 300w\" sizes=\"(max-width: 410px) 100vw, 410px\" \/><br \/>\n<img loading=\"lazy\" decoding=\"async\" class=\"size-full wp-image-92105 alignleft\" src=\"https:\/\/wave-lovers.com\/wp-content\/uploads\/2023\/05\/Sublue-Go-App-Qr-Code.jpg\" alt=\"Sublue-Go-App-Qr-Code\" width=\"92\" height=\"92\" srcset=\"https:\/\/wave-lovers.com\/wp-content\/uploads\/2023\/05\/Sublue-Go-App-Qr-Code.jpg 92w, https:\/\/wave-lovers.com\/wp-content\/uploads\/2023\/05\/Sublue-Go-App-Qr-Code-32x32.jpg 32w\" sizes=\"(max-width: 92px) 100vw, 92px\" \/>La \"SublueGo App\" requiere iOS 12.0 o un sistema superior o Android 7.0 o un sistema superior.<br \/>\nEsta aplicaci\u00f3n est\u00e1 sujeta a cambios sin previo aviso, por favor siga y actualizar \"SublueGo App\" oportuna.<\/p>\n<p>&nbsp;<\/p>\n<p>&nbsp;<\/p>\n<h2>WhiteShark Navbow Plus Especificaciones t\u00e9cnicas<\/h2>\n\n<table id=\"tablepress-navbow\" class=\"tablepress tablepress-id-navbow navbow\">\n<tbody class=\"row-striping row-hover\">\n<tr class=\"row-1\">\n\t<td class=\"column-1\"><strong>Dimensions<\/strong><\/td><td class=\"column-2\">L 486 xW 327 xH 177 mm<\/td>\n<\/tr>\n<tr class=\"row-2\">\n\t<td class=\"column-1\"><strong>Color<\/strong><\/td><td class=\"column-2\">Phantom gray \/ Flame orange<\/td>\n<\/tr>\n<tr class=\"row-3\">\n\t<td class=\"column-1\"><strong>Weight<\/strong><\/td><td class=\"column-2\">3400g<\/td>\n<\/tr>\n<tr class=\"row-4\">\n\t<td class=\"column-1\"><strong>Battery weight<\/strong><\/td><td class=\"column-2\">1100g<\/td>\n<\/tr>\n<tr class=\"row-5\">\n\t<td class=\"column-1\"><strong>Depth<\/strong><\/td><td class=\"column-2\">40m (131ft)<\/td>\n<\/tr>\n<tr class=\"row-6\">\n\t<td class=\"column-1\"><strong>Speed<\/strong><\/td><td class=\"column-2\">Free: 1 m\/s (2.24 mph), Sport: 1.5 m\/s (3.36mph), Turbo: 2 m\/s (4.47 mph)<\/td>\n<\/tr>\n<tr class=\"row-7\">\n\t<td class=\"column-1\"><strong>Battery Life<\/strong><\/td><td class=\"column-2\">Up to 75 minutes<\/td>\n<\/tr>\n<tr class=\"row-8\">\n\t<td class=\"column-1\"><strong>Temperature accuracy<\/strong><\/td><td class=\"column-2\">\u00b1 2<\/td>\n<\/tr>\n<tr class=\"row-9\">\n\t<td class=\"column-1\"><strong>Depth accuracy<\/strong><\/td><td class=\"column-2\">\u00b10.5 m<\/td>\n<\/tr>\n<tr class=\"row-10\">\n\t<td class=\"column-1\"><strong>Map<\/strong><\/td><td class=\"column-2\">Global map position and search<\/td>\n<\/tr>\n<tr class=\"row-11\">\n\t<td class=\"column-1\"><strong>Compass<\/strong><\/td><td class=\"column-2\">Digital compass<\/td>\n<\/tr>\n<tr class=\"row-12\">\n\t<td class=\"column-1\"><strong>Maximum storage item<\/strong><\/td><td class=\"column-2\">60 items<\/td>\n<\/tr>\n<tr class=\"row-13\">\n\t<td class=\"column-1\"><strong>Maximum storage duration<\/strong><\/td><td class=\"column-2\">1 hour\/item<\/td>\n<\/tr>\n<tr class=\"row-14\">\n\t<td class=\"column-1\"><strong>Interface<\/strong><\/td><td class=\"column-2\">2 universal mounting points (which can be mounted balance weights, sports cameras, photography platform)<\/td>\n<\/tr>\n<tr class=\"row-15\">\n\t<td class=\"column-1\"><strong>Accessories (Included)<\/strong><\/td><td class=\"column-2\">Balance weight bracket &amp; Balance weights x 3;<br \/>\nD-ring buckle;<br \/>\nSingle hand operation lanyard;<br \/>\nAnti-lost lanyard;<br \/>\nSublue faster charger<br \/>\n<\/td>\n<\/tr>\n<tr class=\"row-16\">\n\t<td class=\"column-1\"><strong>Optional accessories<\/strong><\/td><td class=\"column-2\">Navbow Explore kit (included photography platform, waterproof LED lights, waterproof smartphone case and other connecting components);<br \/>\nPhotography platform Diving cross strap;<br \/>\nWaterproof backpack;<br \/>\nWaterproof LED light;<br \/>\nSelfie extension stick<\/td>\n<\/tr>\n<\/tbody>\n<\/table>\n<!-- #tablepress-navbow from cache -->\n<h2>WhiteShark Navbow+ Preguntas frecuentes<\/h2>\n<h3>\u00bfA qu\u00e9 velocidad puede alcanzar el Navbow+?<\/h3>\n<p>Navbow+ tiene tres velocidades: Free para una velocidad baja de hasta 1,0 m\/s, Sport para una velocidad media de hasta 1,5 m\/s y Turbo para una velocidad alta de hasta 2,0 m\/s. La velocidad de navegaci\u00f3n puede verse afectada por factores como la temperatura del agua, la profundidad, el caudal y la configuraci\u00f3n del equipo.<\/p>\n<h3>\u00bfCu\u00e1nto dura la bater\u00eda del Navbow+?<\/h3>\n<p>La duraci\u00f3n de la bater\u00eda var\u00eda en funci\u00f3n del uso, el entorno y factores del usuario como la altura y el peso. La bater\u00eda de 158 Wh puede durar hasta 75 minutos en condiciones normales.<\/p>\n<h3>\u00bfCu\u00e1ntas marchas tiene el Navbow+?<\/h3>\n<p>El Scooter Subacu\u00e1tico Navbow+ de Sublue dispone de tres velocidades: \"libre\", \"Sport\" y \"turbo\". La marcha \"libre\" es la configuraci\u00f3n predeterminada, pero cuando la potencia cae por debajo del 50%, se recomienda cambiar entre los modos \"libre\" y \"Sport\" para ahorrar energ\u00eda.<\/p>\n<h3>\u00bfC\u00f3mo cambia la velocidad Navbow+?<\/h3>\n<p>Puede cambiar la velocidad de dos formas. En primer lugar, pulse el interruptor del bot\u00f3n multifunci\u00f3n hacia delante durante medio segundo y su\u00e9ltelo. En segundo lugar, pulse con ambas manos el bot\u00f3n de arranque para mantener el equipo en funcionamiento. Despu\u00e9s de soltar el bot\u00f3n de arranque derecho, p\u00falselo r\u00e1pidamente dos veces con un intervalo de unos 0,45 segundos y mant\u00e9ngalo pulsado. Esto s\u00f3lo funciona en el modo de ambas manos.<\/p>\n<h3>\u00bfTiene el Navbow+ un recordatorio de bater\u00eda baja?<\/h3>\n<p>S\u00ed, cuando la carga de la bater\u00eda es inferior a dos cuadr\u00edculas, el icono de carga de la bater\u00eda de la pantalla parpadear\u00e1 de forma continua y r\u00e1pida, y vibrar\u00e1 y recordar\u00e1 3 veces.<br \/>\nCuando la carga de la bater\u00eda es inferior a una cuadr\u00edcula, el icono de carga de la bater\u00eda de la pantalla parpadear\u00e1 de forma continua y r\u00e1pida, y vibrar\u00e1 durante 6 veces.<\/p>\n<h3>\u00bfQu\u00e9 es el modo de bloqueo de seguridad?<\/h3>\n<p>Cuando se activa el modo de bloqueo de seguridad, el equipo no funcionar\u00e1. El icono de bloqueo de seguridad se mostrar\u00e1 en la pantalla durante este modo. Para reanudar el funcionamiento del equipo, primero debe desbloquearlo a trav\u00e9s de la aplicaci\u00f3n Blue-Go.<\/p>\n<h3>\u00bfPor qu\u00e9 a veces parece que el empuje es muy peque\u00f1o?<\/h3>\n<p>Para garantizar un rendimiento \u00f3ptimo, inspecciona la h\u00e9lice en busca de objetos extra\u00f1os antes de utilizarla. Es importante tener en cuenta que el empuje puede variar entre las marchas de alta y baja velocidad. Te recomendamos que selecciones la marcha adecuada en funci\u00f3n de su modo de uso, entorno, altura y peso para maximizar la eficacia y la experiencia del Navbow+.<\/p>\n<h3>\u00bfC\u00f3mo se sabe cu\u00e1nta potencia le queda a la Navbow+?<\/h3>\n<p>Cuando encienda el selector multifunci\u00f3n, podr\u00e1 ver en tiempo real la carga restante de la bater\u00eda en la pantalla OLED.<\/p>\n<h3>\u00bfCu\u00e1nto tiempo se puede cargar completamente la bater\u00eda?<\/h3>\n<p>La bater\u00eda de 98 Wh puede cargarse completamente en aproximadamente 2,5 horas, mientras que la bater\u00eda de 158 Wh requiere aproximadamente 3,5 horas para una carga completa.<\/p>\n<h3>\u00bfCu\u00e1l es la funci\u00f3n de la aplicaci\u00f3n?<\/h3>\n<p>La \"Sublue-Go App\" proporciona a los usuarios una serie de funciones avanzadas, como la posibilidad de sincronizar la informaci\u00f3n del equipo, activar la autolimpieza, aplicar un bloqueo de seguridad y cambiar al modo de funcionamiento manual.\u00bfC\u00f3mo descargar \"SublueGo App\"?<\/p>\n<h3>Para descargar la \"SublueGo App\", escanea el c\u00f3digo QR de arriba, tambi\u00e9n puedes encontrarlo en el manual de usuario.Ten en cuenta que la aplicaci\u00f3n requiere iOS 12.0 o Android 7.0 o superior.\u00bfC\u00f3mo instalar la columna de contrapeso para ajustar la flotabilidad?<\/h3>\n<p>Para conseguir una flotabilidad \u00f3ptima con tu scooter subacu\u00e1tico WhiteShark Navbow+, te recomendamos seguir los siguientes pasos:<br \/>\n1.En primer lugar, instala una sola columna de contrapeso en el gato central.<br \/>\n2. Sumerja completamente el equipo en el agua y deje que se agote por completo.<br \/>\n3. Compruebe el estado de flotabilidad para asegurarse de que cumple las expectativas deseadas.<br \/>\n4. 4. Si la flotabilidad no cumple sus expectativas, aumente la columna de contrapeso hasta conseguir el resultado deseado.<br \/>\nSiguiendo estos pasos, podr\u00e1 asegurarse de que su WhiteShark Navbow+ le proporciona la flotabilidad ideal para sus aventuras subacu\u00e1ticas.<\/p>\n<h3>\u00bfPuedo llevar una extensi\u00f3n?<\/h3>\n<p>El Scooter Subacu\u00e1tico WhiteShark Navbow+ cuenta con un soporte para c\u00e1mara GoPro est\u00e1ndar convenientemente dise\u00f1ado, situado debajo del extremo frontal del producto, as\u00ed como un orificio de instalaci\u00f3n de equipo subacu\u00e1tico de 1\/4\" situado encima del mismo. Esto permite una f\u00e1cil expansi\u00f3n del equipo, proporcionando a los buceadores una mayor versatilidad y comodidad durante sus exploraciones submarinas.<\/p>\n<h3>\u00bfPuede llevar c\u00e1mara el WhiteShark Navbow+?<\/h3>\n<p>Aunque el WhiteShark Navbow+ no venga equipado con una c\u00e1mara integrada, tenga la seguridad de que hemos pensado en proporcionarle una interfaz de transporte. Esto permite acoplar y utilizar f\u00e1cilmente GoPro y otras c\u00e1maras deportivas para capturar impresionantes momentos bajo el agua.<\/p>\n","protected":false},"excerpt":{"rendered":"<p>Potente y ligero scooter subacu\u00e1tico con pantalla OLED, correa de seguridad de liberaci\u00f3n r\u00e1pida y 3 opciones de velocidad (Est\u00e1ndar, Sport, Turbo). Incluye sonda de profundidad y br\u00fajula digital, y tiene hasta 75 minutos de duraci\u00f3n de la bater\u00eda. Profundidad m\u00e1xima: 131 pies. Control inteligente por APP.<\/p>\n","protected":false},"featured_media":96230,"comment_status":"open","ping_status":"closed","template":"","meta":{"_acf_changed":false,"_editorskit_title_hidden":false,"_editorskit_reading_time":0,"_editorskit_is_block_options_detached":false,"_editorskit_block_options_position":"{}","site-sidebar-layout":"default","site-content-layout":"default","ast-site-content-layout":"default","site-content-style":"default","site-sidebar-style":"default","ast-global-header-display":"","ast-banner-title-visibility":"","ast-main-header-display":"","ast-hfb-above-header-display":"","ast-hfb-below-header-display":"","ast-hfb-mobile-header-display":"","site-post-title":"","ast-breadcrumbs-content":"","ast-featured-img":"","footer-sml-layout":"","ast-disable-related-posts":"","theme-transparent-header-meta":"default","adv-header-id-meta":"","stick-header-meta":"","header-above-stick-meta":"","header-main-stick-meta":"","header-below-stick-meta":"","astra-migrate-meta-layouts":"set","ast-page-background-enabled":"default","ast-page-background-meta":{"desktop":{"background-color":"","background-image":"","background-repeat":"repeat","background-position":"center center","background-size":"auto","background-attachment":"scroll","background-type":"","background-media":"","overlay-type":"","overlay-color":"","overlay-opacity":"","overlay-gradient":""},"tablet":{"background-color":"","background-image":"","background-repeat":"repeat","background-position":"center center","background-size":"auto","background-attachment":"scroll","background-type":"","background-media":"","overlay-type":"","overlay-color":"","overlay-opacity":"","overlay-gradient":""},"mobile":{"background-color":"","background-image":"","background-repeat":"repeat","background-position":"center center","background-size":"auto","background-attachment":"scroll","background-type":"","background-media":"","overlay-type":"","overlay-color":"","overlay-opacity":"","overlay-gradient":""}},"ast-content-background-meta":{"desktop":{"background-color":"var(--ast-global-color-5)","background-image":"","background-repeat":"repeat","background-position":"center center","background-size":"auto","background-attachment":"scroll","background-type":"","background-media":"","overlay-type":"","overlay-color":"","overlay-opacity":"","overlay-gradient":""},"tablet":{"background-color":"var(--ast-global-color-5)","background-image":"","background-repeat":"repeat","background-position":"center center","background-size":"auto","background-attachment":"scroll","background-type":"","background-media":"","overlay-type":"","overlay-color":"","overlay-opacity":"","overlay-gradient":""},"mobile":{"background-color":"var(--ast-global-color-5)","background-image":"","background-repeat":"repeat","background-position":"center center","background-size":"auto","background-attachment":"scroll","background-type":"","background-media":"","overlay-type":"","overlay-color":"","overlay-opacity":"","overlay-gradient":""}},"_jf_save_progress":""},"product_brand":[],"product_cat":[4631,60,114,19],"product_tag":[],"class_list":{"0":"post-147966","1":"product","2":"type-product","3":"status-publish","4":"has-post-thumbnail","6":"product_cat-scooter-buceo-submarino","7":"product_cat-buy","8":"product_cat-comprar","9":"product_cat-underwater-scooter","10":"product_shipping_class-sg-es","11":"desktop-align-center","12":"tablet-align-center","13":"mobile-align-center","14":"ast-product-gallery-layout-horizontal","15":"ast-magnify-disabled","16":"ast-product-single-variable","17":"ast-product-tabs-layout-horizontal","19":"first","20":"instock","21":"taxable","22":"shipping-taxable","23":"purchasable","24":"product-type-variable"},"acf":[],"brizy_media":[],"_links":{"self":[{"href":"https:\/\/wave-lovers.com\/es\/wp-json\/wp\/v2\/product\/147966","targetHints":{"allow":["GET"]}}],"collection":[{"href":"https:\/\/wave-lovers.com\/es\/wp-json\/wp\/v2\/product"}],"about":[{"href":"https:\/\/wave-lovers.com\/es\/wp-json\/wp\/v2\/types\/product"}],"replies":[{"embeddable":true,"href":"https:\/\/wave-lovers.com\/es\/wp-json\/wp\/v2\/comments?post=147966"}],"wp:featuredmedia":[{"embeddable":true,"href":"https:\/\/wave-lovers.com\/es\/wp-json\/wp\/v2\/media\/96230"}],"wp:attachment":[{"href":"https:\/\/wave-lovers.com\/es\/wp-json\/wp\/v2\/media?parent=147966"}],"wp:term":[{"taxonomy":"product_brand","embeddable":true,"href":"https:\/\/wave-lovers.com\/es\/wp-json\/wp\/v2\/product_brand?post=147966"},{"taxonomy":"product_cat","embeddable":true,"href":"https:\/\/wave-lovers.com\/es\/wp-json\/wp\/v2\/product_cat?post=147966"},{"taxonomy":"product_tag","embeddable":true,"href":"https:\/\/wave-lovers.com\/es\/wp-json\/wp\/v2\/product_tag?post=147966"}],"curies":[{"name":"wp","href":"https:\/\/api.w.org\/{rel}","templated":true}]}}