{"id":147957,"date":"2023-05-15T19:15:04","date_gmt":"2023-05-15T17:15:04","guid":{"rendered":"https:\/\/wave-lovers.com\/audi-e-tron-wings-set\/"},"modified":"2024-07-03T13:53:17","modified_gmt":"2024-07-03T11:53:17","slug":"audi-e-tron-kit-de-alas","status":"publish","type":"product","link":"https:\/\/wave-lovers.com\/es\/audi-e-tron-kit-de-alas\/","title":{"rendered":"Audi E-Tron Kit De Alas"},"content":{"rendered":"<h2>AUDI E-Tron Foil Kit De Alas - INFORMACI\u00d3N<img fetchpriority=\"high\" decoding=\"async\" class=\"alignright wp-image-96282 size-medium\" src=\"https:\/\/wave-lovers.com\/wp-content\/uploads\/2023\/06\/Audi-e-tron-Wings-Set-300x200.jpg\" alt=\"\" width=\"300\" height=\"200\" srcset=\"https:\/\/wave-lovers.com\/wp-content\/uploads\/2023\/06\/Audi-e-tron-Wings-Set-300x200.jpg 300w, https:\/\/wave-lovers.com\/wp-content\/uploads\/2023\/06\/Audi-e-tron-Wings-Set-1024x683.jpg 1024w, https:\/\/wave-lovers.com\/wp-content\/uploads\/2023\/06\/Audi-e-tron-Wings-Set-768x512.jpg 768w, https:\/\/wave-lovers.com\/wp-content\/uploads\/2023\/06\/Audi-e-tron-Wings-Set-500x333.jpg 500w, https:\/\/wave-lovers.com\/wp-content\/uploads\/2023\/06\/Audi-e-tron-Wings-Set-600x400.jpg 600w, https:\/\/wave-lovers.com\/wp-content\/uploads\/2023\/06\/Audi-e-tron-Wings-Set.jpg 1200w\" sizes=\"(max-width: 300px) 100vw, 300px\" \/><\/h2>\n<p>\u00bfQuieres llevar la diversi\u00f3n de pilotar tu e-tron a un nuevo cap\u00edtulo o tienes problemas para encontrar el equilibrio adecuado? No te preocupes, con las nuevas alas accesorias e-tron todas sus dificultades quedar\u00e1n resueltas en un abrir y cerrar de ojos.<\/p>\n<p>Las alas del Audi e-tron contienen m\u00e1s habilidades de ingenier\u00eda de las que cualquiera podr\u00eda esperar. Inspir\u00e1ndose en los aspectos aerodin\u00e1micos de la construcci\u00f3n de modelos de aviones, el equipo fundador ha creado un modelo de aletas de \u00faltima generaci\u00f3n fabricado en carbono que no tiene parang\u00f3n. Los expertos notar\u00e1n inmediatamente la diferencia, ya que el dise\u00f1o establece nuevos est\u00e1ndares en t\u00e9rminos de aceleraci\u00f3n, libertad de movimiento y estabilidad.<\/p>\n<p>Hay 6 tama\u00f1os diferentes disponibles, que se pueden ajustar seg\u00fan tu estilo de pilotaje y experiencia. Aqu\u00ed se recomienda especialmente a los principiantes que elijan un modelo m\u00e1s grande para conseguir la mayor estabilidad posible. Los verdaderos profesionales, por supuesto, anhelan una tabla \u00e1gil que apoye su excitante estilo de surf. Deber\u00edan echar un vistazo a los tama\u00f1os m\u00e1s peque\u00f1os para encontrar un rendimiento del siguiente nivel.<\/p>\n<h3>Easyride 1750 (emparejado con Stabilizer 500)<\/h3>\n<p><img decoding=\"async\" class=\"size-thumbnail wp-image-129251 alignright\" src=\"https:\/\/wave-lovers.com\/wp-content\/uploads\/2023\/05\/audi-efoil-wing-set-easyride-1750-150x150.jpg\" alt=\"\" width=\"150\" height=\"150\" srcset=\"https:\/\/wave-lovers.com\/wp-content\/uploads\/2023\/05\/audi-efoil-wing-set-easyride-1750-150x150.jpg 150w, https:\/\/wave-lovers.com\/wp-content\/uploads\/2023\/05\/audi-efoil-wing-set-easyride-1750-300x300.jpg 300w, https:\/\/wave-lovers.com\/wp-content\/uploads\/2023\/05\/audi-efoil-wing-set-easyride-1750-1024x1024.jpg 1024w, https:\/\/wave-lovers.com\/wp-content\/uploads\/2023\/05\/audi-efoil-wing-set-easyride-1750-768x768.jpg 768w, https:\/\/wave-lovers.com\/wp-content\/uploads\/2023\/05\/audi-efoil-wing-set-easyride-1750-600x600.jpg 600w, https:\/\/wave-lovers.com\/wp-content\/uploads\/2023\/05\/audi-efoil-wing-set-easyride-1750-100x100.jpg 100w, https:\/\/wave-lovers.com\/wp-content\/uploads\/2023\/05\/audi-efoil-wing-set-easyride-1750-32x32.jpg 32w, https:\/\/wave-lovers.com\/wp-content\/uploads\/2023\/05\/audi-efoil-wing-set-easyride-1750.jpg 1080w\" sizes=\"(max-width: 150px) 100vw, 150px\" \/>El conjunto de alas m\u00e1s grande del lote para una m\u00e1xima regularidad. Esta combinaci\u00f3n ser\u00e1 la opci\u00f3n m\u00e1s segura para un comienzo f\u00e1cil. La estabilidad mejorada y las velocidades m\u00e1s lentas permitir\u00e1n a cualquiera tener el control sobre su tabla, lo que en \u00faltima instancia conduce a menos situaciones imprevistas.<\/p>\n<p>Cualquiera que est\u00e9 interesado en aprender a surfear encontrar\u00e1 que esta opci\u00f3n es la m\u00e1s c\u00f3moda, ya que no requiere demasiadas habilidades para mantener el equilibrio. Sin embargo, la aceleraci\u00f3n y la agilidad son suficientes para muchas horas de pura diversi\u00f3n al volante, en las que la entrada es inmediatamente satisfactoria y todo el mundo se siente bien llevado.<\/p>\n<h3>Freeride 1350 (emparejado con Stabilizer 400)<\/h3>\n<p><img decoding=\"async\" class=\"size-thumbnail wp-image-129266 alignright\" src=\"https:\/\/wave-lovers.com\/wp-content\/uploads\/2023\/05\/audi-efoil-wing-set-freeride-1350-150x150.jpg\" alt=\"\" width=\"150\" height=\"150\" srcset=\"https:\/\/wave-lovers.com\/wp-content\/uploads\/2023\/05\/audi-efoil-wing-set-freeride-1350-150x150.jpg 150w, https:\/\/wave-lovers.com\/wp-content\/uploads\/2023\/05\/audi-efoil-wing-set-freeride-1350-300x300.jpg 300w, https:\/\/wave-lovers.com\/wp-content\/uploads\/2023\/05\/audi-efoil-wing-set-freeride-1350-1024x1024.jpg 1024w, https:\/\/wave-lovers.com\/wp-content\/uploads\/2023\/05\/audi-efoil-wing-set-freeride-1350-768x768.jpg 768w, https:\/\/wave-lovers.com\/wp-content\/uploads\/2023\/05\/audi-efoil-wing-set-freeride-1350-600x600.jpg 600w, https:\/\/wave-lovers.com\/wp-content\/uploads\/2023\/05\/audi-efoil-wing-set-freeride-1350-100x100.jpg 100w, https:\/\/wave-lovers.com\/wp-content\/uploads\/2023\/05\/audi-efoil-wing-set-freeride-1350-32x32.jpg 32w, https:\/\/wave-lovers.com\/wp-content\/uploads\/2023\/05\/audi-efoil-wing-set-freeride-1350.jpg 1080w\" sizes=\"(max-width: 150px) 100vw, 150px\" \/>El conjunto de alas est\u00e1ndar para la compensaci\u00f3n perfecta entre placer de pilotaje y estabilidad. Garantiza una curva de aprendizaje r\u00e1pida y, por lo tanto, es ideal para principiantes.<\/p>\n<p>No deber\u00eda faltar en ning\u00fan equipamiento, ya que proporciona una experiencia emocionante y altas velocidades a pesar de un alto grado de equilibrio. Adem\u00e1s, puedes dejar que espectadores entusiastas, como amigos o familiares, inicien un autointento, donde su r\u00e1pido \u00e9xito est\u00e1 garantizado.<\/p>\n<p>Con velocidades alcanzables de hasta 46 km\/h, nadie se aburrir\u00e1 pronto. Y gracias al equilibrio de apoyo, incluso los momentos m\u00e1s dif\u00edciles son manejables.<\/p>\n<h3>Freeride 1100 (emparejado con Stabilizer 380)<\/h3>\n<p><img loading=\"lazy\" decoding=\"async\" class=\"size-thumbnail wp-image-129263 alignright\" src=\"https:\/\/wave-lovers.com\/wp-content\/uploads\/2023\/05\/audi-efoil-wing-set-freeride-1100-150x150.jpg\" alt=\"\" width=\"150\" height=\"150\" srcset=\"https:\/\/wave-lovers.com\/wp-content\/uploads\/2023\/05\/audi-efoil-wing-set-freeride-1100-150x150.jpg 150w, https:\/\/wave-lovers.com\/wp-content\/uploads\/2023\/05\/audi-efoil-wing-set-freeride-1100-300x300.jpg 300w, https:\/\/wave-lovers.com\/wp-content\/uploads\/2023\/05\/audi-efoil-wing-set-freeride-1100-1024x1024.jpg 1024w, https:\/\/wave-lovers.com\/wp-content\/uploads\/2023\/05\/audi-efoil-wing-set-freeride-1100-768x768.jpg 768w, https:\/\/wave-lovers.com\/wp-content\/uploads\/2023\/05\/audi-efoil-wing-set-freeride-1100-600x600.jpg 600w, https:\/\/wave-lovers.com\/wp-content\/uploads\/2023\/05\/audi-efoil-wing-set-freeride-1100-100x100.jpg 100w, https:\/\/wave-lovers.com\/wp-content\/uploads\/2023\/05\/audi-efoil-wing-set-freeride-1100-32x32.jpg 32w, https:\/\/wave-lovers.com\/wp-content\/uploads\/2023\/05\/audi-efoil-wing-set-freeride-1100.jpg 1080w\" sizes=\"(max-width: 150px) 100vw, 150px\" \/>Dise\u00f1ado para proporcionar al surfista avanzado una experiencia personalizada que ofrece velocidades m\u00e1s altas con un equilibrio similar en comparaci\u00f3n con el modelo est\u00e1ndar. De este modo, el conjunto permite a todo el mundo dar el siguiente paso y, por lo tanto, abre nuevas posibilidades para encontrar tu mejor experiencia de pilotaje posible.<\/p>\n<p>Debido al hecho de que el equilibrio se desplaza ligeramente a velocidades m\u00e1s r\u00e1pidas, se perciben mejor los giros sensibles, liberando as\u00ed a cualquiera que se sienta limitado en tablas m\u00e1s grandes.<\/p>\n<h3>Freerace 900 (emparejado con Stabilizer 300)<\/h3>\n<p><img loading=\"lazy\" decoding=\"async\" class=\"size-thumbnail wp-image-129260 alignright\" src=\"https:\/\/wave-lovers.com\/wp-content\/uploads\/2023\/05\/audi-efoil-wing-set-freerace-900-150x150.jpg\" alt=\"\" width=\"150\" height=\"150\" srcset=\"https:\/\/wave-lovers.com\/wp-content\/uploads\/2023\/05\/audi-efoil-wing-set-freerace-900-150x150.jpg 150w, https:\/\/wave-lovers.com\/wp-content\/uploads\/2023\/05\/audi-efoil-wing-set-freerace-900-300x300.jpg 300w, https:\/\/wave-lovers.com\/wp-content\/uploads\/2023\/05\/audi-efoil-wing-set-freerace-900-1024x1024.jpg 1024w, https:\/\/wave-lovers.com\/wp-content\/uploads\/2023\/05\/audi-efoil-wing-set-freerace-900-768x768.jpg 768w, https:\/\/wave-lovers.com\/wp-content\/uploads\/2023\/05\/audi-efoil-wing-set-freerace-900-600x600.jpg 600w, https:\/\/wave-lovers.com\/wp-content\/uploads\/2023\/05\/audi-efoil-wing-set-freerace-900-100x100.jpg 100w, https:\/\/wave-lovers.com\/wp-content\/uploads\/2023\/05\/audi-efoil-wing-set-freerace-900-32x32.jpg 32w, https:\/\/wave-lovers.com\/wp-content\/uploads\/2023\/05\/audi-efoil-wing-set-freerace-900.jpg 1080w\" sizes=\"(max-width: 150px) 100vw, 150px\" \/>La opci\u00f3n inigualable para todos los surfistas profesionales en busca de nuevas aventuras. Con una velocidad excepcional, una maniobrabilidad inigualable y un rendimiento sobresaliente, este conjunto de alas hace que todos los corazones latan m\u00e1s r\u00e1pido.<\/p>\n<p>A velocidades de hasta 50 km\/h, s\u00f3lo los intr\u00e9pidos experimentar\u00e1n un momento de felicidad, mientras que los principiantes pueden tener dificultades para mantener el equilibrio. Sin embargo, el Wing Set ofrece un m\u00e1ximo de precisi\u00f3n y agilidad, llevando la diversi\u00f3n al siguiente nivel.<\/p>\n<h3>Freecarve 1250 (emparejada con el estabilizador 270)<\/h3>\n<p><img loading=\"lazy\" decoding=\"async\" class=\"size-thumbnail wp-image-129257 alignright\" src=\"https:\/\/wave-lovers.com\/wp-content\/uploads\/2023\/05\/audi-efoil-wing-set-freecarve-1250-150x150.jpg\" alt=\"\" width=\"150\" height=\"150\" srcset=\"https:\/\/wave-lovers.com\/wp-content\/uploads\/2023\/05\/audi-efoil-wing-set-freecarve-1250-150x150.jpg 150w, https:\/\/wave-lovers.com\/wp-content\/uploads\/2023\/05\/audi-efoil-wing-set-freecarve-1250-300x300.jpg 300w, https:\/\/wave-lovers.com\/wp-content\/uploads\/2023\/05\/audi-efoil-wing-set-freecarve-1250-1024x1024.jpg 1024w, https:\/\/wave-lovers.com\/wp-content\/uploads\/2023\/05\/audi-efoil-wing-set-freecarve-1250-768x768.jpg 768w, https:\/\/wave-lovers.com\/wp-content\/uploads\/2023\/05\/audi-efoil-wing-set-freecarve-1250-600x600.jpg 600w, https:\/\/wave-lovers.com\/wp-content\/uploads\/2023\/05\/audi-efoil-wing-set-freecarve-1250-100x100.jpg 100w, https:\/\/wave-lovers.com\/wp-content\/uploads\/2023\/05\/audi-efoil-wing-set-freecarve-1250-32x32.jpg 32w, https:\/\/wave-lovers.com\/wp-content\/uploads\/2023\/05\/audi-efoil-wing-set-freecarve-1250.jpg 1080w\" sizes=\"(max-width: 150px) 100vw, 150px\" \/>Una vela de tama\u00f1o medio que favorece un despegue precoz y, junto con el estabilizador 270, ofrece mucha estabilidad al pilotar.<\/p>\n<p>Perfecta para principiantes e intermedios que quieran practicar maniobras a\u00fan m\u00e1s \u00e1giles.<\/p>\n<h3>Freecarve 1000 (combinada con el estabilizador 270)<\/h3>\n<p><img loading=\"lazy\" decoding=\"async\" class=\"size-thumbnail wp-image-129254 alignright\" src=\"https:\/\/wave-lovers.com\/wp-content\/uploads\/2023\/05\/audi-efoil-wing-set-freecarve-1000-150x150.jpg\" alt=\"\" width=\"150\" height=\"150\" srcset=\"https:\/\/wave-lovers.com\/wp-content\/uploads\/2023\/05\/audi-efoil-wing-set-freecarve-1000-150x150.jpg 150w, https:\/\/wave-lovers.com\/wp-content\/uploads\/2023\/05\/audi-efoil-wing-set-freecarve-1000-300x300.jpg 300w, https:\/\/wave-lovers.com\/wp-content\/uploads\/2023\/05\/audi-efoil-wing-set-freecarve-1000-1024x1024.jpg 1024w, https:\/\/wave-lovers.com\/wp-content\/uploads\/2023\/05\/audi-efoil-wing-set-freecarve-1000-768x768.jpg 768w, https:\/\/wave-lovers.com\/wp-content\/uploads\/2023\/05\/audi-efoil-wing-set-freecarve-1000-600x600.jpg 600w, https:\/\/wave-lovers.com\/wp-content\/uploads\/2023\/05\/audi-efoil-wing-set-freecarve-1000-100x100.jpg 100w, https:\/\/wave-lovers.com\/wp-content\/uploads\/2023\/05\/audi-efoil-wing-set-freecarve-1000-32x32.jpg 32w, https:\/\/wave-lovers.com\/wp-content\/uploads\/2023\/05\/audi-efoil-wing-set-freecarve-1000.jpg 1080w\" sizes=\"(max-width: 150px) 100vw, 150px\" \/>Un ala con un alargamiento de peque\u00f1o a medio que ofrece una experiencia de pilotaje m\u00e1s \u00e1gil y que, junto con el estabilizador 270, sigue garantizando un buen equilibrio.<\/p>\n<p>Perfecta para pilotos avanzados que quieren sacarle el m\u00e1ximo partido a la aerodin\u00e1mica.<\/p>\n<h2>AUDI e-tron Kit De Alas - DETAILS<\/h2>\n<p>&nbsp;<\/p>\n<table style=\"height: 520px;\" width=\"471\">\n<tbody>\n<tr>\n<td><strong>#ALAS<\/strong><\/td>\n<td><strong>TAMA\u00d1O DEL ALA<\/strong><\/td>\n<td><strong>EXPERIENCIA<br \/>\n<\/strong><\/td>\n<td><strong>CARACTER\u00cdSTICAS<\/strong><\/td>\n<\/tr>\n<tr>\n<td>EASYRIDE 1750 \u2013 Stabilizer 500<\/td>\n<td>1750 &amp; 500 cm\u00b2<\/td>\n<td>Principiante<\/td>\n<td>Velocidad: 5 \/ 10<br \/>\nTallado: 5 \/ 10<br \/>\nEstabilidad: 9 \/ 10<br \/>\nVuelo y deslizamiento: 9 \/ 10<br \/>\nNivel de habilidad: 2 \/ 10<\/td>\n<\/tr>\n<tr>\n<td>FREERIDE 1350 \u2013 Stabilizer 400<\/td>\n<td>1350 &amp; 400 cm\u00b2<\/td>\n<td>Principiante \/ Avanzado<\/td>\n<td>Velocidad: 6 \/ 10<br \/>\nTallado: 6 \/ 10<br \/>\nEstabilidad: 7 \/ 10<br \/>\nVuelo y deslizamiento: 9 \/ 10<br \/>\nNivel de habilidad: 4 \/ 10<\/td>\n<\/tr>\n<tr>\n<td>FREERIDE 1100 \u2013 Stabilizer 380<\/td>\n<td>1100 &amp; 380 cm\u00b2<\/td>\n<td>Avanzado \/ Experto<\/td>\n<td>Velocidad: 7 \/ 10<br \/>\nTallado: 7 \/ 10<br \/>\nEstabilidad: 6 \/ 10<br \/>\nVuelo y deslizamiento: 8 \/ 10<br \/>\nNivel de habilidad: 7 \/ 10<\/td>\n<\/tr>\n<tr>\n<td>FREERACE 900 \u2013 Stabilizer 300<\/td>\n<td>900 &amp; 300 cm\u00b2<\/td>\n<td>Profesional<\/td>\n<td>Velocidad: 8 \/ 10<br \/>\nTallado: 8 \/ 10<br \/>\nEstabilidad: 5 \/ 10<br \/>\nVuelo y deslizamiento: 7 \/ 10<br \/>\nNivel de habilidad: 8 \/ 10<\/td>\n<\/tr>\n<tr>\n<td>FREETallado 1250 \u2013 Stabilizer 270<\/td>\n<td>1250 &amp; 270 cm\u00b2<\/td>\n<td>Experto \/ Profesional<\/td>\n<td>Velocidad: 6 \/ 10<br \/>\nTallado: 8 \/ 10<br \/>\nEstabilidad: 7 \/ 10<br \/>\nVuelo y deslizamiento: 8 \/ 10<br \/>\nNivel de habilidad: 5 \/ 10<\/td>\n<\/tr>\n<tr>\n<td>FREETallado 1000 \u2013 Stabilizer 270<\/td>\n<td>1000 &amp; 270 cm\u00b2<\/td>\n<td>Profesional<\/td>\n<td>Velocidad: 7 \/ 10<br \/>\nTallado: 9 \/ 10<br \/>\nEstabilidad: 7 \/ 10<br \/>\nVuelo y deslizamiento: 8 \/ 10<br \/>\nNivel de habilidad: 7 \/ 10<\/td>\n<\/tr>\n<\/tbody>\n<\/table>\n","protected":false},"excerpt":{"rendered":"<p>Sets de alas para diferentes estilos de pilotaje dise\u00f1ados por profesionales del modelismo aeron\u00e1utico. Desde modelos m\u00e1s grandes para principiantes hasta conjuntos m\u00e1s peque\u00f1os y \u00e1giles, que admiten reacciones r\u00e1pidas y din\u00e1micas. Lleva tu rendimiento al siguiente nivel con este equipamiento personalizado hecho para tu Audi eFoil.<\/p>\n","protected":false},"featured_media":129250,"comment_status":"open","ping_status":"closed","template":"","meta":{"_acf_changed":false,"_editorskit_title_hidden":false,"_editorskit_reading_time":0,"_editorskit_is_block_options_detached":false,"_editorskit_block_options_position":"{}","site-sidebar-layout":"default","site-content-layout":"","ast-site-content-layout":"default","site-content-style":"default","site-sidebar-style":"default","ast-global-header-display":"","ast-banner-title-visibility":"","ast-main-header-display":"","ast-hfb-above-header-display":"","ast-hfb-below-header-display":"","ast-hfb-mobile-header-display":"","site-post-title":"","ast-breadcrumbs-content":"","ast-featured-img":"","footer-sml-layout":"","ast-disable-related-posts":"","theme-transparent-header-meta":"default","adv-header-id-meta":"","stick-header-meta":"","header-above-stick-meta":"","header-main-stick-meta":"","header-below-stick-meta":"","astra-migrate-meta-layouts":"set","ast-page-background-enabled":"default","ast-page-background-meta":{"desktop":{"background-color":"","background-image":"","background-repeat":"repeat","background-position":"center center","background-size":"auto","background-attachment":"scroll","background-type":"","background-media":"","overlay-type":"","overlay-color":"","overlay-opacity":"","overlay-gradient":""},"tablet":{"background-color":"","background-image":"","background-repeat":"repeat","background-position":"center center","background-size":"auto","background-attachment":"scroll","background-type":"","background-media":"","overlay-type":"","overlay-color":"","overlay-opacity":"","overlay-gradient":""},"mobile":{"background-color":"","background-image":"","background-repeat":"repeat","background-position":"center center","background-size":"auto","background-attachment":"scroll","background-type":"","background-media":"","overlay-type":"","overlay-color":"","overlay-opacity":"","overlay-gradient":""}},"ast-content-background-meta":{"desktop":{"background-color":"var(--ast-global-color-5)","background-image":"","background-repeat":"repeat","background-position":"center center","background-size":"auto","background-attachment":"scroll","background-type":"","background-media":"","overlay-type":"","overlay-color":"","overlay-opacity":"","overlay-gradient":""},"tablet":{"background-color":"var(--ast-global-color-5)","background-image":"","background-repeat":"repeat","background-position":"center center","background-size":"auto","background-attachment":"scroll","background-type":"","background-media":"","overlay-type":"","overlay-color":"","overlay-opacity":"","overlay-gradient":""},"mobile":{"background-color":"var(--ast-global-color-5)","background-image":"","background-repeat":"repeat","background-position":"center center","background-size":"auto","background-attachment":"scroll","background-type":"","background-media":"","overlay-type":"","overlay-color":"","overlay-opacity":"","overlay-gradient":""}},"_jf_save_progress":""},"product_brand":[],"product_cat":[4098,60,114,536,4099,24],"product_tag":[],"class_list":{"0":"post-147957","1":"product","2":"type-product","3":"status-publish","4":"has-post-thumbnail","6":"product_cat-recambios-e-foil","7":"product_cat-buy","8":"product_cat-comprar","9":"product_cat-e-foil-spare-parts","10":"product_cat-recambios","11":"product_cat-spare-parts","12":"product_shipping_class-m-es","13":"desktop-align-center","14":"tablet-align-center","15":"mobile-align-center","16":"ast-product-gallery-layout-horizontal","17":"ast-magnify-disabled","18":"ast-product-single-variable","19":"ast-product-tabs-layout-horizontal","21":"first","22":"instock","23":"taxable","24":"shipping-taxable","25":"purchasable","26":"product-type-variable"},"acf":[],"brizy_media":[],"_links":{"self":[{"href":"https:\/\/wave-lovers.com\/es\/wp-json\/wp\/v2\/product\/147957","targetHints":{"allow":["GET"]}}],"collection":[{"href":"https:\/\/wave-lovers.com\/es\/wp-json\/wp\/v2\/product"}],"about":[{"href":"https:\/\/wave-lovers.com\/es\/wp-json\/wp\/v2\/types\/product"}],"replies":[{"embeddable":true,"href":"https:\/\/wave-lovers.com\/es\/wp-json\/wp\/v2\/comments?post=147957"}],"wp:featuredmedia":[{"embeddable":true,"href":"https:\/\/wave-lovers.com\/es\/wp-json\/wp\/v2\/media\/129250"}],"wp:attachment":[{"href":"https:\/\/wave-lovers.com\/es\/wp-json\/wp\/v2\/media?parent=147957"}],"wp:term":[{"taxonomy":"product_brand","embeddable":true,"href":"https:\/\/wave-lovers.com\/es\/wp-json\/wp\/v2\/product_brand?post=147957"},{"taxonomy":"product_cat","embeddable":true,"href":"https:\/\/wave-lovers.com\/es\/wp-json\/wp\/v2\/product_cat?post=147957"},{"taxonomy":"product_tag","embeddable":true,"href":"https:\/\/wave-lovers.com\/es\/wp-json\/wp\/v2\/product_tag?post=147957"}],"curies":[{"name":"wp","href":"https:\/\/api.w.org\/{rel}","templated":true}]}}