{"id":147951,"date":"2023-05-17T21:03:46","date_gmt":"2023-05-17T19:03:46","guid":{"rendered":"https:\/\/wave-lovers.com\/yachtbeach-platform-4-10-premium-teak\/"},"modified":"2024-12-04T23:00:04","modified_gmt":"2024-12-04T22:00:04","slug":"yachtbeach-platform-4-10-teca-premium","status":"publish","type":"product","link":"https:\/\/wave-lovers.com\/es\/yachtbeach-platform-4-10-teca-premium\/","title":{"rendered":"Yachtbeach Platform 4.10 Teca Premium"},"content":{"rendered":"<h2>Yachtbeach Platform 4.10 Teca Premium - INFORMACI\u00d3N<\/h2>\n<p><img decoding=\"async\" class=\"size-thumbnail wp-image-147953 alignright\" src=\"https:\/\/wave-lovers.com\/wp-content\/uploads\/2023\/05\/yachtbeach-plataforma-teca-premium-4-10-150x150.jpg\" alt=\"\" width=\"150\" height=\"150\" srcset=\"https:\/\/wave-lovers.com\/wp-content\/uploads\/2023\/05\/yachtbeach-plataforma-teca-premium-4-10-150x150.jpg 150w, https:\/\/wave-lovers.com\/wp-content\/uploads\/2023\/05\/yachtbeach-plataforma-teca-premium-4-10-300x300.jpg 300w, https:\/\/wave-lovers.com\/wp-content\/uploads\/2023\/05\/yachtbeach-plataforma-teca-premium-4-10-100x100.jpg 100w, https:\/\/wave-lovers.com\/wp-content\/uploads\/2023\/05\/yachtbeach-plataforma-teca-premium-4-10-32x32.jpg 32w, https:\/\/wave-lovers.com\/wp-content\/uploads\/2023\/05\/yachtbeach-plataforma-teca-premium-4-10.jpg 600w\" sizes=\"(max-width: 150px) 100vw, 150px\" \/>\u00a1Construye tu propio espacio privado flotante con estos maravillosos m\u00f3dulos de YACHTBEACH! Perfectos para disfrutar del sol y del agua al mismo tiempo.<br \/>\nEsta plataforma es la m\u00e1s grande del lote lo que te dar\u00e1 todo el espacio extra que necesitas. Con 4 bolsas de lastre y un mont\u00f3n de posibilidades de atraque seguro que encuentras una opci\u00f3n para mantener esta cosa en su sitio.<\/p>\n<p>Gracias al material dropstitch el sol y el agua salada nunca ser\u00e1n un problema. Adem\u00e1s de tener un aspecto cuidado y lujoso en todo momento, la superficie est\u00e1 recubierta para evitar situaciones resbaladizas. Esto funciona a las mil maravillas si haces deporte o intentas saltar al agua.<\/p>\n<p>Adem\u00e1s, obtendr\u00e1 12 asas y 4 anillos en D para combinar el m\u00f3dulo a un producto del mismo modo o incluso tu barco. Aseg\u00farate de comprobar las alternativas que te ofrece YACHTBEACH para encontrar la que mejor se adapta a ti. Hay un sinf\u00edn de opciones para que te sientas c\u00f3modo. As\u00ed que pru\u00e9balas. Cr\u00e9eme, \u00a1te encantar\u00e1n!<\/p>\n<h2>Yachtbeach Platform 4.10 Teca Premium - DETALLES<\/h2>\n<p>Tama\u00f1o: 410x205cm<br \/>\nAltura punto ca\u00edda: 20cm<br \/>\nPeso: 38kg<br \/>\nTama\u00f1o embalado: 210x48x38cm<\/p>\n<h2>Yachtbeach Platform 4.10 Teca Premium - DESTACADOS<\/h2>\n<p>- bonito dise\u00f1o en teca<br \/>\n- 12 asas de conexi\u00f3n Yachtbeach<br \/>\n- 4 bolsas de lastre<br \/>\n- 4 anillas en D en el fondo para anclaje o conexi\u00f3n a otras estructuras hinchables<br \/>\n- robusto material dropstitch con revestimiento antideslizante<br \/>\n- se entrega con manual y bolsa de almacenamiento<\/p>\n","protected":false},"excerpt":{"rendered":"<p>La plataforma de lujo m\u00e1s grande de la l\u00ednea de productos YACHTBEACH para disponer de mucho espacio adicional. A\u00fan mejor cuando se combina con otros m\u00f3dulos.<\/p>\n","protected":false},"featured_media":96287,"comment_status":"open","ping_status":"closed","template":"","meta":{"_acf_changed":false,"_editorskit_title_hidden":false,"_editorskit_reading_time":0,"_editorskit_is_block_options_detached":false,"_editorskit_block_options_position":"{}","site-sidebar-layout":"default","site-content-layout":"default","ast-site-content-layout":"default","site-content-style":"default","site-sidebar-style":"default","ast-global-header-display":"","ast-banner-title-visibility":"","ast-main-header-display":"","ast-hfb-above-header-display":"","ast-hfb-below-header-display":"","ast-hfb-mobile-header-display":"","site-post-title":"","ast-breadcrumbs-content":"","ast-featured-img":"","footer-sml-layout":"","ast-disable-related-posts":"","theme-transparent-header-meta":"default","adv-header-id-meta":"","stick-header-meta":"","header-above-stick-meta":"","header-main-stick-meta":"","header-below-stick-meta":"","astra-migrate-meta-layouts":"set","ast-page-background-enabled":"default","ast-page-background-meta":{"desktop":{"background-color":"","background-image":"","background-repeat":"repeat","background-position":"center center","background-size":"auto","background-attachment":"scroll","background-type":"","background-media":"","overlay-type":"","overlay-color":"","overlay-opacity":"","overlay-gradient":""},"tablet":{"background-color":"","background-image":"","background-repeat":"repeat","background-position":"center center","background-size":"auto","background-attachment":"scroll","background-type":"","background-media":"","overlay-type":"","overlay-color":"","overlay-opacity":"","overlay-gradient":""},"mobile":{"background-color":"","background-image":"","background-repeat":"repeat","background-position":"center center","background-size":"auto","background-attachment":"scroll","background-type":"","background-media":"","overlay-type":"","overlay-color":"","overlay-opacity":"","overlay-gradient":""}},"ast-content-background-meta":{"desktop":{"background-color":"var(--ast-global-color-5)","background-image":"","background-repeat":"repeat","background-position":"center center","background-size":"auto","background-attachment":"scroll","background-type":"","background-media":"","overlay-type":"","overlay-color":"","overlay-opacity":"","overlay-gradient":""},"tablet":{"background-color":"var(--ast-global-color-5)","background-image":"","background-repeat":"repeat","background-position":"center center","background-size":"auto","background-attachment":"scroll","background-type":"","background-media":"","overlay-type":"","overlay-color":"","overlay-opacity":"","overlay-gradient":""},"mobile":{"background-color":"var(--ast-global-color-5)","background-image":"","background-repeat":"repeat","background-position":"center center","background-size":"auto","background-attachment":"scroll","background-type":"","background-media":"","overlay-type":"","overlay-color":"","overlay-opacity":"","overlay-gradient":""}},"_jf_save_progress":""},"product_brand":[],"product_cat":[4117,1967,3899,128,60,114],"product_tag":[],"class_list":{"0":"post-147951","1":"product","2":"type-product","3":"status-publish","4":"has-post-thumbnail","6":"product_cat-plataforma","7":"product_cat-inflatable-water-platforms-category","8":"product_cat-hinchable","9":"product_cat-inflatable","10":"product_cat-buy","11":"product_cat-comprar","12":"product_shipping_class-l-es","13":"desktop-align-center","14":"tablet-align-center","15":"mobile-align-center","16":"ast-product-gallery-layout-horizontal","17":"ast-magnify-disabled","18":"ast-product-tabs-layout-horizontal","20":"first","21":"instock","22":"taxable","23":"shipping-taxable","24":"purchasable","25":"product-type-simple"},"acf":[],"brizy_media":[],"_links":{"self":[{"href":"https:\/\/wave-lovers.com\/es\/wp-json\/wp\/v2\/product\/147951","targetHints":{"allow":["GET"]}}],"collection":[{"href":"https:\/\/wave-lovers.com\/es\/wp-json\/wp\/v2\/product"}],"about":[{"href":"https:\/\/wave-lovers.com\/es\/wp-json\/wp\/v2\/types\/product"}],"replies":[{"embeddable":true,"href":"https:\/\/wave-lovers.com\/es\/wp-json\/wp\/v2\/comments?post=147951"}],"wp:featuredmedia":[{"embeddable":true,"href":"https:\/\/wave-lovers.com\/es\/wp-json\/wp\/v2\/media\/96287"}],"wp:attachment":[{"href":"https:\/\/wave-lovers.com\/es\/wp-json\/wp\/v2\/media?parent=147951"}],"wp:term":[{"taxonomy":"product_brand","embeddable":true,"href":"https:\/\/wave-lovers.com\/es\/wp-json\/wp\/v2\/product_brand?post=147951"},{"taxonomy":"product_cat","embeddable":true,"href":"https:\/\/wave-lovers.com\/es\/wp-json\/wp\/v2\/product_cat?post=147951"},{"taxonomy":"product_tag","embeddable":true,"href":"https:\/\/wave-lovers.com\/es\/wp-json\/wp\/v2\/product_tag?post=147951"}],"curies":[{"name":"wp","href":"https:\/\/api.w.org\/{rel}","templated":true}]}}