{"id":147946,"date":"2023-05-17T21:03:59","date_gmt":"2023-05-17T19:03:59","guid":{"rendered":"https:\/\/wave-lovers.com\/yachtbeach-platform-2-05-premium-teak\/"},"modified":"2024-07-03T14:14:58","modified_gmt":"2024-07-03T12:14:58","slug":"yachtbeach-platform-2-05-teca-premium","status":"publish","type":"product","link":"https:\/\/wave-lovers.com\/es\/yachtbeach-platform-2-05-teca-premium\/","title":{"rendered":"Yachtbeach Platform 2.05 Teca Premium"},"content":{"rendered":"<h2>Yachtbeach Platform 2.05 Teca Premium - INFORMACI\u00d3N<\/h2>\n<p><img decoding=\"async\" class=\"size-thumbnail wp-image-147948 alignright\" src=\"https:\/\/wave-lovers.com\/wp-content\/uploads\/2023\/05\/yachtbeach-plataforma-teca-premium-2-05-150x150.jpg\" alt=\"\" width=\"150\" height=\"150\" srcset=\"https:\/\/wave-lovers.com\/wp-content\/uploads\/2023\/05\/yachtbeach-plataforma-teca-premium-2-05-150x150.jpg 150w, https:\/\/wave-lovers.com\/wp-content\/uploads\/2023\/05\/yachtbeach-plataforma-teca-premium-2-05-300x300.jpg 300w, https:\/\/wave-lovers.com\/wp-content\/uploads\/2023\/05\/yachtbeach-plataforma-teca-premium-2-05-100x100.jpg 100w, https:\/\/wave-lovers.com\/wp-content\/uploads\/2023\/05\/yachtbeach-plataforma-teca-premium-2-05-32x32.jpg 32w, https:\/\/wave-lovers.com\/wp-content\/uploads\/2023\/05\/yachtbeach-plataforma-teca-premium-2-05.jpg 600w\" sizes=\"(max-width: 150px) 100vw, 150px\" \/>\u00a1Construye tu propio espacio privado flotante con estos maravillosos m\u00f3dulos de YACHTBEACH! Perfectos para disfrutar del sol y del agua al mismo tiempo.<br \/>\nEsta plataforma tiene la mitad de tama\u00f1o que su compa\u00f1era m\u00e1s grande y es ideal si necesitas un poco de espacio extra. Gracias a su forma cuadrada y a sus m\u00faltiples opciones de combinaci\u00f3n, el m\u00f3dulo puede colocarse perfectamente entre su embarcaci\u00f3n y otras soluciones hinchables. Para una mayor estabilidad tambi\u00e9n hay 2 bolsas de lastre en la parte inferior y un mont\u00f3n de anillos en D para equilibrar todo.<\/p>\n<p>En cuanto a los materiales, se ha optado por un grueso PVC de punta de ca\u00edda, ligero pero resistente a todo tipo de incidentes. La superficie antideslizante evita ca\u00eddas y tiene un aspecto fenomenal. El dise\u00f1o del PVC con aspecto de teca rodeado de un marco blanco llamar\u00e1 la atenci\u00f3n en cualquier situaci\u00f3n. Elegante y limpio como cualquier otro hinchable de su l\u00ednea de productos.<\/p>\n<p>Las 8 asas libres de metal y los 4 anillos en D a ambos lados te permiten combinar el m\u00f3dulo con cualquier estructura que desees. Busca las alternativas que ofrece YACHTBEACH. Con un mont\u00f3n de opciones como muelles o piscinas de lujo, \u00a1seguro que encuentras lo que buscas!<\/p>\n<h2>Yachtbeach Platform 2.05 Teca Premium - DETALLES<\/h2>\n<p>Tama\u00f1o: 205x205cm<br \/>\nAltura puntada ca\u00edda: 20cm<br \/>\nPeso: 28kg<br \/>\nTama\u00f1o embalado: 210x20x20cm<\/p>\n<h2>Yachtbeach Platform 2.05 Teca Premium - DESTACADOS<\/h2>\n<p>- maravilloso PVC con dise\u00f1o tipo teca<br \/>\n- robusto material dropstitch de 20 cm con revestimiento antideslizante<br \/>\n- 8 asas de conexi\u00f3n Yachtbeach<br \/>\n- 2 bolsas de lastre<br \/>\n- 4 anillas en D en la parte inferior y 4 en la parte superior para anclaje o conexi\u00f3n a otras estructuras hinchables<br \/>\n- se entrega con manual y bolsa de almacenamiento<\/p>\n","protected":false},"excerpt":{"rendered":"<p>Plataforma cuadrada de lujo para proporcionar algo m\u00e1s de espacio. A\u00fan mejor cuando se combina con otros m\u00f3dulos de YACHTBEACH.<\/p>\n","protected":false},"featured_media":96311,"comment_status":"open","ping_status":"closed","template":"","meta":{"_acf_changed":false,"_editorskit_title_hidden":false,"_editorskit_reading_time":0,"_editorskit_is_block_options_detached":false,"_editorskit_block_options_position":"{}","site-sidebar-layout":"default","site-content-layout":"","ast-site-content-layout":"default","site-content-style":"default","site-sidebar-style":"default","ast-global-header-display":"","ast-banner-title-visibility":"","ast-main-header-display":"","ast-hfb-above-header-display":"","ast-hfb-below-header-display":"","ast-hfb-mobile-header-display":"","site-post-title":"","ast-breadcrumbs-content":"","ast-featured-img":"","footer-sml-layout":"","ast-disable-related-posts":"","theme-transparent-header-meta":"default","adv-header-id-meta":"","stick-header-meta":"","header-above-stick-meta":"","header-main-stick-meta":"","header-below-stick-meta":"","astra-migrate-meta-layouts":"set","ast-page-background-enabled":"default","ast-page-background-meta":{"desktop":{"background-color":"","background-image":"","background-repeat":"repeat","background-position":"center center","background-size":"auto","background-attachment":"scroll","background-type":"","background-media":"","overlay-type":"","overlay-color":"","overlay-opacity":"","overlay-gradient":""},"tablet":{"background-color":"","background-image":"","background-repeat":"repeat","background-position":"center center","background-size":"auto","background-attachment":"scroll","background-type":"","background-media":"","overlay-type":"","overlay-color":"","overlay-opacity":"","overlay-gradient":""},"mobile":{"background-color":"","background-image":"","background-repeat":"repeat","background-position":"center center","background-size":"auto","background-attachment":"scroll","background-type":"","background-media":"","overlay-type":"","overlay-color":"","overlay-opacity":"","overlay-gradient":""}},"ast-content-background-meta":{"desktop":{"background-color":"var(--ast-global-color-5)","background-image":"","background-repeat":"repeat","background-position":"center center","background-size":"auto","background-attachment":"scroll","background-type":"","background-media":"","overlay-type":"","overlay-color":"","overlay-opacity":"","overlay-gradient":""},"tablet":{"background-color":"var(--ast-global-color-5)","background-image":"","background-repeat":"repeat","background-position":"center center","background-size":"auto","background-attachment":"scroll","background-type":"","background-media":"","overlay-type":"","overlay-color":"","overlay-opacity":"","overlay-gradient":""},"mobile":{"background-color":"var(--ast-global-color-5)","background-image":"","background-repeat":"repeat","background-position":"center center","background-size":"auto","background-attachment":"scroll","background-type":"","background-media":"","overlay-type":"","overlay-color":"","overlay-opacity":"","overlay-gradient":""}},"_jf_save_progress":""},"product_brand":[],"product_cat":[4117,1967,3899,128,60,114],"product_tag":[],"class_list":{"0":"post-147946","1":"product","2":"type-product","3":"status-publish","4":"has-post-thumbnail","6":"product_cat-plataforma","7":"product_cat-inflatable-water-platforms-category","8":"product_cat-hinchable","9":"product_cat-inflatable","10":"product_cat-buy","11":"product_cat-comprar","12":"product_shipping_class-l-es","13":"desktop-align-center","14":"tablet-align-center","15":"mobile-align-center","16":"ast-product-gallery-layout-horizontal","17":"ast-magnify-disabled","18":"ast-product-tabs-layout-horizontal","20":"first","21":"instock","22":"taxable","23":"shipping-taxable","24":"purchasable","25":"product-type-simple"},"acf":[],"brizy_media":[],"_links":{"self":[{"href":"https:\/\/wave-lovers.com\/es\/wp-json\/wp\/v2\/product\/147946","targetHints":{"allow":["GET"]}}],"collection":[{"href":"https:\/\/wave-lovers.com\/es\/wp-json\/wp\/v2\/product"}],"about":[{"href":"https:\/\/wave-lovers.com\/es\/wp-json\/wp\/v2\/types\/product"}],"replies":[{"embeddable":true,"href":"https:\/\/wave-lovers.com\/es\/wp-json\/wp\/v2\/comments?post=147946"}],"wp:featuredmedia":[{"embeddable":true,"href":"https:\/\/wave-lovers.com\/es\/wp-json\/wp\/v2\/media\/96311"}],"wp:attachment":[{"href":"https:\/\/wave-lovers.com\/es\/wp-json\/wp\/v2\/media?parent=147946"}],"wp:term":[{"taxonomy":"product_brand","embeddable":true,"href":"https:\/\/wave-lovers.com\/es\/wp-json\/wp\/v2\/product_brand?post=147946"},{"taxonomy":"product_cat","embeddable":true,"href":"https:\/\/wave-lovers.com\/es\/wp-json\/wp\/v2\/product_cat?post=147946"},{"taxonomy":"product_tag","embeddable":true,"href":"https:\/\/wave-lovers.com\/es\/wp-json\/wp\/v2\/product_tag?post=147946"}],"curies":[{"name":"wp","href":"https:\/\/api.w.org\/{rel}","templated":true}]}}