{"id":147919,"date":"2023-06-01T18:52:17","date_gmt":"2023-06-01T16:52:17","guid":{"rendered":"https:\/\/wave-lovers.com\/yachtbeach-luxury-pool-6-2\/"},"modified":"2024-07-03T15:25:37","modified_gmt":"2024-07-03T13:25:37","slug":"yachtbeach-luxury-pool-6-2","status":"publish","type":"product","link":"https:\/\/wave-lovers.com\/es\/yachtbeach-luxury-pool-6-2\/","title":{"rendered":"Yachtbeach Luxury Pool 6.2"},"content":{"rendered":"<h2>Yachtbeach Luxury Pool 6.2 - INFORMACI\u00d3N<\/h2>\n<p><img decoding=\"async\" class=\"size-thumbnail wp-image-147921 alignright\" src=\"https:\/\/wave-lovers.com\/wp-content\/uploads\/2023\/06\/yachtbeach-luxury-pool-6-2-150x150.jpg\" alt=\"\" width=\"150\" height=\"150\" srcset=\"https:\/\/wave-lovers.com\/wp-content\/uploads\/2023\/06\/yachtbeach-luxury-pool-6-2-150x150.jpg 150w, https:\/\/wave-lovers.com\/wp-content\/uploads\/2023\/06\/yachtbeach-luxury-pool-6-2-300x300.jpg 300w, https:\/\/wave-lovers.com\/wp-content\/uploads\/2023\/06\/yachtbeach-luxury-pool-6-2-100x100.jpg 100w, https:\/\/wave-lovers.com\/wp-content\/uploads\/2023\/06\/yachtbeach-luxury-pool-6-2-32x32.jpg 32w, https:\/\/wave-lovers.com\/wp-content\/uploads\/2023\/06\/yachtbeach-luxury-pool-6-2.jpg 600w\" sizes=\"(max-width: 150px) 100vw, 150px\" \/>\u00a1Construye tu propio espacio privado flotante con estos maravillosos m\u00f3dulos de YACHTBEACH! Perfecto para disfrutar del sol y del agua al mismo tiempo.<br \/>\nCon esta lujosa piscina, podr\u00e1s relajarse detr\u00e1s de tu yate y protegerte de criaturas marinas indeseadas como medusas y otras. Este m\u00f3dulo ofrece mucho espacio y combina perfectamente con la l\u00ednea de productos de teca de YACHTBEACH, proporcion\u00e1ndote los hinchables mejor dise\u00f1ados del mercado. Tanto si quieres nadar como tomar el sol, este m\u00f3dulo ser\u00e1 una gozada.<\/p>\n<p>Para tu seguridad, la superficie de la plataforma est\u00e1 recubierta para que no resbale. El material hecho de PVC grueso de puntada ca\u00edda har\u00e1 maravillas contra todo tipo de influencias. Con la presi\u00f3n correcta asegurada a trav\u00e9s de una v\u00e1lvula de alivio y un mont\u00f3n de opciones de conexi\u00f3n, esta bestia de inflable se puede manejar f\u00e1cilmente. Por lo tanto, tambi\u00e9n obtendr\u00e1s 26 asas resistentes y un total de 14 anillas en D, que te permitir\u00e1n sujetarla, montarla y transportarla de la forma que desees.<\/p>\n<p>La piscina en s\u00ed mide unos 466x310cm y ofrece una profundidad de hasta 240cm. Espacio suficiente para que quepa toda la tripulaci\u00f3n. As\u00ed que avisa a todos tus amigos o familiares, \u00a1la pr\u00f3xima aventura os est\u00e1 esperando!<\/p>\n<h2>Yachtbeach Luxury Pool 6.2 - DETALLES<\/h2>\n<p>Tama\u00f1o: 620x410cm<br \/>\nTama\u00f1o de la piscina \/ Profundidad: 466x310cm \/ 240cm<br \/>\nTama\u00f1o de la superficie: Ancho 100cm (50cm en los lados)<br \/>\nAltura puntada ca\u00edda: 20cm<br \/>\nPeso: 85kg<br \/>\nTama\u00f1o embalaje: 110x76x54cm<\/p>\n<h2>Yachtbeach Luxury Pool 6.2 - DESTACADOS<\/h2>\n<p>- bonito dise\u00f1o de teca<br \/>\n- 2 v\u00e1lvulas de alta presi\u00f3n para un inflado r\u00e1pido y f\u00e1cil<br \/>\n- v\u00e1lvula de alivio que garantiza la presi\u00f3n correcta<br \/>\n- 24 asas de conexi\u00f3n Yachtbeach y 2 asas de transporte adicionales<br \/>\n- 4 anillas en D en la parte superior e inferior para anclaje o conexi\u00f3n a otras estructuras hinchables<br \/>\n- 20cm de material dropstitch con revestimiento antideslizante<br \/>\n- se entrega con kit de reparaci\u00f3n (sin pegamento) y bolsa de almacenamiento<\/p>\n","protected":false},"excerpt":{"rendered":"<p>Enorme piscina flotante de lujo para pasar d\u00edas relajados y nadar tranquilamente en el mar. A\u00fan mejor cuando se combina con otros m\u00f3dulos de YACHTBEACH.<\/p>\n","protected":false},"featured_media":96461,"comment_status":"open","ping_status":"closed","template":"","meta":{"_acf_changed":false,"_editorskit_title_hidden":false,"_editorskit_reading_time":0,"_editorskit_is_block_options_detached":false,"_editorskit_block_options_position":"{}","site-sidebar-layout":"default","site-content-layout":"","ast-site-content-layout":"default","site-content-style":"default","site-sidebar-style":"default","ast-global-header-display":"","ast-banner-title-visibility":"","ast-main-header-display":"","ast-hfb-above-header-display":"","ast-hfb-below-header-display":"","ast-hfb-mobile-header-display":"","site-post-title":"","ast-breadcrumbs-content":"","ast-featured-img":"","footer-sml-layout":"","ast-disable-related-posts":"","theme-transparent-header-meta":"default","adv-header-id-meta":"","stick-header-meta":"","header-above-stick-meta":"","header-main-stick-meta":"","header-below-stick-meta":"","astra-migrate-meta-layouts":"set","ast-page-background-enabled":"default","ast-page-background-meta":{"desktop":{"background-color":"","background-image":"","background-repeat":"repeat","background-position":"center center","background-size":"auto","background-attachment":"scroll","background-type":"","background-media":"","overlay-type":"","overlay-color":"","overlay-opacity":"","overlay-gradient":""},"tablet":{"background-color":"","background-image":"","background-repeat":"repeat","background-position":"center center","background-size":"auto","background-attachment":"scroll","background-type":"","background-media":"","overlay-type":"","overlay-color":"","overlay-opacity":"","overlay-gradient":""},"mobile":{"background-color":"","background-image":"","background-repeat":"repeat","background-position":"center center","background-size":"auto","background-attachment":"scroll","background-type":"","background-media":"","overlay-type":"","overlay-color":"","overlay-opacity":"","overlay-gradient":""}},"ast-content-background-meta":{"desktop":{"background-color":"var(--ast-global-color-5)","background-image":"","background-repeat":"repeat","background-position":"center center","background-size":"auto","background-attachment":"scroll","background-type":"","background-media":"","overlay-type":"","overlay-color":"","overlay-opacity":"","overlay-gradient":""},"tablet":{"background-color":"var(--ast-global-color-5)","background-image":"","background-repeat":"repeat","background-position":"center center","background-size":"auto","background-attachment":"scroll","background-type":"","background-media":"","overlay-type":"","overlay-color":"","overlay-opacity":"","overlay-gradient":""},"mobile":{"background-color":"var(--ast-global-color-5)","background-image":"","background-repeat":"repeat","background-position":"center center","background-size":"auto","background-attachment":"scroll","background-type":"","background-media":"","overlay-type":"","overlay-color":"","overlay-opacity":"","overlay-gradient":""}},"_jf_save_progress":""},"product_brand":[],"product_cat":[4117,1967,3899,128,60,114],"product_tag":[],"class_list":{"0":"post-147919","1":"product","2":"type-product","3":"status-publish","4":"has-post-thumbnail","6":"product_cat-plataforma","7":"product_cat-inflatable-water-platforms-category","8":"product_cat-hinchable","9":"product_cat-inflatable","10":"product_cat-buy","11":"product_cat-comprar","12":"product_shipping_class-l-es","13":"desktop-align-center","14":"tablet-align-center","15":"mobile-align-center","16":"ast-product-gallery-layout-horizontal","17":"ast-magnify-disabled","18":"ast-product-tabs-layout-horizontal","20":"first","21":"instock","22":"taxable","23":"shipping-taxable","24":"purchasable","25":"product-type-simple"},"acf":[],"brizy_media":[],"_links":{"self":[{"href":"https:\/\/wave-lovers.com\/es\/wp-json\/wp\/v2\/product\/147919","targetHints":{"allow":["GET"]}}],"collection":[{"href":"https:\/\/wave-lovers.com\/es\/wp-json\/wp\/v2\/product"}],"about":[{"href":"https:\/\/wave-lovers.com\/es\/wp-json\/wp\/v2\/types\/product"}],"replies":[{"embeddable":true,"href":"https:\/\/wave-lovers.com\/es\/wp-json\/wp\/v2\/comments?post=147919"}],"wp:featuredmedia":[{"embeddable":true,"href":"https:\/\/wave-lovers.com\/es\/wp-json\/wp\/v2\/media\/96461"}],"wp:attachment":[{"href":"https:\/\/wave-lovers.com\/es\/wp-json\/wp\/v2\/media?parent=147919"}],"wp:term":[{"taxonomy":"product_brand","embeddable":true,"href":"https:\/\/wave-lovers.com\/es\/wp-json\/wp\/v2\/product_brand?post=147919"},{"taxonomy":"product_cat","embeddable":true,"href":"https:\/\/wave-lovers.com\/es\/wp-json\/wp\/v2\/product_cat?post=147919"},{"taxonomy":"product_tag","embeddable":true,"href":"https:\/\/wave-lovers.com\/es\/wp-json\/wp\/v2\/product_tag?post=147919"}],"curies":[{"name":"wp","href":"https:\/\/api.w.org\/{rel}","templated":true}]}}