{"id":147915,"date":"2023-06-02T13:20:15","date_gmt":"2023-06-02T11:20:15","guid":{"rendered":"https:\/\/wave-lovers.com\/imatjet-sup-pump\/"},"modified":"2024-07-03T15:36:10","modified_gmt":"2024-07-03T13:36:10","slug":"imatjet-bomba-sup","status":"publish","type":"product","link":"https:\/\/wave-lovers.com\/es\/imatjet-bomba-sup\/","title":{"rendered":"iMatJet\u00ae \/ Bomba SUP"},"content":{"rendered":"<h2>iMatJet\u00ae Bomba - INFORMACI\u00d3N<\/h2>\n<p>La bomba iMatJet\u00ae ahorra tiempo y energ\u00eda. Con la bomba de aire f\u00e1cil de usar, puedes inflar tu iMatJet\u00ae, tabla de SUP o bote inflable en s\u00f3lo unos minutos y desinflarlo con la misma rapidez. Con la bomba digital de alta presi\u00f3n, puede ajustar con precisi\u00f3n la presi\u00f3n de aire deseada hasta 20 PSI o 1,4 BAR y controlar la presi\u00f3n de aire en tiempo real a trav\u00e9s de la pantalla digital. Para un inflado y desinflado f\u00e1cil y c\u00f3modo, la bomba se detiene autom\u00e1ticamente en cuanto se alcanza la presi\u00f3n de aire deseada. La bomba de aire el\u00e9ctrica tiene un cable de 275 cm de longitud y un adaptador de coche de 12 V para uso m\u00f3vil. Incluye 3 adaptadores para embarcaciones hinchables, colchones de aire y remos de pie.<\/p>\n<h2>iMatJet\u00ae Bomba - DESTACADOS<\/h2>\n<p>- f\u00e1cil de usar<br \/>\n- presi\u00f3n de hasta 20 PSI o 1,4 BAR<br \/>\n- c\u00f3moda pantalla digital (muestra la presi\u00f3n en PSI o BAR)<br \/>\n- funci\u00f3n de parada autom\u00e1tica<br \/>\n- adaptador de 12v para coche<br \/>\n- se entrega con 3 adaptadores para inflado, manguera de alta presi\u00f3n y manual<\/p>\n","protected":false},"excerpt":{"rendered":"<p>Bomba el\u00e9ctrica de repuesto para tu iMatJet\u00ae o SUP con todo el equipo extra que necesita. R\u00e1pida y f\u00e1cil de usar.<\/p>\n","protected":false},"featured_media":96101,"comment_status":"open","ping_status":"closed","template":"","meta":{"_acf_changed":false,"_editorskit_title_hidden":false,"_editorskit_reading_time":0,"_editorskit_is_block_options_detached":false,"_editorskit_block_options_position":"{}","site-sidebar-layout":"default","site-content-layout":"default","ast-site-content-layout":"default","site-content-style":"default","site-sidebar-style":"default","ast-global-header-display":"","ast-banner-title-visibility":"","ast-main-header-display":"","ast-hfb-above-header-display":"","ast-hfb-below-header-display":"","ast-hfb-mobile-header-display":"","site-post-title":"","ast-breadcrumbs-content":"","ast-featured-img":"","footer-sml-layout":"","ast-disable-related-posts":"","theme-transparent-header-meta":"default","adv-header-id-meta":"","stick-header-meta":"","header-above-stick-meta":"","header-main-stick-meta":"","header-below-stick-meta":"","astra-migrate-meta-layouts":"set","ast-page-background-enabled":"default","ast-page-background-meta":{"desktop":{"background-color":"","background-image":"","background-repeat":"repeat","background-position":"center center","background-size":"auto","background-attachment":"scroll","background-type":"","background-media":"","overlay-type":"","overlay-color":"","overlay-opacity":"","overlay-gradient":""},"tablet":{"background-color":"","background-image":"","background-repeat":"repeat","background-position":"center center","background-size":"auto","background-attachment":"scroll","background-type":"","background-media":"","overlay-type":"","overlay-color":"","overlay-opacity":"","overlay-gradient":""},"mobile":{"background-color":"","background-image":"","background-repeat":"repeat","background-position":"center center","background-size":"auto","background-attachment":"scroll","background-type":"","background-media":"","overlay-type":"","overlay-color":"","overlay-opacity":"","overlay-gradient":""}},"ast-content-background-meta":{"desktop":{"background-color":"var(--ast-global-color-5)","background-image":"","background-repeat":"repeat","background-position":"center center","background-size":"auto","background-attachment":"scroll","background-type":"","background-media":"","overlay-type":"","overlay-color":"","overlay-opacity":"","overlay-gradient":""},"tablet":{"background-color":"var(--ast-global-color-5)","background-image":"","background-repeat":"repeat","background-position":"center center","background-size":"auto","background-attachment":"scroll","background-type":"","background-media":"","overlay-type":"","overlay-color":"","overlay-opacity":"","overlay-gradient":""},"mobile":{"background-color":"var(--ast-global-color-5)","background-image":"","background-repeat":"repeat","background-position":"center center","background-size":"auto","background-attachment":"scroll","background-type":"","background-media":"","overlay-type":"","overlay-color":"","overlay-opacity":"","overlay-gradient":""}},"_jf_save_progress":""},"product_brand":[],"product_cat":[114,4099],"product_tag":[],"class_list":{"0":"post-147915","1":"product","2":"type-product","3":"status-publish","4":"has-post-thumbnail","6":"product_cat-comprar","7":"product_cat-recambios","8":"product_shipping_class-s-es","9":"desktop-align-center","10":"tablet-align-center","11":"mobile-align-center","12":"ast-product-gallery-layout-horizontal","13":"ast-product-gallery-with-no-image","14":"ast-magnify-disabled","15":"ast-product-tabs-layout-horizontal","17":"first","18":"instock","19":"taxable","20":"shipping-taxable","21":"purchasable","22":"product-type-simple"},"acf":[],"brizy_media":[],"_links":{"self":[{"href":"https:\/\/wave-lovers.com\/es\/wp-json\/wp\/v2\/product\/147915","targetHints":{"allow":["GET"]}}],"collection":[{"href":"https:\/\/wave-lovers.com\/es\/wp-json\/wp\/v2\/product"}],"about":[{"href":"https:\/\/wave-lovers.com\/es\/wp-json\/wp\/v2\/types\/product"}],"replies":[{"embeddable":true,"href":"https:\/\/wave-lovers.com\/es\/wp-json\/wp\/v2\/comments?post=147915"}],"wp:featuredmedia":[{"embeddable":true,"href":"https:\/\/wave-lovers.com\/es\/wp-json\/wp\/v2\/media\/96101"}],"wp:attachment":[{"href":"https:\/\/wave-lovers.com\/es\/wp-json\/wp\/v2\/media?parent=147915"}],"wp:term":[{"taxonomy":"product_brand","embeddable":true,"href":"https:\/\/wave-lovers.com\/es\/wp-json\/wp\/v2\/product_brand?post=147915"},{"taxonomy":"product_cat","embeddable":true,"href":"https:\/\/wave-lovers.com\/es\/wp-json\/wp\/v2\/product_cat?post=147915"},{"taxonomy":"product_tag","embeddable":true,"href":"https:\/\/wave-lovers.com\/es\/wp-json\/wp\/v2\/product_tag?post=147915"}],"curies":[{"name":"wp","href":"https:\/\/api.w.org\/{rel}","templated":true}]}}