{"id":147895,"date":"2023-06-07T22:02:08","date_gmt":"2023-06-07T20:02:08","guid":{"rendered":"https:\/\/wave-lovers.com\/awake-vinga-3-e-foil\/"},"modified":"2024-07-04T14:06:57","modified_gmt":"2024-07-04T12:06:57","slug":"awake-vinga-3-e-foil","status":"publish","type":"product","link":"https:\/\/wave-lovers.com\/es\/awake-vinga-3-e-foil\/","title":{"rendered":"Awake VINGA 3 eFoil"},"content":{"rendered":"<h2>Awake VINGA 3 - INFORMACI\u00d3N<\/h2>\n<p><img decoding=\"async\" class=\"alignright wp-image-96796 size-thumbnail\" src=\"https:\/\/wave-lovers.com\/wp-content\/uploads\/2023\/06\/awake-vinga-3-06-e1687551625457.jpg\" alt=\"\" width=\"150\" height=\"150\" srcset=\"https:\/\/wave-lovers.com\/wp-content\/uploads\/2023\/06\/awake-vinga-3-06-e1687551625457.jpg 471w, https:\/\/wave-lovers.com\/wp-content\/uploads\/2023\/06\/awake-vinga-3-06-e1687551625457-300x300.jpg 300w, https:\/\/wave-lovers.com\/wp-content\/uploads\/2023\/06\/awake-vinga-3-06-e1687551625457-150x150.jpg 150w, https:\/\/wave-lovers.com\/wp-content\/uploads\/2023\/06\/awake-vinga-3-06-e1687551625457-100x100.jpg 100w, https:\/\/wave-lovers.com\/wp-content\/uploads\/2023\/06\/awake-vinga-3-06-e1687551625457-32x32.jpg 32w\" sizes=\"(max-width: 150px) 100vw, 150px\" \/><\/p>\n<p>La empresa Awake dice ser sin\u00f3nimo de alto rendimiento y calidad en todo lo que hace. Para que tanto principiantes como profesionales puedan afrontar cualquier reto.<\/p>\n<p>Fundada con la intenci\u00f3n de revolucionar el mercado de las tablas de surf el\u00e9ctricas, crearon un concepto que redujera al m\u00ednimo el equipamiento de los surfistas \u00e1vidos, dejando libertad de elecci\u00f3n. Por este motivo, dise\u00f1aron el equipo de tal forma que es posible cambiar entre eFoil y tabla de surf el\u00e9ctrica (Awake R\u00c4VIK) en cualquier momento. Gracias al exclusivo sistema de flexi\u00f3n, es posible ahorrarse un juego completo de equipamiento adicional si se desea navegar tanto sobre las olas como por encima de ellas.<\/p>\n<p>El eFoil, que se mueve por encima de la superficie del agua, es especialmente adecuado para olas peque\u00f1as y distancias m\u00e1s largas. Si quieres divertirte con las olas incluso en mares m\u00e1s agitados, merece la pena echar un vistazo a la tabla de surf el\u00e9ctrica Awake R\u00c4VIK.<\/p>\n<p>Adem\u00e1s de las dos variantes de tabla, existen dos versiones cada una, que hacen referencia a los diferentes niveles de experiencia y al estilo de conducci\u00f3n asociado. Los principiantes deber\u00edan decantarse por la versi\u00f3n m\u00e1s grande, la VINGA 3, mientras que los surfistas avanzados y profesionales que busquen un reto estar\u00e1n contentos con la VINGA S.<\/p>\n<hr \/>\n<p><img decoding=\"async\" class=\"wp-image-96793 size-thumbnail alignright\" src=\"https:\/\/wave-lovers.com\/wp-content\/uploads\/2023\/06\/awake-vinga-3-05-e1687551654452.jpg\" alt=\"\" width=\"150\" height=\"150\" srcset=\"https:\/\/wave-lovers.com\/wp-content\/uploads\/2023\/06\/awake-vinga-3-05-e1687551654452.jpg 471w, https:\/\/wave-lovers.com\/wp-content\/uploads\/2023\/06\/awake-vinga-3-05-e1687551654452-300x300.jpg 300w, https:\/\/wave-lovers.com\/wp-content\/uploads\/2023\/06\/awake-vinga-3-05-e1687551654452-150x150.jpg 150w, https:\/\/wave-lovers.com\/wp-content\/uploads\/2023\/06\/awake-vinga-3-05-e1687551654452-100x100.jpg 100w, https:\/\/wave-lovers.com\/wp-content\/uploads\/2023\/06\/awake-vinga-3-05-e1687551654452-32x32.jpg 32w\" sizes=\"(max-width: 150px) 100vw, 150px\" \/><\/p>\n<p>La versi\u00f3n para principiantes de la Awake VINGA es una eFoil vers\u00e1til que busca una curva de aprendizaje pronunciada y acompa\u00f1a al navegante desde la primera vez hasta el pilotaje avanzado.<\/p>\n<p>Para ello, la empresa ha conseguido establecer un nuevo nivel de facilidad de uso, que se debe en parte al sistema Click-to-Ride. En este caso, se cre\u00f3 un mecanismo que permite el montaje sin tornillos ni cables en 30 segundos.<\/p>\n<p>La tabla tiene un volumen de 95 litros y ofrece un casco c\u00f3ncavo, que proporciona un buen equilibrio y sigue dando una sensaci\u00f3n de conducci\u00f3n din\u00e1mica.<\/p>\n<p>Tambi\u00e9n se puso gran \u00e9nfasis en las caracter\u00edsticas de seguridad adicionales, lo que se refleja en el propulsor de chorro blindado, los ra\u00edles blandos y las alas redondeadas.<\/p>\n<hr \/>\n<h2>Awake VINGA 3 - DETALLES<\/h2>\n<p>Tama\u00f1o: 170x70x17cm<br \/>\nAltura del m\u00e1stil: 70cm<br \/>\nVolumen: 95l<br \/>\nVelocidad m\u00e1xima: hasta 50 km\/h<br \/>\nPeso: 20 kg<br \/>\nPropulsi\u00f3n: sistema de chorro lineal<\/p>\n<h2>Awake VINGA 3 - DESTACADOS<\/h2>\n<p>- entrada suave y tolerante<br \/>\n- operatividad optimizada con el m\u00e1ximo control<br \/>\n- dise\u00f1o avanzado y de seguridad garantizada<br \/>\n- accionamiento eficiente y bater\u00eda potente para un tiempo de funcionamiento m\u00ednimo de 120min<br \/>\n- tiempos de carga r\u00e1pidos<br \/>\n- equipamiento de alta calidad con muchas opciones de individualizaci\u00f3n<\/p>\n","protected":false},"excerpt":{"rendered":"<p>La versi\u00f3n para principiantes de la Awake VINGA es una eFoil vers\u00e1til que apunta a una curva de aprendizaje pronunciada y acompa\u00f1a al surfista desde la primera vez hasta la navegaci\u00f3n avanzada.<\/p>\n","protected":false},"featured_media":96783,"comment_status":"open","ping_status":"closed","template":"","meta":{"_acf_changed":false,"_editorskit_title_hidden":false,"_editorskit_reading_time":0,"_editorskit_is_block_options_detached":false,"_editorskit_block_options_position":"{}","site-sidebar-layout":"default","site-content-layout":"default","ast-site-content-layout":"default","site-content-style":"default","site-sidebar-style":"default","ast-global-header-display":"","ast-banner-title-visibility":"","ast-main-header-display":"","ast-hfb-above-header-display":"","ast-hfb-below-header-display":"","ast-hfb-mobile-header-display":"","site-post-title":"","ast-breadcrumbs-content":"","ast-featured-img":"","footer-sml-layout":"","ast-disable-related-posts":"","theme-transparent-header-meta":"default","adv-header-id-meta":"","stick-header-meta":"","header-above-stick-meta":"","header-main-stick-meta":"","header-below-stick-meta":"","astra-migrate-meta-layouts":"set","ast-page-background-enabled":"default","ast-page-background-meta":{"desktop":{"background-color":"","background-image":"","background-repeat":"repeat","background-position":"center center","background-size":"auto","background-attachment":"scroll","background-type":"","background-media":"","overlay-type":"","overlay-color":"","overlay-opacity":"","overlay-gradient":""},"tablet":{"background-color":"","background-image":"","background-repeat":"repeat","background-position":"center center","background-size":"auto","background-attachment":"scroll","background-type":"","background-media":"","overlay-type":"","overlay-color":"","overlay-opacity":"","overlay-gradient":""},"mobile":{"background-color":"","background-image":"","background-repeat":"repeat","background-position":"center center","background-size":"auto","background-attachment":"scroll","background-type":"","background-media":"","overlay-type":"","overlay-color":"","overlay-opacity":"","overlay-gradient":""}},"ast-content-background-meta":{"desktop":{"background-color":"var(--ast-global-color-5)","background-image":"","background-repeat":"repeat","background-position":"center center","background-size":"auto","background-attachment":"scroll","background-type":"","background-media":"","overlay-type":"","overlay-color":"","overlay-opacity":"","overlay-gradient":""},"tablet":{"background-color":"var(--ast-global-color-5)","background-image":"","background-repeat":"repeat","background-position":"center center","background-size":"auto","background-attachment":"scroll","background-type":"","background-media":"","overlay-type":"","overlay-color":"","overlay-opacity":"","overlay-gradient":""},"mobile":{"background-color":"var(--ast-global-color-5)","background-image":"","background-repeat":"repeat","background-position":"center center","background-size":"auto","background-attachment":"scroll","background-type":"","background-media":"","overlay-type":"","overlay-color":"","overlay-opacity":"","overlay-gradient":""}},"_jf_save_progress":""},"product_brand":[],"product_cat":[60,114,18,110],"product_tag":[],"class_list":{"0":"post-147895","1":"product","2":"type-product","3":"status-publish","4":"has-post-thumbnail","6":"product_cat-buy","7":"product_cat-comprar","8":"product_cat-electric-hydrofoil-surfboard","9":"product_cat-tablas-de-surf-electricas-efoil","10":"product_shipping_class-lg-es","11":"desktop-align-center","12":"tablet-align-center","13":"mobile-align-center","14":"ast-product-gallery-layout-horizontal","15":"ast-magnify-disabled","16":"ast-product-single-variable","17":"ast-product-tabs-layout-horizontal","19":"first","20":"instock","21":"taxable","22":"shipping-taxable","23":"purchasable","24":"product-type-variable"},"acf":[],"brizy_media":[],"_links":{"self":[{"href":"https:\/\/wave-lovers.com\/es\/wp-json\/wp\/v2\/product\/147895","targetHints":{"allow":["GET"]}}],"collection":[{"href":"https:\/\/wave-lovers.com\/es\/wp-json\/wp\/v2\/product"}],"about":[{"href":"https:\/\/wave-lovers.com\/es\/wp-json\/wp\/v2\/types\/product"}],"replies":[{"embeddable":true,"href":"https:\/\/wave-lovers.com\/es\/wp-json\/wp\/v2\/comments?post=147895"}],"wp:featuredmedia":[{"embeddable":true,"href":"https:\/\/wave-lovers.com\/es\/wp-json\/wp\/v2\/media\/96783"}],"wp:attachment":[{"href":"https:\/\/wave-lovers.com\/es\/wp-json\/wp\/v2\/media?parent=147895"}],"wp:term":[{"taxonomy":"product_brand","embeddable":true,"href":"https:\/\/wave-lovers.com\/es\/wp-json\/wp\/v2\/product_brand?post=147895"},{"taxonomy":"product_cat","embeddable":true,"href":"https:\/\/wave-lovers.com\/es\/wp-json\/wp\/v2\/product_cat?post=147895"},{"taxonomy":"product_tag","embeddable":true,"href":"https:\/\/wave-lovers.com\/es\/wp-json\/wp\/v2\/product_tag?post=147895"}],"curies":[{"name":"wp","href":"https:\/\/api.w.org\/{rel}","templated":true}]}}