{"id":147875,"date":"2023-06-21T10:02:51","date_gmt":"2023-06-21T08:02:51","guid":{"rendered":"https:\/\/wave-lovers.com\/easyfoil-two\/"},"modified":"2024-07-04T14:40:03","modified_gmt":"2024-07-04T12:40:03","slug":"easyfoil-two-e-foil-inflable","status":"publish","type":"product","link":"https:\/\/wave-lovers.com\/es\/easyfoil-two-e-foil-inflable\/","title":{"rendered":"EASYFOIL TWO E-Foil Inflable"},"content":{"rendered":"<h2>EASYFOIL TWO - INFORMACI\u00d3N<\/h2>\n<p>Los fundadores de la empresa empezaron en 2017 en Stuttgart, Alemania. El objetivo era producir un eFoil rentable que no superara los 15.000\u20ac. El resultado fue el EASYFOIL ONE, que fue el punto de partida de la empresa bw electronics. Sin embargo, no s\u00f3lo se centran en el mercado de los eFoils, sino que tambi\u00e9n ofrecen sus productos de primera clase a una gama m\u00e1s amplia de aplicaciones en el campo de las motos acu\u00e1ticas.<\/p>\n<p>La \u00faltima obra maestra de la ingenier\u00eda alemana se centra en la movilidad y la eficiencia. Para ello, la tabla hinchable de 27 kg se dise\u00f1\u00f3 para poder transportarla sin esfuerzo y ahorrando espacio. Adem\u00e1s, se instal\u00f3 un nuevo controlador de motor, que est\u00e1 directamente integrado en el m\u00e1stil, deja espacio para dos bater\u00edas y ofrece tiempos de conducci\u00f3n de hasta unas 3 horas en total.\u00a1Incre\u00edble!<\/p>\n<h3>Opciones de conducci\u00f3n y estilo<\/h3>\n<p><img decoding=\"async\" class=\"wp-image-95021 alignright\" src=\"https:\/\/wave-lovers.com\/wp-content\/uploads\/2023\/06\/easyfoil-two-equipment-200x300.png\" alt=\"\" width=\"133\" height=\"200\" srcset=\"https:\/\/wave-lovers.com\/wp-content\/uploads\/2023\/06\/easyfoil-two-equipment-200x300.png 200w, https:\/\/wave-lovers.com\/wp-content\/uploads\/2023\/06\/easyfoil-two-equipment.png 320w\" sizes=\"(max-width: 133px) 100vw, 133px\" \/><\/p>\n<p>La tabla hinchable (MSI Fusion Structure) est\u00e1 dise\u00f1ada para un transporte \u00f3ptimo y pesa 4 kg. Es similar a un remo de pie y est\u00e1 disponible en 3 versiones: Standard, BIG y Carbon Limited Edition.<\/p>\n<p>Los modelos m\u00e1s peque\u00f1os (est\u00e1ndar y carbono) miden unos 160 x 65 x 12 cm y se adaptan a los estilos de conducci\u00f3n de los riders avanzados, que quieren experimentar maniobras de respuesta r\u00e1pida, mientras que la versi\u00f3n m\u00e1s grande (200 x 80 x 12 cm) est\u00e1 especialmente dise\u00f1ada para principiantes y aprendices.<\/p>\n<p>El juego completo contiene todo lo necesario para empezar. El paquete incluye una bomba de aire y un kit de reparaci\u00f3n.<\/p>\n<h3>Bater\u00eda de larga duraci\u00f3n<\/h3>\n<p><img decoding=\"async\" class=\"wp-image-95012 alignright\" src=\"https:\/\/wave-lovers.com\/wp-content\/uploads\/2023\/06\/easyfoil-two-battery.png\" alt=\"\" width=\"135\" height=\"200\" \/><\/p>\n<p>El EASYFOIL TWO permite conectar hasta dos bater\u00edas para una autonom\u00eda total de hasta 3 horas. El cargador r\u00e1pido incluido s\u00f3lo necesita 2,5 horas para recargar una bater\u00eda. Adem\u00e1s, la empresa ofrece un cargador a\u00fan m\u00e1s potente que reduce el tiempo de carga a una hora por bater\u00eda. La sustituci\u00f3n puede realizarse en unos pocos pasos y en muy poco tiempo.<\/p>\n<p>Las bater\u00edas utilizan principalmente celdas de la m\u00e1s alta calidad del fabricante Samsung, que proporcionan una vida \u00fatil especialmente larga.<\/p>\n<p>El tiempo de conducci\u00f3n de la bater\u00eda depende del peso del conductor, del aler\u00f3n delantero seleccionado y de la velocidad de marcha.<\/p>\n<h3>Controlador de motor ESC eficiente<\/h3>\n<p>Para la potente propulsi\u00f3n, el motor requiere el contacto con la unidad de control, que se fabrica en Bonn como producto de la ingenier\u00eda alemana puntera. Aqu\u00ed se han alcanzado nuevos est\u00e1ndares de eficiencia y fiabilidad. Su dise\u00f1o compacto y de f\u00e1cil mantenimiento hace latir m\u00e1s r\u00e1pido el coraz\u00f3n de cualquier mec\u00e1nico y, gracias a su sofisticada tecnolog\u00eda, garantiza muchos a\u00f1os de disfrute sin preocupaciones.<\/p>\n<p>El denominado ESC suministra al motor la tensi\u00f3n necesaria y tambi\u00e9n se encarga de regular la potencia suministrada. Est\u00e1 instalado directamente en el m\u00e1stil, lo que permite el uso simult\u00e1neo de dos bater\u00edas.<\/p>\n<p>&nbsp;<\/p>\n<h3>Carcasa estanca con tapa de carbono<\/h3>\n<p><img decoding=\"async\" class=\"wp-image-95015 alignright\" src=\"https:\/\/wave-lovers.com\/wp-content\/uploads\/2023\/06\/easyfoil-two-carbon-lid-200x300.png\" alt=\"\" width=\"133\" height=\"200\" srcset=\"https:\/\/wave-lovers.com\/wp-content\/uploads\/2023\/06\/easyfoil-two-carbon-lid-200x300.png 200w, https:\/\/wave-lovers.com\/wp-content\/uploads\/2023\/06\/easyfoil-two-carbon-lid.png 320w\" sizes=\"(max-width: 133px) 100vw, 133px\" \/><\/p>\n<p>En el coraz\u00f3n de la tabla hinchable hay una caja estanca, donde se almacena de forma segura toda la tecnolog\u00eda, como las bater\u00edas y la propulsi\u00f3n. La caja est\u00e1 hecha de CFRP y GRP y s\u00f3lo pesa unos 6,5 kg.<\/p>\n<p>La tapa de carbono de nuevo dise\u00f1o est\u00e1 ahora equipada con 4 cierres r\u00e1pidos de aluminio, que proporcionan una mayor durabilidad y evitan el tedioso atornillado para cambiar las bater\u00edas. La superficie est\u00e1 recubierta con un structrue antideslizante para que disfrutes al m\u00e1ximo de cada experiencia. Pensado hasta el \u00faltimo detalle, el rentable eFoil le ofrece s\u00f3lo las mejores soluciones de dise\u00f1o.<\/p>\n<h3>Equipos potentes con accesorios coordinados<\/h3>\n<p><img loading=\"lazy\" decoding=\"async\" class=\"wp-image-95033 alignright\" src=\"https:\/\/wave-lovers.com\/wp-content\/uploads\/2023\/06\/easyfoil-two-gear-200x300.png\" alt=\"\" width=\"133\" height=\"200\" srcset=\"https:\/\/wave-lovers.com\/wp-content\/uploads\/2023\/06\/easyfoil-two-gear-200x300.png 200w, https:\/\/wave-lovers.com\/wp-content\/uploads\/2023\/06\/easyfoil-two-gear.png 320w\" sizes=\"(max-width: 133px) 100vw, 133px\" \/><\/p>\n<p>El eFoil se puede personalizar seg\u00fan tus deseos y alcanza, dependiendo del ala montada o de la h\u00e9lice, m\u00e1s de 40 km\/h. Hay 4 opciones diferentes disponibles, que te permiten diferentes estilos de conducci\u00f3n.<\/p>\n<p>La h\u00e9lice est\u00e1 disponible en versi\u00f3n de 5,5\" para una mejor aceleraci\u00f3n, tambi\u00e9n de 6\" como opci\u00f3n todoterreno y con un tama\u00f1o de 7\" para una mayor velocidad m\u00e1xima. Adem\u00e1s, hay una h\u00e9lice plegable para aquellos a los que les gusta surfear una ola. La versi\u00f3n de 6\" se incluir\u00e1 en el env\u00edo.<\/p>\n<p>Las alas fabricadas en carbono est\u00e1n disponibles en 3 opciones de 1150cm\u00b2 sobre 1600cm\u00b2 a 2000cm\u00b2 de tama\u00f1o, donde los modelos m\u00e1s peque\u00f1os proporcionan paseos m\u00e1s \u00e1giles pero menos equilibrio.<\/p>\n<h2>EASYFOIL TWO - DETALLES<\/h2>\n<p>Tama\u00f1o: 160 x 65 x 12cm (Est\u00e1ndar\/Carbono) \/ 200 x 80 x 12cm (GRANDE)<br \/>\nTama\u00f1o embalado: aprox. 88 x 44 x 42cm<br \/>\nPotencia m\u00e1xima: 3.600 W<br \/>\nVelocidad m\u00e1xima: aprox. 40 km\/h<br \/>\nAutonom\u00eda: 90min \/ 22km (con una bater\u00eda)<br \/>\nPeso: aprox. 27 kg<br \/>\nCarga nominal 90 kg (Est\u00e1ndar\/Carbono) \/ 110 kg (BIG)<\/p>\n<h2>EASYFOIL TWO - DESTACADOS<\/h2>\n<p>- uso simult\u00e1neo de dos bater\u00edas para una autonom\u00eda de hasta 180min (44km)<br \/>\n- unidad de control del motor (ESC) m\u00e1s eficiente<br \/>\n- cierres r\u00e1pidos con mayor durabilidad<br \/>\n- compatibilidad de piezas de repuesto con otros modelos del EASYFOIL<br \/>\n- equipamiento personalizable para adaptarse a las necesidades de cada uno<\/p>\n","protected":false},"excerpt":{"rendered":"<p>Rentable y f\u00e1cil de transportar. Tu pr\u00f3xima tabla super fiable de la que te enamorar\u00e1s. Dise\u00f1ado por ingenieros alemanes.<\/p>\n","protected":false},"featured_media":101056,"comment_status":"open","ping_status":"closed","template":"","meta":{"_acf_changed":false,"_editorskit_title_hidden":false,"_editorskit_reading_time":0,"_editorskit_is_block_options_detached":false,"_editorskit_block_options_position":"{}","site-sidebar-layout":"default","site-content-layout":"default","ast-site-content-layout":"default","site-content-style":"default","site-sidebar-style":"default","ast-global-header-display":"","ast-banner-title-visibility":"","ast-main-header-display":"","ast-hfb-above-header-display":"","ast-hfb-below-header-display":"","ast-hfb-mobile-header-display":"","site-post-title":"","ast-breadcrumbs-content":"","ast-featured-img":"","footer-sml-layout":"","ast-disable-related-posts":"","theme-transparent-header-meta":"default","adv-header-id-meta":"","stick-header-meta":"","header-above-stick-meta":"","header-main-stick-meta":"","header-below-stick-meta":"","astra-migrate-meta-layouts":"set","ast-page-background-enabled":"default","ast-page-background-meta":{"desktop":{"background-color":"","background-image":"","background-repeat":"repeat","background-position":"center center","background-size":"auto","background-attachment":"scroll","background-type":"","background-media":"","overlay-type":"","overlay-color":"","overlay-opacity":"","overlay-gradient":""},"tablet":{"background-color":"","background-image":"","background-repeat":"repeat","background-position":"center center","background-size":"auto","background-attachment":"scroll","background-type":"","background-media":"","overlay-type":"","overlay-color":"","overlay-opacity":"","overlay-gradient":""},"mobile":{"background-color":"","background-image":"","background-repeat":"repeat","background-position":"center center","background-size":"auto","background-attachment":"scroll","background-type":"","background-media":"","overlay-type":"","overlay-color":"","overlay-opacity":"","overlay-gradient":""}},"ast-content-background-meta":{"desktop":{"background-color":"var(--ast-global-color-5)","background-image":"","background-repeat":"repeat","background-position":"center center","background-size":"auto","background-attachment":"scroll","background-type":"","background-media":"","overlay-type":"","overlay-color":"","overlay-opacity":"","overlay-gradient":""},"tablet":{"background-color":"var(--ast-global-color-5)","background-image":"","background-repeat":"repeat","background-position":"center center","background-size":"auto","background-attachment":"scroll","background-type":"","background-media":"","overlay-type":"","overlay-color":"","overlay-opacity":"","overlay-gradient":""},"mobile":{"background-color":"var(--ast-global-color-5)","background-image":"","background-repeat":"repeat","background-position":"center center","background-size":"auto","background-attachment":"scroll","background-type":"","background-media":"","overlay-type":"","overlay-color":"","overlay-opacity":"","overlay-gradient":""}},"_jf_save_progress":""},"product_brand":[],"product_cat":[3899,128,60,114,18,110],"product_tag":[],"class_list":{"0":"post-147875","1":"product","2":"type-product","3":"status-publish","4":"has-post-thumbnail","6":"product_cat-hinchable","7":"product_cat-inflatable","8":"product_cat-buy","9":"product_cat-comprar","10":"product_cat-electric-hydrofoil-surfboard","11":"product_cat-tablas-de-surf-electricas-efoil","12":"product_shipping_class-lg-es","13":"desktop-align-center","14":"tablet-align-center","15":"mobile-align-center","16":"ast-product-gallery-layout-horizontal","17":"ast-magnify-disabled","18":"ast-product-single-variable","19":"ast-product-tabs-layout-horizontal","21":"first","22":"instock","23":"taxable","24":"shipping-taxable","25":"purchasable","26":"product-type-variable"},"acf":[],"brizy_media":[],"_links":{"self":[{"href":"https:\/\/wave-lovers.com\/es\/wp-json\/wp\/v2\/product\/147875","targetHints":{"allow":["GET"]}}],"collection":[{"href":"https:\/\/wave-lovers.com\/es\/wp-json\/wp\/v2\/product"}],"about":[{"href":"https:\/\/wave-lovers.com\/es\/wp-json\/wp\/v2\/types\/product"}],"replies":[{"embeddable":true,"href":"https:\/\/wave-lovers.com\/es\/wp-json\/wp\/v2\/comments?post=147875"}],"wp:featuredmedia":[{"embeddable":true,"href":"https:\/\/wave-lovers.com\/es\/wp-json\/wp\/v2\/media\/101056"}],"wp:attachment":[{"href":"https:\/\/wave-lovers.com\/es\/wp-json\/wp\/v2\/media?parent=147875"}],"wp:term":[{"taxonomy":"product_brand","embeddable":true,"href":"https:\/\/wave-lovers.com\/es\/wp-json\/wp\/v2\/product_brand?post=147875"},{"taxonomy":"product_cat","embeddable":true,"href":"https:\/\/wave-lovers.com\/es\/wp-json\/wp\/v2\/product_cat?post=147875"},{"taxonomy":"product_tag","embeddable":true,"href":"https:\/\/wave-lovers.com\/es\/wp-json\/wp\/v2\/product_tag?post=147875"}],"curies":[{"name":"wp","href":"https:\/\/api.w.org\/{rel}","templated":true}]}}