{"id":147864,"date":"2023-06-23T18:41:42","date_gmt":"2023-06-23T16:41:42","guid":{"rendered":"https:\/\/wave-lovers.com\/awake-vinga-s-e-foil\/"},"modified":"2024-07-04T15:01:11","modified_gmt":"2024-07-04T13:01:11","slug":"awake-vinga-s-e-foil","status":"publish","type":"product","link":"https:\/\/wave-lovers.com\/es\/awake-vinga-s-e-foil\/","title":{"rendered":"Awake VINGA S E-Foil"},"content":{"rendered":"<h2>Awake VINGA S - INFORMACI\u00d3N<\/h2>\n<p><img decoding=\"async\" class=\"alignright wp-image-96778 size-thumbnail\" src=\"https:\/\/wave-lovers.com\/wp-content\/uploads\/2023\/06\/awake-vinga-s-11-150x150.jpg\" alt=\"\" width=\"150\" height=\"150\" srcset=\"https:\/\/wave-lovers.com\/wp-content\/uploads\/2023\/06\/awake-vinga-s-11-150x150.jpg 150w, https:\/\/wave-lovers.com\/wp-content\/uploads\/2023\/06\/awake-vinga-s-11-100x100.jpg 100w, https:\/\/wave-lovers.com\/wp-content\/uploads\/2023\/06\/awake-vinga-s-11-32x32.jpg 32w\" sizes=\"(max-width: 150px) 100vw, 150px\" \/><\/p>\n<p>La empresa Awake dice ser sin\u00f3nimo de alto rendimiento y calidad en todo lo que hace. Para que tanto principiantes como profesionales puedan afrontar cualquier reto.<\/p>\n<p>Fundada con la intenci\u00f3n de revolucionar el mercado de las tablas de surf el\u00e9ctricas, crearon un concepto que redujera al m\u00ednimo el equipamiento de los surfistas \u00e1vidos, dejando libertad de elecci\u00f3n. Por este motivo, dise\u00f1aron el equipo de tal forma que es posible cambiar entre eFoil y tabla de surf el\u00e9ctrica (Awake R\u00c4VIK) en cualquier momento. Gracias al exclusivo sistema de flexi\u00f3n, es posible ahorrarse un juego completo de equipamiento adicional si se desea navegar tanto sobre las olas como por encima de ellas.<\/p>\n<p>El eFoil, que se mueve por encima de la superficie del agua, es especialmente adecuado para olas peque\u00f1as y distancias m\u00e1s largas. Si quieres divertirte con las olas incluso en mares m\u00e1s agitados, merece la pena echar un vistazo a la tabla de surf el\u00e9ctrica Awake R\u00c4VIK.<\/p>\n<p>Adem\u00e1s de las dos variantes de tabla, existen dos versiones cada una, que hacen referencia a los diferentes niveles de experiencia y al estilo de conducci\u00f3n asociado. Los principiantes y principiantes deber\u00edan decantarse por la versi\u00f3n m\u00e1s grande, la VINGA 3, mientras que los surfistas avanzados y profesionales que busquen un reto estar\u00e1n contentos con la VINGA S.<\/p>\n<hr \/>\n<p><img decoding=\"async\" class=\"wp-image-96775 size-thumbnail alignright\" src=\"https:\/\/wave-lovers.com\/wp-content\/uploads\/2023\/06\/awake-vinga-s-10-150x150.jpg\" alt=\"\" width=\"150\" height=\"150\" srcset=\"https:\/\/wave-lovers.com\/wp-content\/uploads\/2023\/06\/awake-vinga-s-10-150x150.jpg 150w, https:\/\/wave-lovers.com\/wp-content\/uploads\/2023\/06\/awake-vinga-s-10-100x100.jpg 100w, https:\/\/wave-lovers.com\/wp-content\/uploads\/2023\/06\/awake-vinga-s-10-32x32.jpg 32w\" sizes=\"(max-width: 150px) 100vw, 150px\" \/><\/p>\n<p>Con la VINGA S Awake ha creado un eFoil que satisface las altas exigencias de los surfistas profesionales. La \u00e1gil tabla no s\u00f3lo trae la perfecci\u00f3n en t\u00e9rminos de rendimiento y maniobrabilidad, sino que gracias a las amplias caracter\u00edsticas proporciona una revoluci\u00f3n en el mercado eFoil.<\/p>\n<p>A los usuarios avanzados les encantar\u00e1 la tabla no s\u00f3lo por su sensaci\u00f3n din\u00e1mica, sino tambi\u00e9n porque Awake ha pensado en cada factor de dise\u00f1o hasta el \u00faltimo detalle. Ya sean los bucles reforzados para los pies que abren nuevas posibilidades para trucos y acrobacias, o el sistema click-to-ride que ofrece a los surfistas un nuevo nivel de flexibilidad y facilidad de uso. La VINGA S no deja nada que desear.<\/p>\n<p>Adem\u00e1s, las decisiones de dise\u00f1o no s\u00f3lo se han centrado en lograr el mejor rendimiento, sino que al mismo tiempo se han orientado a garantizar la mayor seguridad posible. Una aut\u00e9ntica obra maestra que todo deportista se tomar\u00e1 en serio.<\/p>\n<hr \/>\n<h2>Awake VINGA S - DETALLES<\/h2>\n<p>Tama\u00f1o: 140x60x14cm<br \/>\nAltura del m\u00e1stil: 70cm<br \/>\nVolumen: 60l<br \/>\nVelocidad m\u00e1xima: hasta 50 km\/h<br \/>\nPeso: 19 kg<br \/>\nPropulsi\u00f3n: sistema de chorro lineal<\/p>\n<h2>Awake VINGA S - DESTACADOS<\/h2>\n<p>- prestaciones y seguridad extraordinarias combinadas con el m\u00e1ximo confort<br \/>\n- caracter\u00edsticas tolerantes para disfrutar al m\u00e1ximo de la conducci\u00f3n<br \/>\n- m\u00e1ximo dise\u00f1o \u00e1gil e inspirador<br \/>\n- propulsi\u00f3n eficiente y bater\u00eda potente para una autonom\u00eda de hasta 120 minutos<br \/>\n- tiempos de carga r\u00e1pidos<br \/>\n- equipamiento de alta calidad con numerosas opciones de individualizaci\u00f3n<\/p>\n","protected":false},"excerpt":{"rendered":"<p>La \u00e1gil tabla no s\u00f3lo aporta perfecci\u00f3n en t\u00e9rminos de rendimiento y maniobrabilidad, sino que gracias a sus amplias prestaciones supone una revoluci\u00f3n en el mercado. \u00a1EXPERIMENTA LA VERDADERA AVENTURA!<\/p>\n","protected":false},"featured_media":96717,"comment_status":"open","ping_status":"closed","template":"","meta":{"_acf_changed":false,"_editorskit_title_hidden":false,"_editorskit_reading_time":0,"_editorskit_is_block_options_detached":false,"_editorskit_block_options_position":"{}","site-sidebar-layout":"default","site-content-layout":"default","ast-site-content-layout":"default","site-content-style":"default","site-sidebar-style":"default","ast-global-header-display":"","ast-banner-title-visibility":"","ast-main-header-display":"","ast-hfb-above-header-display":"","ast-hfb-below-header-display":"","ast-hfb-mobile-header-display":"","site-post-title":"","ast-breadcrumbs-content":"","ast-featured-img":"","footer-sml-layout":"","ast-disable-related-posts":"","theme-transparent-header-meta":"default","adv-header-id-meta":"","stick-header-meta":"","header-above-stick-meta":"","header-main-stick-meta":"","header-below-stick-meta":"","astra-migrate-meta-layouts":"set","ast-page-background-enabled":"default","ast-page-background-meta":{"desktop":{"background-color":"","background-image":"","background-repeat":"repeat","background-position":"center center","background-size":"auto","background-attachment":"scroll","background-type":"","background-media":"","overlay-type":"","overlay-color":"","overlay-opacity":"","overlay-gradient":""},"tablet":{"background-color":"","background-image":"","background-repeat":"repeat","background-position":"center center","background-size":"auto","background-attachment":"scroll","background-type":"","background-media":"","overlay-type":"","overlay-color":"","overlay-opacity":"","overlay-gradient":""},"mobile":{"background-color":"","background-image":"","background-repeat":"repeat","background-position":"center center","background-size":"auto","background-attachment":"scroll","background-type":"","background-media":"","overlay-type":"","overlay-color":"","overlay-opacity":"","overlay-gradient":""}},"ast-content-background-meta":{"desktop":{"background-color":"var(--ast-global-color-5)","background-image":"","background-repeat":"repeat","background-position":"center center","background-size":"auto","background-attachment":"scroll","background-type":"","background-media":"","overlay-type":"","overlay-color":"","overlay-opacity":"","overlay-gradient":""},"tablet":{"background-color":"var(--ast-global-color-5)","background-image":"","background-repeat":"repeat","background-position":"center center","background-size":"auto","background-attachment":"scroll","background-type":"","background-media":"","overlay-type":"","overlay-color":"","overlay-opacity":"","overlay-gradient":""},"mobile":{"background-color":"var(--ast-global-color-5)","background-image":"","background-repeat":"repeat","background-position":"center center","background-size":"auto","background-attachment":"scroll","background-type":"","background-media":"","overlay-type":"","overlay-color":"","overlay-opacity":"","overlay-gradient":""}},"_jf_save_progress":""},"product_brand":[],"product_cat":[60,114,18,110],"product_tag":[],"class_list":{"0":"post-147864","1":"product","2":"type-product","3":"status-publish","4":"has-post-thumbnail","6":"product_cat-buy","7":"product_cat-comprar","8":"product_cat-electric-hydrofoil-surfboard","9":"product_cat-tablas-de-surf-electricas-efoil","10":"product_shipping_class-lg-es","11":"desktop-align-center","12":"tablet-align-center","13":"mobile-align-center","14":"ast-product-gallery-layout-horizontal","15":"ast-magnify-disabled","16":"ast-product-single-variable","17":"ast-product-tabs-layout-horizontal","19":"first","20":"instock","21":"taxable","22":"shipping-taxable","23":"purchasable","24":"product-type-variable"},"acf":[],"brizy_media":[],"_links":{"self":[{"href":"https:\/\/wave-lovers.com\/es\/wp-json\/wp\/v2\/product\/147864","targetHints":{"allow":["GET"]}}],"collection":[{"href":"https:\/\/wave-lovers.com\/es\/wp-json\/wp\/v2\/product"}],"about":[{"href":"https:\/\/wave-lovers.com\/es\/wp-json\/wp\/v2\/types\/product"}],"replies":[{"embeddable":true,"href":"https:\/\/wave-lovers.com\/es\/wp-json\/wp\/v2\/comments?post=147864"}],"wp:featuredmedia":[{"embeddable":true,"href":"https:\/\/wave-lovers.com\/es\/wp-json\/wp\/v2\/media\/96717"}],"wp:attachment":[{"href":"https:\/\/wave-lovers.com\/es\/wp-json\/wp\/v2\/media?parent=147864"}],"wp:term":[{"taxonomy":"product_brand","embeddable":true,"href":"https:\/\/wave-lovers.com\/es\/wp-json\/wp\/v2\/product_brand?post=147864"},{"taxonomy":"product_cat","embeddable":true,"href":"https:\/\/wave-lovers.com\/es\/wp-json\/wp\/v2\/product_cat?post=147864"},{"taxonomy":"product_tag","embeddable":true,"href":"https:\/\/wave-lovers.com\/es\/wp-json\/wp\/v2\/product_tag?post=147864"}],"curies":[{"name":"wp","href":"https:\/\/api.w.org\/{rel}","templated":true}]}}