{"id":147859,"date":"2023-06-23T19:47:19","date_gmt":"2023-06-23T17:47:19","guid":{"rendered":"https:\/\/wave-lovers.com\/awake-raevik-s-electric-surfboard\/"},"modified":"2024-07-04T15:10:24","modified_gmt":"2024-07-04T13:10:24","slug":"tabla-de-surf-electrica-awake-ravik-s","status":"publish","type":"product","link":"https:\/\/wave-lovers.com\/es\/tabla-de-surf-electrica-awake-ravik-s\/","title":{"rendered":"Tabla De Surf El\u00e9ctrica Awake R\u00c4VIK S"},"content":{"rendered":"<h2>Awake R\u00c4VIK S \u2013 INFORMACI\u00d3N<\/h2>\n<p><img decoding=\"async\" class=\"alignright wp-image-96832 size-thumbnail\" src=\"https:\/\/wave-lovers.com\/wp-content\/uploads\/2023\/06\/awake-raevik-s-07-e1687551514373.jpg\" alt=\"\" width=\"150\" height=\"150\" srcset=\"https:\/\/wave-lovers.com\/wp-content\/uploads\/2023\/06\/awake-raevik-s-07-e1687551514373.jpg 787w, https:\/\/wave-lovers.com\/wp-content\/uploads\/2023\/06\/awake-raevik-s-07-e1687551514373-300x300.jpg 300w, https:\/\/wave-lovers.com\/wp-content\/uploads\/2023\/06\/awake-raevik-s-07-e1687551514373-150x150.jpg 150w, https:\/\/wave-lovers.com\/wp-content\/uploads\/2023\/06\/awake-raevik-s-07-e1687551514373-768x768.jpg 768w, https:\/\/wave-lovers.com\/wp-content\/uploads\/2023\/06\/awake-raevik-s-07-e1687551514373-600x600.jpg 600w, https:\/\/wave-lovers.com\/wp-content\/uploads\/2023\/06\/awake-raevik-s-07-e1687551514373-100x100.jpg 100w, https:\/\/wave-lovers.com\/wp-content\/uploads\/2023\/06\/awake-raevik-s-07-e1687551514373-32x32.jpg 32w\" sizes=\"(max-width: 150px) 100vw, 150px\" \/><\/p>\n<p>La empresa Awake dice ser sin\u00f3nimo de alto rendimiento y calidad en todo lo que hace. Para que tanto principiantes como profesionales puedan afrontar cualquier reto.<\/p>\n<p>Fundada con la intenci\u00f3n de revolucionar el mercado de las tablas de surf el\u00e9ctricas, crearon un concepto que redujera al m\u00ednimo el equipamiento de los surfistas \u00e1vidos, dejando libertad de elecci\u00f3n. Por esta raz\u00f3n, dise\u00f1aron el equipo de tal manera que es posible cambiar entre tabla de surf el\u00e9ctrica y eFoil (Awake VINGA) en cualquier momento. Gracias al exclusivo sistema de flexi\u00f3n, es posible ahorrarse un juego completo de equipamiento adicional si se desea navegar tanto sobre las olas como por encima de ellas.<\/p>\n<p>La tabla de surf el\u00e9ctrica, que se mueve directamente sobre la superficie del agua, es especialmente adecuada para olas y experiencias emocionantes. Si desea recorrer distancias m\u00e1s largas en zonas tranquilas, merece la pena echar un vistazo a la tabla el\u00e9ctrica Awake VINGA.<\/p>\n<p>Adem\u00e1s de las dos variantes de tabla, existen dos versiones cada una, que hacen referencia a diferentes niveles de experiencia y al estilo de conducci\u00f3n asociado. Los principiantes y aprendices deber\u00edan decantarse por la versi\u00f3n m\u00e1s grande, la R\u00c4VIK 3, mientras que los surfistas avanzados y profesionales que busquen un reto estar\u00e1n contentos con la R\u00c4VIK S.<\/p>\n<hr \/>\n<p><img decoding=\"async\" class=\"wp-image-96826 size-thumbnail alignright\" src=\"https:\/\/wave-lovers.com\/wp-content\/uploads\/2023\/06\/awake-raevik-s-05-e1687551555958.jpg\" alt=\"\" width=\"150\" height=\"150\" srcset=\"https:\/\/wave-lovers.com\/wp-content\/uploads\/2023\/06\/awake-raevik-s-05-e1687551555958.jpg 909w, https:\/\/wave-lovers.com\/wp-content\/uploads\/2023\/06\/awake-raevik-s-05-e1687551555958-300x300.jpg 300w, https:\/\/wave-lovers.com\/wp-content\/uploads\/2023\/06\/awake-raevik-s-05-e1687551555958-150x150.jpg 150w, https:\/\/wave-lovers.com\/wp-content\/uploads\/2023\/06\/awake-raevik-s-05-e1687551555958-768x768.jpg 768w, https:\/\/wave-lovers.com\/wp-content\/uploads\/2023\/06\/awake-raevik-s-05-e1687551555958-600x600.jpg 600w, https:\/\/wave-lovers.com\/wp-content\/uploads\/2023\/06\/awake-raevik-s-05-e1687551555958-100x100.jpg 100w, https:\/\/wave-lovers.com\/wp-content\/uploads\/2023\/06\/awake-raevik-s-05-e1687551555958-32x32.jpg 32w\" sizes=\"(max-width: 150px) 100vw, 150px\" \/><\/p>\n<p>Con la Awake R\u00c4VIK, los ingenieros han conseguido crear una obra maestra capaz de convencer en todos los aspectos, como rendimiento, maniobrabilidad y eficacia. Es ideal para realizar trucos espectaculares y un estilo de navegaci\u00f3n emocionante y con gran capacidad de respuesta, adem\u00e1s de sacar el m\u00e1ximo partido a las caracter\u00edsticas de las tablas de surf modernas.<\/p>\n<p>La tabla de surf m\u00e1s potente y avanzada de Awake abre posibilidades sin precedentes para los surfistas profesionales que buscan un nuevo reto.<\/p>\n<p>El dise\u00f1o maravillosamente afilado de la R\u00c4VIK S, unido a su convincente potencia y espoleante aceleraci\u00f3n, proporciona a los usuarios una sensaci\u00f3n totalmente nueva y lleva su experiencia al siguiente nivel.<\/p>\n<p>La tabla ofrece una capacidad de respuesta r\u00e1pida y precisa, creando el control necesario para rendir. \u00a1Un dise\u00f1o de vanguardia hecho para alegrarte el d\u00eda!<\/p>\n<hr \/>\n<h2>Awake R\u00c4VIK S \u2013 DETALLES<\/h2>\n<p>Tama\u00f1o: 177x58x15cm<br \/>\nVolumen: 52 l<br \/>\nVelocidad m\u00e1xima: hasta 57 km\/h (aceleraci\u00f3n en unos 4 segundos)<br \/>\nPeso: 22 kg<br \/>\nPropulsi\u00f3n: sistema de chorro lineal<\/p>\n<h2>Awake R\u00c4VIK S \u2013 DESTACADOS<\/h2>\n<p>- prestaciones y seguridad extraordinarias combinadas con el m\u00e1ximo confort<br \/>\n- caracter\u00edsticas tolerantes para disfrutar al m\u00e1ximo de la conducci\u00f3n<br \/>\n- m\u00e1ximo dise\u00f1o \u00e1gil e inspirador<br \/>\n- propulsi\u00f3n eficiente y bater\u00eda potente para una autonom\u00eda de hasta 120 minutos<br \/>\n- tiempos de carga r\u00e1pidos<br \/>\n- equipamiento de alta calidad con numerosas opciones de individualizaci\u00f3n<\/p>\n","protected":false},"excerpt":{"rendered":"<p>Con este cuadro el\u00e9ctrico, los ingenieros han logrado crear una obra maestra capaz de convencer en todos los aspectos, como rendimiento, agilidad y eficiencia. \u00a1HAZTE CON UNA!<\/p>\n","protected":false},"featured_media":96810,"comment_status":"open","ping_status":"closed","template":"","meta":{"_acf_changed":false,"_editorskit_title_hidden":false,"_editorskit_reading_time":0,"_editorskit_is_block_options_detached":false,"_editorskit_block_options_position":"{}","site-sidebar-layout":"default","site-content-layout":"default","ast-site-content-layout":"default","site-content-style":"default","site-sidebar-style":"default","ast-global-header-display":"","ast-banner-title-visibility":"","ast-main-header-display":"","ast-hfb-above-header-display":"","ast-hfb-below-header-display":"","ast-hfb-mobile-header-display":"","site-post-title":"","ast-breadcrumbs-content":"","ast-featured-img":"","footer-sml-layout":"","ast-disable-related-posts":"","theme-transparent-header-meta":"default","adv-header-id-meta":"","stick-header-meta":"","header-above-stick-meta":"","header-main-stick-meta":"","header-below-stick-meta":"","astra-migrate-meta-layouts":"set","ast-page-background-enabled":"default","ast-page-background-meta":{"desktop":{"background-color":"","background-image":"","background-repeat":"repeat","background-position":"center center","background-size":"auto","background-attachment":"scroll","background-type":"","background-media":"","overlay-type":"","overlay-color":"","overlay-opacity":"","overlay-gradient":""},"tablet":{"background-color":"","background-image":"","background-repeat":"repeat","background-position":"center center","background-size":"auto","background-attachment":"scroll","background-type":"","background-media":"","overlay-type":"","overlay-color":"","overlay-opacity":"","overlay-gradient":""},"mobile":{"background-color":"","background-image":"","background-repeat":"repeat","background-position":"center center","background-size":"auto","background-attachment":"scroll","background-type":"","background-media":"","overlay-type":"","overlay-color":"","overlay-opacity":"","overlay-gradient":""}},"ast-content-background-meta":{"desktop":{"background-color":"var(--ast-global-color-5)","background-image":"","background-repeat":"repeat","background-position":"center center","background-size":"auto","background-attachment":"scroll","background-type":"","background-media":"","overlay-type":"","overlay-color":"","overlay-opacity":"","overlay-gradient":""},"tablet":{"background-color":"var(--ast-global-color-5)","background-image":"","background-repeat":"repeat","background-position":"center center","background-size":"auto","background-attachment":"scroll","background-type":"","background-media":"","overlay-type":"","overlay-color":"","overlay-opacity":"","overlay-gradient":""},"mobile":{"background-color":"var(--ast-global-color-5)","background-image":"","background-repeat":"repeat","background-position":"center center","background-size":"auto","background-attachment":"scroll","background-type":"","background-media":"","overlay-type":"","overlay-color":"","overlay-opacity":"","overlay-gradient":""}},"_jf_save_progress":""},"product_brand":[],"product_cat":[60,114,22,4612],"product_tag":[],"class_list":{"0":"post-147859","1":"product","2":"type-product","3":"status-publish","4":"has-post-thumbnail","6":"product_cat-buy","7":"product_cat-comprar","8":"product_cat-electric-jet-surfboard","9":"product_cat-e-jet","10":"product_shipping_class-lg-es","11":"desktop-align-center","12":"tablet-align-center","13":"mobile-align-center","14":"ast-product-gallery-layout-horizontal","15":"ast-magnify-disabled","16":"ast-product-single-variable","17":"ast-product-tabs-layout-horizontal","19":"first","20":"instock","21":"taxable","22":"shipping-taxable","23":"purchasable","24":"product-type-variable"},"acf":[],"brizy_media":[],"_links":{"self":[{"href":"https:\/\/wave-lovers.com\/es\/wp-json\/wp\/v2\/product\/147859","targetHints":{"allow":["GET"]}}],"collection":[{"href":"https:\/\/wave-lovers.com\/es\/wp-json\/wp\/v2\/product"}],"about":[{"href":"https:\/\/wave-lovers.com\/es\/wp-json\/wp\/v2\/types\/product"}],"replies":[{"embeddable":true,"href":"https:\/\/wave-lovers.com\/es\/wp-json\/wp\/v2\/comments?post=147859"}],"wp:featuredmedia":[{"embeddable":true,"href":"https:\/\/wave-lovers.com\/es\/wp-json\/wp\/v2\/media\/96810"}],"wp:attachment":[{"href":"https:\/\/wave-lovers.com\/es\/wp-json\/wp\/v2\/media?parent=147859"}],"wp:term":[{"taxonomy":"product_brand","embeddable":true,"href":"https:\/\/wave-lovers.com\/es\/wp-json\/wp\/v2\/product_brand?post=147859"},{"taxonomy":"product_cat","embeddable":true,"href":"https:\/\/wave-lovers.com\/es\/wp-json\/wp\/v2\/product_cat?post=147859"},{"taxonomy":"product_tag","embeddable":true,"href":"https:\/\/wave-lovers.com\/es\/wp-json\/wp\/v2\/product_tag?post=147859"}],"curies":[{"name":"wp","href":"https:\/\/api.w.org\/{rel}","templated":true}]}}