{"id":142686,"date":"2023-06-30T18:56:40","date_gmt":"2023-06-30T16:56:40","guid":{"rendered":"https:\/\/wave-lovers.com\/iaqua-aquadart-fast-charger\/"},"modified":"2024-07-10T11:16:33","modified_gmt":"2024-07-10T09:16:33","slug":"cargador-rapido-iaqua-aquadart","status":"publish","type":"product","link":"https:\/\/wave-lovers.com\/es\/cargador-rapido-iaqua-aquadart\/","title":{"rendered":"Cargador R\u00e1pido iAQUA AquaDart"},"content":{"rendered":"<h2>Cargador r\u00e1pido iAQUA AquaDart - INFORMACI\u00d3N<\/h2>\n<p>Con una potencia de salida constante de m\u00e1s de 1.000 vatios, las bater\u00edas de alta capacidad del AquaDart se cargan eficazmente, permiti\u00e9ndo disfrutar de un r\u00e1pido descanso entre inmersiones. El cargador est\u00e1 dise\u00f1ado para ser compatible con cualquier toma de corriente normal, con un voltaje de entrada que oscila entre 110V y 240V. Su electr\u00f3nica inteligente determina autom\u00e1ticamente los ajustes e interruptores correctos para su uso en cualquier toma de corriente est\u00e1ndar, garantizando una experiencia de carga sin complicaciones.<\/p>\n<p>Con un peso de s\u00f3lo 2 kg, el cargador r\u00e1pido AquaDart es incre\u00edblemente ligero para el tipo de energ\u00eda que genera. Tambi\u00e9n viene con un asa de transporte aislada en la parte superior, por lo que es f\u00e1cil de transportar dondequiera que te lleven tus aventuras. Adem\u00e1s, nuestros ingenieros han hecho que el cargador sea a prueba de salpicaduras, para que puedas utilizarlo con seguridad en entornos h\u00famedos, donde se suelen utilizar los AquaDarts.<\/p>\n<p>Pero, \u00bfy si no puedes esperar a que el cargador de goteo est\u00e1ndar haga su trabajo? Nosotros te ayudamos. Hemos desarrollado un cargador r\u00e1pido suplementario que puede cargar completamente su AquaDart en s\u00f3lo 2 horas y alcanzar el 75% de carga en menos de 1 hora - perfecto para cuando necesites volver a la acci\u00f3n r\u00e1pidamente y que tu ritmo card\u00edaco vuelva a la normalidad.<\/p>\n<p>Elije el cargador r\u00e1pido iAQUA AquaDart y experimenta la comodidad de la carga r\u00e1pida para su AquaDart. Sum\u00e9rgete m\u00e1s, explora m\u00e1s y saca el m\u00e1ximo partido a tus aventuras submarinas con nuestra tecnolog\u00eda de vanguardia.<\/p>\n","protected":false},"excerpt":{"rendered":"<p>El cargador r\u00e1pido iAQUA AquaDart es la soluci\u00f3n definitiva para recargar r\u00e1pidamente tu AquaDart y volver al agua en un abrir y cerrar de ojos. Gracias a su gran potencia, puedes cargar la bater\u00eda al 75 % en solo 60 minutos o al 100 % en dos horas.<\/p>\n","protected":false},"featured_media":99964,"comment_status":"open","ping_status":"closed","template":"","meta":{"_acf_changed":false,"_editorskit_title_hidden":false,"_editorskit_reading_time":0,"_editorskit_is_block_options_detached":false,"_editorskit_block_options_position":"{}","site-sidebar-layout":"default","site-content-layout":"default","ast-site-content-layout":"default","site-content-style":"default","site-sidebar-style":"default","ast-global-header-display":"","ast-banner-title-visibility":"","ast-main-header-display":"","ast-hfb-above-header-display":"","ast-hfb-below-header-display":"","ast-hfb-mobile-header-display":"","site-post-title":"","ast-breadcrumbs-content":"","ast-featured-img":"","footer-sml-layout":"","ast-disable-related-posts":"","theme-transparent-header-meta":"default","adv-header-id-meta":"","stick-header-meta":"","header-above-stick-meta":"","header-main-stick-meta":"","header-below-stick-meta":"","astra-migrate-meta-layouts":"set","ast-page-background-enabled":"default","ast-page-background-meta":{"desktop":{"background-color":"","background-image":"","background-repeat":"repeat","background-position":"center center","background-size":"auto","background-attachment":"scroll","background-type":"","background-media":"","overlay-type":"","overlay-color":"","overlay-opacity":"","overlay-gradient":""},"tablet":{"background-color":"","background-image":"","background-repeat":"repeat","background-position":"center center","background-size":"auto","background-attachment":"scroll","background-type":"","background-media":"","overlay-type":"","overlay-color":"","overlay-opacity":"","overlay-gradient":""},"mobile":{"background-color":"","background-image":"","background-repeat":"repeat","background-position":"center center","background-size":"auto","background-attachment":"scroll","background-type":"","background-media":"","overlay-type":"","overlay-color":"","overlay-opacity":"","overlay-gradient":""}},"ast-content-background-meta":{"desktop":{"background-color":"var(--ast-global-color-5)","background-image":"","background-repeat":"repeat","background-position":"center center","background-size":"auto","background-attachment":"scroll","background-type":"","background-media":"","overlay-type":"","overlay-color":"","overlay-opacity":"","overlay-gradient":""},"tablet":{"background-color":"var(--ast-global-color-5)","background-image":"","background-repeat":"repeat","background-position":"center center","background-size":"auto","background-attachment":"scroll","background-type":"","background-media":"","overlay-type":"","overlay-color":"","overlay-opacity":"","overlay-gradient":""},"mobile":{"background-color":"var(--ast-global-color-5)","background-image":"","background-repeat":"repeat","background-position":"center center","background-size":"auto","background-attachment":"scroll","background-type":"","background-media":"","overlay-type":"","overlay-color":"","overlay-opacity":"","overlay-gradient":""}},"_jf_save_progress":""},"product_brand":[],"product_cat":[114,4658,4099],"product_tag":[],"class_list":{"0":"post-142686","1":"product","2":"type-product","3":"status-publish","4":"has-post-thumbnail","6":"product_cat-comprar","7":"product_cat-recambios-scooter-buceo-submarino","8":"product_cat-recambios","9":"product_shipping_class-s-es","10":"desktop-align-center","11":"tablet-align-center","12":"mobile-align-center","13":"ast-product-gallery-layout-horizontal","14":"ast-product-gallery-with-no-image","15":"ast-magnify-disabled","16":"ast-product-tabs-layout-horizontal","18":"first","19":"instock","20":"taxable","21":"shipping-taxable","22":"purchasable","23":"product-type-simple"},"acf":[],"brizy_media":[],"_links":{"self":[{"href":"https:\/\/wave-lovers.com\/es\/wp-json\/wp\/v2\/product\/142686","targetHints":{"allow":["GET"]}}],"collection":[{"href":"https:\/\/wave-lovers.com\/es\/wp-json\/wp\/v2\/product"}],"about":[{"href":"https:\/\/wave-lovers.com\/es\/wp-json\/wp\/v2\/types\/product"}],"replies":[{"embeddable":true,"href":"https:\/\/wave-lovers.com\/es\/wp-json\/wp\/v2\/comments?post=142686"}],"wp:featuredmedia":[{"embeddable":true,"href":"https:\/\/wave-lovers.com\/es\/wp-json\/wp\/v2\/media\/99964"}],"wp:attachment":[{"href":"https:\/\/wave-lovers.com\/es\/wp-json\/wp\/v2\/media?parent=142686"}],"wp:term":[{"taxonomy":"product_brand","embeddable":true,"href":"https:\/\/wave-lovers.com\/es\/wp-json\/wp\/v2\/product_brand?post=142686"},{"taxonomy":"product_cat","embeddable":true,"href":"https:\/\/wave-lovers.com\/es\/wp-json\/wp\/v2\/product_cat?post=142686"},{"taxonomy":"product_tag","embeddable":true,"href":"https:\/\/wave-lovers.com\/es\/wp-json\/wp\/v2\/product_tag?post=142686"}],"curies":[{"name":"wp","href":"https:\/\/api.w.org\/{rel}","templated":true}]}}