{"id":142680,"date":"2023-07-03T19:46:54","date_gmt":"2023-07-03T17:46:54","guid":{"rendered":"https:\/\/wave-lovers.com\/floatsea-floating-mat-360x180cm\/"},"modified":"2024-07-10T12:02:17","modified_gmt":"2024-07-10T10:02:17","slug":"floatsea-estera-flotante-360x180cm","status":"publish","type":"product","link":"https:\/\/wave-lovers.com\/es\/floatsea-estera-flotante-360x180cm\/","title":{"rendered":"FloatSea\u2122 Estera Flotante 360x180cm"},"content":{"rendered":"<h2>FloatSea\u2122 Estera Flotante 360x180cm - INFORMACI\u00d3N<\/h2>\n<p><img decoding=\"async\" class=\"size-thumbnail wp-image-142682 alignright\" src=\"https:\/\/wave-lovers.com\/wp-content\/uploads\/2023\/07\/floatsea-1-150x150.jpg\" alt=\"\" width=\"150\" height=\"150\" srcset=\"https:\/\/wave-lovers.com\/wp-content\/uploads\/2023\/07\/floatsea-1-150x150.jpg 150w, https:\/\/wave-lovers.com\/wp-content\/uploads\/2023\/07\/floatsea-1-100x100.jpg 100w, https:\/\/wave-lovers.com\/wp-content\/uploads\/2023\/07\/floatsea-1-32x32.jpg 32w\" sizes=\"(max-width: 150px) 100vw, 150px\" \/>Una gran alternativa a las colchonetas hinchables de aire. Simplemente desenrolla y la diversi\u00f3n puede comenzar. Todo sin la molestia de hincharla. Basta con enrollarla de nuevo y sujetarla con los velcros incluidos, y la colchoneta estar\u00e1 lista para su transporte. Con s\u00f3lo 5 kg en total puedes llevarla donde quieras.<\/p>\n<p>La enorme superficie ofrece mucho espacio para que nadie se estorbe. Los colores especialmente llamativos tambi\u00e9n son reconocibles desde lejos y, por tanto, proporcionan seguridad adicional. El material de 4 cm de grosor es casi indestructible y tambi\u00e9n puede servir de protecci\u00f3n contra piedras m\u00e1s peque\u00f1as u otros golpes. Adem\u00e1s, se ha integrado una anilla de sujeci\u00f3n con la que podr\u00e1s atar la esterilla a tu embarcaci\u00f3n.<\/p>\n<h2>FloatSea\u2122 Estera flotante 360x180cm - DETALLES<\/h2>\n<p>Tama\u00f1o: aprox. 360x180x4cm<br \/>\nPeso: 5 kg<br \/>\nTama\u00f1o empaquetado: aprox. 180x45x45cm<\/p>\n<h2>FloatSea\u2122 Estera flotante 360x180cm - DESTACADOS<\/h2>\n<p>- gran alternativa a los colchones inflables de aire<br \/>\n- f\u00e1cil de transportar<br \/>\n- gran espacio para todo tipo de actividades<br \/>\n- anilla integrada para conexi\u00f3n a embarcaci\u00f3n<br \/>\n- material resistente y sin pinchazos<\/p>\n","protected":false},"excerpt":{"rendered":"<p>Enorme colchoneta flotante para todo tipo de actividades en el agua. El material duradero y resistente te durar\u00e1 muchos a\u00f1os. Perfecta para todas las edades, especialmente para los ni\u00f1os. \u00a1H\u00e1zte con una!<\/p>\n","protected":false},"featured_media":101043,"comment_status":"open","ping_status":"closed","template":"","meta":{"_acf_changed":false,"_editorskit_title_hidden":false,"_editorskit_reading_time":0,"_editorskit_is_block_options_detached":false,"_editorskit_block_options_position":"{}","site-sidebar-layout":"default","site-content-layout":"default","ast-site-content-layout":"default","site-content-style":"default","site-sidebar-style":"default","ast-global-header-display":"","ast-banner-title-visibility":"","ast-main-header-display":"","ast-hfb-above-header-display":"","ast-hfb-below-header-display":"","ast-hfb-mobile-header-display":"","site-post-title":"","ast-breadcrumbs-content":"","ast-featured-img":"","footer-sml-layout":"","ast-disable-related-posts":"","theme-transparent-header-meta":"default","adv-header-id-meta":"","stick-header-meta":"","header-above-stick-meta":"","header-main-stick-meta":"","header-below-stick-meta":"","astra-migrate-meta-layouts":"set","ast-page-background-enabled":"default","ast-page-background-meta":{"desktop":{"background-color":"","background-image":"","background-repeat":"repeat","background-position":"center center","background-size":"auto","background-attachment":"scroll","background-type":"","background-media":"","overlay-type":"","overlay-color":"","overlay-opacity":"","overlay-gradient":""},"tablet":{"background-color":"","background-image":"","background-repeat":"repeat","background-position":"center center","background-size":"auto","background-attachment":"scroll","background-type":"","background-media":"","overlay-type":"","overlay-color":"","overlay-opacity":"","overlay-gradient":""},"mobile":{"background-color":"","background-image":"","background-repeat":"repeat","background-position":"center center","background-size":"auto","background-attachment":"scroll","background-type":"","background-media":"","overlay-type":"","overlay-color":"","overlay-opacity":"","overlay-gradient":""}},"ast-content-background-meta":{"desktop":{"background-color":"var(--ast-global-color-5)","background-image":"","background-repeat":"repeat","background-position":"center center","background-size":"auto","background-attachment":"scroll","background-type":"","background-media":"","overlay-type":"","overlay-color":"","overlay-opacity":"","overlay-gradient":""},"tablet":{"background-color":"var(--ast-global-color-5)","background-image":"","background-repeat":"repeat","background-position":"center center","background-size":"auto","background-attachment":"scroll","background-type":"","background-media":"","overlay-type":"","overlay-color":"","overlay-opacity":"","overlay-gradient":""},"mobile":{"background-color":"var(--ast-global-color-5)","background-image":"","background-repeat":"repeat","background-position":"center center","background-size":"auto","background-attachment":"scroll","background-type":"","background-media":"","overlay-type":"","overlay-color":"","overlay-opacity":"","overlay-gradient":""}},"_jf_save_progress":""},"product_brand":[],"product_cat":[114,4117,1967,60],"product_tag":[],"class_list":{"0":"post-142680","1":"product","2":"type-product","3":"status-publish","4":"has-post-thumbnail","6":"product_cat-comprar","7":"product_cat-plataforma","8":"product_cat-inflatable-water-platforms-category","9":"product_cat-buy","10":"product_shipping_class-l-es","11":"desktop-align-center","12":"tablet-align-center","13":"mobile-align-center","14":"ast-product-gallery-layout-horizontal","15":"ast-magnify-disabled","16":"ast-product-tabs-layout-horizontal","18":"first","19":"instock","20":"taxable","21":"shipping-taxable","22":"purchasable","23":"product-type-simple"},"acf":[],"brizy_media":[],"_links":{"self":[{"href":"https:\/\/wave-lovers.com\/es\/wp-json\/wp\/v2\/product\/142680","targetHints":{"allow":["GET"]}}],"collection":[{"href":"https:\/\/wave-lovers.com\/es\/wp-json\/wp\/v2\/product"}],"about":[{"href":"https:\/\/wave-lovers.com\/es\/wp-json\/wp\/v2\/types\/product"}],"replies":[{"embeddable":true,"href":"https:\/\/wave-lovers.com\/es\/wp-json\/wp\/v2\/comments?post=142680"}],"wp:featuredmedia":[{"embeddable":true,"href":"https:\/\/wave-lovers.com\/es\/wp-json\/wp\/v2\/media\/101043"}],"wp:attachment":[{"href":"https:\/\/wave-lovers.com\/es\/wp-json\/wp\/v2\/media?parent=142680"}],"wp:term":[{"taxonomy":"product_brand","embeddable":true,"href":"https:\/\/wave-lovers.com\/es\/wp-json\/wp\/v2\/product_brand?post=142680"},{"taxonomy":"product_cat","embeddable":true,"href":"https:\/\/wave-lovers.com\/es\/wp-json\/wp\/v2\/product_cat?post=142680"},{"taxonomy":"product_tag","embeddable":true,"href":"https:\/\/wave-lovers.com\/es\/wp-json\/wp\/v2\/product_tag?post=142680"}],"curies":[{"name":"wp","href":"https:\/\/api.w.org\/{rel}","templated":true}]}}